{"id":4133,"date":"2013-10-05T22:21:33","date_gmt":"2013-10-05T22:21:33","guid":{"rendered":"http:\/\/www.consigel.com\/producte\/ginebra-n-gin-vlc\/"},"modified":"2013-10-05T22:21:33","modified_gmt":"2013-10-05T22:21:33","slug":"ginebra-n-gin-vlc","status":"publish","type":"product","link":"https:\/\/www.consigel.com\/ca\/producte\/ginebra-n-gin-vlc\/","title":{"rendered":"GINEBRA N GIN VLC"},"content":{"rendered":"<p>Se trata de una ginebra obtenida\u00a0 mediante la destilaci\u00f3n de bot\u00e1nicos como el enebro, la naranja, la mandarina, el lim\u00f3n o el romero, en alambiques de cobre. En su elaboraci\u00f3n tambi\u00e9n se emplea uva de la varieda chardonay, y para finalizar, agua pura de Sierra Nevada. N Gin VLC ha necesitado dos a\u00f1os de preparaci\u00f3n, en los que la empresa productora ha experimentado con distintas combinaciones de bot\u00e1nicos hasta dar con la ideal que ahora se presente. Esta ginebra resulta tanto en boca como en nariz equilibrada, con destacada presencia de notas c\u00edtricas y herbales, y matices frutales. Su textura es sedosa y resulta suave dada su contenida graduaci\u00f3n.  gintoniQ\u00a0te recomienda combinar la ginebra N Gin VLC con la t\u00f3nica Qt\u00f3nic, bayas de enebro, piel de mandarina y hielo.  \u00a0  \u00a0  \u00a0  \u00a0<\/p>\n","protected":false},"excerpt":{"rendered":"<p>Se trata de una ginebra obtenida\u00a0 mediante la destilaci\u00f3n de bot\u00e1nicos como el enebro, la naranja, la mandarina, el lim\u00f3n o el romero, en alambiques de cobre. En su elaboraci\u00f3n tambi\u00e9n se emplea uva de la varieda chardonay, y para finalizar, agua pura de Sierra Nevada. N Gin VLC ha necesitado dos a\u00f1os de preparaci\u00f3n, [&#8230;]\n","protected":false},"featured_media":2411,"comment_status":"open","ping_status":"closed","template":"","meta":[],"product_cat":[18],"product_tag":[],"class_list":{"0":"post-4133","1":"product","2":"type-product","3":"status-publish","4":"has-post-thumbnail","6":"product_cat-gastronomia","8":"first","9":"outofstock","10":"shipping-taxable","11":"product-type-simple"},"yoast_head":"<!-- This site is optimized with the Yoast SEO plugin v23.3 - https:\/\/yoast.com\/wordpress\/plugins\/seo\/ -->\n<title>GINEBRA N GIN VLC - Consigel<\/title>\n<meta name=\"robots\" content=\"index, follow, max-snippet:-1, max-image-preview:large, max-video-preview:-1\" \/>\n<link rel=\"canonical\" href=\"https:\/\/www.consigel.com\/ca\/producte\/ginebra-n-gin-vlc\/\" \/>\n<meta property=\"og:locale\" content=\"ca_ES\" \/>\n<meta property=\"og:type\" content=\"article\" \/>\n<meta property=\"og:title\" content=\"GINEBRA N GIN VLC - Consigel\" \/>\n<meta property=\"og:description\" content=\"Se trata de una ginebra obtenida\u00a0 mediante la destilaci\u00f3n de bot\u00e1nicos como el enebro, la naranja, la mandarina, el lim\u00f3n o el romero, en alambiques de cobre. En su elaboraci\u00f3n tambi\u00e9n se emplea uva de la varieda chardonay, y para finalizar, agua pura de Sierra Nevada. N Gin VLC ha necesitado dos a\u00f1os de preparaci\u00f3n, [...]\" \/>\n<meta property=\"og:url\" content=\"https:\/\/www.consigel.com\/ca\/producte\/ginebra-n-gin-vlc\/\" \/>\n<meta property=\"og:site_name\" content=\"Consigel\" \/>\n<meta property=\"og:image\" content=\"https:\/\/www.consigel.com\/wp-content\/uploads\/2013\/10\/168-thickbox_default-GINEBRA-N-GIN-VLC.jpg\" \/>\n\t<meta property=\"og:image:width\" content=\"1200\" \/>\n\t<meta property=\"og:image:height\" content=\"1200\" \/>\n\t<meta property=\"og:image:type\" content=\"image\/jpeg\" \/>\n<meta name=\"twitter:card\" content=\"summary_large_image\" \/>\n<meta name=\"twitter:label1\" content=\"Temps estimat de lectura\" \/>\n\t<meta name=\"twitter:data1\" content=\"1 minut\" \/>\n<script type=\"application\/ld+json\" class=\"yoast-schema-graph\">{\"@context\":\"https:\/\/schema.org\",\"@graph\":[{\"@type\":\"WebPage\",\"@id\":\"https:\/\/www.consigel.com\/ca\/producte\/ginebra-n-gin-vlc\/\",\"url\":\"https:\/\/www.consigel.com\/ca\/producte\/ginebra-n-gin-vlc\/\",\"name\":\"GINEBRA N GIN VLC - Consigel\",\"isPartOf\":{\"@id\":\"https:\/\/www.consigel.com\/ca\/#website\"},\"primaryImageOfPage\":{\"@id\":\"https:\/\/www.consigel.com\/ca\/producte\/ginebra-n-gin-vlc\/#primaryimage\"},\"image\":{\"@id\":\"https:\/\/www.consigel.com\/ca\/producte\/ginebra-n-gin-vlc\/#primaryimage\"},\"thumbnailUrl\":\"https:\/\/www.consigel.com\/wp-content\/uploads\/2013\/10\/168-thickbox_default-GINEBRA-N-GIN-VLC.jpg\",\"datePublished\":\"2013-10-05T22:21:33+00:00\",\"dateModified\":\"2013-10-05T22:21:33+00:00\",\"breadcrumb\":{\"@id\":\"https:\/\/www.consigel.com\/ca\/producte\/ginebra-n-gin-vlc\/#breadcrumb\"},\"inLanguage\":\"ca\",\"potentialAction\":[{\"@type\":\"ReadAction\",\"target\":[\"https:\/\/www.consigel.com\/ca\/producte\/ginebra-n-gin-vlc\/\"]}]},{\"@type\":\"ImageObject\",\"inLanguage\":\"ca\",\"@id\":\"https:\/\/www.consigel.com\/ca\/producte\/ginebra-n-gin-vlc\/#primaryimage\",\"url\":\"https:\/\/www.consigel.com\/wp-content\/uploads\/2013\/10\/168-thickbox_default-GINEBRA-N-GIN-VLC.jpg\",\"contentUrl\":\"https:\/\/www.consigel.com\/wp-content\/uploads\/2013\/10\/168-thickbox_default-GINEBRA-N-GIN-VLC.jpg\",\"width\":1200,\"height\":1200},{\"@type\":\"BreadcrumbList\",\"@id\":\"https:\/\/www.consigel.com\/ca\/producte\/ginebra-n-gin-vlc\/#breadcrumb\",\"itemListElement\":[{\"@type\":\"ListItem\",\"position\":1,\"name\":\"Portada\",\"item\":\"https:\/\/www.consigel.com\/ca\/\"},{\"@type\":\"ListItem\",\"position\":2,\"name\":\"Shop\",\"item\":\"https:\/\/www.consigel.com\/ca\/shop\/\"},{\"@type\":\"ListItem\",\"position\":3,\"name\":\"GINEBRA N GIN VLC\"}]},{\"@type\":\"WebSite\",\"@id\":\"https:\/\/www.consigel.com\/ca\/#website\",\"url\":\"https:\/\/www.consigel.com\/ca\/\",\"name\":\"Consigel\",\"description\":\"\",\"potentialAction\":[{\"@type\":\"SearchAction\",\"target\":{\"@type\":\"EntryPoint\",\"urlTemplate\":\"https:\/\/www.consigel.com\/ca\/?s={search_term_string}\"},\"query-input\":\"required name=search_term_string\"}],\"inLanguage\":\"ca\"}]}<\/script>\n<!-- \/ Yoast SEO plugin. -->","yoast_head_json":{"title":"GINEBRA N GIN VLC - Consigel","robots":{"index":"index","follow":"follow","max-snippet":"max-snippet:-1","max-image-preview":"max-image-preview:large","max-video-preview":"max-video-preview:-1"},"canonical":"https:\/\/www.consigel.com\/ca\/producte\/ginebra-n-gin-vlc\/","og_locale":"ca_ES","og_type":"article","og_title":"GINEBRA N GIN VLC - Consigel","og_description":"Se trata de una ginebra obtenida\u00a0 mediante la destilaci\u00f3n de bot\u00e1nicos como el enebro, la naranja, la mandarina, el lim\u00f3n o el romero, en alambiques de cobre. En su elaboraci\u00f3n tambi\u00e9n se emplea uva de la varieda chardonay, y para finalizar, agua pura de Sierra Nevada. N Gin VLC ha necesitado dos a\u00f1os de preparaci\u00f3n, [...]","og_url":"https:\/\/www.consigel.com\/ca\/producte\/ginebra-n-gin-vlc\/","og_site_name":"Consigel","og_image":[{"width":1200,"height":1200,"url":"https:\/\/www.consigel.com\/wp-content\/uploads\/2013\/10\/168-thickbox_default-GINEBRA-N-GIN-VLC.jpg","type":"image\/jpeg"}],"twitter_card":"summary_large_image","twitter_misc":{"Temps estimat de lectura":"1 minut"},"schema":{"@context":"https:\/\/schema.org","@graph":[{"@type":"WebPage","@id":"https:\/\/www.consigel.com\/ca\/producte\/ginebra-n-gin-vlc\/","url":"https:\/\/www.consigel.com\/ca\/producte\/ginebra-n-gin-vlc\/","name":"GINEBRA N GIN VLC - Consigel","isPartOf":{"@id":"https:\/\/www.consigel.com\/ca\/#website"},"primaryImageOfPage":{"@id":"https:\/\/www.consigel.com\/ca\/producte\/ginebra-n-gin-vlc\/#primaryimage"},"image":{"@id":"https:\/\/www.consigel.com\/ca\/producte\/ginebra-n-gin-vlc\/#primaryimage"},"thumbnailUrl":"https:\/\/www.consigel.com\/wp-content\/uploads\/2013\/10\/168-thickbox_default-GINEBRA-N-GIN-VLC.jpg","datePublished":"2013-10-05T22:21:33+00:00","dateModified":"2013-10-05T22:21:33+00:00","breadcrumb":{"@id":"https:\/\/www.consigel.com\/ca\/producte\/ginebra-n-gin-vlc\/#breadcrumb"},"inLanguage":"ca","potentialAction":[{"@type":"ReadAction","target":["https:\/\/www.consigel.com\/ca\/producte\/ginebra-n-gin-vlc\/"]}]},{"@type":"ImageObject","inLanguage":"ca","@id":"https:\/\/www.consigel.com\/ca\/producte\/ginebra-n-gin-vlc\/#primaryimage","url":"https:\/\/www.consigel.com\/wp-content\/uploads\/2013\/10\/168-thickbox_default-GINEBRA-N-GIN-VLC.jpg","contentUrl":"https:\/\/www.consigel.com\/wp-content\/uploads\/2013\/10\/168-thickbox_default-GINEBRA-N-GIN-VLC.jpg","width":1200,"height":1200},{"@type":"BreadcrumbList","@id":"https:\/\/www.consigel.com\/ca\/producte\/ginebra-n-gin-vlc\/#breadcrumb","itemListElement":[{"@type":"ListItem","position":1,"name":"Portada","item":"https:\/\/www.consigel.com\/ca\/"},{"@type":"ListItem","position":2,"name":"Shop","item":"https:\/\/www.consigel.com\/ca\/shop\/"},{"@type":"ListItem","position":3,"name":"GINEBRA N GIN VLC"}]},{"@type":"WebSite","@id":"https:\/\/www.consigel.com\/ca\/#website","url":"https:\/\/www.consigel.com\/ca\/","name":"Consigel","description":"","potentialAction":[{"@type":"SearchAction","target":{"@type":"EntryPoint","urlTemplate":"https:\/\/www.consigel.com\/ca\/?s={search_term_string}"},"query-input":"required name=search_term_string"}],"inLanguage":"ca"}]}},"_links":{"self":[{"href":"https:\/\/www.consigel.com\/ca\/wp-json\/wp\/v2\/product\/4133","targetHints":{"allow":["GET"]}}],"collection":[{"href":"https:\/\/www.consigel.com\/ca\/wp-json\/wp\/v2\/product"}],"about":[{"href":"https:\/\/www.consigel.com\/ca\/wp-json\/wp\/v2\/types\/product"}],"replies":[{"embeddable":true,"href":"https:\/\/www.consigel.com\/ca\/wp-json\/wp\/v2\/comments?post=4133"}],"wp:featuredmedia":[{"embeddable":true,"href":"https:\/\/www.consigel.com\/ca\/wp-json\/wp\/v2\/media\/2411"}],"wp:attachment":[{"href":"https:\/\/www.consigel.com\/ca\/wp-json\/wp\/v2\/media?parent=4133"}],"wp:term":[{"taxonomy":"product_cat","embeddable":true,"href":"https:\/\/www.consigel.com\/ca\/wp-json\/wp\/v2\/product_cat?post=4133"},{"taxonomy":"product_tag","embeddable":true,"href":"https:\/\/www.consigel.com\/ca\/wp-json\/wp\/v2\/product_tag?post=4133"}],"curies":[{"name":"wp","href":"https:\/\/api.w.org\/{rel}","templated":true}]}}