{"id":4072,"date":"2013-10-05T22:21:33","date_gmt":"2013-10-05T22:21:33","guid":{"rendered":"http:\/\/www.consigel.com\/producte\/ginebra-williams-chase\/"},"modified":"2013-10-05T22:21:33","modified_gmt":"2013-10-05T22:21:33","slug":"ginebra-williams-chase","status":"publish","type":"product","link":"https:\/\/www.consigel.com\/ca\/producte\/ginebra-williams-chase\/","title":{"rendered":"GINEBRA WILLIAMS CHASE"},"content":{"rendered":"<p>Se trata de una ginebra obtenida por doble destilaci\u00f3n, en alambiques de cobre. Los bot\u00e1nicos utilizados son enebro, corteza de naranja, ralladura de lim\u00f3n, cilantro, regal\u00edz, ang\u00e9lica, ra\u00edz de lirio, l\u00fapulo, flor de sa\u00faco y manzana verde. La ginebra obtenida, es limpia, de cuerpo medio, aroma a caramelo, c\u00edtricos y hierbas y sabor a enebro y c\u00edtricos, acompa\u00f1ados por el dulzor de la manzana. \u00a0 gintoniQ\u00a0te recomienda combinar la Ginebra Williams Chase con\u00a0la t\u00f3nica Britvic, 1 rodaja de manzana verde\u00a0y hielo.<\/p>\n","protected":false},"excerpt":{"rendered":"<p>Se trata de una ginebra obtenida por doble destilaci\u00f3n, en alambiques de cobre. Los bot\u00e1nicos utilizados son enebro, corteza de naranja, ralladura de lim\u00f3n, cilantro, regal\u00edz, ang\u00e9lica, ra\u00edz de lirio, l\u00fapulo, flor de sa\u00faco y manzana verde. La ginebra obtenida, es limpia, de cuerpo medio, aroma a caramelo, c\u00edtricos y hierbas y sabor a enebro [&#8230;]\n","protected":false},"featured_media":2262,"comment_status":"open","ping_status":"closed","template":"","meta":[],"product_cat":[18],"product_tag":[],"class_list":{"0":"post-4072","1":"product","2":"type-product","3":"status-publish","4":"has-post-thumbnail","6":"product_cat-gastronomia","8":"first","9":"outofstock","10":"shipping-taxable","11":"product-type-simple"},"yoast_head":"<!-- This site is optimized with the Yoast SEO plugin v23.3 - https:\/\/yoast.com\/wordpress\/plugins\/seo\/ -->\n<title>GINEBRA WILLIAMS CHASE - Consigel<\/title>\n<meta name=\"robots\" content=\"index, follow, max-snippet:-1, max-image-preview:large, max-video-preview:-1\" \/>\n<link rel=\"canonical\" href=\"https:\/\/www.consigel.com\/ca\/producte\/ginebra-williams-chase\/\" \/>\n<meta property=\"og:locale\" content=\"ca_ES\" \/>\n<meta property=\"og:type\" content=\"article\" \/>\n<meta property=\"og:title\" content=\"GINEBRA WILLIAMS CHASE - Consigel\" \/>\n<meta property=\"og:description\" content=\"Se trata de una ginebra obtenida por doble destilaci\u00f3n, en alambiques de cobre. Los bot\u00e1nicos utilizados son enebro, corteza de naranja, ralladura de lim\u00f3n, cilantro, regal\u00edz, ang\u00e9lica, ra\u00edz de lirio, l\u00fapulo, flor de sa\u00faco y manzana verde. La ginebra obtenida, es limpia, de cuerpo medio, aroma a caramelo, c\u00edtricos y hierbas y sabor a enebro [...]\" \/>\n<meta property=\"og:url\" content=\"https:\/\/www.consigel.com\/ca\/producte\/ginebra-williams-chase\/\" \/>\n<meta property=\"og:site_name\" content=\"Consigel\" \/>\n<meta property=\"og:image\" content=\"https:\/\/www.consigel.com\/wp-content\/uploads\/2013\/10\/18-thickbox_default-GINEBRA-WILLIAMS-CHASE.jpg\" \/>\n\t<meta property=\"og:image:width\" content=\"1200\" \/>\n\t<meta property=\"og:image:height\" content=\"1200\" \/>\n\t<meta property=\"og:image:type\" content=\"image\/jpeg\" \/>\n<meta name=\"twitter:card\" content=\"summary_large_image\" \/>\n<script type=\"application\/ld+json\" class=\"yoast-schema-graph\">{\"@context\":\"https:\/\/schema.org\",\"@graph\":[{\"@type\":\"WebPage\",\"@id\":\"https:\/\/www.consigel.com\/ca\/producte\/ginebra-williams-chase\/\",\"url\":\"https:\/\/www.consigel.com\/ca\/producte\/ginebra-williams-chase\/\",\"name\":\"GINEBRA WILLIAMS CHASE - Consigel\",\"isPartOf\":{\"@id\":\"https:\/\/www.consigel.com\/ca\/#website\"},\"primaryImageOfPage\":{\"@id\":\"https:\/\/www.consigel.com\/ca\/producte\/ginebra-williams-chase\/#primaryimage\"},\"image\":{\"@id\":\"https:\/\/www.consigel.com\/ca\/producte\/ginebra-williams-chase\/#primaryimage\"},\"thumbnailUrl\":\"https:\/\/www.consigel.com\/wp-content\/uploads\/2013\/10\/18-thickbox_default-GINEBRA-WILLIAMS-CHASE.jpg\",\"datePublished\":\"2013-10-05T22:21:33+00:00\",\"dateModified\":\"2013-10-05T22:21:33+00:00\",\"breadcrumb\":{\"@id\":\"https:\/\/www.consigel.com\/ca\/producte\/ginebra-williams-chase\/#breadcrumb\"},\"inLanguage\":\"ca\",\"potentialAction\":[{\"@type\":\"ReadAction\",\"target\":[\"https:\/\/www.consigel.com\/ca\/producte\/ginebra-williams-chase\/\"]}]},{\"@type\":\"ImageObject\",\"inLanguage\":\"ca\",\"@id\":\"https:\/\/www.consigel.com\/ca\/producte\/ginebra-williams-chase\/#primaryimage\",\"url\":\"https:\/\/www.consigel.com\/wp-content\/uploads\/2013\/10\/18-thickbox_default-GINEBRA-WILLIAMS-CHASE.jpg\",\"contentUrl\":\"https:\/\/www.consigel.com\/wp-content\/uploads\/2013\/10\/18-thickbox_default-GINEBRA-WILLIAMS-CHASE.jpg\",\"width\":1200,\"height\":1200},{\"@type\":\"BreadcrumbList\",\"@id\":\"https:\/\/www.consigel.com\/ca\/producte\/ginebra-williams-chase\/#breadcrumb\",\"itemListElement\":[{\"@type\":\"ListItem\",\"position\":1,\"name\":\"Portada\",\"item\":\"https:\/\/www.consigel.com\/ca\/\"},{\"@type\":\"ListItem\",\"position\":2,\"name\":\"Shop\",\"item\":\"https:\/\/www.consigel.com\/ca\/shop\/\"},{\"@type\":\"ListItem\",\"position\":3,\"name\":\"GINEBRA WILLIAMS CHASE\"}]},{\"@type\":\"WebSite\",\"@id\":\"https:\/\/www.consigel.com\/ca\/#website\",\"url\":\"https:\/\/www.consigel.com\/ca\/\",\"name\":\"Consigel\",\"description\":\"\",\"potentialAction\":[{\"@type\":\"SearchAction\",\"target\":{\"@type\":\"EntryPoint\",\"urlTemplate\":\"https:\/\/www.consigel.com\/ca\/?s={search_term_string}\"},\"query-input\":\"required name=search_term_string\"}],\"inLanguage\":\"ca\"}]}<\/script>\n<!-- \/ Yoast SEO plugin. -->","yoast_head_json":{"title":"GINEBRA WILLIAMS CHASE - Consigel","robots":{"index":"index","follow":"follow","max-snippet":"max-snippet:-1","max-image-preview":"max-image-preview:large","max-video-preview":"max-video-preview:-1"},"canonical":"https:\/\/www.consigel.com\/ca\/producte\/ginebra-williams-chase\/","og_locale":"ca_ES","og_type":"article","og_title":"GINEBRA WILLIAMS CHASE - Consigel","og_description":"Se trata de una ginebra obtenida por doble destilaci\u00f3n, en alambiques de cobre. Los bot\u00e1nicos utilizados son enebro, corteza de naranja, ralladura de lim\u00f3n, cilantro, regal\u00edz, ang\u00e9lica, ra\u00edz de lirio, l\u00fapulo, flor de sa\u00faco y manzana verde. La ginebra obtenida, es limpia, de cuerpo medio, aroma a caramelo, c\u00edtricos y hierbas y sabor a enebro [...]","og_url":"https:\/\/www.consigel.com\/ca\/producte\/ginebra-williams-chase\/","og_site_name":"Consigel","og_image":[{"width":1200,"height":1200,"url":"https:\/\/www.consigel.com\/wp-content\/uploads\/2013\/10\/18-thickbox_default-GINEBRA-WILLIAMS-CHASE.jpg","type":"image\/jpeg"}],"twitter_card":"summary_large_image","schema":{"@context":"https:\/\/schema.org","@graph":[{"@type":"WebPage","@id":"https:\/\/www.consigel.com\/ca\/producte\/ginebra-williams-chase\/","url":"https:\/\/www.consigel.com\/ca\/producte\/ginebra-williams-chase\/","name":"GINEBRA WILLIAMS CHASE - Consigel","isPartOf":{"@id":"https:\/\/www.consigel.com\/ca\/#website"},"primaryImageOfPage":{"@id":"https:\/\/www.consigel.com\/ca\/producte\/ginebra-williams-chase\/#primaryimage"},"image":{"@id":"https:\/\/www.consigel.com\/ca\/producte\/ginebra-williams-chase\/#primaryimage"},"thumbnailUrl":"https:\/\/www.consigel.com\/wp-content\/uploads\/2013\/10\/18-thickbox_default-GINEBRA-WILLIAMS-CHASE.jpg","datePublished":"2013-10-05T22:21:33+00:00","dateModified":"2013-10-05T22:21:33+00:00","breadcrumb":{"@id":"https:\/\/www.consigel.com\/ca\/producte\/ginebra-williams-chase\/#breadcrumb"},"inLanguage":"ca","potentialAction":[{"@type":"ReadAction","target":["https:\/\/www.consigel.com\/ca\/producte\/ginebra-williams-chase\/"]}]},{"@type":"ImageObject","inLanguage":"ca","@id":"https:\/\/www.consigel.com\/ca\/producte\/ginebra-williams-chase\/#primaryimage","url":"https:\/\/www.consigel.com\/wp-content\/uploads\/2013\/10\/18-thickbox_default-GINEBRA-WILLIAMS-CHASE.jpg","contentUrl":"https:\/\/www.consigel.com\/wp-content\/uploads\/2013\/10\/18-thickbox_default-GINEBRA-WILLIAMS-CHASE.jpg","width":1200,"height":1200},{"@type":"BreadcrumbList","@id":"https:\/\/www.consigel.com\/ca\/producte\/ginebra-williams-chase\/#breadcrumb","itemListElement":[{"@type":"ListItem","position":1,"name":"Portada","item":"https:\/\/www.consigel.com\/ca\/"},{"@type":"ListItem","position":2,"name":"Shop","item":"https:\/\/www.consigel.com\/ca\/shop\/"},{"@type":"ListItem","position":3,"name":"GINEBRA WILLIAMS CHASE"}]},{"@type":"WebSite","@id":"https:\/\/www.consigel.com\/ca\/#website","url":"https:\/\/www.consigel.com\/ca\/","name":"Consigel","description":"","potentialAction":[{"@type":"SearchAction","target":{"@type":"EntryPoint","urlTemplate":"https:\/\/www.consigel.com\/ca\/?s={search_term_string}"},"query-input":"required name=search_term_string"}],"inLanguage":"ca"}]}},"_links":{"self":[{"href":"https:\/\/www.consigel.com\/ca\/wp-json\/wp\/v2\/product\/4072","targetHints":{"allow":["GET"]}}],"collection":[{"href":"https:\/\/www.consigel.com\/ca\/wp-json\/wp\/v2\/product"}],"about":[{"href":"https:\/\/www.consigel.com\/ca\/wp-json\/wp\/v2\/types\/product"}],"replies":[{"embeddable":true,"href":"https:\/\/www.consigel.com\/ca\/wp-json\/wp\/v2\/comments?post=4072"}],"wp:featuredmedia":[{"embeddable":true,"href":"https:\/\/www.consigel.com\/ca\/wp-json\/wp\/v2\/media\/2262"}],"wp:attachment":[{"href":"https:\/\/www.consigel.com\/ca\/wp-json\/wp\/v2\/media?parent=4072"}],"wp:term":[{"taxonomy":"product_cat","embeddable":true,"href":"https:\/\/www.consigel.com\/ca\/wp-json\/wp\/v2\/product_cat?post=4072"},{"taxonomy":"product_tag","embeddable":true,"href":"https:\/\/www.consigel.com\/ca\/wp-json\/wp\/v2\/product_tag?post=4072"}],"curies":[{"name":"wp","href":"https:\/\/api.w.org\/{rel}","templated":true}]}}