{"id":4057,"date":"2013-10-05T22:21:33","date_gmt":"2013-10-05T22:21:33","guid":{"rendered":"http:\/\/www.consigel.com\/producte\/ginebra-brecon-special-reserve\/"},"modified":"2013-10-05T22:21:33","modified_gmt":"2013-10-05T22:21:33","slug":"ginebra-brecon-special-reserve","status":"publish","type":"product","link":"https:\/\/www.consigel.com\/ca\/producte\/ginebra-brecon-special-reserve\/","title":{"rendered":"GINEBRA BRECON SPECIAL RESERVE"},"content":{"rendered":"<p>Para su destilaci\u00f3n se usan 10 ingredientes bot\u00e1nicos de todos los rincones de la tierra: piel de naranja de Espa\u00f1a, bayas de enebro de Macedonia, corteza de cassia de China, ra\u00edz de regaliz de Sri Lanka, corteza de canela de Madagascar, ra\u00edz de Angelica de Francia, nuez moscada de India, semillas de cilantro de Rusia, piel de lim\u00f3n de Espa\u00f1a y ra\u00edz de lirio de Italia. El resultado es una ginebra de una alt\u00edsima calidad, con un sabor \u00fanico. Toma su nombre del antiguo pueblo de Gales en la que se fabrica y que est\u00e1 ubicado en las inmediaciones de la cordillera Brecon Beacons.\u00a0  gintoniQ\u00a0te recomienda combinar la Ginebra Brecon con\u00a0la t\u00f3nica Q Tonic, canela en rama, enebro\u00a0y hielo.\u00a0disfrutar del gin tonic!<\/p>\n","protected":false},"excerpt":{"rendered":"<p>Para su destilaci\u00f3n se usan 10 ingredientes bot\u00e1nicos de todos los rincones de la tierra: piel de naranja de Espa\u00f1a, bayas de enebro de Macedonia, corteza de cassia de China, ra\u00edz de regaliz de Sri Lanka, corteza de canela de Madagascar, ra\u00edz de Angelica de Francia, nuez moscada de India, semillas de cilantro de Rusia, [&#8230;]\n","protected":false},"featured_media":2257,"comment_status":"open","ping_status":"closed","template":"","meta":[],"product_cat":[18],"product_tag":[],"class_list":{"0":"post-4057","1":"product","2":"type-product","3":"status-publish","4":"has-post-thumbnail","6":"product_cat-gastronomia","8":"first","9":"outofstock","10":"shipping-taxable","11":"product-type-simple"},"yoast_head":"<!-- This site is optimized with the Yoast SEO plugin v23.3 - https:\/\/yoast.com\/wordpress\/plugins\/seo\/ -->\n<title>GINEBRA BRECON SPECIAL RESERVE - Consigel<\/title>\n<meta name=\"robots\" content=\"index, follow, max-snippet:-1, max-image-preview:large, max-video-preview:-1\" \/>\n<link rel=\"canonical\" href=\"https:\/\/www.consigel.com\/ca\/producte\/ginebra-brecon-special-reserve\/\" \/>\n<meta property=\"og:locale\" content=\"ca_ES\" \/>\n<meta property=\"og:type\" content=\"article\" \/>\n<meta property=\"og:title\" content=\"GINEBRA BRECON SPECIAL RESERVE - Consigel\" \/>\n<meta property=\"og:description\" content=\"Para su destilaci\u00f3n se usan 10 ingredientes bot\u00e1nicos de todos los rincones de la tierra: piel de naranja de Espa\u00f1a, bayas de enebro de Macedonia, corteza de cassia de China, ra\u00edz de regaliz de Sri Lanka, corteza de canela de Madagascar, ra\u00edz de Angelica de Francia, nuez moscada de India, semillas de cilantro de Rusia, [...]\" \/>\n<meta property=\"og:url\" content=\"https:\/\/www.consigel.com\/ca\/producte\/ginebra-brecon-special-reserve\/\" \/>\n<meta property=\"og:site_name\" content=\"Consigel\" \/>\n<meta property=\"og:image\" content=\"https:\/\/www.consigel.com\/wp-content\/uploads\/2013\/10\/13-thickbox_default-GINEBRA-BRECON-SPECIAL-RESERVE.jpg\" \/>\n\t<meta property=\"og:image:width\" content=\"1200\" \/>\n\t<meta property=\"og:image:height\" content=\"1200\" \/>\n\t<meta property=\"og:image:type\" content=\"image\/jpeg\" \/>\n<meta name=\"twitter:card\" content=\"summary_large_image\" \/>\n<meta name=\"twitter:label1\" content=\"Temps estimat de lectura\" \/>\n\t<meta name=\"twitter:data1\" content=\"1 minut\" \/>\n<script type=\"application\/ld+json\" class=\"yoast-schema-graph\">{\"@context\":\"https:\/\/schema.org\",\"@graph\":[{\"@type\":\"WebPage\",\"@id\":\"https:\/\/www.consigel.com\/ca\/producte\/ginebra-brecon-special-reserve\/\",\"url\":\"https:\/\/www.consigel.com\/ca\/producte\/ginebra-brecon-special-reserve\/\",\"name\":\"GINEBRA BRECON SPECIAL RESERVE - Consigel\",\"isPartOf\":{\"@id\":\"https:\/\/www.consigel.com\/ca\/#website\"},\"primaryImageOfPage\":{\"@id\":\"https:\/\/www.consigel.com\/ca\/producte\/ginebra-brecon-special-reserve\/#primaryimage\"},\"image\":{\"@id\":\"https:\/\/www.consigel.com\/ca\/producte\/ginebra-brecon-special-reserve\/#primaryimage\"},\"thumbnailUrl\":\"https:\/\/www.consigel.com\/wp-content\/uploads\/2013\/10\/13-thickbox_default-GINEBRA-BRECON-SPECIAL-RESERVE.jpg\",\"datePublished\":\"2013-10-05T22:21:33+00:00\",\"dateModified\":\"2013-10-05T22:21:33+00:00\",\"breadcrumb\":{\"@id\":\"https:\/\/www.consigel.com\/ca\/producte\/ginebra-brecon-special-reserve\/#breadcrumb\"},\"inLanguage\":\"ca\",\"potentialAction\":[{\"@type\":\"ReadAction\",\"target\":[\"https:\/\/www.consigel.com\/ca\/producte\/ginebra-brecon-special-reserve\/\"]}]},{\"@type\":\"ImageObject\",\"inLanguage\":\"ca\",\"@id\":\"https:\/\/www.consigel.com\/ca\/producte\/ginebra-brecon-special-reserve\/#primaryimage\",\"url\":\"https:\/\/www.consigel.com\/wp-content\/uploads\/2013\/10\/13-thickbox_default-GINEBRA-BRECON-SPECIAL-RESERVE.jpg\",\"contentUrl\":\"https:\/\/www.consigel.com\/wp-content\/uploads\/2013\/10\/13-thickbox_default-GINEBRA-BRECON-SPECIAL-RESERVE.jpg\",\"width\":1200,\"height\":1200},{\"@type\":\"BreadcrumbList\",\"@id\":\"https:\/\/www.consigel.com\/ca\/producte\/ginebra-brecon-special-reserve\/#breadcrumb\",\"itemListElement\":[{\"@type\":\"ListItem\",\"position\":1,\"name\":\"Portada\",\"item\":\"https:\/\/www.consigel.com\/ca\/\"},{\"@type\":\"ListItem\",\"position\":2,\"name\":\"Shop\",\"item\":\"https:\/\/www.consigel.com\/ca\/shop\/\"},{\"@type\":\"ListItem\",\"position\":3,\"name\":\"GINEBRA BRECON SPECIAL RESERVE\"}]},{\"@type\":\"WebSite\",\"@id\":\"https:\/\/www.consigel.com\/ca\/#website\",\"url\":\"https:\/\/www.consigel.com\/ca\/\",\"name\":\"Consigel\",\"description\":\"\",\"potentialAction\":[{\"@type\":\"SearchAction\",\"target\":{\"@type\":\"EntryPoint\",\"urlTemplate\":\"https:\/\/www.consigel.com\/ca\/?s={search_term_string}\"},\"query-input\":\"required name=search_term_string\"}],\"inLanguage\":\"ca\"}]}<\/script>\n<!-- \/ Yoast SEO plugin. -->","yoast_head_json":{"title":"GINEBRA BRECON SPECIAL RESERVE - Consigel","robots":{"index":"index","follow":"follow","max-snippet":"max-snippet:-1","max-image-preview":"max-image-preview:large","max-video-preview":"max-video-preview:-1"},"canonical":"https:\/\/www.consigel.com\/ca\/producte\/ginebra-brecon-special-reserve\/","og_locale":"ca_ES","og_type":"article","og_title":"GINEBRA BRECON SPECIAL RESERVE - Consigel","og_description":"Para su destilaci\u00f3n se usan 10 ingredientes bot\u00e1nicos de todos los rincones de la tierra: piel de naranja de Espa\u00f1a, bayas de enebro de Macedonia, corteza de cassia de China, ra\u00edz de regaliz de Sri Lanka, corteza de canela de Madagascar, ra\u00edz de Angelica de Francia, nuez moscada de India, semillas de cilantro de Rusia, [...]","og_url":"https:\/\/www.consigel.com\/ca\/producte\/ginebra-brecon-special-reserve\/","og_site_name":"Consigel","og_image":[{"width":1200,"height":1200,"url":"https:\/\/www.consigel.com\/wp-content\/uploads\/2013\/10\/13-thickbox_default-GINEBRA-BRECON-SPECIAL-RESERVE.jpg","type":"image\/jpeg"}],"twitter_card":"summary_large_image","twitter_misc":{"Temps estimat de lectura":"1 minut"},"schema":{"@context":"https:\/\/schema.org","@graph":[{"@type":"WebPage","@id":"https:\/\/www.consigel.com\/ca\/producte\/ginebra-brecon-special-reserve\/","url":"https:\/\/www.consigel.com\/ca\/producte\/ginebra-brecon-special-reserve\/","name":"GINEBRA BRECON SPECIAL RESERVE - Consigel","isPartOf":{"@id":"https:\/\/www.consigel.com\/ca\/#website"},"primaryImageOfPage":{"@id":"https:\/\/www.consigel.com\/ca\/producte\/ginebra-brecon-special-reserve\/#primaryimage"},"image":{"@id":"https:\/\/www.consigel.com\/ca\/producte\/ginebra-brecon-special-reserve\/#primaryimage"},"thumbnailUrl":"https:\/\/www.consigel.com\/wp-content\/uploads\/2013\/10\/13-thickbox_default-GINEBRA-BRECON-SPECIAL-RESERVE.jpg","datePublished":"2013-10-05T22:21:33+00:00","dateModified":"2013-10-05T22:21:33+00:00","breadcrumb":{"@id":"https:\/\/www.consigel.com\/ca\/producte\/ginebra-brecon-special-reserve\/#breadcrumb"},"inLanguage":"ca","potentialAction":[{"@type":"ReadAction","target":["https:\/\/www.consigel.com\/ca\/producte\/ginebra-brecon-special-reserve\/"]}]},{"@type":"ImageObject","inLanguage":"ca","@id":"https:\/\/www.consigel.com\/ca\/producte\/ginebra-brecon-special-reserve\/#primaryimage","url":"https:\/\/www.consigel.com\/wp-content\/uploads\/2013\/10\/13-thickbox_default-GINEBRA-BRECON-SPECIAL-RESERVE.jpg","contentUrl":"https:\/\/www.consigel.com\/wp-content\/uploads\/2013\/10\/13-thickbox_default-GINEBRA-BRECON-SPECIAL-RESERVE.jpg","width":1200,"height":1200},{"@type":"BreadcrumbList","@id":"https:\/\/www.consigel.com\/ca\/producte\/ginebra-brecon-special-reserve\/#breadcrumb","itemListElement":[{"@type":"ListItem","position":1,"name":"Portada","item":"https:\/\/www.consigel.com\/ca\/"},{"@type":"ListItem","position":2,"name":"Shop","item":"https:\/\/www.consigel.com\/ca\/shop\/"},{"@type":"ListItem","position":3,"name":"GINEBRA BRECON SPECIAL RESERVE"}]},{"@type":"WebSite","@id":"https:\/\/www.consigel.com\/ca\/#website","url":"https:\/\/www.consigel.com\/ca\/","name":"Consigel","description":"","potentialAction":[{"@type":"SearchAction","target":{"@type":"EntryPoint","urlTemplate":"https:\/\/www.consigel.com\/ca\/?s={search_term_string}"},"query-input":"required name=search_term_string"}],"inLanguage":"ca"}]}},"_links":{"self":[{"href":"https:\/\/www.consigel.com\/ca\/wp-json\/wp\/v2\/product\/4057","targetHints":{"allow":["GET"]}}],"collection":[{"href":"https:\/\/www.consigel.com\/ca\/wp-json\/wp\/v2\/product"}],"about":[{"href":"https:\/\/www.consigel.com\/ca\/wp-json\/wp\/v2\/types\/product"}],"replies":[{"embeddable":true,"href":"https:\/\/www.consigel.com\/ca\/wp-json\/wp\/v2\/comments?post=4057"}],"wp:featuredmedia":[{"embeddable":true,"href":"https:\/\/www.consigel.com\/ca\/wp-json\/wp\/v2\/media\/2257"}],"wp:attachment":[{"href":"https:\/\/www.consigel.com\/ca\/wp-json\/wp\/v2\/media?parent=4057"}],"wp:term":[{"taxonomy":"product_cat","embeddable":true,"href":"https:\/\/www.consigel.com\/ca\/wp-json\/wp\/v2\/product_cat?post=4057"},{"taxonomy":"product_tag","embeddable":true,"href":"https:\/\/www.consigel.com\/ca\/wp-json\/wp\/v2\/product_tag?post=4057"}],"curies":[{"name":"wp","href":"https:\/\/api.w.org\/{rel}","templated":true}]}}