{"id":2019,"date":"2020-11-18T12:03:57","date_gmt":"2020-11-18T12:03:57","guid":{"rendered":"http:\/\/www.consigel.com\/product\/toping-de-chocolate-blanco-ginos-1-l\/"},"modified":"2024-07-12T10:36:06","modified_gmt":"2024-07-12T10:36:06","slug":"toping-de-chocolate-blanco-ginos-1-l","status":"publish","type":"product","link":"https:\/\/www.consigel.com\/ca\/producte\/toping-de-chocolate-blanco-ginos-1-l\/","title":{"rendered":"Toping de chocolate blanco Ginos 1 l."},"content":{"rendered":"<p>Salsa topping a base de chocolate blanco, obtenida mezclando ingredientes de alta calidad con el fin de obtener un producto irresistible y sobre todo gluten free. Resultar\u00e1 indispensable para satisfacer las bocas de todos, cel\u00edacos y no cel\u00edacos, en total tranquilidad y seguridad.<\/p>\n<p>Ingredientes:<\/p>\n<p>Chocolate blanco, az\u00facar, leche en polvo.<\/p>\n<p>Caja de 6 unidades<\/p>\n<p><img loading=\"lazy\" decoding=\"async\" class=\" size-full wp-image-1280\" src=\"http:\/\/www.consigel.com\/wp-content\/uploads\/2013\/11\/a-gluten-pt.jpg\" alt=\"\" width=\"120\" height=\"118\" \/><img loading=\"lazy\" decoding=\"async\" class=\" size-full wp-image-1279\" src=\"http:\/\/www.consigel.com\/wp-content\/uploads\/2013\/11\/alogo-congel.png\" alt=\"\" width=\"120\" height=\"120\" srcset=\"https:\/\/www.consigel.com\/wp-content\/uploads\/2013\/11\/alogo-congel.png 120w, https:\/\/www.consigel.com\/wp-content\/uploads\/2013\/11\/alogo-congel-100x100.png 100w\" sizes=\"auto, (max-width: 120px) 100vw, 120px\" \/><\/p>\n","protected":false},"excerpt":{"rendered":"<p>Salsa topping a base de chocolate blanco, obtenida mezclando ingredientes de alta calidad con el fin de obtener un producto irresistible y sobre todo gluten free. Resultar\u00e1 indispensable para satisfacer las bocas de todos, cel\u00edacos y no cel\u00edacos, en total tranquilidad y seguridad. Ingredientes: Chocolate blanco, az\u00facar, leche en polvo. Caja de 6 unidades<\/p>\n","protected":false},"featured_media":2018,"comment_status":"open","ping_status":"closed","template":"","meta":[],"product_cat":[44,20],"product_tag":[],"class_list":{"0":"post-2019","1":"product","2":"type-product","3":"status-publish","4":"has-post-thumbnail","6":"product_cat-fruites-pulpes-coulis","7":"product_cat-postres","9":"first","10":"outofstock","11":"shipping-taxable","12":"product-type-simple"},"yoast_head":"<!-- This site is optimized with the Yoast SEO plugin v23.3 - https:\/\/yoast.com\/wordpress\/plugins\/seo\/ -->\n<title>Toping de chocolate blanco Ginos 1 l. - Consigel<\/title>\n<meta name=\"robots\" content=\"index, follow, max-snippet:-1, max-image-preview:large, max-video-preview:-1\" \/>\n<link rel=\"canonical\" href=\"https:\/\/www.consigel.com\/ca\/producte\/toping-de-chocolate-blanco-ginos-1-l\/\" \/>\n<meta property=\"og:locale\" content=\"ca_ES\" \/>\n<meta property=\"og:type\" content=\"article\" \/>\n<meta property=\"og:title\" content=\"Toping de chocolate blanco Ginos 1 l. - Consigel\" \/>\n<meta property=\"og:description\" content=\"Salsa topping a base de chocolate blanco, obtenida mezclando ingredientes de alta calidad con el fin de obtener un producto irresistible y sobre todo gluten free. Resultar\u00e1 indispensable para satisfacer las bocas de todos, cel\u00edacos y no cel\u00edacos, en total tranquilidad y seguridad. Ingredientes: Chocolate blanco, az\u00facar, leche en polvo. Caja de 6 unidades\" \/>\n<meta property=\"og:url\" content=\"https:\/\/www.consigel.com\/ca\/producte\/toping-de-chocolate-blanco-ginos-1-l\/\" \/>\n<meta property=\"og:site_name\" content=\"Consigel\" \/>\n<meta property=\"article:modified_time\" content=\"2024-07-12T10:36:06+00:00\" \/>\n<meta property=\"og:image\" content=\"https:\/\/www.consigel.com\/wp-content\/uploads\/2020\/11\/2236-thickbox_default-Toping-de-chocolate-blanco-Ginos-1-l.jpg\" \/>\n\t<meta property=\"og:image:width\" content=\"1200\" \/>\n\t<meta property=\"og:image:height\" content=\"1200\" \/>\n\t<meta property=\"og:image:type\" content=\"image\/jpeg\" \/>\n<meta name=\"twitter:card\" content=\"summary_large_image\" \/>\n<script type=\"application\/ld+json\" class=\"yoast-schema-graph\">{\"@context\":\"https:\/\/schema.org\",\"@graph\":[{\"@type\":\"WebPage\",\"@id\":\"https:\/\/www.consigel.com\/ca\/producte\/toping-de-chocolate-blanco-ginos-1-l\/\",\"url\":\"https:\/\/www.consigel.com\/ca\/producte\/toping-de-chocolate-blanco-ginos-1-l\/\",\"name\":\"Toping de chocolate blanco Ginos 1 l. - Consigel\",\"isPartOf\":{\"@id\":\"https:\/\/www.consigel.com\/ca\/#website\"},\"primaryImageOfPage\":{\"@id\":\"https:\/\/www.consigel.com\/ca\/producte\/toping-de-chocolate-blanco-ginos-1-l\/#primaryimage\"},\"image\":{\"@id\":\"https:\/\/www.consigel.com\/ca\/producte\/toping-de-chocolate-blanco-ginos-1-l\/#primaryimage\"},\"thumbnailUrl\":\"https:\/\/www.consigel.com\/wp-content\/uploads\/2020\/11\/2236-thickbox_default-Toping-de-chocolate-blanco-Ginos-1-l.jpg\",\"datePublished\":\"2020-11-18T12:03:57+00:00\",\"dateModified\":\"2024-07-12T10:36:06+00:00\",\"breadcrumb\":{\"@id\":\"https:\/\/www.consigel.com\/ca\/producte\/toping-de-chocolate-blanco-ginos-1-l\/#breadcrumb\"},\"inLanguage\":\"ca\",\"potentialAction\":[{\"@type\":\"ReadAction\",\"target\":[\"https:\/\/www.consigel.com\/ca\/producte\/toping-de-chocolate-blanco-ginos-1-l\/\"]}]},{\"@type\":\"ImageObject\",\"inLanguage\":\"ca\",\"@id\":\"https:\/\/www.consigel.com\/ca\/producte\/toping-de-chocolate-blanco-ginos-1-l\/#primaryimage\",\"url\":\"https:\/\/www.consigel.com\/wp-content\/uploads\/2020\/11\/2236-thickbox_default-Toping-de-chocolate-blanco-Ginos-1-l.jpg\",\"contentUrl\":\"https:\/\/www.consigel.com\/wp-content\/uploads\/2020\/11\/2236-thickbox_default-Toping-de-chocolate-blanco-Ginos-1-l.jpg\",\"width\":1200,\"height\":1200,\"caption\":\"Toping de chocolate blanco Ginos 1 l.\"},{\"@type\":\"BreadcrumbList\",\"@id\":\"https:\/\/www.consigel.com\/ca\/producte\/toping-de-chocolate-blanco-ginos-1-l\/#breadcrumb\",\"itemListElement\":[{\"@type\":\"ListItem\",\"position\":1,\"name\":\"Portada\",\"item\":\"https:\/\/www.consigel.com\/ca\/\"},{\"@type\":\"ListItem\",\"position\":2,\"name\":\"Shop\",\"item\":\"https:\/\/www.consigel.com\/ca\/shop\/\"},{\"@type\":\"ListItem\",\"position\":3,\"name\":\"Toping de chocolate blanco Ginos 1 l.\"}]},{\"@type\":\"WebSite\",\"@id\":\"https:\/\/www.consigel.com\/ca\/#website\",\"url\":\"https:\/\/www.consigel.com\/ca\/\",\"name\":\"Consigel\",\"description\":\"\",\"potentialAction\":[{\"@type\":\"SearchAction\",\"target\":{\"@type\":\"EntryPoint\",\"urlTemplate\":\"https:\/\/www.consigel.com\/ca\/?s={search_term_string}\"},\"query-input\":\"required name=search_term_string\"}],\"inLanguage\":\"ca\"}]}<\/script>\n<!-- \/ Yoast SEO plugin. -->","yoast_head_json":{"title":"Toping de chocolate blanco Ginos 1 l. - Consigel","robots":{"index":"index","follow":"follow","max-snippet":"max-snippet:-1","max-image-preview":"max-image-preview:large","max-video-preview":"max-video-preview:-1"},"canonical":"https:\/\/www.consigel.com\/ca\/producte\/toping-de-chocolate-blanco-ginos-1-l\/","og_locale":"ca_ES","og_type":"article","og_title":"Toping de chocolate blanco Ginos 1 l. - Consigel","og_description":"Salsa topping a base de chocolate blanco, obtenida mezclando ingredientes de alta calidad con el fin de obtener un producto irresistible y sobre todo gluten free. Resultar\u00e1 indispensable para satisfacer las bocas de todos, cel\u00edacos y no cel\u00edacos, en total tranquilidad y seguridad. Ingredientes: Chocolate blanco, az\u00facar, leche en polvo. Caja de 6 unidades","og_url":"https:\/\/www.consigel.com\/ca\/producte\/toping-de-chocolate-blanco-ginos-1-l\/","og_site_name":"Consigel","article_modified_time":"2024-07-12T10:36:06+00:00","og_image":[{"width":1200,"height":1200,"url":"https:\/\/www.consigel.com\/wp-content\/uploads\/2020\/11\/2236-thickbox_default-Toping-de-chocolate-blanco-Ginos-1-l.jpg","type":"image\/jpeg"}],"twitter_card":"summary_large_image","schema":{"@context":"https:\/\/schema.org","@graph":[{"@type":"WebPage","@id":"https:\/\/www.consigel.com\/ca\/producte\/toping-de-chocolate-blanco-ginos-1-l\/","url":"https:\/\/www.consigel.com\/ca\/producte\/toping-de-chocolate-blanco-ginos-1-l\/","name":"Toping de chocolate blanco Ginos 1 l. - Consigel","isPartOf":{"@id":"https:\/\/www.consigel.com\/ca\/#website"},"primaryImageOfPage":{"@id":"https:\/\/www.consigel.com\/ca\/producte\/toping-de-chocolate-blanco-ginos-1-l\/#primaryimage"},"image":{"@id":"https:\/\/www.consigel.com\/ca\/producte\/toping-de-chocolate-blanco-ginos-1-l\/#primaryimage"},"thumbnailUrl":"https:\/\/www.consigel.com\/wp-content\/uploads\/2020\/11\/2236-thickbox_default-Toping-de-chocolate-blanco-Ginos-1-l.jpg","datePublished":"2020-11-18T12:03:57+00:00","dateModified":"2024-07-12T10:36:06+00:00","breadcrumb":{"@id":"https:\/\/www.consigel.com\/ca\/producte\/toping-de-chocolate-blanco-ginos-1-l\/#breadcrumb"},"inLanguage":"ca","potentialAction":[{"@type":"ReadAction","target":["https:\/\/www.consigel.com\/ca\/producte\/toping-de-chocolate-blanco-ginos-1-l\/"]}]},{"@type":"ImageObject","inLanguage":"ca","@id":"https:\/\/www.consigel.com\/ca\/producte\/toping-de-chocolate-blanco-ginos-1-l\/#primaryimage","url":"https:\/\/www.consigel.com\/wp-content\/uploads\/2020\/11\/2236-thickbox_default-Toping-de-chocolate-blanco-Ginos-1-l.jpg","contentUrl":"https:\/\/www.consigel.com\/wp-content\/uploads\/2020\/11\/2236-thickbox_default-Toping-de-chocolate-blanco-Ginos-1-l.jpg","width":1200,"height":1200,"caption":"Toping de chocolate blanco Ginos 1 l."},{"@type":"BreadcrumbList","@id":"https:\/\/www.consigel.com\/ca\/producte\/toping-de-chocolate-blanco-ginos-1-l\/#breadcrumb","itemListElement":[{"@type":"ListItem","position":1,"name":"Portada","item":"https:\/\/www.consigel.com\/ca\/"},{"@type":"ListItem","position":2,"name":"Shop","item":"https:\/\/www.consigel.com\/ca\/shop\/"},{"@type":"ListItem","position":3,"name":"Toping de chocolate blanco Ginos 1 l."}]},{"@type":"WebSite","@id":"https:\/\/www.consigel.com\/ca\/#website","url":"https:\/\/www.consigel.com\/ca\/","name":"Consigel","description":"","potentialAction":[{"@type":"SearchAction","target":{"@type":"EntryPoint","urlTemplate":"https:\/\/www.consigel.com\/ca\/?s={search_term_string}"},"query-input":"required name=search_term_string"}],"inLanguage":"ca"}]}},"_links":{"self":[{"href":"https:\/\/www.consigel.com\/ca\/wp-json\/wp\/v2\/product\/2019","targetHints":{"allow":["GET"]}}],"collection":[{"href":"https:\/\/www.consigel.com\/ca\/wp-json\/wp\/v2\/product"}],"about":[{"href":"https:\/\/www.consigel.com\/ca\/wp-json\/wp\/v2\/types\/product"}],"replies":[{"embeddable":true,"href":"https:\/\/www.consigel.com\/ca\/wp-json\/wp\/v2\/comments?post=2019"}],"wp:featuredmedia":[{"embeddable":true,"href":"https:\/\/www.consigel.com\/ca\/wp-json\/wp\/v2\/media\/2018"}],"wp:attachment":[{"href":"https:\/\/www.consigel.com\/ca\/wp-json\/wp\/v2\/media?parent=2019"}],"wp:term":[{"taxonomy":"product_cat","embeddable":true,"href":"https:\/\/www.consigel.com\/ca\/wp-json\/wp\/v2\/product_cat?post=2019"},{"taxonomy":"product_tag","embeddable":true,"href":"https:\/\/www.consigel.com\/ca\/wp-json\/wp\/v2\/product_tag?post=2019"}],"curies":[{"name":"wp","href":"https:\/\/api.w.org\/{rel}","templated":true}]}}