{"id":1935,"date":"2020-11-10T12:33:10","date_gmt":"2020-11-10T12:33:10","guid":{"rendered":"http:\/\/www.consigel.com\/product\/pate-de-oliva-negra-520-gr\/"},"modified":"2020-11-10T12:33:10","modified_gmt":"2020-11-10T12:33:10","slug":"pate-de-oliva-negra-520-gr","status":"publish","type":"product","link":"https:\/\/www.consigel.com\/ca\/producte\/pate-de-oliva-negra-520-gr\/","title":{"rendered":"Pat\u00e9 de oliva negra 520 gr."},"content":{"rendered":"<p>Pat\u00e9 de cl\u00e1sico sabor y perfume mediterr\u00e1neo \u00f3ptimo para ser usado como condimento sobre todo tipo de platos o en combinaci\u00f3n con otros ingredientes seg\u00fan las recetas. Ideal para variar propuestas del men\u00fa tradicional con poco coste y para administrar eventuales emergencias en cocina. Producto listo para usar que evita el largo proceso de elaboraci\u00f3n para conseguir un condimento fresco.<\/p>\n<p>Trabajada con un 30% de mayonesa combina muy bien con carnes blancas hervidas o asadas. Perfecta sobre pizzas, <em>bruschettes, tramezzini o panini.<\/em><\/p>\n<p>Ingredientes<\/p>\n<p>Aceite de oliva, Aceitunas negras, Sal<\/p>\n","protected":false},"excerpt":{"rendered":"<p>Pat\u00e9 de cl\u00e1sico sabor y perfume mediterr\u00e1neo \u00f3ptimo para ser usado como condimento sobre todo tipo de platos o en combinaci\u00f3n con otros ingredientes seg\u00fan las recetas. Ideal para variar propuestas del men\u00fa tradicional con poco coste y para administrar eventuales emergencias en cocina. Producto listo para usar que evita el largo proceso de elaboraci\u00f3n [&#8230;]\n","protected":false},"featured_media":1934,"comment_status":"open","ping_status":"closed","template":"","meta":[],"product_cat":[48,136],"product_tag":[],"class_list":{"0":"post-1935","1":"product","2":"type-product","3":"status-publish","4":"has-post-thumbnail","6":"product_cat-guarnicions","7":"product_cat-salses-congelades","9":"first","10":"outofstock","11":"shipping-taxable","12":"product-type-simple"},"yoast_head":"<!-- This site is optimized with the Yoast SEO plugin v23.3 - https:\/\/yoast.com\/wordpress\/plugins\/seo\/ -->\n<title>Pat\u00e9 de oliva negra 520 gr. - Consigel<\/title>\n<meta name=\"robots\" content=\"index, follow, max-snippet:-1, max-image-preview:large, max-video-preview:-1\" \/>\n<link rel=\"canonical\" href=\"https:\/\/www.consigel.com\/ca\/producte\/pate-de-oliva-negra-520-gr\/\" \/>\n<meta property=\"og:locale\" content=\"ca_ES\" \/>\n<meta property=\"og:type\" content=\"article\" \/>\n<meta property=\"og:title\" content=\"Pat\u00e9 de oliva negra 520 gr. - Consigel\" \/>\n<meta property=\"og:description\" content=\"Pat\u00e9 de cl\u00e1sico sabor y perfume mediterr\u00e1neo \u00f3ptimo para ser usado como condimento sobre todo tipo de platos o en combinaci\u00f3n con otros ingredientes seg\u00fan las recetas. Ideal para variar propuestas del men\u00fa tradicional con poco coste y para administrar eventuales emergencias en cocina. Producto listo para usar que evita el largo proceso de elaboraci\u00f3n [...]\" \/>\n<meta property=\"og:url\" content=\"https:\/\/www.consigel.com\/ca\/producte\/pate-de-oliva-negra-520-gr\/\" \/>\n<meta property=\"og:site_name\" content=\"Consigel\" \/>\n<meta property=\"og:image\" content=\"https:\/\/www.consigel.com\/wp-content\/uploads\/2020\/11\/2139-thickbox_default-Pate-de-oliva-negra-520-gr.jpg\" \/>\n\t<meta property=\"og:image:width\" content=\"1200\" \/>\n\t<meta property=\"og:image:height\" content=\"1200\" \/>\n\t<meta property=\"og:image:type\" content=\"image\/jpeg\" \/>\n<meta name=\"twitter:card\" content=\"summary_large_image\" \/>\n<script type=\"application\/ld+json\" class=\"yoast-schema-graph\">{\"@context\":\"https:\/\/schema.org\",\"@graph\":[{\"@type\":\"WebPage\",\"@id\":\"https:\/\/www.consigel.com\/ca\/producte\/pate-de-oliva-negra-520-gr\/\",\"url\":\"https:\/\/www.consigel.com\/ca\/producte\/pate-de-oliva-negra-520-gr\/\",\"name\":\"Pat\u00e9 de oliva negra 520 gr. - Consigel\",\"isPartOf\":{\"@id\":\"https:\/\/www.consigel.com\/ca\/#website\"},\"primaryImageOfPage\":{\"@id\":\"https:\/\/www.consigel.com\/ca\/producte\/pate-de-oliva-negra-520-gr\/#primaryimage\"},\"image\":{\"@id\":\"https:\/\/www.consigel.com\/ca\/producte\/pate-de-oliva-negra-520-gr\/#primaryimage\"},\"thumbnailUrl\":\"https:\/\/www.consigel.com\/wp-content\/uploads\/2020\/11\/2139-thickbox_default-Pate-de-oliva-negra-520-gr.jpg\",\"datePublished\":\"2020-11-10T12:33:10+00:00\",\"dateModified\":\"2020-11-10T12:33:10+00:00\",\"breadcrumb\":{\"@id\":\"https:\/\/www.consigel.com\/ca\/producte\/pate-de-oliva-negra-520-gr\/#breadcrumb\"},\"inLanguage\":\"ca\",\"potentialAction\":[{\"@type\":\"ReadAction\",\"target\":[\"https:\/\/www.consigel.com\/ca\/producte\/pate-de-oliva-negra-520-gr\/\"]}]},{\"@type\":\"ImageObject\",\"inLanguage\":\"ca\",\"@id\":\"https:\/\/www.consigel.com\/ca\/producte\/pate-de-oliva-negra-520-gr\/#primaryimage\",\"url\":\"https:\/\/www.consigel.com\/wp-content\/uploads\/2020\/11\/2139-thickbox_default-Pate-de-oliva-negra-520-gr.jpg\",\"contentUrl\":\"https:\/\/www.consigel.com\/wp-content\/uploads\/2020\/11\/2139-thickbox_default-Pate-de-oliva-negra-520-gr.jpg\",\"width\":1200,\"height\":1200,\"caption\":\"Pat\u00e9 de oliva negra 520 gr.\"},{\"@type\":\"BreadcrumbList\",\"@id\":\"https:\/\/www.consigel.com\/ca\/producte\/pate-de-oliva-negra-520-gr\/#breadcrumb\",\"itemListElement\":[{\"@type\":\"ListItem\",\"position\":1,\"name\":\"Portada\",\"item\":\"https:\/\/www.consigel.com\/ca\/\"},{\"@type\":\"ListItem\",\"position\":2,\"name\":\"Shop\",\"item\":\"https:\/\/www.consigel.com\/ca\/shop\/\"},{\"@type\":\"ListItem\",\"position\":3,\"name\":\"Pat\u00e9 de oliva negra 520 gr.\"}]},{\"@type\":\"WebSite\",\"@id\":\"https:\/\/www.consigel.com\/ca\/#website\",\"url\":\"https:\/\/www.consigel.com\/ca\/\",\"name\":\"Consigel\",\"description\":\"\",\"potentialAction\":[{\"@type\":\"SearchAction\",\"target\":{\"@type\":\"EntryPoint\",\"urlTemplate\":\"https:\/\/www.consigel.com\/ca\/?s={search_term_string}\"},\"query-input\":\"required name=search_term_string\"}],\"inLanguage\":\"ca\"}]}<\/script>\n<!-- \/ Yoast SEO plugin. -->","yoast_head_json":{"title":"Pat\u00e9 de oliva negra 520 gr. - Consigel","robots":{"index":"index","follow":"follow","max-snippet":"max-snippet:-1","max-image-preview":"max-image-preview:large","max-video-preview":"max-video-preview:-1"},"canonical":"https:\/\/www.consigel.com\/ca\/producte\/pate-de-oliva-negra-520-gr\/","og_locale":"ca_ES","og_type":"article","og_title":"Pat\u00e9 de oliva negra 520 gr. - Consigel","og_description":"Pat\u00e9 de cl\u00e1sico sabor y perfume mediterr\u00e1neo \u00f3ptimo para ser usado como condimento sobre todo tipo de platos o en combinaci\u00f3n con otros ingredientes seg\u00fan las recetas. Ideal para variar propuestas del men\u00fa tradicional con poco coste y para administrar eventuales emergencias en cocina. Producto listo para usar que evita el largo proceso de elaboraci\u00f3n [...]","og_url":"https:\/\/www.consigel.com\/ca\/producte\/pate-de-oliva-negra-520-gr\/","og_site_name":"Consigel","og_image":[{"width":1200,"height":1200,"url":"https:\/\/www.consigel.com\/wp-content\/uploads\/2020\/11\/2139-thickbox_default-Pate-de-oliva-negra-520-gr.jpg","type":"image\/jpeg"}],"twitter_card":"summary_large_image","schema":{"@context":"https:\/\/schema.org","@graph":[{"@type":"WebPage","@id":"https:\/\/www.consigel.com\/ca\/producte\/pate-de-oliva-negra-520-gr\/","url":"https:\/\/www.consigel.com\/ca\/producte\/pate-de-oliva-negra-520-gr\/","name":"Pat\u00e9 de oliva negra 520 gr. - Consigel","isPartOf":{"@id":"https:\/\/www.consigel.com\/ca\/#website"},"primaryImageOfPage":{"@id":"https:\/\/www.consigel.com\/ca\/producte\/pate-de-oliva-negra-520-gr\/#primaryimage"},"image":{"@id":"https:\/\/www.consigel.com\/ca\/producte\/pate-de-oliva-negra-520-gr\/#primaryimage"},"thumbnailUrl":"https:\/\/www.consigel.com\/wp-content\/uploads\/2020\/11\/2139-thickbox_default-Pate-de-oliva-negra-520-gr.jpg","datePublished":"2020-11-10T12:33:10+00:00","dateModified":"2020-11-10T12:33:10+00:00","breadcrumb":{"@id":"https:\/\/www.consigel.com\/ca\/producte\/pate-de-oliva-negra-520-gr\/#breadcrumb"},"inLanguage":"ca","potentialAction":[{"@type":"ReadAction","target":["https:\/\/www.consigel.com\/ca\/producte\/pate-de-oliva-negra-520-gr\/"]}]},{"@type":"ImageObject","inLanguage":"ca","@id":"https:\/\/www.consigel.com\/ca\/producte\/pate-de-oliva-negra-520-gr\/#primaryimage","url":"https:\/\/www.consigel.com\/wp-content\/uploads\/2020\/11\/2139-thickbox_default-Pate-de-oliva-negra-520-gr.jpg","contentUrl":"https:\/\/www.consigel.com\/wp-content\/uploads\/2020\/11\/2139-thickbox_default-Pate-de-oliva-negra-520-gr.jpg","width":1200,"height":1200,"caption":"Pat\u00e9 de oliva negra 520 gr."},{"@type":"BreadcrumbList","@id":"https:\/\/www.consigel.com\/ca\/producte\/pate-de-oliva-negra-520-gr\/#breadcrumb","itemListElement":[{"@type":"ListItem","position":1,"name":"Portada","item":"https:\/\/www.consigel.com\/ca\/"},{"@type":"ListItem","position":2,"name":"Shop","item":"https:\/\/www.consigel.com\/ca\/shop\/"},{"@type":"ListItem","position":3,"name":"Pat\u00e9 de oliva negra 520 gr."}]},{"@type":"WebSite","@id":"https:\/\/www.consigel.com\/ca\/#website","url":"https:\/\/www.consigel.com\/ca\/","name":"Consigel","description":"","potentialAction":[{"@type":"SearchAction","target":{"@type":"EntryPoint","urlTemplate":"https:\/\/www.consigel.com\/ca\/?s={search_term_string}"},"query-input":"required name=search_term_string"}],"inLanguage":"ca"}]}},"_links":{"self":[{"href":"https:\/\/www.consigel.com\/ca\/wp-json\/wp\/v2\/product\/1935","targetHints":{"allow":["GET"]}}],"collection":[{"href":"https:\/\/www.consigel.com\/ca\/wp-json\/wp\/v2\/product"}],"about":[{"href":"https:\/\/www.consigel.com\/ca\/wp-json\/wp\/v2\/types\/product"}],"replies":[{"embeddable":true,"href":"https:\/\/www.consigel.com\/ca\/wp-json\/wp\/v2\/comments?post=1935"}],"wp:featuredmedia":[{"embeddable":true,"href":"https:\/\/www.consigel.com\/ca\/wp-json\/wp\/v2\/media\/1934"}],"wp:attachment":[{"href":"https:\/\/www.consigel.com\/ca\/wp-json\/wp\/v2\/media?parent=1935"}],"wp:term":[{"taxonomy":"product_cat","embeddable":true,"href":"https:\/\/www.consigel.com\/ca\/wp-json\/wp\/v2\/product_cat?post=1935"},{"taxonomy":"product_tag","embeddable":true,"href":"https:\/\/www.consigel.com\/ca\/wp-json\/wp\/v2\/product_tag?post=1935"}],"curies":[{"name":"wp","href":"https:\/\/api.w.org\/{rel}","templated":true}]}}