{"id":1917,"date":"2020-11-10T11:24:42","date_gmt":"2020-11-10T11:24:42","guid":{"rendered":"http:\/\/www.consigel.com\/product\/mezcla-de-setas-m-arotz-1-kg\/"},"modified":"2020-11-10T11:24:42","modified_gmt":"2020-11-10T11:24:42","slug":"mezcla-de-setas-m-arotz-1-kg","status":"publish","type":"product","link":"https:\/\/www.consigel.com\/ca\/producte\/mezcla-de-setas-m-arotz-1-kg\/","title":{"rendered":"Mezcla de setas M Arotz 1 kg."},"content":{"rendered":"<h4>Setas silvestres y de cultivo<\/h4>\n<h4>Igual que nuestra mezcla baby pero a\u00f1adiendo un 20% de boletus, <em>grupo edulis<\/em>.<\/h4>\n<h4>Es una mezcla muy arom\u00e1tica y de buena presencia, al a\u00f1adir a las setas enteras, el sabor y aroma de los boletus.<\/h4>\n<h4><strong><span style=\"text-decoration: underline;\">Composici\u00f3n<\/span>:<\/strong><\/h4>\n<h4>Boletus, <em>grupo edulis<\/em><\/h4>\n<h4>\u201cSeta de cardo\u201d, <em>Pleorotus ostreatus<\/em><\/h4>\n<h4>Pholiota, <em>Pholiota nameko<\/em><\/h4>\n<h4>Shiitake, Lentinus edodes<\/h4>\n<h4>Se presentan en unidades con tama\u00f1o seleccionado peque\u00f1o y homog\u00e9neo enteras y el boletus \u00a0troceado, congeladas IQF.<\/h4>\n<h4>Formato: caja con 5 bolsas de 1 kg.<\/h4>\n","protected":false},"excerpt":{"rendered":"<p>Setas silvestres y de cultivo Igual que nuestra mezcla baby pero a\u00f1adiendo un 20% de boletus, grupo edulis. Es una mezcla muy arom\u00e1tica y de buena presencia, al a\u00f1adir a las setas enteras, el sabor y aroma de los boletus. Composici\u00f3n: Boletus, grupo edulis \u201cSeta de cardo\u201d, Pleorotus ostreatus Pholiota, Pholiota nameko Shiitake, Lentinus edodes [&#8230;]\n","protected":false},"featured_media":1916,"comment_status":"open","ping_status":"closed","template":"","meta":[],"product_cat":[48,55],"product_tag":[],"class_list":{"0":"post-1917","1":"product","2":"type-product","3":"status-publish","4":"has-post-thumbnail","6":"product_cat-guarnicions","7":"product_cat-bolets-trufes","9":"first","10":"outofstock","11":"shipping-taxable","12":"product-type-simple"},"yoast_head":"<!-- This site is optimized with the Yoast SEO plugin v23.3 - https:\/\/yoast.com\/wordpress\/plugins\/seo\/ -->\n<title>Mezcla de setas M Arotz 1 kg. - Consigel<\/title>\n<meta name=\"robots\" content=\"index, follow, max-snippet:-1, max-image-preview:large, max-video-preview:-1\" \/>\n<link rel=\"canonical\" href=\"https:\/\/www.consigel.com\/ca\/producte\/mezcla-de-setas-m-arotz-1-kg\/\" \/>\n<meta property=\"og:locale\" content=\"ca_ES\" \/>\n<meta property=\"og:type\" content=\"article\" \/>\n<meta property=\"og:title\" content=\"Mezcla de setas M Arotz 1 kg. - Consigel\" \/>\n<meta property=\"og:description\" content=\"Setas silvestres y de cultivo Igual que nuestra mezcla baby pero a\u00f1adiendo un 20% de boletus, grupo edulis. Es una mezcla muy arom\u00e1tica y de buena presencia, al a\u00f1adir a las setas enteras, el sabor y aroma de los boletus. Composici\u00f3n: Boletus, grupo edulis \u201cSeta de cardo\u201d, Pleorotus ostreatus Pholiota, Pholiota nameko Shiitake, Lentinus edodes [...]\" \/>\n<meta property=\"og:url\" content=\"https:\/\/www.consigel.com\/ca\/producte\/mezcla-de-setas-m-arotz-1-kg\/\" \/>\n<meta property=\"og:site_name\" content=\"Consigel\" \/>\n<meta property=\"og:image\" content=\"https:\/\/www.consigel.com\/wp-content\/uploads\/2020\/11\/2131-thickbox_default-Mezcla-de-setas-M-Arotz-1-kg.jpg\" \/>\n\t<meta property=\"og:image:width\" content=\"1200\" \/>\n\t<meta property=\"og:image:height\" content=\"1200\" \/>\n\t<meta property=\"og:image:type\" content=\"image\/jpeg\" \/>\n<meta name=\"twitter:card\" content=\"summary_large_image\" \/>\n<script type=\"application\/ld+json\" class=\"yoast-schema-graph\">{\"@context\":\"https:\/\/schema.org\",\"@graph\":[{\"@type\":\"WebPage\",\"@id\":\"https:\/\/www.consigel.com\/ca\/producte\/mezcla-de-setas-m-arotz-1-kg\/\",\"url\":\"https:\/\/www.consigel.com\/ca\/producte\/mezcla-de-setas-m-arotz-1-kg\/\",\"name\":\"Mezcla de setas M Arotz 1 kg. - Consigel\",\"isPartOf\":{\"@id\":\"https:\/\/www.consigel.com\/ca\/#website\"},\"primaryImageOfPage\":{\"@id\":\"https:\/\/www.consigel.com\/ca\/producte\/mezcla-de-setas-m-arotz-1-kg\/#primaryimage\"},\"image\":{\"@id\":\"https:\/\/www.consigel.com\/ca\/producte\/mezcla-de-setas-m-arotz-1-kg\/#primaryimage\"},\"thumbnailUrl\":\"https:\/\/www.consigel.com\/wp-content\/uploads\/2020\/11\/2131-thickbox_default-Mezcla-de-setas-M-Arotz-1-kg.jpg\",\"datePublished\":\"2020-11-10T11:24:42+00:00\",\"dateModified\":\"2020-11-10T11:24:42+00:00\",\"breadcrumb\":{\"@id\":\"https:\/\/www.consigel.com\/ca\/producte\/mezcla-de-setas-m-arotz-1-kg\/#breadcrumb\"},\"inLanguage\":\"ca\",\"potentialAction\":[{\"@type\":\"ReadAction\",\"target\":[\"https:\/\/www.consigel.com\/ca\/producte\/mezcla-de-setas-m-arotz-1-kg\/\"]}]},{\"@type\":\"ImageObject\",\"inLanguage\":\"ca\",\"@id\":\"https:\/\/www.consigel.com\/ca\/producte\/mezcla-de-setas-m-arotz-1-kg\/#primaryimage\",\"url\":\"https:\/\/www.consigel.com\/wp-content\/uploads\/2020\/11\/2131-thickbox_default-Mezcla-de-setas-M-Arotz-1-kg.jpg\",\"contentUrl\":\"https:\/\/www.consigel.com\/wp-content\/uploads\/2020\/11\/2131-thickbox_default-Mezcla-de-setas-M-Arotz-1-kg.jpg\",\"width\":1200,\"height\":1200,\"caption\":\"Mezcla de setas M Arotz 1 kg.\"},{\"@type\":\"BreadcrumbList\",\"@id\":\"https:\/\/www.consigel.com\/ca\/producte\/mezcla-de-setas-m-arotz-1-kg\/#breadcrumb\",\"itemListElement\":[{\"@type\":\"ListItem\",\"position\":1,\"name\":\"Portada\",\"item\":\"https:\/\/www.consigel.com\/ca\/\"},{\"@type\":\"ListItem\",\"position\":2,\"name\":\"Shop\",\"item\":\"https:\/\/www.consigel.com\/ca\/shop\/\"},{\"@type\":\"ListItem\",\"position\":3,\"name\":\"Mezcla de setas M Arotz 1 kg.\"}]},{\"@type\":\"WebSite\",\"@id\":\"https:\/\/www.consigel.com\/ca\/#website\",\"url\":\"https:\/\/www.consigel.com\/ca\/\",\"name\":\"Consigel\",\"description\":\"\",\"potentialAction\":[{\"@type\":\"SearchAction\",\"target\":{\"@type\":\"EntryPoint\",\"urlTemplate\":\"https:\/\/www.consigel.com\/ca\/?s={search_term_string}\"},\"query-input\":\"required name=search_term_string\"}],\"inLanguage\":\"ca\"}]}<\/script>\n<!-- \/ Yoast SEO plugin. -->","yoast_head_json":{"title":"Mezcla de setas M Arotz 1 kg. - Consigel","robots":{"index":"index","follow":"follow","max-snippet":"max-snippet:-1","max-image-preview":"max-image-preview:large","max-video-preview":"max-video-preview:-1"},"canonical":"https:\/\/www.consigel.com\/ca\/producte\/mezcla-de-setas-m-arotz-1-kg\/","og_locale":"ca_ES","og_type":"article","og_title":"Mezcla de setas M Arotz 1 kg. - Consigel","og_description":"Setas silvestres y de cultivo Igual que nuestra mezcla baby pero a\u00f1adiendo un 20% de boletus, grupo edulis. Es una mezcla muy arom\u00e1tica y de buena presencia, al a\u00f1adir a las setas enteras, el sabor y aroma de los boletus. Composici\u00f3n: Boletus, grupo edulis \u201cSeta de cardo\u201d, Pleorotus ostreatus Pholiota, Pholiota nameko Shiitake, Lentinus edodes [...]","og_url":"https:\/\/www.consigel.com\/ca\/producte\/mezcla-de-setas-m-arotz-1-kg\/","og_site_name":"Consigel","og_image":[{"width":1200,"height":1200,"url":"https:\/\/www.consigel.com\/wp-content\/uploads\/2020\/11\/2131-thickbox_default-Mezcla-de-setas-M-Arotz-1-kg.jpg","type":"image\/jpeg"}],"twitter_card":"summary_large_image","schema":{"@context":"https:\/\/schema.org","@graph":[{"@type":"WebPage","@id":"https:\/\/www.consigel.com\/ca\/producte\/mezcla-de-setas-m-arotz-1-kg\/","url":"https:\/\/www.consigel.com\/ca\/producte\/mezcla-de-setas-m-arotz-1-kg\/","name":"Mezcla de setas M Arotz 1 kg. - Consigel","isPartOf":{"@id":"https:\/\/www.consigel.com\/ca\/#website"},"primaryImageOfPage":{"@id":"https:\/\/www.consigel.com\/ca\/producte\/mezcla-de-setas-m-arotz-1-kg\/#primaryimage"},"image":{"@id":"https:\/\/www.consigel.com\/ca\/producte\/mezcla-de-setas-m-arotz-1-kg\/#primaryimage"},"thumbnailUrl":"https:\/\/www.consigel.com\/wp-content\/uploads\/2020\/11\/2131-thickbox_default-Mezcla-de-setas-M-Arotz-1-kg.jpg","datePublished":"2020-11-10T11:24:42+00:00","dateModified":"2020-11-10T11:24:42+00:00","breadcrumb":{"@id":"https:\/\/www.consigel.com\/ca\/producte\/mezcla-de-setas-m-arotz-1-kg\/#breadcrumb"},"inLanguage":"ca","potentialAction":[{"@type":"ReadAction","target":["https:\/\/www.consigel.com\/ca\/producte\/mezcla-de-setas-m-arotz-1-kg\/"]}]},{"@type":"ImageObject","inLanguage":"ca","@id":"https:\/\/www.consigel.com\/ca\/producte\/mezcla-de-setas-m-arotz-1-kg\/#primaryimage","url":"https:\/\/www.consigel.com\/wp-content\/uploads\/2020\/11\/2131-thickbox_default-Mezcla-de-setas-M-Arotz-1-kg.jpg","contentUrl":"https:\/\/www.consigel.com\/wp-content\/uploads\/2020\/11\/2131-thickbox_default-Mezcla-de-setas-M-Arotz-1-kg.jpg","width":1200,"height":1200,"caption":"Mezcla de setas M Arotz 1 kg."},{"@type":"BreadcrumbList","@id":"https:\/\/www.consigel.com\/ca\/producte\/mezcla-de-setas-m-arotz-1-kg\/#breadcrumb","itemListElement":[{"@type":"ListItem","position":1,"name":"Portada","item":"https:\/\/www.consigel.com\/ca\/"},{"@type":"ListItem","position":2,"name":"Shop","item":"https:\/\/www.consigel.com\/ca\/shop\/"},{"@type":"ListItem","position":3,"name":"Mezcla de setas M Arotz 1 kg."}]},{"@type":"WebSite","@id":"https:\/\/www.consigel.com\/ca\/#website","url":"https:\/\/www.consigel.com\/ca\/","name":"Consigel","description":"","potentialAction":[{"@type":"SearchAction","target":{"@type":"EntryPoint","urlTemplate":"https:\/\/www.consigel.com\/ca\/?s={search_term_string}"},"query-input":"required name=search_term_string"}],"inLanguage":"ca"}]}},"_links":{"self":[{"href":"https:\/\/www.consigel.com\/ca\/wp-json\/wp\/v2\/product\/1917","targetHints":{"allow":["GET"]}}],"collection":[{"href":"https:\/\/www.consigel.com\/ca\/wp-json\/wp\/v2\/product"}],"about":[{"href":"https:\/\/www.consigel.com\/ca\/wp-json\/wp\/v2\/types\/product"}],"replies":[{"embeddable":true,"href":"https:\/\/www.consigel.com\/ca\/wp-json\/wp\/v2\/comments?post=1917"}],"wp:featuredmedia":[{"embeddable":true,"href":"https:\/\/www.consigel.com\/ca\/wp-json\/wp\/v2\/media\/1916"}],"wp:attachment":[{"href":"https:\/\/www.consigel.com\/ca\/wp-json\/wp\/v2\/media?parent=1917"}],"wp:term":[{"taxonomy":"product_cat","embeddable":true,"href":"https:\/\/www.consigel.com\/ca\/wp-json\/wp\/v2\/product_cat?post=1917"},{"taxonomy":"product_tag","embeddable":true,"href":"https:\/\/www.consigel.com\/ca\/wp-json\/wp\/v2\/product_tag?post=1917"}],"curies":[{"name":"wp","href":"https:\/\/api.w.org\/{rel}","templated":true}]}}