{"id":1911,"date":"2020-11-09T17:04:10","date_gmt":"2020-11-09T17:04:10","guid":{"rendered":"http:\/\/www.consigel.com\/product\/tomate-golden-baby-ginos-1-kg\/"},"modified":"2020-11-09T17:04:10","modified_gmt":"2020-11-09T17:04:10","slug":"tomate-golden-baby-ginos-1-kg","status":"publish","type":"product","link":"https:\/\/www.consigel.com\/ca\/producte\/tomate-golden-baby-ginos-1-kg\/","title":{"rendered":"Tomate golden baby Ginos 1 kg."},"content":{"rendered":"<p>Tomates italianos originales, inimitables, \u00fanicos y sorprendentes. Son una cuidadosa selecci\u00f3n de semillas nacionales de primer nivel. El color amarillo, la pulpa deliciosa, el bajo contenido de semillas, la cuidadosa calibraci\u00f3n, combinado con la albahaca fresca, dan como resultado un producto de alta calidad y un placer para el paladar, haciendo que el producto sea incomparable.<\/p>\n<p>Producto muy vers\u00e1til en la cocina: ideal para acompa\u00f1ar primer y segundo plato a base de pescado, pero muy interesante tambi\u00e9n para enriquecer las pizzas y la imaginaci\u00f3n y sugerencias del chef.<\/p>\n<p>Ingredientes<\/p>\n<p>Aceite de girasol, Albahaca, Az\u00facar, Tomates amarillos, frescos, pelados y parcialmente secos<\/p>\n<p>Formato<\/p>\n<p>unidades por lata , 50\/60<\/p>\n<p>Caja de 6 unidades<\/p>\n<p><img loading=\"lazy\" decoding=\"async\" class=\" size-full wp-image-650\" style=\"width: 116px; height: 115px;\" src=\"http:\/\/www.consigel.com\/wp-content\/uploads\/2013\/10\/asin-gluten.jpg\" alt=\"\" width=\"226\" height=\"223\" srcset=\"https:\/\/www.consigel.com\/wp-content\/uploads\/2013\/10\/asin-gluten.jpg 226w, https:\/\/www.consigel.com\/wp-content\/uploads\/2013\/10\/asin-gluten-100x100.jpg 100w\" sizes=\"auto, (max-width: 226px) 100vw, 226px\" \/><img loading=\"lazy\" decoding=\"async\" class=\" size-full wp-image-1168\" style=\"width: 126px; height: 111px;\" src=\"http:\/\/www.consigel.com\/wp-content\/uploads\/2013\/10\/vegan-logo-round-eco-green-logo-vegan-vector-18200485.jpg\" alt=\"\" width=\"28\" height=\"30\" \/><\/p>\n","protected":false},"excerpt":{"rendered":"<p>Tomates italianos originales, inimitables, \u00fanicos y sorprendentes. Son una cuidadosa selecci\u00f3n de semillas nacionales de primer nivel. El color amarillo, la pulpa deliciosa, el bajo contenido de semillas, la cuidadosa calibraci\u00f3n, combinado con la albahaca fresca, dan como resultado un producto de alta calidad y un placer para el paladar, haciendo que el producto sea [&#8230;]\n","protected":false},"featured_media":1910,"comment_status":"open","ping_status":"closed","template":"","meta":[],"product_cat":[34,18,48,54],"product_tag":[],"class_list":{"0":"post-1911","1":"product","2":"type-product","3":"status-publish","4":"has-post-thumbnail","6":"product_cat-aperitius","7":"product_cat-gastronomia","8":"product_cat-guarnicions","9":"product_cat-productes-vegans","11":"first","12":"outofstock","13":"shipping-taxable","14":"product-type-simple"},"yoast_head":"<!-- This site is optimized with the Yoast SEO plugin v23.3 - https:\/\/yoast.com\/wordpress\/plugins\/seo\/ -->\n<title>Tomate golden baby Ginos 1 kg. - Consigel<\/title>\n<meta name=\"robots\" content=\"index, follow, max-snippet:-1, max-image-preview:large, max-video-preview:-1\" \/>\n<link rel=\"canonical\" href=\"https:\/\/www.consigel.com\/ca\/producte\/tomate-golden-baby-ginos-1-kg\/\" \/>\n<meta property=\"og:locale\" content=\"ca_ES\" \/>\n<meta property=\"og:type\" content=\"article\" \/>\n<meta property=\"og:title\" content=\"Tomate golden baby Ginos 1 kg. - Consigel\" \/>\n<meta property=\"og:description\" content=\"Tomates italianos originales, inimitables, \u00fanicos y sorprendentes. Son una cuidadosa selecci\u00f3n de semillas nacionales de primer nivel. El color amarillo, la pulpa deliciosa, el bajo contenido de semillas, la cuidadosa calibraci\u00f3n, combinado con la albahaca fresca, dan como resultado un producto de alta calidad y un placer para el paladar, haciendo que el producto sea [...]\" \/>\n<meta property=\"og:url\" content=\"https:\/\/www.consigel.com\/ca\/producte\/tomate-golden-baby-ginos-1-kg\/\" \/>\n<meta property=\"og:site_name\" content=\"Consigel\" \/>\n<meta property=\"og:image\" content=\"https:\/\/www.consigel.com\/wp-content\/uploads\/2020\/11\/2120-thickbox_default-Tomate-golden-baby-Ginos-1-kg.jpg\" \/>\n\t<meta property=\"og:image:width\" content=\"1200\" \/>\n\t<meta property=\"og:image:height\" content=\"1200\" \/>\n\t<meta property=\"og:image:type\" content=\"image\/jpeg\" \/>\n<meta name=\"twitter:card\" content=\"summary_large_image\" \/>\n<meta name=\"twitter:label1\" content=\"Temps estimat de lectura\" \/>\n\t<meta name=\"twitter:data1\" content=\"1 minut\" \/>\n<script type=\"application\/ld+json\" class=\"yoast-schema-graph\">{\"@context\":\"https:\/\/schema.org\",\"@graph\":[{\"@type\":\"WebPage\",\"@id\":\"https:\/\/www.consigel.com\/ca\/producte\/tomate-golden-baby-ginos-1-kg\/\",\"url\":\"https:\/\/www.consigel.com\/ca\/producte\/tomate-golden-baby-ginos-1-kg\/\",\"name\":\"Tomate golden baby Ginos 1 kg. - Consigel\",\"isPartOf\":{\"@id\":\"https:\/\/www.consigel.com\/ca\/#website\"},\"primaryImageOfPage\":{\"@id\":\"https:\/\/www.consigel.com\/ca\/producte\/tomate-golden-baby-ginos-1-kg\/#primaryimage\"},\"image\":{\"@id\":\"https:\/\/www.consigel.com\/ca\/producte\/tomate-golden-baby-ginos-1-kg\/#primaryimage\"},\"thumbnailUrl\":\"https:\/\/www.consigel.com\/wp-content\/uploads\/2020\/11\/2120-thickbox_default-Tomate-golden-baby-Ginos-1-kg.jpg\",\"datePublished\":\"2020-11-09T17:04:10+00:00\",\"dateModified\":\"2020-11-09T17:04:10+00:00\",\"breadcrumb\":{\"@id\":\"https:\/\/www.consigel.com\/ca\/producte\/tomate-golden-baby-ginos-1-kg\/#breadcrumb\"},\"inLanguage\":\"ca\",\"potentialAction\":[{\"@type\":\"ReadAction\",\"target\":[\"https:\/\/www.consigel.com\/ca\/producte\/tomate-golden-baby-ginos-1-kg\/\"]}]},{\"@type\":\"ImageObject\",\"inLanguage\":\"ca\",\"@id\":\"https:\/\/www.consigel.com\/ca\/producte\/tomate-golden-baby-ginos-1-kg\/#primaryimage\",\"url\":\"https:\/\/www.consigel.com\/wp-content\/uploads\/2020\/11\/2120-thickbox_default-Tomate-golden-baby-Ginos-1-kg.jpg\",\"contentUrl\":\"https:\/\/www.consigel.com\/wp-content\/uploads\/2020\/11\/2120-thickbox_default-Tomate-golden-baby-Ginos-1-kg.jpg\",\"width\":1200,\"height\":1200,\"caption\":\"Tomate golden baby Ginos 1 kg.\"},{\"@type\":\"BreadcrumbList\",\"@id\":\"https:\/\/www.consigel.com\/ca\/producte\/tomate-golden-baby-ginos-1-kg\/#breadcrumb\",\"itemListElement\":[{\"@type\":\"ListItem\",\"position\":1,\"name\":\"Portada\",\"item\":\"https:\/\/www.consigel.com\/ca\/\"},{\"@type\":\"ListItem\",\"position\":2,\"name\":\"Shop\",\"item\":\"https:\/\/www.consigel.com\/ca\/shop\/\"},{\"@type\":\"ListItem\",\"position\":3,\"name\":\"Tomate golden baby Ginos 1 kg.\"}]},{\"@type\":\"WebSite\",\"@id\":\"https:\/\/www.consigel.com\/ca\/#website\",\"url\":\"https:\/\/www.consigel.com\/ca\/\",\"name\":\"Consigel\",\"description\":\"\",\"potentialAction\":[{\"@type\":\"SearchAction\",\"target\":{\"@type\":\"EntryPoint\",\"urlTemplate\":\"https:\/\/www.consigel.com\/ca\/?s={search_term_string}\"},\"query-input\":\"required name=search_term_string\"}],\"inLanguage\":\"ca\"}]}<\/script>\n<!-- \/ Yoast SEO plugin. -->","yoast_head_json":{"title":"Tomate golden baby Ginos 1 kg. - Consigel","robots":{"index":"index","follow":"follow","max-snippet":"max-snippet:-1","max-image-preview":"max-image-preview:large","max-video-preview":"max-video-preview:-1"},"canonical":"https:\/\/www.consigel.com\/ca\/producte\/tomate-golden-baby-ginos-1-kg\/","og_locale":"ca_ES","og_type":"article","og_title":"Tomate golden baby Ginos 1 kg. - Consigel","og_description":"Tomates italianos originales, inimitables, \u00fanicos y sorprendentes. Son una cuidadosa selecci\u00f3n de semillas nacionales de primer nivel. El color amarillo, la pulpa deliciosa, el bajo contenido de semillas, la cuidadosa calibraci\u00f3n, combinado con la albahaca fresca, dan como resultado un producto de alta calidad y un placer para el paladar, haciendo que el producto sea [...]","og_url":"https:\/\/www.consigel.com\/ca\/producte\/tomate-golden-baby-ginos-1-kg\/","og_site_name":"Consigel","og_image":[{"width":1200,"height":1200,"url":"https:\/\/www.consigel.com\/wp-content\/uploads\/2020\/11\/2120-thickbox_default-Tomate-golden-baby-Ginos-1-kg.jpg","type":"image\/jpeg"}],"twitter_card":"summary_large_image","twitter_misc":{"Temps estimat de lectura":"1 minut"},"schema":{"@context":"https:\/\/schema.org","@graph":[{"@type":"WebPage","@id":"https:\/\/www.consigel.com\/ca\/producte\/tomate-golden-baby-ginos-1-kg\/","url":"https:\/\/www.consigel.com\/ca\/producte\/tomate-golden-baby-ginos-1-kg\/","name":"Tomate golden baby Ginos 1 kg. - Consigel","isPartOf":{"@id":"https:\/\/www.consigel.com\/ca\/#website"},"primaryImageOfPage":{"@id":"https:\/\/www.consigel.com\/ca\/producte\/tomate-golden-baby-ginos-1-kg\/#primaryimage"},"image":{"@id":"https:\/\/www.consigel.com\/ca\/producte\/tomate-golden-baby-ginos-1-kg\/#primaryimage"},"thumbnailUrl":"https:\/\/www.consigel.com\/wp-content\/uploads\/2020\/11\/2120-thickbox_default-Tomate-golden-baby-Ginos-1-kg.jpg","datePublished":"2020-11-09T17:04:10+00:00","dateModified":"2020-11-09T17:04:10+00:00","breadcrumb":{"@id":"https:\/\/www.consigel.com\/ca\/producte\/tomate-golden-baby-ginos-1-kg\/#breadcrumb"},"inLanguage":"ca","potentialAction":[{"@type":"ReadAction","target":["https:\/\/www.consigel.com\/ca\/producte\/tomate-golden-baby-ginos-1-kg\/"]}]},{"@type":"ImageObject","inLanguage":"ca","@id":"https:\/\/www.consigel.com\/ca\/producte\/tomate-golden-baby-ginos-1-kg\/#primaryimage","url":"https:\/\/www.consigel.com\/wp-content\/uploads\/2020\/11\/2120-thickbox_default-Tomate-golden-baby-Ginos-1-kg.jpg","contentUrl":"https:\/\/www.consigel.com\/wp-content\/uploads\/2020\/11\/2120-thickbox_default-Tomate-golden-baby-Ginos-1-kg.jpg","width":1200,"height":1200,"caption":"Tomate golden baby Ginos 1 kg."},{"@type":"BreadcrumbList","@id":"https:\/\/www.consigel.com\/ca\/producte\/tomate-golden-baby-ginos-1-kg\/#breadcrumb","itemListElement":[{"@type":"ListItem","position":1,"name":"Portada","item":"https:\/\/www.consigel.com\/ca\/"},{"@type":"ListItem","position":2,"name":"Shop","item":"https:\/\/www.consigel.com\/ca\/shop\/"},{"@type":"ListItem","position":3,"name":"Tomate golden baby Ginos 1 kg."}]},{"@type":"WebSite","@id":"https:\/\/www.consigel.com\/ca\/#website","url":"https:\/\/www.consigel.com\/ca\/","name":"Consigel","description":"","potentialAction":[{"@type":"SearchAction","target":{"@type":"EntryPoint","urlTemplate":"https:\/\/www.consigel.com\/ca\/?s={search_term_string}"},"query-input":"required name=search_term_string"}],"inLanguage":"ca"}]}},"_links":{"self":[{"href":"https:\/\/www.consigel.com\/ca\/wp-json\/wp\/v2\/product\/1911","targetHints":{"allow":["GET"]}}],"collection":[{"href":"https:\/\/www.consigel.com\/ca\/wp-json\/wp\/v2\/product"}],"about":[{"href":"https:\/\/www.consigel.com\/ca\/wp-json\/wp\/v2\/types\/product"}],"replies":[{"embeddable":true,"href":"https:\/\/www.consigel.com\/ca\/wp-json\/wp\/v2\/comments?post=1911"}],"wp:featuredmedia":[{"embeddable":true,"href":"https:\/\/www.consigel.com\/ca\/wp-json\/wp\/v2\/media\/1910"}],"wp:attachment":[{"href":"https:\/\/www.consigel.com\/ca\/wp-json\/wp\/v2\/media?parent=1911"}],"wp:term":[{"taxonomy":"product_cat","embeddable":true,"href":"https:\/\/www.consigel.com\/ca\/wp-json\/wp\/v2\/product_cat?post=1911"},{"taxonomy":"product_tag","embeddable":true,"href":"https:\/\/www.consigel.com\/ca\/wp-json\/wp\/v2\/product_tag?post=1911"}],"curies":[{"name":"wp","href":"https:\/\/api.w.org\/{rel}","templated":true}]}}