{"id":1844,"date":"2020-11-06T11:24:14","date_gmt":"2020-11-06T11:24:14","guid":{"rendered":"http:\/\/www.consigel.com\/product\/placa-de-paletilla-de-cordero-confitada-170-gr\/"},"modified":"2024-10-30T09:04:23","modified_gmt":"2024-10-30T09:04:23","slug":"placa-de-paletilla-de-cordero-confitada-170-gr","status":"publish","type":"product","link":"https:\/\/www.consigel.com\/ca\/producte\/placa-de-paletilla-de-cordero-confitada-170-gr\/","title":{"rendered":"Placa d&#8217;espatlla de xai confitada 170 gr."},"content":{"rendered":"<p><strong>Carn de paletilla de xai nacional confitada a baixa temperatura i premsada<\/strong><br \/>\nDe sabor suau i caracter\u00edstic. Disponible en racions individuals de 170 g amb la Ref. 2256, i tamb\u00e9 en format placa d\u20191 kg amb la Ref. 22569.<\/p>\n<p><strong>FORN DE CONVECCI\u00d3:<\/strong> Untar amb oli i col\u00b7locar en una safata de tefl\u00f3.<\/p>\n<ul>\n<li>Si el producte est\u00e0 congelat: 8 minuts al forn amb el 60% d&#8217;humitat, en mode mixt a 240 \u00baC.<\/li>\n<li>Si est\u00e0 descongelat: 6-7 minuts a 220 \u00baC nom\u00e9s amb convecci\u00f3, sense humitat.<\/li>\n<\/ul>\n<p><strong>PLANXA O PAELLA ANTIADHERENT:<\/strong> Descongelar pr\u00e8viament, untar amb oli i daurar per ambd\u00f3s costats a foc mitj\u00e0.<\/p>\n<p><strong>Format<\/strong><br \/>\nCaixa de 24 unitats<br \/>\nCaixa de 3 unitats d\u20191 kg.<\/p>\n<p><img loading=\"lazy\" decoding=\"async\" class=\" size-full wp-image-1841\" style=\"width: 107px; height: 84px;\" src=\"http:\/\/www.consigel.com\/wp-content\/uploads\/2020\/11\/recental.jpg\" alt=\"\" width=\"168\" height=\"174\" \/><img loading=\"lazy\" decoding=\"async\" class=\" size-full wp-image-650\" style=\"width: 98px; height: 83px;\" src=\"http:\/\/www.consigel.com\/wp-content\/uploads\/2013\/10\/asin-gluten.jpg\" alt=\"\" width=\"226\" height=\"223\" srcset=\"https:\/\/www.consigel.com\/wp-content\/uploads\/2013\/10\/asin-gluten.jpg 226w, https:\/\/www.consigel.com\/wp-content\/uploads\/2013\/10\/asin-gluten-100x100.jpg 100w\" sizes=\"auto, (max-width: 226px) 100vw, 226px\" \/><\/p>\n","protected":false},"excerpt":{"rendered":"<p>Carn de paletilla de xai nacional confitada a baixa temperatura i premsada De sabor suau i caracter\u00edstic. Disponible en racions individuals de 170 g amb la Ref. 2256, i tamb\u00e9 en format placa d\u20191 kg amb la Ref. 22569. FORN DE CONVECCI\u00d3: Untar amb oli i col\u00b7locar en una safata de tefl\u00f3. Si el producte [&#8230;]\n","protected":false},"featured_media":5130,"comment_status":"open","ping_status":"closed","template":"","meta":[],"product_cat":[306,18,54,64],"product_tag":[],"class_list":{"0":"post-1844","1":"product","2":"type-product","3":"status-publish","4":"has-post-thumbnail","6":"product_cat-carn-ca","7":"product_cat-gastronomia","8":"product_cat-productes-vegans","9":"product_cat-segons","11":"first","12":"outofstock","13":"shipping-taxable","14":"product-type-simple"},"yoast_head":"<!-- This site is optimized with the Yoast SEO plugin v23.3 - https:\/\/yoast.com\/wordpress\/plugins\/seo\/ -->\n<title>Placa d&#039;espatlla de xai confitada 170 gr. - Consigel<\/title>\n<meta name=\"robots\" content=\"index, follow, max-snippet:-1, max-image-preview:large, max-video-preview:-1\" \/>\n<link rel=\"canonical\" href=\"https:\/\/www.consigel.com\/ca\/producte\/placa-de-paletilla-de-cordero-confitada-170-gr\/\" \/>\n<meta property=\"og:locale\" content=\"ca_ES\" \/>\n<meta property=\"og:type\" content=\"article\" \/>\n<meta property=\"og:title\" content=\"Placa d&#039;espatlla de xai confitada 170 gr. - Consigel\" \/>\n<meta property=\"og:description\" content=\"Carn de paletilla de xai nacional confitada a baixa temperatura i premsada De sabor suau i caracter\u00edstic. Disponible en racions individuals de 170 g amb la Ref. 2256, i tamb\u00e9 en format placa d\u20191 kg amb la Ref. 22569. FORN DE CONVECCI\u00d3: Untar amb oli i col\u00b7locar en una safata de tefl\u00f3. Si el producte [...]\" \/>\n<meta property=\"og:url\" content=\"https:\/\/www.consigel.com\/ca\/producte\/placa-de-paletilla-de-cordero-confitada-170-gr\/\" \/>\n<meta property=\"og:site_name\" content=\"Consigel\" \/>\n<meta property=\"article:modified_time\" content=\"2024-10-30T09:04:23+00:00\" \/>\n<meta property=\"og:image\" content=\"https:\/\/www.consigel.com\/wp-content\/uploads\/2020\/11\/2256-Paletilla-de-cordero-removebg-preview.png\" \/>\n\t<meta property=\"og:image:width\" content=\"610\" \/>\n\t<meta property=\"og:image:height\" content=\"409\" \/>\n\t<meta property=\"og:image:type\" content=\"image\/png\" \/>\n<meta name=\"twitter:card\" content=\"summary_large_image\" \/>\n<meta name=\"twitter:label1\" content=\"Temps estimat de lectura\" \/>\n\t<meta name=\"twitter:data1\" content=\"2 minuts\" \/>\n<script type=\"application\/ld+json\" class=\"yoast-schema-graph\">{\"@context\":\"https:\/\/schema.org\",\"@graph\":[{\"@type\":\"WebPage\",\"@id\":\"https:\/\/www.consigel.com\/ca\/producte\/placa-de-paletilla-de-cordero-confitada-170-gr\/\",\"url\":\"https:\/\/www.consigel.com\/ca\/producte\/placa-de-paletilla-de-cordero-confitada-170-gr\/\",\"name\":\"Placa d'espatlla de xai confitada 170 gr. - Consigel\",\"isPartOf\":{\"@id\":\"https:\/\/www.consigel.com\/ca\/#website\"},\"primaryImageOfPage\":{\"@id\":\"https:\/\/www.consigel.com\/ca\/producte\/placa-de-paletilla-de-cordero-confitada-170-gr\/#primaryimage\"},\"image\":{\"@id\":\"https:\/\/www.consigel.com\/ca\/producte\/placa-de-paletilla-de-cordero-confitada-170-gr\/#primaryimage\"},\"thumbnailUrl\":\"https:\/\/www.consigel.com\/wp-content\/uploads\/2020\/11\/2256-Paletilla-de-cordero-removebg-preview.png\",\"datePublished\":\"2020-11-06T11:24:14+00:00\",\"dateModified\":\"2024-10-30T09:04:23+00:00\",\"breadcrumb\":{\"@id\":\"https:\/\/www.consigel.com\/ca\/producte\/placa-de-paletilla-de-cordero-confitada-170-gr\/#breadcrumb\"},\"inLanguage\":\"ca\",\"potentialAction\":[{\"@type\":\"ReadAction\",\"target\":[\"https:\/\/www.consigel.com\/ca\/producte\/placa-de-paletilla-de-cordero-confitada-170-gr\/\"]}]},{\"@type\":\"ImageObject\",\"inLanguage\":\"ca\",\"@id\":\"https:\/\/www.consigel.com\/ca\/producte\/placa-de-paletilla-de-cordero-confitada-170-gr\/#primaryimage\",\"url\":\"https:\/\/www.consigel.com\/wp-content\/uploads\/2020\/11\/2256-Paletilla-de-cordero-removebg-preview.png\",\"contentUrl\":\"https:\/\/www.consigel.com\/wp-content\/uploads\/2020\/11\/2256-Paletilla-de-cordero-removebg-preview.png\",\"width\":610,\"height\":409},{\"@type\":\"BreadcrumbList\",\"@id\":\"https:\/\/www.consigel.com\/ca\/producte\/placa-de-paletilla-de-cordero-confitada-170-gr\/#breadcrumb\",\"itemListElement\":[{\"@type\":\"ListItem\",\"position\":1,\"name\":\"Portada\",\"item\":\"https:\/\/www.consigel.com\/ca\/\"},{\"@type\":\"ListItem\",\"position\":2,\"name\":\"Shop\",\"item\":\"https:\/\/www.consigel.com\/ca\/shop\/\"},{\"@type\":\"ListItem\",\"position\":3,\"name\":\"Placa d&#8217;espatlla de xai confitada 170 gr.\"}]},{\"@type\":\"WebSite\",\"@id\":\"https:\/\/www.consigel.com\/ca\/#website\",\"url\":\"https:\/\/www.consigel.com\/ca\/\",\"name\":\"Consigel\",\"description\":\"\",\"potentialAction\":[{\"@type\":\"SearchAction\",\"target\":{\"@type\":\"EntryPoint\",\"urlTemplate\":\"https:\/\/www.consigel.com\/ca\/?s={search_term_string}\"},\"query-input\":\"required name=search_term_string\"}],\"inLanguage\":\"ca\"}]}<\/script>\n<!-- \/ Yoast SEO plugin. -->","yoast_head_json":{"title":"Placa d'espatlla de xai confitada 170 gr. - Consigel","robots":{"index":"index","follow":"follow","max-snippet":"max-snippet:-1","max-image-preview":"max-image-preview:large","max-video-preview":"max-video-preview:-1"},"canonical":"https:\/\/www.consigel.com\/ca\/producte\/placa-de-paletilla-de-cordero-confitada-170-gr\/","og_locale":"ca_ES","og_type":"article","og_title":"Placa d'espatlla de xai confitada 170 gr. - Consigel","og_description":"Carn de paletilla de xai nacional confitada a baixa temperatura i premsada De sabor suau i caracter\u00edstic. Disponible en racions individuals de 170 g amb la Ref. 2256, i tamb\u00e9 en format placa d\u20191 kg amb la Ref. 22569. FORN DE CONVECCI\u00d3: Untar amb oli i col\u00b7locar en una safata de tefl\u00f3. Si el producte [...]","og_url":"https:\/\/www.consigel.com\/ca\/producte\/placa-de-paletilla-de-cordero-confitada-170-gr\/","og_site_name":"Consigel","article_modified_time":"2024-10-30T09:04:23+00:00","og_image":[{"width":610,"height":409,"url":"https:\/\/www.consigel.com\/wp-content\/uploads\/2020\/11\/2256-Paletilla-de-cordero-removebg-preview.png","type":"image\/png"}],"twitter_card":"summary_large_image","twitter_misc":{"Temps estimat de lectura":"2 minuts"},"schema":{"@context":"https:\/\/schema.org","@graph":[{"@type":"WebPage","@id":"https:\/\/www.consigel.com\/ca\/producte\/placa-de-paletilla-de-cordero-confitada-170-gr\/","url":"https:\/\/www.consigel.com\/ca\/producte\/placa-de-paletilla-de-cordero-confitada-170-gr\/","name":"Placa d'espatlla de xai confitada 170 gr. - Consigel","isPartOf":{"@id":"https:\/\/www.consigel.com\/ca\/#website"},"primaryImageOfPage":{"@id":"https:\/\/www.consigel.com\/ca\/producte\/placa-de-paletilla-de-cordero-confitada-170-gr\/#primaryimage"},"image":{"@id":"https:\/\/www.consigel.com\/ca\/producte\/placa-de-paletilla-de-cordero-confitada-170-gr\/#primaryimage"},"thumbnailUrl":"https:\/\/www.consigel.com\/wp-content\/uploads\/2020\/11\/2256-Paletilla-de-cordero-removebg-preview.png","datePublished":"2020-11-06T11:24:14+00:00","dateModified":"2024-10-30T09:04:23+00:00","breadcrumb":{"@id":"https:\/\/www.consigel.com\/ca\/producte\/placa-de-paletilla-de-cordero-confitada-170-gr\/#breadcrumb"},"inLanguage":"ca","potentialAction":[{"@type":"ReadAction","target":["https:\/\/www.consigel.com\/ca\/producte\/placa-de-paletilla-de-cordero-confitada-170-gr\/"]}]},{"@type":"ImageObject","inLanguage":"ca","@id":"https:\/\/www.consigel.com\/ca\/producte\/placa-de-paletilla-de-cordero-confitada-170-gr\/#primaryimage","url":"https:\/\/www.consigel.com\/wp-content\/uploads\/2020\/11\/2256-Paletilla-de-cordero-removebg-preview.png","contentUrl":"https:\/\/www.consigel.com\/wp-content\/uploads\/2020\/11\/2256-Paletilla-de-cordero-removebg-preview.png","width":610,"height":409},{"@type":"BreadcrumbList","@id":"https:\/\/www.consigel.com\/ca\/producte\/placa-de-paletilla-de-cordero-confitada-170-gr\/#breadcrumb","itemListElement":[{"@type":"ListItem","position":1,"name":"Portada","item":"https:\/\/www.consigel.com\/ca\/"},{"@type":"ListItem","position":2,"name":"Shop","item":"https:\/\/www.consigel.com\/ca\/shop\/"},{"@type":"ListItem","position":3,"name":"Placa d&#8217;espatlla de xai confitada 170 gr."}]},{"@type":"WebSite","@id":"https:\/\/www.consigel.com\/ca\/#website","url":"https:\/\/www.consigel.com\/ca\/","name":"Consigel","description":"","potentialAction":[{"@type":"SearchAction","target":{"@type":"EntryPoint","urlTemplate":"https:\/\/www.consigel.com\/ca\/?s={search_term_string}"},"query-input":"required name=search_term_string"}],"inLanguage":"ca"}]}},"_links":{"self":[{"href":"https:\/\/www.consigel.com\/ca\/wp-json\/wp\/v2\/product\/1844","targetHints":{"allow":["GET"]}}],"collection":[{"href":"https:\/\/www.consigel.com\/ca\/wp-json\/wp\/v2\/product"}],"about":[{"href":"https:\/\/www.consigel.com\/ca\/wp-json\/wp\/v2\/types\/product"}],"replies":[{"embeddable":true,"href":"https:\/\/www.consigel.com\/ca\/wp-json\/wp\/v2\/comments?post=1844"}],"wp:featuredmedia":[{"embeddable":true,"href":"https:\/\/www.consigel.com\/ca\/wp-json\/wp\/v2\/media\/5130"}],"wp:attachment":[{"href":"https:\/\/www.consigel.com\/ca\/wp-json\/wp\/v2\/media?parent=1844"}],"wp:term":[{"taxonomy":"product_cat","embeddable":true,"href":"https:\/\/www.consigel.com\/ca\/wp-json\/wp\/v2\/product_cat?post=1844"},{"taxonomy":"product_tag","embeddable":true,"href":"https:\/\/www.consigel.com\/ca\/wp-json\/wp\/v2\/product_tag?post=1844"}],"curies":[{"name":"wp","href":"https:\/\/api.w.org\/{rel}","templated":true}]}}