{"id":1842,"date":"2020-11-06T11:18:00","date_gmt":"2020-11-06T11:18:00","guid":{"rendered":"http:\/\/www.consigel.com\/product\/placa-de-cordero-confitada-185-gr\/"},"modified":"2024-10-17T15:14:11","modified_gmt":"2024-10-17T15:14:11","slug":"placa-de-cordero-confitada-185-gr","status":"publish","type":"product","link":"https:\/\/www.consigel.com\/ca\/producte\/placa-de-cordero-confitada-185-gr\/","title":{"rendered":"Placa de xai confitada"},"content":{"rendered":"<div class=\"flex max-w-full flex-col flex-grow\">\n<div class=\"min-h-8 text-message flex w-full flex-col items-end gap-2 whitespace-normal break-words [.text-message+&amp;]:mt-5\" dir=\"auto\" data-message-author-role=\"assistant\" data-message-id=\"091270cb-6502-423d-b8a9-254f5c97485b\" data-message-model-slug=\"gpt-4o\">\n<div class=\"flex w-full flex-col gap-1 empty:hidden first:pt-[3px]\">\n<div class=\"markdown prose w-full break-words dark:prose-invert light\">\n<p><strong>Terrina tradicional de xai desossat i premsat.<\/strong> Molt f\u00e0cil de fer a la planxa. Ideal com a segon plat, o b\u00e9, si el fraccionem, com a tapa o mitja raci\u00f3. Permet emplatats atractius i moderns. Disposem de racions individuals cod. 2258 de 185 g. Tamb\u00e9 es serveix en format gran d&#8217;1,6 kg.<\/p>\n<p><strong>FORN DE CONVECCI\u00d3:<\/strong><\/p>\n<ul>\n<li>Si est\u00e0 congelat: Untar la cara de la pell amb oli i col\u00b7locar amb la pell cap avall en una safata de tefl\u00f3. Cuinar durant 8 minuts al forn al 60% d&#8217;humitat, en mode mixt a 240\u00baC.<\/li>\n<li>Si est\u00e0 descongelat: Cuinar durant 6-7 minuts a 220\u00baC nom\u00e9s amb convecci\u00f3, sense humitat.<\/li>\n<\/ul>\n<p><strong>PLANXA O PAELLA ANTIADHERENT:<\/strong><\/p>\n<ul>\n<li>Descongelar pr\u00e8viament, untar amb oli i daurar pels dos costats (primer pel costat de la pell) a foc mitj\u00e0.<\/li>\n<\/ul>\n<p><strong>Formats<\/strong><\/p>\n<ul>\n<li>Caixa de 24 unitats.<\/li>\n<li>Caixa de 2 unitats d&#8217;1,6 kg aprox.<\/li>\n<\/ul>\n<\/div>\n<\/div>\n<\/div>\n<\/div>\n<div class=\"mb-2 flex gap-3 empty:hidden -ml-2\">\n<div class=\"items-center justify-start rounded-xl p-1 flex\">\n<div class=\"flex items-center\">\n<p>&nbsp;<\/p>\n<div class=\"flex\"><\/div>\n<div class=\"flex items-center pb-0\"><span class=\"overflow-hidden text-clip whitespace-nowrap text-sm\">4o<\/span><\/div>\n<\/div>\n<\/div>\n<\/div>\n<p><img loading=\"lazy\" decoding=\"async\" class=\" size-full wp-image-1841\" style=\"width: 96px; height: 82px;\" src=\"http:\/\/www.consigel.com\/wp-content\/uploads\/2020\/11\/recental.jpg\" alt=\"\" width=\"28\" height=\"30\" \/><img loading=\"lazy\" decoding=\"async\" class=\" size-full wp-image-650\" style=\"width: 96px; height: 82px;\" src=\"http:\/\/www.consigel.com\/wp-content\/uploads\/2013\/10\/asin-gluten.jpg\" alt=\"\" width=\"226\" height=\"223\" srcset=\"https:\/\/www.consigel.com\/wp-content\/uploads\/2013\/10\/asin-gluten.jpg 226w, https:\/\/www.consigel.com\/wp-content\/uploads\/2013\/10\/asin-gluten-100x100.jpg 100w\" sizes=\"auto, (max-width: 226px) 100vw, 226px\" \/><\/p>\n","protected":false},"excerpt":{"rendered":"<p>Terrina tradicional de xai desossat i premsat. Molt f\u00e0cil de fer a la planxa. Ideal com a segon plat, o b\u00e9, si el fraccionem, com a tapa o mitja raci\u00f3. Permet emplatats atractius i moderns. Disposem de racions individuals cod. 2258 de 185 g. Tamb\u00e9 es serveix en format gran d&#8217;1,6 kg. FORN DE CONVECCI\u00d3: [&#8230;]\n","protected":false},"featured_media":5115,"comment_status":"open","ping_status":"closed","template":"","meta":[],"product_cat":[306,311,18,64],"product_tag":[],"class_list":{"0":"post-1842","1":"product","2":"type-product","3":"status-publish","4":"has-post-thumbnail","6":"product_cat-carn-ca","7":"product_cat-productes-sense-gluten","8":"product_cat-gastronomia","9":"product_cat-segons","11":"first","12":"outofstock","13":"shipping-taxable","14":"product-type-simple"},"yoast_head":"<!-- This site is optimized with the Yoast SEO plugin v23.3 - https:\/\/yoast.com\/wordpress\/plugins\/seo\/ -->\n<title>Placa de xai confitada - Consigel<\/title>\n<meta name=\"robots\" content=\"index, follow, max-snippet:-1, max-image-preview:large, max-video-preview:-1\" \/>\n<link rel=\"canonical\" href=\"https:\/\/www.consigel.com\/ca\/producte\/placa-de-cordero-confitada-185-gr\/\" \/>\n<meta property=\"og:locale\" content=\"ca_ES\" \/>\n<meta property=\"og:type\" content=\"article\" \/>\n<meta property=\"og:title\" content=\"Placa de xai confitada - Consigel\" \/>\n<meta property=\"og:description\" content=\"Terrina tradicional de xai desossat i premsat. Molt f\u00e0cil de fer a la planxa. Ideal com a segon plat, o b\u00e9, si el fraccionem, com a tapa o mitja raci\u00f3. Permet emplatats atractius i moderns. Disposem de racions individuals cod. 2258 de 185 g. Tamb\u00e9 es serveix en format gran d&#8217;1,6 kg. FORN DE CONVECCI\u00d3: [...]\" \/>\n<meta property=\"og:url\" content=\"https:\/\/www.consigel.com\/ca\/producte\/placa-de-cordero-confitada-185-gr\/\" \/>\n<meta property=\"og:site_name\" content=\"Consigel\" \/>\n<meta property=\"article:modified_time\" content=\"2024-10-17T15:14:11+00:00\" \/>\n<meta property=\"og:image\" content=\"https:\/\/www.consigel.com\/wp-content\/uploads\/2020\/11\/EXQUISITARIUM_2258_PLACA-DE-XAI_01-removebg-preview.png\" \/>\n\t<meta property=\"og:image:width\" content=\"1200\" \/>\n\t<meta property=\"og:image:height\" content=\"801\" \/>\n\t<meta property=\"og:image:type\" content=\"image\/png\" \/>\n<meta name=\"twitter:card\" content=\"summary_large_image\" \/>\n<meta name=\"twitter:label1\" content=\"Temps estimat de lectura\" \/>\n\t<meta name=\"twitter:data1\" content=\"2 minuts\" \/>\n<script type=\"application\/ld+json\" class=\"yoast-schema-graph\">{\"@context\":\"https:\/\/schema.org\",\"@graph\":[{\"@type\":\"WebPage\",\"@id\":\"https:\/\/www.consigel.com\/ca\/producte\/placa-de-cordero-confitada-185-gr\/\",\"url\":\"https:\/\/www.consigel.com\/ca\/producte\/placa-de-cordero-confitada-185-gr\/\",\"name\":\"Placa de xai confitada - Consigel\",\"isPartOf\":{\"@id\":\"https:\/\/www.consigel.com\/ca\/#website\"},\"primaryImageOfPage\":{\"@id\":\"https:\/\/www.consigel.com\/ca\/producte\/placa-de-cordero-confitada-185-gr\/#primaryimage\"},\"image\":{\"@id\":\"https:\/\/www.consigel.com\/ca\/producte\/placa-de-cordero-confitada-185-gr\/#primaryimage\"},\"thumbnailUrl\":\"https:\/\/www.consigel.com\/wp-content\/uploads\/2020\/11\/EXQUISITARIUM_2258_PLACA-DE-XAI_01-removebg-preview.png\",\"datePublished\":\"2020-11-06T11:18:00+00:00\",\"dateModified\":\"2024-10-17T15:14:11+00:00\",\"breadcrumb\":{\"@id\":\"https:\/\/www.consigel.com\/ca\/producte\/placa-de-cordero-confitada-185-gr\/#breadcrumb\"},\"inLanguage\":\"ca\",\"potentialAction\":[{\"@type\":\"ReadAction\",\"target\":[\"https:\/\/www.consigel.com\/ca\/producte\/placa-de-cordero-confitada-185-gr\/\"]}]},{\"@type\":\"ImageObject\",\"inLanguage\":\"ca\",\"@id\":\"https:\/\/www.consigel.com\/ca\/producte\/placa-de-cordero-confitada-185-gr\/#primaryimage\",\"url\":\"https:\/\/www.consigel.com\/wp-content\/uploads\/2020\/11\/EXQUISITARIUM_2258_PLACA-DE-XAI_01-removebg-preview.png\",\"contentUrl\":\"https:\/\/www.consigel.com\/wp-content\/uploads\/2020\/11\/EXQUISITARIUM_2258_PLACA-DE-XAI_01-removebg-preview.png\",\"width\":1200,\"height\":801},{\"@type\":\"BreadcrumbList\",\"@id\":\"https:\/\/www.consigel.com\/ca\/producte\/placa-de-cordero-confitada-185-gr\/#breadcrumb\",\"itemListElement\":[{\"@type\":\"ListItem\",\"position\":1,\"name\":\"Portada\",\"item\":\"https:\/\/www.consigel.com\/ca\/\"},{\"@type\":\"ListItem\",\"position\":2,\"name\":\"Shop\",\"item\":\"https:\/\/www.consigel.com\/ca\/shop\/\"},{\"@type\":\"ListItem\",\"position\":3,\"name\":\"Placa de xai confitada\"}]},{\"@type\":\"WebSite\",\"@id\":\"https:\/\/www.consigel.com\/ca\/#website\",\"url\":\"https:\/\/www.consigel.com\/ca\/\",\"name\":\"Consigel\",\"description\":\"\",\"potentialAction\":[{\"@type\":\"SearchAction\",\"target\":{\"@type\":\"EntryPoint\",\"urlTemplate\":\"https:\/\/www.consigel.com\/ca\/?s={search_term_string}\"},\"query-input\":\"required name=search_term_string\"}],\"inLanguage\":\"ca\"}]}<\/script>\n<!-- \/ Yoast SEO plugin. -->","yoast_head_json":{"title":"Placa de xai confitada - Consigel","robots":{"index":"index","follow":"follow","max-snippet":"max-snippet:-1","max-image-preview":"max-image-preview:large","max-video-preview":"max-video-preview:-1"},"canonical":"https:\/\/www.consigel.com\/ca\/producte\/placa-de-cordero-confitada-185-gr\/","og_locale":"ca_ES","og_type":"article","og_title":"Placa de xai confitada - Consigel","og_description":"Terrina tradicional de xai desossat i premsat. Molt f\u00e0cil de fer a la planxa. Ideal com a segon plat, o b\u00e9, si el fraccionem, com a tapa o mitja raci\u00f3. Permet emplatats atractius i moderns. Disposem de racions individuals cod. 2258 de 185 g. Tamb\u00e9 es serveix en format gran d&#8217;1,6 kg. FORN DE CONVECCI\u00d3: [...]","og_url":"https:\/\/www.consigel.com\/ca\/producte\/placa-de-cordero-confitada-185-gr\/","og_site_name":"Consigel","article_modified_time":"2024-10-17T15:14:11+00:00","og_image":[{"width":1200,"height":801,"url":"https:\/\/www.consigel.com\/wp-content\/uploads\/2020\/11\/EXQUISITARIUM_2258_PLACA-DE-XAI_01-removebg-preview.png","type":"image\/png"}],"twitter_card":"summary_large_image","twitter_misc":{"Temps estimat de lectura":"2 minuts"},"schema":{"@context":"https:\/\/schema.org","@graph":[{"@type":"WebPage","@id":"https:\/\/www.consigel.com\/ca\/producte\/placa-de-cordero-confitada-185-gr\/","url":"https:\/\/www.consigel.com\/ca\/producte\/placa-de-cordero-confitada-185-gr\/","name":"Placa de xai confitada - Consigel","isPartOf":{"@id":"https:\/\/www.consigel.com\/ca\/#website"},"primaryImageOfPage":{"@id":"https:\/\/www.consigel.com\/ca\/producte\/placa-de-cordero-confitada-185-gr\/#primaryimage"},"image":{"@id":"https:\/\/www.consigel.com\/ca\/producte\/placa-de-cordero-confitada-185-gr\/#primaryimage"},"thumbnailUrl":"https:\/\/www.consigel.com\/wp-content\/uploads\/2020\/11\/EXQUISITARIUM_2258_PLACA-DE-XAI_01-removebg-preview.png","datePublished":"2020-11-06T11:18:00+00:00","dateModified":"2024-10-17T15:14:11+00:00","breadcrumb":{"@id":"https:\/\/www.consigel.com\/ca\/producte\/placa-de-cordero-confitada-185-gr\/#breadcrumb"},"inLanguage":"ca","potentialAction":[{"@type":"ReadAction","target":["https:\/\/www.consigel.com\/ca\/producte\/placa-de-cordero-confitada-185-gr\/"]}]},{"@type":"ImageObject","inLanguage":"ca","@id":"https:\/\/www.consigel.com\/ca\/producte\/placa-de-cordero-confitada-185-gr\/#primaryimage","url":"https:\/\/www.consigel.com\/wp-content\/uploads\/2020\/11\/EXQUISITARIUM_2258_PLACA-DE-XAI_01-removebg-preview.png","contentUrl":"https:\/\/www.consigel.com\/wp-content\/uploads\/2020\/11\/EXQUISITARIUM_2258_PLACA-DE-XAI_01-removebg-preview.png","width":1200,"height":801},{"@type":"BreadcrumbList","@id":"https:\/\/www.consigel.com\/ca\/producte\/placa-de-cordero-confitada-185-gr\/#breadcrumb","itemListElement":[{"@type":"ListItem","position":1,"name":"Portada","item":"https:\/\/www.consigel.com\/ca\/"},{"@type":"ListItem","position":2,"name":"Shop","item":"https:\/\/www.consigel.com\/ca\/shop\/"},{"@type":"ListItem","position":3,"name":"Placa de xai confitada"}]},{"@type":"WebSite","@id":"https:\/\/www.consigel.com\/ca\/#website","url":"https:\/\/www.consigel.com\/ca\/","name":"Consigel","description":"","potentialAction":[{"@type":"SearchAction","target":{"@type":"EntryPoint","urlTemplate":"https:\/\/www.consigel.com\/ca\/?s={search_term_string}"},"query-input":"required name=search_term_string"}],"inLanguage":"ca"}]}},"_links":{"self":[{"href":"https:\/\/www.consigel.com\/ca\/wp-json\/wp\/v2\/product\/1842","targetHints":{"allow":["GET"]}}],"collection":[{"href":"https:\/\/www.consigel.com\/ca\/wp-json\/wp\/v2\/product"}],"about":[{"href":"https:\/\/www.consigel.com\/ca\/wp-json\/wp\/v2\/types\/product"}],"replies":[{"embeddable":true,"href":"https:\/\/www.consigel.com\/ca\/wp-json\/wp\/v2\/comments?post=1842"}],"wp:featuredmedia":[{"embeddable":true,"href":"https:\/\/www.consigel.com\/ca\/wp-json\/wp\/v2\/media\/5115"}],"wp:attachment":[{"href":"https:\/\/www.consigel.com\/ca\/wp-json\/wp\/v2\/media?parent=1842"}],"wp:term":[{"taxonomy":"product_cat","embeddable":true,"href":"https:\/\/www.consigel.com\/ca\/wp-json\/wp\/v2\/product_cat?post=1842"},{"taxonomy":"product_tag","embeddable":true,"href":"https:\/\/www.consigel.com\/ca\/wp-json\/wp\/v2\/product_tag?post=1842"}],"curies":[{"name":"wp","href":"https:\/\/api.w.org\/{rel}","templated":true}]}}