{"id":1829,"date":"2020-11-05T16:53:27","date_gmt":"2020-11-05T16:53:27","guid":{"rendered":"http:\/\/www.consigel.com\/product\/canelones-de-marisco-300-gr\/"},"modified":"2024-10-10T13:55:48","modified_gmt":"2024-10-10T13:55:48","slug":"canelones-de-marisco-300-gr","status":"publish","type":"product","link":"https:\/\/www.consigel.com\/ca\/producte\/canelones-de-marisco-300-gr\/","title":{"rendered":"Canelons de marisc amb beixamel"},"content":{"rendered":"<p>Elaborats amb pasta fresca d&#8217;un peculiar color verd. El farcit \u00e9s crem\u00f3s i molt sabor\u00f3s, fet amb peix i marisc de primera qualitat. Ideal per gaudir del sabor del mar des de qualsevol lloc. Es presenten en format individual amb el Codi 1623. Tamb\u00e9 es serveixen en safates de 3 unitats amb beixamel amb el Codi 16232. Un altre format disponible \u00e9s en safates de 20 unitats amb salsa beixamel i formatge llest per gratinar amb el Codi 16239.<\/p>\n<p>FORN: Cobrir amb els ingredients desitjats, enfornar i gratinar.<br \/>\nMICROONES: No cal descongelar pr\u00e8viament, perforar la part superior de l\u2019env\u00e0s en diversos punts i escalfar directament al microones durant 9 minuts a 800W.<\/p>\n<p>Format<\/p>\n<p>Caixa de 8 safates de 3 unitats<\/p>\n<p>Caixa de 7 safates de 20 unitats<\/p>\n","protected":false},"excerpt":{"rendered":"<p>Elaborats amb pasta fresca d&#8217;un peculiar color verd. El farcit \u00e9s crem\u00f3s i molt sabor\u00f3s, fet amb peix i marisc de primera qualitat. Ideal per gaudir del sabor del mar des de qualsevol lloc. Es presenten en format individual amb el Codi 1623. Tamb\u00e9 es serveixen en safates de 3 unitats amb beixamel amb el [&#8230;]\n","protected":false},"featured_media":1828,"comment_status":"open","ping_status":"closed","template":"","meta":[],"product_cat":[300,18,61],"product_tag":[],"class_list":{"0":"post-1829","1":"product","2":"type-product","3":"status-publish","4":"has-post-thumbnail","6":"product_cat-pastes-rissotos-gyozas-canalons","7":"product_cat-gastronomia","8":"product_cat-primers","10":"first","11":"outofstock","12":"shipping-taxable","13":"product-type-simple"},"yoast_head":"<!-- This site is optimized with the Yoast SEO plugin v23.3 - https:\/\/yoast.com\/wordpress\/plugins\/seo\/ -->\n<title>Canelons de marisc amb beixamel - Consigel<\/title>\n<meta name=\"robots\" content=\"index, follow, max-snippet:-1, max-image-preview:large, max-video-preview:-1\" \/>\n<link rel=\"canonical\" href=\"https:\/\/www.consigel.com\/ca\/producte\/canelones-de-marisco-300-gr\/\" \/>\n<meta property=\"og:locale\" content=\"ca_ES\" \/>\n<meta property=\"og:type\" content=\"article\" \/>\n<meta property=\"og:title\" content=\"Canelons de marisc amb beixamel - Consigel\" \/>\n<meta property=\"og:description\" content=\"Elaborats amb pasta fresca d&#8217;un peculiar color verd. El farcit \u00e9s crem\u00f3s i molt sabor\u00f3s, fet amb peix i marisc de primera qualitat. Ideal per gaudir del sabor del mar des de qualsevol lloc. Es presenten en format individual amb el Codi 1623. Tamb\u00e9 es serveixen en safates de 3 unitats amb beixamel amb el [...]\" \/>\n<meta property=\"og:url\" content=\"https:\/\/www.consigel.com\/ca\/producte\/canelones-de-marisco-300-gr\/\" \/>\n<meta property=\"og:site_name\" content=\"Consigel\" \/>\n<meta property=\"article:modified_time\" content=\"2024-10-10T13:55:48+00:00\" \/>\n<meta property=\"og:image\" content=\"https:\/\/www.consigel.com\/wp-content\/uploads\/2020\/11\/2058-thickbox_default-Canelones-de-marisco-300-gr.jpg\" \/>\n\t<meta property=\"og:image:width\" content=\"1200\" \/>\n\t<meta property=\"og:image:height\" content=\"1200\" \/>\n\t<meta property=\"og:image:type\" content=\"image\/jpeg\" \/>\n<meta name=\"twitter:card\" content=\"summary_large_image\" \/>\n<meta name=\"twitter:label1\" content=\"Temps estimat de lectura\" \/>\n\t<meta name=\"twitter:data1\" content=\"1 minut\" \/>\n<script type=\"application\/ld+json\" class=\"yoast-schema-graph\">{\"@context\":\"https:\/\/schema.org\",\"@graph\":[{\"@type\":\"WebPage\",\"@id\":\"https:\/\/www.consigel.com\/ca\/producte\/canelones-de-marisco-300-gr\/\",\"url\":\"https:\/\/www.consigel.com\/ca\/producte\/canelones-de-marisco-300-gr\/\",\"name\":\"Canelons de marisc amb beixamel - Consigel\",\"isPartOf\":{\"@id\":\"https:\/\/www.consigel.com\/ca\/#website\"},\"primaryImageOfPage\":{\"@id\":\"https:\/\/www.consigel.com\/ca\/producte\/canelones-de-marisco-300-gr\/#primaryimage\"},\"image\":{\"@id\":\"https:\/\/www.consigel.com\/ca\/producte\/canelones-de-marisco-300-gr\/#primaryimage\"},\"thumbnailUrl\":\"https:\/\/www.consigel.com\/wp-content\/uploads\/2020\/11\/2058-thickbox_default-Canelones-de-marisco-300-gr.jpg\",\"datePublished\":\"2020-11-05T16:53:27+00:00\",\"dateModified\":\"2024-10-10T13:55:48+00:00\",\"breadcrumb\":{\"@id\":\"https:\/\/www.consigel.com\/ca\/producte\/canelones-de-marisco-300-gr\/#breadcrumb\"},\"inLanguage\":\"ca\",\"potentialAction\":[{\"@type\":\"ReadAction\",\"target\":[\"https:\/\/www.consigel.com\/ca\/producte\/canelones-de-marisco-300-gr\/\"]}]},{\"@type\":\"ImageObject\",\"inLanguage\":\"ca\",\"@id\":\"https:\/\/www.consigel.com\/ca\/producte\/canelones-de-marisco-300-gr\/#primaryimage\",\"url\":\"https:\/\/www.consigel.com\/wp-content\/uploads\/2020\/11\/2058-thickbox_default-Canelones-de-marisco-300-gr.jpg\",\"contentUrl\":\"https:\/\/www.consigel.com\/wp-content\/uploads\/2020\/11\/2058-thickbox_default-Canelones-de-marisco-300-gr.jpg\",\"width\":1200,\"height\":1200,\"caption\":\"Canelones de marisco 300 gr.\"},{\"@type\":\"BreadcrumbList\",\"@id\":\"https:\/\/www.consigel.com\/ca\/producte\/canelones-de-marisco-300-gr\/#breadcrumb\",\"itemListElement\":[{\"@type\":\"ListItem\",\"position\":1,\"name\":\"Portada\",\"item\":\"https:\/\/www.consigel.com\/ca\/\"},{\"@type\":\"ListItem\",\"position\":2,\"name\":\"Shop\",\"item\":\"https:\/\/www.consigel.com\/ca\/shop\/\"},{\"@type\":\"ListItem\",\"position\":3,\"name\":\"Canelons de marisc amb beixamel\"}]},{\"@type\":\"WebSite\",\"@id\":\"https:\/\/www.consigel.com\/ca\/#website\",\"url\":\"https:\/\/www.consigel.com\/ca\/\",\"name\":\"Consigel\",\"description\":\"\",\"potentialAction\":[{\"@type\":\"SearchAction\",\"target\":{\"@type\":\"EntryPoint\",\"urlTemplate\":\"https:\/\/www.consigel.com\/ca\/?s={search_term_string}\"},\"query-input\":\"required name=search_term_string\"}],\"inLanguage\":\"ca\"}]}<\/script>\n<!-- \/ Yoast SEO plugin. -->","yoast_head_json":{"title":"Canelons de marisc amb beixamel - Consigel","robots":{"index":"index","follow":"follow","max-snippet":"max-snippet:-1","max-image-preview":"max-image-preview:large","max-video-preview":"max-video-preview:-1"},"canonical":"https:\/\/www.consigel.com\/ca\/producte\/canelones-de-marisco-300-gr\/","og_locale":"ca_ES","og_type":"article","og_title":"Canelons de marisc amb beixamel - Consigel","og_description":"Elaborats amb pasta fresca d&#8217;un peculiar color verd. El farcit \u00e9s crem\u00f3s i molt sabor\u00f3s, fet amb peix i marisc de primera qualitat. Ideal per gaudir del sabor del mar des de qualsevol lloc. Es presenten en format individual amb el Codi 1623. Tamb\u00e9 es serveixen en safates de 3 unitats amb beixamel amb el [...]","og_url":"https:\/\/www.consigel.com\/ca\/producte\/canelones-de-marisco-300-gr\/","og_site_name":"Consigel","article_modified_time":"2024-10-10T13:55:48+00:00","og_image":[{"width":1200,"height":1200,"url":"https:\/\/www.consigel.com\/wp-content\/uploads\/2020\/11\/2058-thickbox_default-Canelones-de-marisco-300-gr.jpg","type":"image\/jpeg"}],"twitter_card":"summary_large_image","twitter_misc":{"Temps estimat de lectura":"1 minut"},"schema":{"@context":"https:\/\/schema.org","@graph":[{"@type":"WebPage","@id":"https:\/\/www.consigel.com\/ca\/producte\/canelones-de-marisco-300-gr\/","url":"https:\/\/www.consigel.com\/ca\/producte\/canelones-de-marisco-300-gr\/","name":"Canelons de marisc amb beixamel - Consigel","isPartOf":{"@id":"https:\/\/www.consigel.com\/ca\/#website"},"primaryImageOfPage":{"@id":"https:\/\/www.consigel.com\/ca\/producte\/canelones-de-marisco-300-gr\/#primaryimage"},"image":{"@id":"https:\/\/www.consigel.com\/ca\/producte\/canelones-de-marisco-300-gr\/#primaryimage"},"thumbnailUrl":"https:\/\/www.consigel.com\/wp-content\/uploads\/2020\/11\/2058-thickbox_default-Canelones-de-marisco-300-gr.jpg","datePublished":"2020-11-05T16:53:27+00:00","dateModified":"2024-10-10T13:55:48+00:00","breadcrumb":{"@id":"https:\/\/www.consigel.com\/ca\/producte\/canelones-de-marisco-300-gr\/#breadcrumb"},"inLanguage":"ca","potentialAction":[{"@type":"ReadAction","target":["https:\/\/www.consigel.com\/ca\/producte\/canelones-de-marisco-300-gr\/"]}]},{"@type":"ImageObject","inLanguage":"ca","@id":"https:\/\/www.consigel.com\/ca\/producte\/canelones-de-marisco-300-gr\/#primaryimage","url":"https:\/\/www.consigel.com\/wp-content\/uploads\/2020\/11\/2058-thickbox_default-Canelones-de-marisco-300-gr.jpg","contentUrl":"https:\/\/www.consigel.com\/wp-content\/uploads\/2020\/11\/2058-thickbox_default-Canelones-de-marisco-300-gr.jpg","width":1200,"height":1200,"caption":"Canelones de marisco 300 gr."},{"@type":"BreadcrumbList","@id":"https:\/\/www.consigel.com\/ca\/producte\/canelones-de-marisco-300-gr\/#breadcrumb","itemListElement":[{"@type":"ListItem","position":1,"name":"Portada","item":"https:\/\/www.consigel.com\/ca\/"},{"@type":"ListItem","position":2,"name":"Shop","item":"https:\/\/www.consigel.com\/ca\/shop\/"},{"@type":"ListItem","position":3,"name":"Canelons de marisc amb beixamel"}]},{"@type":"WebSite","@id":"https:\/\/www.consigel.com\/ca\/#website","url":"https:\/\/www.consigel.com\/ca\/","name":"Consigel","description":"","potentialAction":[{"@type":"SearchAction","target":{"@type":"EntryPoint","urlTemplate":"https:\/\/www.consigel.com\/ca\/?s={search_term_string}"},"query-input":"required name=search_term_string"}],"inLanguage":"ca"}]}},"_links":{"self":[{"href":"https:\/\/www.consigel.com\/ca\/wp-json\/wp\/v2\/product\/1829","targetHints":{"allow":["GET"]}}],"collection":[{"href":"https:\/\/www.consigel.com\/ca\/wp-json\/wp\/v2\/product"}],"about":[{"href":"https:\/\/www.consigel.com\/ca\/wp-json\/wp\/v2\/types\/product"}],"replies":[{"embeddable":true,"href":"https:\/\/www.consigel.com\/ca\/wp-json\/wp\/v2\/comments?post=1829"}],"wp:featuredmedia":[{"embeddable":true,"href":"https:\/\/www.consigel.com\/ca\/wp-json\/wp\/v2\/media\/1828"}],"wp:attachment":[{"href":"https:\/\/www.consigel.com\/ca\/wp-json\/wp\/v2\/media?parent=1829"}],"wp:term":[{"taxonomy":"product_cat","embeddable":true,"href":"https:\/\/www.consigel.com\/ca\/wp-json\/wp\/v2\/product_cat?post=1829"},{"taxonomy":"product_tag","embeddable":true,"href":"https:\/\/www.consigel.com\/ca\/wp-json\/wp\/v2\/product_tag?post=1829"}],"curies":[{"name":"wp","href":"https:\/\/api.w.org\/{rel}","templated":true}]}}