{"id":1788,"date":"2020-11-04T15:28:24","date_gmt":"2020-11-04T15:28:24","guid":{"rendered":"http:\/\/www.consigel.com\/product\/gyoza-meloso-de-cerdo-a-la-miel-25-gr\/"},"modified":"2024-10-17T08:08:40","modified_gmt":"2024-10-17T08:08:40","slug":"gyoza-meloso-de-cerdo-a-la-miel-25-gr","status":"publish","type":"product","link":"https:\/\/www.consigel.com\/ca\/producte\/gyoza-meloso-de-cerdo-a-la-miel-25-gr\/","title":{"rendered":"Gyoza galta de porc amb mel 25 gr."},"content":{"rendered":"<p>Massa melosa farcida de carn amb salsa agredol\u00e7a, que li d\u00f3na un sabor intens. Un producte que segueix les tend\u00e8ncies de la cuina oriental, amb una regeneraci\u00f3 senzilla, permet oferir als comensals un plat modern i actual.<\/p>\n<p><strong>Preparaci\u00f3<\/strong>: Daurar en una paella amb una mica d&#8217;oli d&#8217;oliva per un costat, girar, cobrir fins a la meitat amb aigua, tapar i deixar coure durant 2 minuts.<\/p>\n<p><strong>Format<\/strong>: Caixa de 3 safates de 40 unitats.<\/p>\n","protected":false},"excerpt":{"rendered":"<p>Massa melosa farcida de carn amb salsa agredol\u00e7a, que li d\u00f3na un sabor intens. Un producte que segueix les tend\u00e8ncies de la cuina oriental, amb una regeneraci\u00f3 senzilla, permet oferir als comensals un plat modern i actual. Preparaci\u00f3: Daurar en una paella amb una mica d&#8217;oli d&#8217;oliva per un costat, girar, cobrir fins a la [&#8230;]\n","protected":false},"featured_media":5045,"comment_status":"open","ping_status":"closed","template":"","meta":[],"product_cat":[297,300,18,61],"product_tag":[],"class_list":{"0":"post-1788","1":"product","2":"type-product","3":"status-publish","4":"has-post-thumbnail","6":"product_cat-altres-primers","7":"product_cat-pastes-rissotos-gyozas-canalons","8":"product_cat-gastronomia","9":"product_cat-primers","11":"first","12":"outofstock","13":"shipping-taxable","14":"product-type-simple"},"yoast_head":"<!-- This site is optimized with the Yoast SEO plugin v23.3 - https:\/\/yoast.com\/wordpress\/plugins\/seo\/ -->\n<title>Gyoza galta de porc amb mel 25 gr. - Consigel<\/title>\n<meta name=\"robots\" content=\"index, follow, max-snippet:-1, max-image-preview:large, max-video-preview:-1\" \/>\n<link rel=\"canonical\" href=\"https:\/\/www.consigel.com\/ca\/producte\/gyoza-meloso-de-cerdo-a-la-miel-25-gr\/\" \/>\n<meta property=\"og:locale\" content=\"ca_ES\" \/>\n<meta property=\"og:type\" content=\"article\" \/>\n<meta property=\"og:title\" content=\"Gyoza galta de porc amb mel 25 gr. - Consigel\" \/>\n<meta property=\"og:description\" content=\"Massa melosa farcida de carn amb salsa agredol\u00e7a, que li d\u00f3na un sabor intens. Un producte que segueix les tend\u00e8ncies de la cuina oriental, amb una regeneraci\u00f3 senzilla, permet oferir als comensals un plat modern i actual. Preparaci\u00f3: Daurar en una paella amb una mica d&#8217;oli d&#8217;oliva per un costat, girar, cobrir fins a la [...]\" \/>\n<meta property=\"og:url\" content=\"https:\/\/www.consigel.com\/ca\/producte\/gyoza-meloso-de-cerdo-a-la-miel-25-gr\/\" \/>\n<meta property=\"og:site_name\" content=\"Consigel\" \/>\n<meta property=\"article:modified_time\" content=\"2024-10-17T08:08:40+00:00\" \/>\n<meta property=\"og:image\" content=\"https:\/\/www.consigel.com\/wp-content\/uploads\/2020\/11\/39_Gyoza_de_meloso_de_cerdo_a_la_miel1-removebg-preview__1_-removebg-preview.png\" \/>\n\t<meta property=\"og:image:width\" content=\"594\" \/>\n\t<meta property=\"og:image:height\" content=\"420\" \/>\n\t<meta property=\"og:image:type\" content=\"image\/png\" \/>\n<meta name=\"twitter:card\" content=\"summary_large_image\" \/>\n<meta name=\"twitter:label1\" content=\"Temps estimat de lectura\" \/>\n\t<meta name=\"twitter:data1\" content=\"1 minut\" \/>\n<script type=\"application\/ld+json\" class=\"yoast-schema-graph\">{\"@context\":\"https:\/\/schema.org\",\"@graph\":[{\"@type\":\"WebPage\",\"@id\":\"https:\/\/www.consigel.com\/ca\/producte\/gyoza-meloso-de-cerdo-a-la-miel-25-gr\/\",\"url\":\"https:\/\/www.consigel.com\/ca\/producte\/gyoza-meloso-de-cerdo-a-la-miel-25-gr\/\",\"name\":\"Gyoza galta de porc amb mel 25 gr. - Consigel\",\"isPartOf\":{\"@id\":\"https:\/\/www.consigel.com\/ca\/#website\"},\"primaryImageOfPage\":{\"@id\":\"https:\/\/www.consigel.com\/ca\/producte\/gyoza-meloso-de-cerdo-a-la-miel-25-gr\/#primaryimage\"},\"image\":{\"@id\":\"https:\/\/www.consigel.com\/ca\/producte\/gyoza-meloso-de-cerdo-a-la-miel-25-gr\/#primaryimage\"},\"thumbnailUrl\":\"https:\/\/www.consigel.com\/wp-content\/uploads\/2020\/11\/39_Gyoza_de_meloso_de_cerdo_a_la_miel1-removebg-preview__1_-removebg-preview.png\",\"datePublished\":\"2020-11-04T15:28:24+00:00\",\"dateModified\":\"2024-10-17T08:08:40+00:00\",\"breadcrumb\":{\"@id\":\"https:\/\/www.consigel.com\/ca\/producte\/gyoza-meloso-de-cerdo-a-la-miel-25-gr\/#breadcrumb\"},\"inLanguage\":\"ca\",\"potentialAction\":[{\"@type\":\"ReadAction\",\"target\":[\"https:\/\/www.consigel.com\/ca\/producte\/gyoza-meloso-de-cerdo-a-la-miel-25-gr\/\"]}]},{\"@type\":\"ImageObject\",\"inLanguage\":\"ca\",\"@id\":\"https:\/\/www.consigel.com\/ca\/producte\/gyoza-meloso-de-cerdo-a-la-miel-25-gr\/#primaryimage\",\"url\":\"https:\/\/www.consigel.com\/wp-content\/uploads\/2020\/11\/39_Gyoza_de_meloso_de_cerdo_a_la_miel1-removebg-preview__1_-removebg-preview.png\",\"contentUrl\":\"https:\/\/www.consigel.com\/wp-content\/uploads\/2020\/11\/39_Gyoza_de_meloso_de_cerdo_a_la_miel1-removebg-preview__1_-removebg-preview.png\",\"width\":594,\"height\":420},{\"@type\":\"BreadcrumbList\",\"@id\":\"https:\/\/www.consigel.com\/ca\/producte\/gyoza-meloso-de-cerdo-a-la-miel-25-gr\/#breadcrumb\",\"itemListElement\":[{\"@type\":\"ListItem\",\"position\":1,\"name\":\"Portada\",\"item\":\"https:\/\/www.consigel.com\/ca\/\"},{\"@type\":\"ListItem\",\"position\":2,\"name\":\"Shop\",\"item\":\"https:\/\/www.consigel.com\/ca\/shop\/\"},{\"@type\":\"ListItem\",\"position\":3,\"name\":\"Gyoza galta de porc amb mel 25 gr.\"}]},{\"@type\":\"WebSite\",\"@id\":\"https:\/\/www.consigel.com\/ca\/#website\",\"url\":\"https:\/\/www.consigel.com\/ca\/\",\"name\":\"Consigel\",\"description\":\"\",\"potentialAction\":[{\"@type\":\"SearchAction\",\"target\":{\"@type\":\"EntryPoint\",\"urlTemplate\":\"https:\/\/www.consigel.com\/ca\/?s={search_term_string}\"},\"query-input\":\"required name=search_term_string\"}],\"inLanguage\":\"ca\"}]}<\/script>\n<!-- \/ Yoast SEO plugin. -->","yoast_head_json":{"title":"Gyoza galta de porc amb mel 25 gr. - Consigel","robots":{"index":"index","follow":"follow","max-snippet":"max-snippet:-1","max-image-preview":"max-image-preview:large","max-video-preview":"max-video-preview:-1"},"canonical":"https:\/\/www.consigel.com\/ca\/producte\/gyoza-meloso-de-cerdo-a-la-miel-25-gr\/","og_locale":"ca_ES","og_type":"article","og_title":"Gyoza galta de porc amb mel 25 gr. - Consigel","og_description":"Massa melosa farcida de carn amb salsa agredol\u00e7a, que li d\u00f3na un sabor intens. Un producte que segueix les tend\u00e8ncies de la cuina oriental, amb una regeneraci\u00f3 senzilla, permet oferir als comensals un plat modern i actual. Preparaci\u00f3: Daurar en una paella amb una mica d&#8217;oli d&#8217;oliva per un costat, girar, cobrir fins a la [...]","og_url":"https:\/\/www.consigel.com\/ca\/producte\/gyoza-meloso-de-cerdo-a-la-miel-25-gr\/","og_site_name":"Consigel","article_modified_time":"2024-10-17T08:08:40+00:00","og_image":[{"width":594,"height":420,"url":"https:\/\/www.consigel.com\/wp-content\/uploads\/2020\/11\/39_Gyoza_de_meloso_de_cerdo_a_la_miel1-removebg-preview__1_-removebg-preview.png","type":"image\/png"}],"twitter_card":"summary_large_image","twitter_misc":{"Temps estimat de lectura":"1 minut"},"schema":{"@context":"https:\/\/schema.org","@graph":[{"@type":"WebPage","@id":"https:\/\/www.consigel.com\/ca\/producte\/gyoza-meloso-de-cerdo-a-la-miel-25-gr\/","url":"https:\/\/www.consigel.com\/ca\/producte\/gyoza-meloso-de-cerdo-a-la-miel-25-gr\/","name":"Gyoza galta de porc amb mel 25 gr. - Consigel","isPartOf":{"@id":"https:\/\/www.consigel.com\/ca\/#website"},"primaryImageOfPage":{"@id":"https:\/\/www.consigel.com\/ca\/producte\/gyoza-meloso-de-cerdo-a-la-miel-25-gr\/#primaryimage"},"image":{"@id":"https:\/\/www.consigel.com\/ca\/producte\/gyoza-meloso-de-cerdo-a-la-miel-25-gr\/#primaryimage"},"thumbnailUrl":"https:\/\/www.consigel.com\/wp-content\/uploads\/2020\/11\/39_Gyoza_de_meloso_de_cerdo_a_la_miel1-removebg-preview__1_-removebg-preview.png","datePublished":"2020-11-04T15:28:24+00:00","dateModified":"2024-10-17T08:08:40+00:00","breadcrumb":{"@id":"https:\/\/www.consigel.com\/ca\/producte\/gyoza-meloso-de-cerdo-a-la-miel-25-gr\/#breadcrumb"},"inLanguage":"ca","potentialAction":[{"@type":"ReadAction","target":["https:\/\/www.consigel.com\/ca\/producte\/gyoza-meloso-de-cerdo-a-la-miel-25-gr\/"]}]},{"@type":"ImageObject","inLanguage":"ca","@id":"https:\/\/www.consigel.com\/ca\/producte\/gyoza-meloso-de-cerdo-a-la-miel-25-gr\/#primaryimage","url":"https:\/\/www.consigel.com\/wp-content\/uploads\/2020\/11\/39_Gyoza_de_meloso_de_cerdo_a_la_miel1-removebg-preview__1_-removebg-preview.png","contentUrl":"https:\/\/www.consigel.com\/wp-content\/uploads\/2020\/11\/39_Gyoza_de_meloso_de_cerdo_a_la_miel1-removebg-preview__1_-removebg-preview.png","width":594,"height":420},{"@type":"BreadcrumbList","@id":"https:\/\/www.consigel.com\/ca\/producte\/gyoza-meloso-de-cerdo-a-la-miel-25-gr\/#breadcrumb","itemListElement":[{"@type":"ListItem","position":1,"name":"Portada","item":"https:\/\/www.consigel.com\/ca\/"},{"@type":"ListItem","position":2,"name":"Shop","item":"https:\/\/www.consigel.com\/ca\/shop\/"},{"@type":"ListItem","position":3,"name":"Gyoza galta de porc amb mel 25 gr."}]},{"@type":"WebSite","@id":"https:\/\/www.consigel.com\/ca\/#website","url":"https:\/\/www.consigel.com\/ca\/","name":"Consigel","description":"","potentialAction":[{"@type":"SearchAction","target":{"@type":"EntryPoint","urlTemplate":"https:\/\/www.consigel.com\/ca\/?s={search_term_string}"},"query-input":"required name=search_term_string"}],"inLanguage":"ca"}]}},"_links":{"self":[{"href":"https:\/\/www.consigel.com\/ca\/wp-json\/wp\/v2\/product\/1788","targetHints":{"allow":["GET"]}}],"collection":[{"href":"https:\/\/www.consigel.com\/ca\/wp-json\/wp\/v2\/product"}],"about":[{"href":"https:\/\/www.consigel.com\/ca\/wp-json\/wp\/v2\/types\/product"}],"replies":[{"embeddable":true,"href":"https:\/\/www.consigel.com\/ca\/wp-json\/wp\/v2\/comments?post=1788"}],"wp:featuredmedia":[{"embeddable":true,"href":"https:\/\/www.consigel.com\/ca\/wp-json\/wp\/v2\/media\/5045"}],"wp:attachment":[{"href":"https:\/\/www.consigel.com\/ca\/wp-json\/wp\/v2\/media?parent=1788"}],"wp:term":[{"taxonomy":"product_cat","embeddable":true,"href":"https:\/\/www.consigel.com\/ca\/wp-json\/wp\/v2\/product_cat?post=1788"},{"taxonomy":"product_tag","embeddable":true,"href":"https:\/\/www.consigel.com\/ca\/wp-json\/wp\/v2\/product_tag?post=1788"}],"curies":[{"name":"wp","href":"https:\/\/api.w.org\/{rel}","templated":true}]}}