{"id":1770,"date":"2020-11-04T12:52:46","date_gmt":"2020-11-04T12:52:46","guid":{"rendered":"http:\/\/www.consigel.com\/product\/ravioli-liquido-de-morcilla-y-allioli\/"},"modified":"2020-11-04T12:52:46","modified_gmt":"2020-11-04T12:52:46","slug":"ravioli-liquido-de-morcilla-y-allioli","status":"publish","type":"product","link":"https:\/\/www.consigel.com\/ca\/producte\/ravioli-liquido-de-morcilla-y-allioli\/","title":{"rendered":"Ravioli liqu\u00eddo de morcilla y allioli"},"content":{"rendered":"<p>El relleno interior, de textura l\u00edquida, est\u00e1 elaborado con la mejor morcilla de Burgos y un suave toque de alioli que le da un punto excepcional. El exterior es crujiente. Un formato de lo m\u00e1s innovador para disfrutar de todo el sabor de la morcilla.<\/p>\n<p>Sin necesidad de descongelar previamente, fre\u00edr en abundante aceite caliente (180\u00baC). Fre\u00edr levemente para que el interior permanezca l\u00edquido.<\/p>\n<p>Formato<\/p>\n<p>Caja de 3 bandejas de 35 unidades<\/p>\n<p>18 gr. la unidad<\/p>\n","protected":false},"excerpt":{"rendered":"<p>El relleno interior, de textura l\u00edquida, est\u00e1 elaborado con la mejor morcilla de Burgos y un suave toque de alioli que le da un punto excepcional. El exterior es crujiente. Un formato de lo m\u00e1s innovador para disfrutar de todo el sabor de la morcilla. Sin necesidad de descongelar previamente, fre\u00edr en abundante aceite caliente [&#8230;]\n","protected":false},"featured_media":1769,"comment_status":"open","ping_status":"closed","template":"","meta":[],"product_cat":[34,111],"product_tag":[],"class_list":{"0":"post-1770","1":"product","2":"type-product","3":"status-publish","4":"has-post-thumbnail","6":"product_cat-aperitius","7":"product_cat-fregidora","9":"first","10":"outofstock","11":"shipping-taxable","12":"product-type-simple"},"yoast_head":"<!-- This site is optimized with the Yoast SEO plugin v23.3 - https:\/\/yoast.com\/wordpress\/plugins\/seo\/ -->\n<title>Ravioli liqu\u00eddo de morcilla y allioli - Consigel<\/title>\n<meta name=\"robots\" content=\"index, follow, max-snippet:-1, max-image-preview:large, max-video-preview:-1\" \/>\n<link rel=\"canonical\" href=\"https:\/\/www.consigel.com\/ca\/producte\/ravioli-liquido-de-morcilla-y-allioli\/\" \/>\n<meta property=\"og:locale\" content=\"ca_ES\" \/>\n<meta property=\"og:type\" content=\"article\" \/>\n<meta property=\"og:title\" content=\"Ravioli liqu\u00eddo de morcilla y allioli - Consigel\" \/>\n<meta property=\"og:description\" content=\"El relleno interior, de textura l\u00edquida, est\u00e1 elaborado con la mejor morcilla de Burgos y un suave toque de alioli que le da un punto excepcional. El exterior es crujiente. Un formato de lo m\u00e1s innovador para disfrutar de todo el sabor de la morcilla. Sin necesidad de descongelar previamente, fre\u00edr en abundante aceite caliente [...]\" \/>\n<meta property=\"og:url\" content=\"https:\/\/www.consigel.com\/ca\/producte\/ravioli-liquido-de-morcilla-y-allioli\/\" \/>\n<meta property=\"og:site_name\" content=\"Consigel\" \/>\n<meta property=\"og:image\" content=\"https:\/\/www.consigel.com\/wp-content\/uploads\/2020\/11\/2012-thickbox_default-Ravioli-liquido-de-morcilla-y-allioli.jpg\" \/>\n\t<meta property=\"og:image:width\" content=\"1200\" \/>\n\t<meta property=\"og:image:height\" content=\"1200\" \/>\n\t<meta property=\"og:image:type\" content=\"image\/jpeg\" \/>\n<meta name=\"twitter:card\" content=\"summary_large_image\" \/>\n<script type=\"application\/ld+json\" class=\"yoast-schema-graph\">{\"@context\":\"https:\/\/schema.org\",\"@graph\":[{\"@type\":\"WebPage\",\"@id\":\"https:\/\/www.consigel.com\/ca\/producte\/ravioli-liquido-de-morcilla-y-allioli\/\",\"url\":\"https:\/\/www.consigel.com\/ca\/producte\/ravioli-liquido-de-morcilla-y-allioli\/\",\"name\":\"Ravioli liqu\u00eddo de morcilla y allioli - Consigel\",\"isPartOf\":{\"@id\":\"https:\/\/www.consigel.com\/ca\/#website\"},\"primaryImageOfPage\":{\"@id\":\"https:\/\/www.consigel.com\/ca\/producte\/ravioli-liquido-de-morcilla-y-allioli\/#primaryimage\"},\"image\":{\"@id\":\"https:\/\/www.consigel.com\/ca\/producte\/ravioli-liquido-de-morcilla-y-allioli\/#primaryimage\"},\"thumbnailUrl\":\"https:\/\/www.consigel.com\/wp-content\/uploads\/2020\/11\/2012-thickbox_default-Ravioli-liquido-de-morcilla-y-allioli.jpg\",\"datePublished\":\"2020-11-04T12:52:46+00:00\",\"dateModified\":\"2020-11-04T12:52:46+00:00\",\"breadcrumb\":{\"@id\":\"https:\/\/www.consigel.com\/ca\/producte\/ravioli-liquido-de-morcilla-y-allioli\/#breadcrumb\"},\"inLanguage\":\"ca\",\"potentialAction\":[{\"@type\":\"ReadAction\",\"target\":[\"https:\/\/www.consigel.com\/ca\/producte\/ravioli-liquido-de-morcilla-y-allioli\/\"]}]},{\"@type\":\"ImageObject\",\"inLanguage\":\"ca\",\"@id\":\"https:\/\/www.consigel.com\/ca\/producte\/ravioli-liquido-de-morcilla-y-allioli\/#primaryimage\",\"url\":\"https:\/\/www.consigel.com\/wp-content\/uploads\/2020\/11\/2012-thickbox_default-Ravioli-liquido-de-morcilla-y-allioli.jpg\",\"contentUrl\":\"https:\/\/www.consigel.com\/wp-content\/uploads\/2020\/11\/2012-thickbox_default-Ravioli-liquido-de-morcilla-y-allioli.jpg\",\"width\":1200,\"height\":1200,\"caption\":\"Ravioli liqu\u00eddo de morcilla y allioli\"},{\"@type\":\"BreadcrumbList\",\"@id\":\"https:\/\/www.consigel.com\/ca\/producte\/ravioli-liquido-de-morcilla-y-allioli\/#breadcrumb\",\"itemListElement\":[{\"@type\":\"ListItem\",\"position\":1,\"name\":\"Portada\",\"item\":\"https:\/\/www.consigel.com\/ca\/\"},{\"@type\":\"ListItem\",\"position\":2,\"name\":\"Shop\",\"item\":\"https:\/\/www.consigel.com\/ca\/shop\/\"},{\"@type\":\"ListItem\",\"position\":3,\"name\":\"Ravioli liqu\u00eddo de morcilla y allioli\"}]},{\"@type\":\"WebSite\",\"@id\":\"https:\/\/www.consigel.com\/ca\/#website\",\"url\":\"https:\/\/www.consigel.com\/ca\/\",\"name\":\"Consigel\",\"description\":\"\",\"potentialAction\":[{\"@type\":\"SearchAction\",\"target\":{\"@type\":\"EntryPoint\",\"urlTemplate\":\"https:\/\/www.consigel.com\/ca\/?s={search_term_string}\"},\"query-input\":\"required name=search_term_string\"}],\"inLanguage\":\"ca\"}]}<\/script>\n<!-- \/ Yoast SEO plugin. -->","yoast_head_json":{"title":"Ravioli liqu\u00eddo de morcilla y allioli - Consigel","robots":{"index":"index","follow":"follow","max-snippet":"max-snippet:-1","max-image-preview":"max-image-preview:large","max-video-preview":"max-video-preview:-1"},"canonical":"https:\/\/www.consigel.com\/ca\/producte\/ravioli-liquido-de-morcilla-y-allioli\/","og_locale":"ca_ES","og_type":"article","og_title":"Ravioli liqu\u00eddo de morcilla y allioli - Consigel","og_description":"El relleno interior, de textura l\u00edquida, est\u00e1 elaborado con la mejor morcilla de Burgos y un suave toque de alioli que le da un punto excepcional. El exterior es crujiente. Un formato de lo m\u00e1s innovador para disfrutar de todo el sabor de la morcilla. Sin necesidad de descongelar previamente, fre\u00edr en abundante aceite caliente [...]","og_url":"https:\/\/www.consigel.com\/ca\/producte\/ravioli-liquido-de-morcilla-y-allioli\/","og_site_name":"Consigel","og_image":[{"width":1200,"height":1200,"url":"https:\/\/www.consigel.com\/wp-content\/uploads\/2020\/11\/2012-thickbox_default-Ravioli-liquido-de-morcilla-y-allioli.jpg","type":"image\/jpeg"}],"twitter_card":"summary_large_image","schema":{"@context":"https:\/\/schema.org","@graph":[{"@type":"WebPage","@id":"https:\/\/www.consigel.com\/ca\/producte\/ravioli-liquido-de-morcilla-y-allioli\/","url":"https:\/\/www.consigel.com\/ca\/producte\/ravioli-liquido-de-morcilla-y-allioli\/","name":"Ravioli liqu\u00eddo de morcilla y allioli - Consigel","isPartOf":{"@id":"https:\/\/www.consigel.com\/ca\/#website"},"primaryImageOfPage":{"@id":"https:\/\/www.consigel.com\/ca\/producte\/ravioli-liquido-de-morcilla-y-allioli\/#primaryimage"},"image":{"@id":"https:\/\/www.consigel.com\/ca\/producte\/ravioli-liquido-de-morcilla-y-allioli\/#primaryimage"},"thumbnailUrl":"https:\/\/www.consigel.com\/wp-content\/uploads\/2020\/11\/2012-thickbox_default-Ravioli-liquido-de-morcilla-y-allioli.jpg","datePublished":"2020-11-04T12:52:46+00:00","dateModified":"2020-11-04T12:52:46+00:00","breadcrumb":{"@id":"https:\/\/www.consigel.com\/ca\/producte\/ravioli-liquido-de-morcilla-y-allioli\/#breadcrumb"},"inLanguage":"ca","potentialAction":[{"@type":"ReadAction","target":["https:\/\/www.consigel.com\/ca\/producte\/ravioli-liquido-de-morcilla-y-allioli\/"]}]},{"@type":"ImageObject","inLanguage":"ca","@id":"https:\/\/www.consigel.com\/ca\/producte\/ravioli-liquido-de-morcilla-y-allioli\/#primaryimage","url":"https:\/\/www.consigel.com\/wp-content\/uploads\/2020\/11\/2012-thickbox_default-Ravioli-liquido-de-morcilla-y-allioli.jpg","contentUrl":"https:\/\/www.consigel.com\/wp-content\/uploads\/2020\/11\/2012-thickbox_default-Ravioli-liquido-de-morcilla-y-allioli.jpg","width":1200,"height":1200,"caption":"Ravioli liqu\u00eddo de morcilla y allioli"},{"@type":"BreadcrumbList","@id":"https:\/\/www.consigel.com\/ca\/producte\/ravioli-liquido-de-morcilla-y-allioli\/#breadcrumb","itemListElement":[{"@type":"ListItem","position":1,"name":"Portada","item":"https:\/\/www.consigel.com\/ca\/"},{"@type":"ListItem","position":2,"name":"Shop","item":"https:\/\/www.consigel.com\/ca\/shop\/"},{"@type":"ListItem","position":3,"name":"Ravioli liqu\u00eddo de morcilla y allioli"}]},{"@type":"WebSite","@id":"https:\/\/www.consigel.com\/ca\/#website","url":"https:\/\/www.consigel.com\/ca\/","name":"Consigel","description":"","potentialAction":[{"@type":"SearchAction","target":{"@type":"EntryPoint","urlTemplate":"https:\/\/www.consigel.com\/ca\/?s={search_term_string}"},"query-input":"required name=search_term_string"}],"inLanguage":"ca"}]}},"_links":{"self":[{"href":"https:\/\/www.consigel.com\/ca\/wp-json\/wp\/v2\/product\/1770","targetHints":{"allow":["GET"]}}],"collection":[{"href":"https:\/\/www.consigel.com\/ca\/wp-json\/wp\/v2\/product"}],"about":[{"href":"https:\/\/www.consigel.com\/ca\/wp-json\/wp\/v2\/types\/product"}],"replies":[{"embeddable":true,"href":"https:\/\/www.consigel.com\/ca\/wp-json\/wp\/v2\/comments?post=1770"}],"wp:featuredmedia":[{"embeddable":true,"href":"https:\/\/www.consigel.com\/ca\/wp-json\/wp\/v2\/media\/1769"}],"wp:attachment":[{"href":"https:\/\/www.consigel.com\/ca\/wp-json\/wp\/v2\/media?parent=1770"}],"wp:term":[{"taxonomy":"product_cat","embeddable":true,"href":"https:\/\/www.consigel.com\/ca\/wp-json\/wp\/v2\/product_cat?post=1770"},{"taxonomy":"product_tag","embeddable":true,"href":"https:\/\/www.consigel.com\/ca\/wp-json\/wp\/v2\/product_tag?post=1770"}],"curies":[{"name":"wp","href":"https:\/\/api.w.org\/{rel}","templated":true}]}}