{"id":1768,"date":"2020-11-04T12:50:18","date_gmt":"2020-11-04T12:50:18","guid":{"rendered":"http:\/\/www.consigel.com\/product\/ravioli-liquido-de-chistorra\/"},"modified":"2020-11-04T12:50:18","modified_gmt":"2020-11-04T12:50:18","slug":"ravioli-liquido-de-chistorra","status":"publish","type":"product","link":"https:\/\/www.consigel.com\/ca\/producte\/ravioli-liquido-de-chistorra\/","title":{"rendered":"Ravioli liqu\u00eddo de chistorra"},"content":{"rendered":"<p>El exterior del ravioli es crujiente. Aperitivo para comer de un solo bocado que explosiona en el interior de tu boca que nos permite descubrir un interior l\u00edquido con intenso sabor a chistorra salteada. Un formato de lo m\u00e1s innovador para disfrutar de la mejor chistorra.<\/p>\n<p>Sin necesidad de descongelar previamente, fre\u00edr en abundante aceite caliente (180\u00baC). Fre\u00edr levemente para que el interior permanezca l\u00edquido.<\/p>\n<p>Formato<\/p>\n<p>caja de 3 bandejas de 35 unidades<\/p>\n<p>18 gr. la unidad<\/p>\n","protected":false},"excerpt":{"rendered":"<p>El exterior del ravioli es crujiente. Aperitivo para comer de un solo bocado que explosiona en el interior de tu boca que nos permite descubrir un interior l\u00edquido con intenso sabor a chistorra salteada. Un formato de lo m\u00e1s innovador para disfrutar de la mejor chistorra. Sin necesidad de descongelar previamente, fre\u00edr en abundante aceite [&#8230;]\n","protected":false},"featured_media":1767,"comment_status":"open","ping_status":"closed","template":"","meta":[],"product_cat":[34,111],"product_tag":[],"class_list":{"0":"post-1768","1":"product","2":"type-product","3":"status-publish","4":"has-post-thumbnail","6":"product_cat-aperitius","7":"product_cat-fregidora","9":"first","10":"outofstock","11":"shipping-taxable","12":"product-type-simple"},"yoast_head":"<!-- This site is optimized with the Yoast SEO plugin v23.3 - https:\/\/yoast.com\/wordpress\/plugins\/seo\/ -->\n<title>Ravioli liqu\u00eddo de chistorra - Consigel<\/title>\n<meta name=\"robots\" content=\"index, follow, max-snippet:-1, max-image-preview:large, max-video-preview:-1\" \/>\n<link rel=\"canonical\" href=\"https:\/\/www.consigel.com\/ca\/producte\/ravioli-liquido-de-chistorra\/\" \/>\n<meta property=\"og:locale\" content=\"ca_ES\" \/>\n<meta property=\"og:type\" content=\"article\" \/>\n<meta property=\"og:title\" content=\"Ravioli liqu\u00eddo de chistorra - Consigel\" \/>\n<meta property=\"og:description\" content=\"El exterior del ravioli es crujiente. Aperitivo para comer de un solo bocado que explosiona en el interior de tu boca que nos permite descubrir un interior l\u00edquido con intenso sabor a chistorra salteada. Un formato de lo m\u00e1s innovador para disfrutar de la mejor chistorra. Sin necesidad de descongelar previamente, fre\u00edr en abundante aceite [...]\" \/>\n<meta property=\"og:url\" content=\"https:\/\/www.consigel.com\/ca\/producte\/ravioli-liquido-de-chistorra\/\" \/>\n<meta property=\"og:site_name\" content=\"Consigel\" \/>\n<meta property=\"og:image\" content=\"https:\/\/www.consigel.com\/wp-content\/uploads\/2020\/11\/2011-thickbox_default-Ravioli-liquido-de-chistorra.jpg\" \/>\n\t<meta property=\"og:image:width\" content=\"1200\" \/>\n\t<meta property=\"og:image:height\" content=\"1200\" \/>\n\t<meta property=\"og:image:type\" content=\"image\/jpeg\" \/>\n<meta name=\"twitter:card\" content=\"summary_large_image\" \/>\n<script type=\"application\/ld+json\" class=\"yoast-schema-graph\">{\"@context\":\"https:\/\/schema.org\",\"@graph\":[{\"@type\":\"WebPage\",\"@id\":\"https:\/\/www.consigel.com\/ca\/producte\/ravioli-liquido-de-chistorra\/\",\"url\":\"https:\/\/www.consigel.com\/ca\/producte\/ravioli-liquido-de-chistorra\/\",\"name\":\"Ravioli liqu\u00eddo de chistorra - Consigel\",\"isPartOf\":{\"@id\":\"https:\/\/www.consigel.com\/ca\/#website\"},\"primaryImageOfPage\":{\"@id\":\"https:\/\/www.consigel.com\/ca\/producte\/ravioli-liquido-de-chistorra\/#primaryimage\"},\"image\":{\"@id\":\"https:\/\/www.consigel.com\/ca\/producte\/ravioli-liquido-de-chistorra\/#primaryimage\"},\"thumbnailUrl\":\"https:\/\/www.consigel.com\/wp-content\/uploads\/2020\/11\/2011-thickbox_default-Ravioli-liquido-de-chistorra.jpg\",\"datePublished\":\"2020-11-04T12:50:18+00:00\",\"dateModified\":\"2020-11-04T12:50:18+00:00\",\"breadcrumb\":{\"@id\":\"https:\/\/www.consigel.com\/ca\/producte\/ravioli-liquido-de-chistorra\/#breadcrumb\"},\"inLanguage\":\"ca\",\"potentialAction\":[{\"@type\":\"ReadAction\",\"target\":[\"https:\/\/www.consigel.com\/ca\/producte\/ravioli-liquido-de-chistorra\/\"]}]},{\"@type\":\"ImageObject\",\"inLanguage\":\"ca\",\"@id\":\"https:\/\/www.consigel.com\/ca\/producte\/ravioli-liquido-de-chistorra\/#primaryimage\",\"url\":\"https:\/\/www.consigel.com\/wp-content\/uploads\/2020\/11\/2011-thickbox_default-Ravioli-liquido-de-chistorra.jpg\",\"contentUrl\":\"https:\/\/www.consigel.com\/wp-content\/uploads\/2020\/11\/2011-thickbox_default-Ravioli-liquido-de-chistorra.jpg\",\"width\":1200,\"height\":1200,\"caption\":\"Ravioli liqu\u00eddo de chistorra\"},{\"@type\":\"BreadcrumbList\",\"@id\":\"https:\/\/www.consigel.com\/ca\/producte\/ravioli-liquido-de-chistorra\/#breadcrumb\",\"itemListElement\":[{\"@type\":\"ListItem\",\"position\":1,\"name\":\"Portada\",\"item\":\"https:\/\/www.consigel.com\/ca\/\"},{\"@type\":\"ListItem\",\"position\":2,\"name\":\"Shop\",\"item\":\"https:\/\/www.consigel.com\/ca\/shop\/\"},{\"@type\":\"ListItem\",\"position\":3,\"name\":\"Ravioli liqu\u00eddo de chistorra\"}]},{\"@type\":\"WebSite\",\"@id\":\"https:\/\/www.consigel.com\/ca\/#website\",\"url\":\"https:\/\/www.consigel.com\/ca\/\",\"name\":\"Consigel\",\"description\":\"\",\"potentialAction\":[{\"@type\":\"SearchAction\",\"target\":{\"@type\":\"EntryPoint\",\"urlTemplate\":\"https:\/\/www.consigel.com\/ca\/?s={search_term_string}\"},\"query-input\":\"required name=search_term_string\"}],\"inLanguage\":\"ca\"}]}<\/script>\n<!-- \/ Yoast SEO plugin. -->","yoast_head_json":{"title":"Ravioli liqu\u00eddo de chistorra - Consigel","robots":{"index":"index","follow":"follow","max-snippet":"max-snippet:-1","max-image-preview":"max-image-preview:large","max-video-preview":"max-video-preview:-1"},"canonical":"https:\/\/www.consigel.com\/ca\/producte\/ravioli-liquido-de-chistorra\/","og_locale":"ca_ES","og_type":"article","og_title":"Ravioli liqu\u00eddo de chistorra - Consigel","og_description":"El exterior del ravioli es crujiente. Aperitivo para comer de un solo bocado que explosiona en el interior de tu boca que nos permite descubrir un interior l\u00edquido con intenso sabor a chistorra salteada. Un formato de lo m\u00e1s innovador para disfrutar de la mejor chistorra. Sin necesidad de descongelar previamente, fre\u00edr en abundante aceite [...]","og_url":"https:\/\/www.consigel.com\/ca\/producte\/ravioli-liquido-de-chistorra\/","og_site_name":"Consigel","og_image":[{"width":1200,"height":1200,"url":"https:\/\/www.consigel.com\/wp-content\/uploads\/2020\/11\/2011-thickbox_default-Ravioli-liquido-de-chistorra.jpg","type":"image\/jpeg"}],"twitter_card":"summary_large_image","schema":{"@context":"https:\/\/schema.org","@graph":[{"@type":"WebPage","@id":"https:\/\/www.consigel.com\/ca\/producte\/ravioli-liquido-de-chistorra\/","url":"https:\/\/www.consigel.com\/ca\/producte\/ravioli-liquido-de-chistorra\/","name":"Ravioli liqu\u00eddo de chistorra - Consigel","isPartOf":{"@id":"https:\/\/www.consigel.com\/ca\/#website"},"primaryImageOfPage":{"@id":"https:\/\/www.consigel.com\/ca\/producte\/ravioli-liquido-de-chistorra\/#primaryimage"},"image":{"@id":"https:\/\/www.consigel.com\/ca\/producte\/ravioli-liquido-de-chistorra\/#primaryimage"},"thumbnailUrl":"https:\/\/www.consigel.com\/wp-content\/uploads\/2020\/11\/2011-thickbox_default-Ravioli-liquido-de-chistorra.jpg","datePublished":"2020-11-04T12:50:18+00:00","dateModified":"2020-11-04T12:50:18+00:00","breadcrumb":{"@id":"https:\/\/www.consigel.com\/ca\/producte\/ravioli-liquido-de-chistorra\/#breadcrumb"},"inLanguage":"ca","potentialAction":[{"@type":"ReadAction","target":["https:\/\/www.consigel.com\/ca\/producte\/ravioli-liquido-de-chistorra\/"]}]},{"@type":"ImageObject","inLanguage":"ca","@id":"https:\/\/www.consigel.com\/ca\/producte\/ravioli-liquido-de-chistorra\/#primaryimage","url":"https:\/\/www.consigel.com\/wp-content\/uploads\/2020\/11\/2011-thickbox_default-Ravioli-liquido-de-chistorra.jpg","contentUrl":"https:\/\/www.consigel.com\/wp-content\/uploads\/2020\/11\/2011-thickbox_default-Ravioli-liquido-de-chistorra.jpg","width":1200,"height":1200,"caption":"Ravioli liqu\u00eddo de chistorra"},{"@type":"BreadcrumbList","@id":"https:\/\/www.consigel.com\/ca\/producte\/ravioli-liquido-de-chistorra\/#breadcrumb","itemListElement":[{"@type":"ListItem","position":1,"name":"Portada","item":"https:\/\/www.consigel.com\/ca\/"},{"@type":"ListItem","position":2,"name":"Shop","item":"https:\/\/www.consigel.com\/ca\/shop\/"},{"@type":"ListItem","position":3,"name":"Ravioli liqu\u00eddo de chistorra"}]},{"@type":"WebSite","@id":"https:\/\/www.consigel.com\/ca\/#website","url":"https:\/\/www.consigel.com\/ca\/","name":"Consigel","description":"","potentialAction":[{"@type":"SearchAction","target":{"@type":"EntryPoint","urlTemplate":"https:\/\/www.consigel.com\/ca\/?s={search_term_string}"},"query-input":"required name=search_term_string"}],"inLanguage":"ca"}]}},"_links":{"self":[{"href":"https:\/\/www.consigel.com\/ca\/wp-json\/wp\/v2\/product\/1768","targetHints":{"allow":["GET"]}}],"collection":[{"href":"https:\/\/www.consigel.com\/ca\/wp-json\/wp\/v2\/product"}],"about":[{"href":"https:\/\/www.consigel.com\/ca\/wp-json\/wp\/v2\/types\/product"}],"replies":[{"embeddable":true,"href":"https:\/\/www.consigel.com\/ca\/wp-json\/wp\/v2\/comments?post=1768"}],"wp:featuredmedia":[{"embeddable":true,"href":"https:\/\/www.consigel.com\/ca\/wp-json\/wp\/v2\/media\/1767"}],"wp:attachment":[{"href":"https:\/\/www.consigel.com\/ca\/wp-json\/wp\/v2\/media?parent=1768"}],"wp:term":[{"taxonomy":"product_cat","embeddable":true,"href":"https:\/\/www.consigel.com\/ca\/wp-json\/wp\/v2\/product_cat?post=1768"},{"taxonomy":"product_tag","embeddable":true,"href":"https:\/\/www.consigel.com\/ca\/wp-json\/wp\/v2\/product_tag?post=1768"}],"curies":[{"name":"wp","href":"https:\/\/api.w.org\/{rel}","templated":true}]}}