{"id":1762,"date":"2020-11-04T12:03:29","date_gmt":"2020-11-04T12:03:29","guid":{"rendered":"http:\/\/www.consigel.com\/product\/gilda-con-anchoa\/"},"modified":"2020-11-04T12:03:29","modified_gmt":"2020-11-04T12:03:29","slug":"gilda-con-anchoa","status":"publish","type":"product","link":"https:\/\/www.consigel.com\/ca\/producte\/gilda-con-anchoa\/","title":{"rendered":"Gilda con anchoa"},"content":{"rendered":"<p>Con aut\u00e9ntica \u201cpiparra\u201d de Ibarra y anchoa o boquer\u00f3n del Cant\u00e1brico.<\/p>\n<p>Servir directamente ali\u00f1ando al gusto con aceite de oliva.<\/p>\n<p>\u00a0<\/p>\n<p>40 unidades por cubo<\/p>\n","protected":false},"excerpt":{"rendered":"<p>Con aut\u00e9ntica \u201cpiparra\u201d de Ibarra y anchoa o boquer\u00f3n del Cant\u00e1brico.<\/p>\n<p>Servir directamente ali\u00f1ando al gusto con aceite de oliva<\/p>\n","protected":false},"featured_media":1759,"comment_status":"open","ping_status":"closed","template":"","meta":[],"product_cat":[34,111,18],"product_tag":[],"class_list":{"0":"post-1762","1":"product","2":"type-product","3":"status-publish","4":"has-post-thumbnail","6":"product_cat-aperitius","7":"product_cat-fregidora","8":"product_cat-gastronomia","10":"first","11":"outofstock","12":"shipping-taxable","13":"product-type-simple"},"yoast_head":"<!-- This site is optimized with the Yoast SEO plugin v23.3 - https:\/\/yoast.com\/wordpress\/plugins\/seo\/ -->\n<title>Gilda con anchoa - Consigel<\/title>\n<meta name=\"robots\" content=\"index, follow, max-snippet:-1, max-image-preview:large, max-video-preview:-1\" \/>\n<link rel=\"canonical\" href=\"https:\/\/www.consigel.com\/ca\/producte\/gilda-con-anchoa\/\" \/>\n<meta property=\"og:locale\" content=\"ca_ES\" \/>\n<meta property=\"og:type\" content=\"article\" \/>\n<meta property=\"og:title\" content=\"Gilda con anchoa - Consigel\" \/>\n<meta property=\"og:description\" content=\"Con aut\u00e9ntica \u201cpiparra\u201d de Ibarra y anchoa o boquer\u00f3n del Cant\u00e1brico. Servir directamente ali\u00f1ando al gusto con aceite de oliva\" \/>\n<meta property=\"og:url\" content=\"https:\/\/www.consigel.com\/ca\/producte\/gilda-con-anchoa\/\" \/>\n<meta property=\"og:site_name\" content=\"Consigel\" \/>\n<meta property=\"og:image\" content=\"https:\/\/www.consigel.com\/wp-content\/uploads\/2020\/11\/1999-thickbox_default-Gilda-con-anchoa.jpg\" \/>\n\t<meta property=\"og:image:width\" content=\"1200\" \/>\n\t<meta property=\"og:image:height\" content=\"1200\" \/>\n\t<meta property=\"og:image:type\" content=\"image\/jpeg\" \/>\n<meta name=\"twitter:card\" content=\"summary_large_image\" \/>\n<script type=\"application\/ld+json\" class=\"yoast-schema-graph\">{\"@context\":\"https:\/\/schema.org\",\"@graph\":[{\"@type\":\"WebPage\",\"@id\":\"https:\/\/www.consigel.com\/ca\/producte\/gilda-con-anchoa\/\",\"url\":\"https:\/\/www.consigel.com\/ca\/producte\/gilda-con-anchoa\/\",\"name\":\"Gilda con anchoa - Consigel\",\"isPartOf\":{\"@id\":\"https:\/\/www.consigel.com\/ca\/#website\"},\"primaryImageOfPage\":{\"@id\":\"https:\/\/www.consigel.com\/ca\/producte\/gilda-con-anchoa\/#primaryimage\"},\"image\":{\"@id\":\"https:\/\/www.consigel.com\/ca\/producte\/gilda-con-anchoa\/#primaryimage\"},\"thumbnailUrl\":\"https:\/\/www.consigel.com\/wp-content\/uploads\/2020\/11\/1999-thickbox_default-Gilda-con-anchoa.jpg\",\"datePublished\":\"2020-11-04T12:03:29+00:00\",\"dateModified\":\"2020-11-04T12:03:29+00:00\",\"breadcrumb\":{\"@id\":\"https:\/\/www.consigel.com\/ca\/producte\/gilda-con-anchoa\/#breadcrumb\"},\"inLanguage\":\"ca\",\"potentialAction\":[{\"@type\":\"ReadAction\",\"target\":[\"https:\/\/www.consigel.com\/ca\/producte\/gilda-con-anchoa\/\"]}]},{\"@type\":\"ImageObject\",\"inLanguage\":\"ca\",\"@id\":\"https:\/\/www.consigel.com\/ca\/producte\/gilda-con-anchoa\/#primaryimage\",\"url\":\"https:\/\/www.consigel.com\/wp-content\/uploads\/2020\/11\/1999-thickbox_default-Gilda-con-anchoa.jpg\",\"contentUrl\":\"https:\/\/www.consigel.com\/wp-content\/uploads\/2020\/11\/1999-thickbox_default-Gilda-con-anchoa.jpg\",\"width\":1200,\"height\":1200,\"caption\":\"Gilda con anchoa\"},{\"@type\":\"BreadcrumbList\",\"@id\":\"https:\/\/www.consigel.com\/ca\/producte\/gilda-con-anchoa\/#breadcrumb\",\"itemListElement\":[{\"@type\":\"ListItem\",\"position\":1,\"name\":\"Portada\",\"item\":\"https:\/\/www.consigel.com\/ca\/\"},{\"@type\":\"ListItem\",\"position\":2,\"name\":\"Shop\",\"item\":\"https:\/\/www.consigel.com\/ca\/shop\/\"},{\"@type\":\"ListItem\",\"position\":3,\"name\":\"Gilda con anchoa\"}]},{\"@type\":\"WebSite\",\"@id\":\"https:\/\/www.consigel.com\/ca\/#website\",\"url\":\"https:\/\/www.consigel.com\/ca\/\",\"name\":\"Consigel\",\"description\":\"\",\"potentialAction\":[{\"@type\":\"SearchAction\",\"target\":{\"@type\":\"EntryPoint\",\"urlTemplate\":\"https:\/\/www.consigel.com\/ca\/?s={search_term_string}\"},\"query-input\":\"required name=search_term_string\"}],\"inLanguage\":\"ca\"}]}<\/script>\n<!-- \/ Yoast SEO plugin. -->","yoast_head_json":{"title":"Gilda con anchoa - Consigel","robots":{"index":"index","follow":"follow","max-snippet":"max-snippet:-1","max-image-preview":"max-image-preview:large","max-video-preview":"max-video-preview:-1"},"canonical":"https:\/\/www.consigel.com\/ca\/producte\/gilda-con-anchoa\/","og_locale":"ca_ES","og_type":"article","og_title":"Gilda con anchoa - Consigel","og_description":"Con aut\u00e9ntica \u201cpiparra\u201d de Ibarra y anchoa o boquer\u00f3n del Cant\u00e1brico. Servir directamente ali\u00f1ando al gusto con aceite de oliva","og_url":"https:\/\/www.consigel.com\/ca\/producte\/gilda-con-anchoa\/","og_site_name":"Consigel","og_image":[{"width":1200,"height":1200,"url":"https:\/\/www.consigel.com\/wp-content\/uploads\/2020\/11\/1999-thickbox_default-Gilda-con-anchoa.jpg","type":"image\/jpeg"}],"twitter_card":"summary_large_image","schema":{"@context":"https:\/\/schema.org","@graph":[{"@type":"WebPage","@id":"https:\/\/www.consigel.com\/ca\/producte\/gilda-con-anchoa\/","url":"https:\/\/www.consigel.com\/ca\/producte\/gilda-con-anchoa\/","name":"Gilda con anchoa - Consigel","isPartOf":{"@id":"https:\/\/www.consigel.com\/ca\/#website"},"primaryImageOfPage":{"@id":"https:\/\/www.consigel.com\/ca\/producte\/gilda-con-anchoa\/#primaryimage"},"image":{"@id":"https:\/\/www.consigel.com\/ca\/producte\/gilda-con-anchoa\/#primaryimage"},"thumbnailUrl":"https:\/\/www.consigel.com\/wp-content\/uploads\/2020\/11\/1999-thickbox_default-Gilda-con-anchoa.jpg","datePublished":"2020-11-04T12:03:29+00:00","dateModified":"2020-11-04T12:03:29+00:00","breadcrumb":{"@id":"https:\/\/www.consigel.com\/ca\/producte\/gilda-con-anchoa\/#breadcrumb"},"inLanguage":"ca","potentialAction":[{"@type":"ReadAction","target":["https:\/\/www.consigel.com\/ca\/producte\/gilda-con-anchoa\/"]}]},{"@type":"ImageObject","inLanguage":"ca","@id":"https:\/\/www.consigel.com\/ca\/producte\/gilda-con-anchoa\/#primaryimage","url":"https:\/\/www.consigel.com\/wp-content\/uploads\/2020\/11\/1999-thickbox_default-Gilda-con-anchoa.jpg","contentUrl":"https:\/\/www.consigel.com\/wp-content\/uploads\/2020\/11\/1999-thickbox_default-Gilda-con-anchoa.jpg","width":1200,"height":1200,"caption":"Gilda con anchoa"},{"@type":"BreadcrumbList","@id":"https:\/\/www.consigel.com\/ca\/producte\/gilda-con-anchoa\/#breadcrumb","itemListElement":[{"@type":"ListItem","position":1,"name":"Portada","item":"https:\/\/www.consigel.com\/ca\/"},{"@type":"ListItem","position":2,"name":"Shop","item":"https:\/\/www.consigel.com\/ca\/shop\/"},{"@type":"ListItem","position":3,"name":"Gilda con anchoa"}]},{"@type":"WebSite","@id":"https:\/\/www.consigel.com\/ca\/#website","url":"https:\/\/www.consigel.com\/ca\/","name":"Consigel","description":"","potentialAction":[{"@type":"SearchAction","target":{"@type":"EntryPoint","urlTemplate":"https:\/\/www.consigel.com\/ca\/?s={search_term_string}"},"query-input":"required name=search_term_string"}],"inLanguage":"ca"}]}},"_links":{"self":[{"href":"https:\/\/www.consigel.com\/ca\/wp-json\/wp\/v2\/product\/1762","targetHints":{"allow":["GET"]}}],"collection":[{"href":"https:\/\/www.consigel.com\/ca\/wp-json\/wp\/v2\/product"}],"about":[{"href":"https:\/\/www.consigel.com\/ca\/wp-json\/wp\/v2\/types\/product"}],"replies":[{"embeddable":true,"href":"https:\/\/www.consigel.com\/ca\/wp-json\/wp\/v2\/comments?post=1762"}],"wp:featuredmedia":[{"embeddable":true,"href":"https:\/\/www.consigel.com\/ca\/wp-json\/wp\/v2\/media\/1759"}],"wp:attachment":[{"href":"https:\/\/www.consigel.com\/ca\/wp-json\/wp\/v2\/media?parent=1762"}],"wp:term":[{"taxonomy":"product_cat","embeddable":true,"href":"https:\/\/www.consigel.com\/ca\/wp-json\/wp\/v2\/product_cat?post=1762"},{"taxonomy":"product_tag","embeddable":true,"href":"https:\/\/www.consigel.com\/ca\/wp-json\/wp\/v2\/product_tag?post=1762"}],"curies":[{"name":"wp","href":"https:\/\/api.w.org\/{rel}","templated":true}]}}