{"id":1678,"date":"2020-11-03T12:54:35","date_gmt":"2020-11-03T12:54:35","guid":{"rendered":"http:\/\/www.consigel.com\/product\/anchoa-00-l-escala-el-xillu\/"},"modified":"2020-11-03T12:54:35","modified_gmt":"2020-11-03T12:54:35","slug":"anchoa-00-l-escala-el-xillu","status":"publish","type":"product","link":"https:\/\/www.consigel.com\/ca\/producte\/anchoa-00-l-escala-el-xillu\/","title":{"rendered":"Anchoa 00 l&#8217;escala el Xillu"},"content":{"rendered":"<table border=\"0\">\n<tbody>\n<tr>\n<td>El Xillu desde 1974 a la Escala, un pueblo de la Costa Brava ba\u00f1ado por el mediterrani.Aquesta Poblaci\u00f3n marinera conocida en todo el mundo por su actividad milenaria, la conserva de Anchoas en sal.<\/p>\n<p>El Xillu, heredero de esta tradici\u00f3n familiar, ha preservado y mejorado los m\u00e9todos tradicionales de preparaci\u00f3n de la anchoa.<\/p>\n<p>A Anchoas el Xillu tratamos y elaboramos este refinado producto del mediterr\u00e1neo, con las artes tradicionales, naturales y artesanales posibles, ayudados s\u00f3lo con la tecn\u00f3loga indispensable para ofrecer el mismo sabor de siempre al selecto mundo de la gastronom\u00eda<\/td>\n<td>\u00a0<\/td>\n<\/tr>\n<\/tbody>\n<\/table>\n","protected":false},"excerpt":{"rendered":"<p>El Xillu desde 1974 a la Escala, un pueblo de la Costa Brava ba\u00f1ado por el mediterrani.Aquesta Poblaci\u00f3n marinera conocida en todo el mundo por su actividad milenaria, la conserva de Anchoas en sal. El Xillu, heredero de esta tradici\u00f3n familiar, ha preservado y mejorado los m\u00e9todos tradicionales de preparaci\u00f3n de la anchoa. A Anchoas [&#8230;]\n","protected":false},"featured_media":1677,"comment_status":"open","ping_status":"closed","template":"","meta":[],"product_cat":[47,132],"product_tag":[],"class_list":{"0":"post-1678","1":"product","2":"type-product","3":"status-publish","4":"has-post-thumbnail","6":"product_cat-productes-mar","7":"product_cat-anxova-seito","9":"first","10":"outofstock","11":"shipping-taxable","12":"product-type-simple"},"yoast_head":"<!-- This site is optimized with the Yoast SEO plugin v23.3 - https:\/\/yoast.com\/wordpress\/plugins\/seo\/ -->\n<title>Anchoa 00 l&#039;escala el Xillu - Consigel<\/title>\n<meta name=\"robots\" content=\"index, follow, max-snippet:-1, max-image-preview:large, max-video-preview:-1\" \/>\n<link rel=\"canonical\" href=\"https:\/\/www.consigel.com\/ca\/producte\/anchoa-00-l-escala-el-xillu\/\" \/>\n<meta property=\"og:locale\" content=\"ca_ES\" \/>\n<meta property=\"og:type\" content=\"article\" \/>\n<meta property=\"og:title\" content=\"Anchoa 00 l&#039;escala el Xillu - Consigel\" \/>\n<meta property=\"og:description\" content=\"El Xillu desde 1974 a la Escala, un pueblo de la Costa Brava ba\u00f1ado por el mediterrani.Aquesta Poblaci\u00f3n marinera conocida en todo el mundo por su actividad milenaria, la conserva de Anchoas en sal. El Xillu, heredero de esta tradici\u00f3n familiar, ha preservado y mejorado los m\u00e9todos tradicionales de preparaci\u00f3n de la anchoa. A Anchoas [...]\" \/>\n<meta property=\"og:url\" content=\"https:\/\/www.consigel.com\/ca\/producte\/anchoa-00-l-escala-el-xillu\/\" \/>\n<meta property=\"og:site_name\" content=\"Consigel\" \/>\n<meta property=\"og:image\" content=\"https:\/\/www.consigel.com\/wp-content\/uploads\/2020\/11\/1916-thickbox_default-Anchoa-00-lescala-el-Xillu.jpg\" \/>\n\t<meta property=\"og:image:width\" content=\"1200\" \/>\n\t<meta property=\"og:image:height\" content=\"1200\" \/>\n\t<meta property=\"og:image:type\" content=\"image\/jpeg\" \/>\n<meta name=\"twitter:card\" content=\"summary_large_image\" \/>\n<meta name=\"twitter:label1\" content=\"Temps estimat de lectura\" \/>\n\t<meta name=\"twitter:data1\" content=\"1 minut\" \/>\n<script type=\"application\/ld+json\" class=\"yoast-schema-graph\">{\"@context\":\"https:\/\/schema.org\",\"@graph\":[{\"@type\":\"WebPage\",\"@id\":\"https:\/\/www.consigel.com\/ca\/producte\/anchoa-00-l-escala-el-xillu\/\",\"url\":\"https:\/\/www.consigel.com\/ca\/producte\/anchoa-00-l-escala-el-xillu\/\",\"name\":\"Anchoa 00 l'escala el Xillu - Consigel\",\"isPartOf\":{\"@id\":\"https:\/\/www.consigel.com\/ca\/#website\"},\"primaryImageOfPage\":{\"@id\":\"https:\/\/www.consigel.com\/ca\/producte\/anchoa-00-l-escala-el-xillu\/#primaryimage\"},\"image\":{\"@id\":\"https:\/\/www.consigel.com\/ca\/producte\/anchoa-00-l-escala-el-xillu\/#primaryimage\"},\"thumbnailUrl\":\"https:\/\/www.consigel.com\/wp-content\/uploads\/2020\/11\/1916-thickbox_default-Anchoa-00-lescala-el-Xillu.jpg\",\"datePublished\":\"2020-11-03T12:54:35+00:00\",\"dateModified\":\"2020-11-03T12:54:35+00:00\",\"breadcrumb\":{\"@id\":\"https:\/\/www.consigel.com\/ca\/producte\/anchoa-00-l-escala-el-xillu\/#breadcrumb\"},\"inLanguage\":\"ca\",\"potentialAction\":[{\"@type\":\"ReadAction\",\"target\":[\"https:\/\/www.consigel.com\/ca\/producte\/anchoa-00-l-escala-el-xillu\/\"]}]},{\"@type\":\"ImageObject\",\"inLanguage\":\"ca\",\"@id\":\"https:\/\/www.consigel.com\/ca\/producte\/anchoa-00-l-escala-el-xillu\/#primaryimage\",\"url\":\"https:\/\/www.consigel.com\/wp-content\/uploads\/2020\/11\/1916-thickbox_default-Anchoa-00-lescala-el-Xillu.jpg\",\"contentUrl\":\"https:\/\/www.consigel.com\/wp-content\/uploads\/2020\/11\/1916-thickbox_default-Anchoa-00-lescala-el-Xillu.jpg\",\"width\":1200,\"height\":1200,\"caption\":\"Anchoa 00 l'escala el Xillu\"},{\"@type\":\"BreadcrumbList\",\"@id\":\"https:\/\/www.consigel.com\/ca\/producte\/anchoa-00-l-escala-el-xillu\/#breadcrumb\",\"itemListElement\":[{\"@type\":\"ListItem\",\"position\":1,\"name\":\"Portada\",\"item\":\"https:\/\/www.consigel.com\/ca\/\"},{\"@type\":\"ListItem\",\"position\":2,\"name\":\"Shop\",\"item\":\"https:\/\/www.consigel.com\/ca\/shop\/\"},{\"@type\":\"ListItem\",\"position\":3,\"name\":\"Anchoa 00 l&#8217;escala el Xillu\"}]},{\"@type\":\"WebSite\",\"@id\":\"https:\/\/www.consigel.com\/ca\/#website\",\"url\":\"https:\/\/www.consigel.com\/ca\/\",\"name\":\"Consigel\",\"description\":\"\",\"potentialAction\":[{\"@type\":\"SearchAction\",\"target\":{\"@type\":\"EntryPoint\",\"urlTemplate\":\"https:\/\/www.consigel.com\/ca\/?s={search_term_string}\"},\"query-input\":\"required name=search_term_string\"}],\"inLanguage\":\"ca\"}]}<\/script>\n<!-- \/ Yoast SEO plugin. -->","yoast_head_json":{"title":"Anchoa 00 l'escala el Xillu - Consigel","robots":{"index":"index","follow":"follow","max-snippet":"max-snippet:-1","max-image-preview":"max-image-preview:large","max-video-preview":"max-video-preview:-1"},"canonical":"https:\/\/www.consigel.com\/ca\/producte\/anchoa-00-l-escala-el-xillu\/","og_locale":"ca_ES","og_type":"article","og_title":"Anchoa 00 l'escala el Xillu - Consigel","og_description":"El Xillu desde 1974 a la Escala, un pueblo de la Costa Brava ba\u00f1ado por el mediterrani.Aquesta Poblaci\u00f3n marinera conocida en todo el mundo por su actividad milenaria, la conserva de Anchoas en sal. El Xillu, heredero de esta tradici\u00f3n familiar, ha preservado y mejorado los m\u00e9todos tradicionales de preparaci\u00f3n de la anchoa. A Anchoas [...]","og_url":"https:\/\/www.consigel.com\/ca\/producte\/anchoa-00-l-escala-el-xillu\/","og_site_name":"Consigel","og_image":[{"width":1200,"height":1200,"url":"https:\/\/www.consigel.com\/wp-content\/uploads\/2020\/11\/1916-thickbox_default-Anchoa-00-lescala-el-Xillu.jpg","type":"image\/jpeg"}],"twitter_card":"summary_large_image","twitter_misc":{"Temps estimat de lectura":"1 minut"},"schema":{"@context":"https:\/\/schema.org","@graph":[{"@type":"WebPage","@id":"https:\/\/www.consigel.com\/ca\/producte\/anchoa-00-l-escala-el-xillu\/","url":"https:\/\/www.consigel.com\/ca\/producte\/anchoa-00-l-escala-el-xillu\/","name":"Anchoa 00 l'escala el Xillu - Consigel","isPartOf":{"@id":"https:\/\/www.consigel.com\/ca\/#website"},"primaryImageOfPage":{"@id":"https:\/\/www.consigel.com\/ca\/producte\/anchoa-00-l-escala-el-xillu\/#primaryimage"},"image":{"@id":"https:\/\/www.consigel.com\/ca\/producte\/anchoa-00-l-escala-el-xillu\/#primaryimage"},"thumbnailUrl":"https:\/\/www.consigel.com\/wp-content\/uploads\/2020\/11\/1916-thickbox_default-Anchoa-00-lescala-el-Xillu.jpg","datePublished":"2020-11-03T12:54:35+00:00","dateModified":"2020-11-03T12:54:35+00:00","breadcrumb":{"@id":"https:\/\/www.consigel.com\/ca\/producte\/anchoa-00-l-escala-el-xillu\/#breadcrumb"},"inLanguage":"ca","potentialAction":[{"@type":"ReadAction","target":["https:\/\/www.consigel.com\/ca\/producte\/anchoa-00-l-escala-el-xillu\/"]}]},{"@type":"ImageObject","inLanguage":"ca","@id":"https:\/\/www.consigel.com\/ca\/producte\/anchoa-00-l-escala-el-xillu\/#primaryimage","url":"https:\/\/www.consigel.com\/wp-content\/uploads\/2020\/11\/1916-thickbox_default-Anchoa-00-lescala-el-Xillu.jpg","contentUrl":"https:\/\/www.consigel.com\/wp-content\/uploads\/2020\/11\/1916-thickbox_default-Anchoa-00-lescala-el-Xillu.jpg","width":1200,"height":1200,"caption":"Anchoa 00 l'escala el Xillu"},{"@type":"BreadcrumbList","@id":"https:\/\/www.consigel.com\/ca\/producte\/anchoa-00-l-escala-el-xillu\/#breadcrumb","itemListElement":[{"@type":"ListItem","position":1,"name":"Portada","item":"https:\/\/www.consigel.com\/ca\/"},{"@type":"ListItem","position":2,"name":"Shop","item":"https:\/\/www.consigel.com\/ca\/shop\/"},{"@type":"ListItem","position":3,"name":"Anchoa 00 l&#8217;escala el Xillu"}]},{"@type":"WebSite","@id":"https:\/\/www.consigel.com\/ca\/#website","url":"https:\/\/www.consigel.com\/ca\/","name":"Consigel","description":"","potentialAction":[{"@type":"SearchAction","target":{"@type":"EntryPoint","urlTemplate":"https:\/\/www.consigel.com\/ca\/?s={search_term_string}"},"query-input":"required name=search_term_string"}],"inLanguage":"ca"}]}},"_links":{"self":[{"href":"https:\/\/www.consigel.com\/ca\/wp-json\/wp\/v2\/product\/1678","targetHints":{"allow":["GET"]}}],"collection":[{"href":"https:\/\/www.consigel.com\/ca\/wp-json\/wp\/v2\/product"}],"about":[{"href":"https:\/\/www.consigel.com\/ca\/wp-json\/wp\/v2\/types\/product"}],"replies":[{"embeddable":true,"href":"https:\/\/www.consigel.com\/ca\/wp-json\/wp\/v2\/comments?post=1678"}],"wp:featuredmedia":[{"embeddable":true,"href":"https:\/\/www.consigel.com\/ca\/wp-json\/wp\/v2\/media\/1677"}],"wp:attachment":[{"href":"https:\/\/www.consigel.com\/ca\/wp-json\/wp\/v2\/media?parent=1678"}],"wp:term":[{"taxonomy":"product_cat","embeddable":true,"href":"https:\/\/www.consigel.com\/ca\/wp-json\/wp\/v2\/product_cat?post=1678"},{"taxonomy":"product_tag","embeddable":true,"href":"https:\/\/www.consigel.com\/ca\/wp-json\/wp\/v2\/product_tag?post=1678"}],"curies":[{"name":"wp","href":"https:\/\/api.w.org\/{rel}","templated":true}]}}