{"id":1661,"date":"2020-11-03T12:15:24","date_gmt":"2020-11-03T12:15:24","guid":{"rendered":"http:\/\/www.consigel.com\/product\/lomo-de-salmon-ahumado-con-citricos-y-pipas\/"},"modified":"2020-11-03T12:15:24","modified_gmt":"2020-11-03T12:15:24","slug":"lomo-de-salmon-ahumado-con-citricos-y-pipas","status":"publish","type":"product","link":"https:\/\/www.consigel.com\/ca\/producte\/lomo-de-salmon-ahumado-con-citricos-y-pipas\/","title":{"rendered":"Lomo de salm\u00f3n ahumado con citricos y pipas"},"content":{"rendered":"<p>Una crujiente experiencia de salm\u00f3n maridado con refrescante aroma. Toda una experiencia gastron\u00f3mica mediterr\u00e1nea.<\/p>\n<p>Formatos :<\/p>\n<p>150 gr. y 500 gr. Aprox.<\/p>\n","protected":false},"excerpt":{"rendered":"<p>Una crujiente experiencia de salm\u00f3n maridado con refrescante aroma. Toda una experiencia gastron\u00f3mica mediterr\u00e1nea. Formatos : 150 gr. y 500 gr. Aprox.<\/p>\n","protected":false},"featured_media":1659,"comment_status":"open","ping_status":"closed","template":"","meta":[],"product_cat":[110,47],"product_tag":[],"class_list":{"0":"post-1661","1":"product","2":"type-product","3":"status-publish","4":"has-post-thumbnail","6":"product_cat-fumats","7":"product_cat-productes-mar","9":"first","10":"outofstock","11":"shipping-taxable","12":"product-type-simple"},"yoast_head":"<!-- This site is optimized with the Yoast SEO plugin v23.3 - https:\/\/yoast.com\/wordpress\/plugins\/seo\/ -->\n<title>Lomo de salm\u00f3n ahumado con citricos y pipas - Consigel<\/title>\n<meta name=\"robots\" content=\"index, follow, max-snippet:-1, max-image-preview:large, max-video-preview:-1\" \/>\n<link rel=\"canonical\" href=\"https:\/\/www.consigel.com\/ca\/producte\/lomo-de-salmon-ahumado-con-citricos-y-pipas\/\" \/>\n<meta property=\"og:locale\" content=\"ca_ES\" \/>\n<meta property=\"og:type\" content=\"article\" \/>\n<meta property=\"og:title\" content=\"Lomo de salm\u00f3n ahumado con citricos y pipas - Consigel\" \/>\n<meta property=\"og:description\" content=\"Una crujiente experiencia de salm\u00f3n maridado con refrescante aroma. Toda una experiencia gastron\u00f3mica mediterr\u00e1nea. Formatos : 150 gr. y 500 gr. Aprox.\" \/>\n<meta property=\"og:url\" content=\"https:\/\/www.consigel.com\/ca\/producte\/lomo-de-salmon-ahumado-con-citricos-y-pipas\/\" \/>\n<meta property=\"og:site_name\" content=\"Consigel\" \/>\n<meta property=\"og:image\" content=\"https:\/\/www.consigel.com\/wp-content\/uploads\/2020\/11\/1905-thickbox_default-Lomo-de-salmon-ahumado-con-citricos-y-pipas.jpg\" \/>\n\t<meta property=\"og:image:width\" content=\"1200\" \/>\n\t<meta property=\"og:image:height\" content=\"1200\" \/>\n\t<meta property=\"og:image:type\" content=\"image\/jpeg\" \/>\n<meta name=\"twitter:card\" content=\"summary_large_image\" \/>\n<script type=\"application\/ld+json\" class=\"yoast-schema-graph\">{\"@context\":\"https:\/\/schema.org\",\"@graph\":[{\"@type\":\"WebPage\",\"@id\":\"https:\/\/www.consigel.com\/ca\/producte\/lomo-de-salmon-ahumado-con-citricos-y-pipas\/\",\"url\":\"https:\/\/www.consigel.com\/ca\/producte\/lomo-de-salmon-ahumado-con-citricos-y-pipas\/\",\"name\":\"Lomo de salm\u00f3n ahumado con citricos y pipas - Consigel\",\"isPartOf\":{\"@id\":\"https:\/\/www.consigel.com\/ca\/#website\"},\"primaryImageOfPage\":{\"@id\":\"https:\/\/www.consigel.com\/ca\/producte\/lomo-de-salmon-ahumado-con-citricos-y-pipas\/#primaryimage\"},\"image\":{\"@id\":\"https:\/\/www.consigel.com\/ca\/producte\/lomo-de-salmon-ahumado-con-citricos-y-pipas\/#primaryimage\"},\"thumbnailUrl\":\"https:\/\/www.consigel.com\/wp-content\/uploads\/2020\/11\/1905-thickbox_default-Lomo-de-salmon-ahumado-con-citricos-y-pipas.jpg\",\"datePublished\":\"2020-11-03T12:15:24+00:00\",\"dateModified\":\"2020-11-03T12:15:24+00:00\",\"breadcrumb\":{\"@id\":\"https:\/\/www.consigel.com\/ca\/producte\/lomo-de-salmon-ahumado-con-citricos-y-pipas\/#breadcrumb\"},\"inLanguage\":\"ca\",\"potentialAction\":[{\"@type\":\"ReadAction\",\"target\":[\"https:\/\/www.consigel.com\/ca\/producte\/lomo-de-salmon-ahumado-con-citricos-y-pipas\/\"]}]},{\"@type\":\"ImageObject\",\"inLanguage\":\"ca\",\"@id\":\"https:\/\/www.consigel.com\/ca\/producte\/lomo-de-salmon-ahumado-con-citricos-y-pipas\/#primaryimage\",\"url\":\"https:\/\/www.consigel.com\/wp-content\/uploads\/2020\/11\/1905-thickbox_default-Lomo-de-salmon-ahumado-con-citricos-y-pipas.jpg\",\"contentUrl\":\"https:\/\/www.consigel.com\/wp-content\/uploads\/2020\/11\/1905-thickbox_default-Lomo-de-salmon-ahumado-con-citricos-y-pipas.jpg\",\"width\":1200,\"height\":1200,\"caption\":\"Lomo de salm\u00f3n ahumado con citricos y pipas\"},{\"@type\":\"BreadcrumbList\",\"@id\":\"https:\/\/www.consigel.com\/ca\/producte\/lomo-de-salmon-ahumado-con-citricos-y-pipas\/#breadcrumb\",\"itemListElement\":[{\"@type\":\"ListItem\",\"position\":1,\"name\":\"Portada\",\"item\":\"https:\/\/www.consigel.com\/ca\/\"},{\"@type\":\"ListItem\",\"position\":2,\"name\":\"Shop\",\"item\":\"https:\/\/www.consigel.com\/ca\/shop\/\"},{\"@type\":\"ListItem\",\"position\":3,\"name\":\"Lomo de salm\u00f3n ahumado con citricos y pipas\"}]},{\"@type\":\"WebSite\",\"@id\":\"https:\/\/www.consigel.com\/ca\/#website\",\"url\":\"https:\/\/www.consigel.com\/ca\/\",\"name\":\"Consigel\",\"description\":\"\",\"potentialAction\":[{\"@type\":\"SearchAction\",\"target\":{\"@type\":\"EntryPoint\",\"urlTemplate\":\"https:\/\/www.consigel.com\/ca\/?s={search_term_string}\"},\"query-input\":\"required name=search_term_string\"}],\"inLanguage\":\"ca\"}]}<\/script>\n<!-- \/ Yoast SEO plugin. -->","yoast_head_json":{"title":"Lomo de salm\u00f3n ahumado con citricos y pipas - Consigel","robots":{"index":"index","follow":"follow","max-snippet":"max-snippet:-1","max-image-preview":"max-image-preview:large","max-video-preview":"max-video-preview:-1"},"canonical":"https:\/\/www.consigel.com\/ca\/producte\/lomo-de-salmon-ahumado-con-citricos-y-pipas\/","og_locale":"ca_ES","og_type":"article","og_title":"Lomo de salm\u00f3n ahumado con citricos y pipas - Consigel","og_description":"Una crujiente experiencia de salm\u00f3n maridado con refrescante aroma. Toda una experiencia gastron\u00f3mica mediterr\u00e1nea. Formatos : 150 gr. y 500 gr. Aprox.","og_url":"https:\/\/www.consigel.com\/ca\/producte\/lomo-de-salmon-ahumado-con-citricos-y-pipas\/","og_site_name":"Consigel","og_image":[{"width":1200,"height":1200,"url":"https:\/\/www.consigel.com\/wp-content\/uploads\/2020\/11\/1905-thickbox_default-Lomo-de-salmon-ahumado-con-citricos-y-pipas.jpg","type":"image\/jpeg"}],"twitter_card":"summary_large_image","schema":{"@context":"https:\/\/schema.org","@graph":[{"@type":"WebPage","@id":"https:\/\/www.consigel.com\/ca\/producte\/lomo-de-salmon-ahumado-con-citricos-y-pipas\/","url":"https:\/\/www.consigel.com\/ca\/producte\/lomo-de-salmon-ahumado-con-citricos-y-pipas\/","name":"Lomo de salm\u00f3n ahumado con citricos y pipas - Consigel","isPartOf":{"@id":"https:\/\/www.consigel.com\/ca\/#website"},"primaryImageOfPage":{"@id":"https:\/\/www.consigel.com\/ca\/producte\/lomo-de-salmon-ahumado-con-citricos-y-pipas\/#primaryimage"},"image":{"@id":"https:\/\/www.consigel.com\/ca\/producte\/lomo-de-salmon-ahumado-con-citricos-y-pipas\/#primaryimage"},"thumbnailUrl":"https:\/\/www.consigel.com\/wp-content\/uploads\/2020\/11\/1905-thickbox_default-Lomo-de-salmon-ahumado-con-citricos-y-pipas.jpg","datePublished":"2020-11-03T12:15:24+00:00","dateModified":"2020-11-03T12:15:24+00:00","breadcrumb":{"@id":"https:\/\/www.consigel.com\/ca\/producte\/lomo-de-salmon-ahumado-con-citricos-y-pipas\/#breadcrumb"},"inLanguage":"ca","potentialAction":[{"@type":"ReadAction","target":["https:\/\/www.consigel.com\/ca\/producte\/lomo-de-salmon-ahumado-con-citricos-y-pipas\/"]}]},{"@type":"ImageObject","inLanguage":"ca","@id":"https:\/\/www.consigel.com\/ca\/producte\/lomo-de-salmon-ahumado-con-citricos-y-pipas\/#primaryimage","url":"https:\/\/www.consigel.com\/wp-content\/uploads\/2020\/11\/1905-thickbox_default-Lomo-de-salmon-ahumado-con-citricos-y-pipas.jpg","contentUrl":"https:\/\/www.consigel.com\/wp-content\/uploads\/2020\/11\/1905-thickbox_default-Lomo-de-salmon-ahumado-con-citricos-y-pipas.jpg","width":1200,"height":1200,"caption":"Lomo de salm\u00f3n ahumado con citricos y pipas"},{"@type":"BreadcrumbList","@id":"https:\/\/www.consigel.com\/ca\/producte\/lomo-de-salmon-ahumado-con-citricos-y-pipas\/#breadcrumb","itemListElement":[{"@type":"ListItem","position":1,"name":"Portada","item":"https:\/\/www.consigel.com\/ca\/"},{"@type":"ListItem","position":2,"name":"Shop","item":"https:\/\/www.consigel.com\/ca\/shop\/"},{"@type":"ListItem","position":3,"name":"Lomo de salm\u00f3n ahumado con citricos y pipas"}]},{"@type":"WebSite","@id":"https:\/\/www.consigel.com\/ca\/#website","url":"https:\/\/www.consigel.com\/ca\/","name":"Consigel","description":"","potentialAction":[{"@type":"SearchAction","target":{"@type":"EntryPoint","urlTemplate":"https:\/\/www.consigel.com\/ca\/?s={search_term_string}"},"query-input":"required name=search_term_string"}],"inLanguage":"ca"}]}},"_links":{"self":[{"href":"https:\/\/www.consigel.com\/ca\/wp-json\/wp\/v2\/product\/1661","targetHints":{"allow":["GET"]}}],"collection":[{"href":"https:\/\/www.consigel.com\/ca\/wp-json\/wp\/v2\/product"}],"about":[{"href":"https:\/\/www.consigel.com\/ca\/wp-json\/wp\/v2\/types\/product"}],"replies":[{"embeddable":true,"href":"https:\/\/www.consigel.com\/ca\/wp-json\/wp\/v2\/comments?post=1661"}],"wp:featuredmedia":[{"embeddable":true,"href":"https:\/\/www.consigel.com\/ca\/wp-json\/wp\/v2\/media\/1659"}],"wp:attachment":[{"href":"https:\/\/www.consigel.com\/ca\/wp-json\/wp\/v2\/media?parent=1661"}],"wp:term":[{"taxonomy":"product_cat","embeddable":true,"href":"https:\/\/www.consigel.com\/ca\/wp-json\/wp\/v2\/product_cat?post=1661"},{"taxonomy":"product_tag","embeddable":true,"href":"https:\/\/www.consigel.com\/ca\/wp-json\/wp\/v2\/product_tag?post=1661"}],"curies":[{"name":"wp","href":"https:\/\/api.w.org\/{rel}","templated":true}]}}