{"id":1621,"date":"2018-02-22T15:55:14","date_gmt":"2018-02-22T15:55:14","guid":{"rendered":"http:\/\/www.consigel.com\/product\/grana-padano\/"},"modified":"2018-02-22T15:55:14","modified_gmt":"2018-02-22T15:55:14","slug":"grana-padano","status":"publish","type":"product","link":"https:\/\/www.consigel.com\/ca\/producte\/grana-padano\/","title":{"rendered":"Grana Padano"},"content":{"rendered":"<p><span style=\"color: #333333; text-transform: none; text-indent: 0px; letter-spacing: normal; font-family: 'Cabin Condensed', sans-serif; font-size: 14px; font-style: normal; font-weight: 400; word-spacing: 0px; float: none; display: inline !important; white-space: normal; orphans: 2; widows: 2; background-color: #ffffff; font-variant-ligatures: normal; font-variant-caps: normal; -webkit-text-stroke-width: 0px; text-decoration-style: initial; text-decoration-color: initial;\">El Grana Padano es un queso producido durante todo el a\u00f1o con leche cruda de vaca parcialmente descremada. Se produce en la llanura padana del norte de Italia que comprende Piemonte, Lombardia, Emilia-Romagna y Veneto. Es un queso de pasta cocida y dura. La textura es finamente granulada, sin casi ojos. Resulta seco y compacto, rompi\u00e9ndose en forma de escamas de color blanco pajizo. El nuestro, curado 16 meses, tiene un aroma delicado y arom\u00e1tico. B\u00e1sico en carpaccios Y elaboraci\u00f3n de rissottos y pasta.<\/span><\/p>\n<ul class=\"properties\" style=\"list-style: none; padding: 0px; color: #333333; text-transform: uppercase; line-height: 1.3; text-indent: 0px; letter-spacing: normal; font-family: 'Cabin Condensed', sans-serif; font-size: 14px; font-style: normal; font-weight: 500; margin-top: 20px; margin-bottom: 10px; word-spacing: 0px; white-space: normal; box-sizing: border-box; orphans: 2; widows: 2; background-color: #f1eee9; font-variant-ligatures: normal; font-variant-caps: normal; -webkit-text-stroke-width: 0px; text-decoration-style: initial; text-decoration-color: initial;\">\n<li style=\"font-family: 'Cabin Condensed', sans-serif; box-sizing: border-box;\"><span style=\"background-color: #ffffff;\"><strong style=\"color: #742b39; font-family: 'Cabin Condensed', sans-serif; font-weight: bold; box-sizing: border-box;\">LECHE:\u00a0<\/strong>VACA PASTEURIZADA<\/span><\/li>\n<li style=\"font-family: 'Cabin Condensed', sans-serif; box-sizing: border-box;\"><span style=\"background-color: #ffffff;\"><strong style=\"color: #742b39; font-family: 'Cabin Condensed', sans-serif; font-weight: bold; box-sizing: border-box;\">PROCEDENCIA:\u00a0<\/strong>CADIGNANO DI VEROLANUOVA, (BS), LOMBARDIA<\/span><\/li>\n<li style=\"font-family: 'Cabin Condensed', sans-serif; box-sizing: border-box;\"><span style=\"background-color: #ffffff;\"><strong style=\"color: #742b39; font-family: 'Cabin Condensed', sans-serif; font-weight: bold; box-sizing: border-box;\">CADUCIDAD:\u00a0<\/strong>90 D\u00cdAS<\/span><\/li>\n<li style=\"font-family: 'Cabin Condensed', sans-serif; box-sizing: border-box;\"><span style=\"background-color: #ffffff;\"><strong style=\"color: #742b39; font-family: 'Cabin Condensed', sans-serif; font-weight: bold; box-sizing: border-box;\">FORMATO Y PESO:\u00a0<\/strong>MZ0221 FORMA ENTERA 32 KG APROX. MZ0222 1\/8 DE FORMA 16 MESES\u00a0<\/span><\/li>\n<\/ul>\n<p>\u00a0<\/p>\n","protected":false},"excerpt":{"rendered":"<ul class=\"properties\" style=\"list-style: none; padding: 0px; color: #333333; text-transform: uppercase; line-height: 1.3; text-indent: 0px; letter-spacing: normal; font-family: 'Cabin Condensed', sans-serif; font-size: 14px; font-style: normal; font-weight: 500; margin-top: 20px; margin-bottom: 10px; word-spacing: 0px; white-space: normal; box-sizing: border-box; orphans: 2; widows: 2; background-color: #f1eee9; font-variant-ligatures: normal; font-variant-caps: normal; -webkit-text-stroke-width: 0px; text-decoration-style: initial; text-decoration-color: initial;\">\n<li style=\"font-family: 'Cabin Condensed', sans-serif; box-sizing: border-box;\"><span style=\"background-color: #ffffff;\"><span style=\"color: #333333; text-transform: none; text-indent: 0px; letter-spacing: normal; font-family: 'Cabin Condensed', sans-serif; font-size: 14px; font-style: normal; font-weight: 400; word-spacing: 0px; float: none; display: inline !important; white-space: normal; orphans: 2; widows: 2; background-color: #ffffff; font-variant-ligatures: normal; font-variant-caps: normal; -webkit-text-stroke-width: 0px; text-decoration-style: initial; text-decoration-color: initial;\"><br \/><\/span><\/span><\/li>\n<\/ul>\n","protected":false},"featured_media":1620,"comment_status":"open","ping_status":"closed","template":"","meta":[],"product_cat":[130],"product_tag":[],"class_list":{"0":"post-1621","1":"product","2":"type-product","3":"status-publish","4":"has-post-thumbnail","6":"product_cat-congelats","8":"first","9":"outofstock","10":"shipping-taxable","11":"product-type-simple"},"yoast_head":"<!-- This site is optimized with the Yoast SEO plugin v23.3 - https:\/\/yoast.com\/wordpress\/plugins\/seo\/ -->\n<title>Grana Padano - Consigel<\/title>\n<meta name=\"robots\" content=\"index, follow, max-snippet:-1, max-image-preview:large, max-video-preview:-1\" \/>\n<link rel=\"canonical\" href=\"https:\/\/www.consigel.com\/ca\/producte\/grana-padano\/\" \/>\n<meta property=\"og:locale\" content=\"ca_ES\" \/>\n<meta property=\"og:type\" content=\"article\" \/>\n<meta property=\"og:title\" content=\"Grana Padano - Consigel\" \/>\n<meta property=\"og:url\" content=\"https:\/\/www.consigel.com\/ca\/producte\/grana-padano\/\" \/>\n<meta property=\"og:site_name\" content=\"Consigel\" \/>\n<meta property=\"og:image\" content=\"https:\/\/www.consigel.com\/wp-content\/uploads\/2018\/02\/1871-thickbox_default-Grana-Padano.jpg\" \/>\n\t<meta property=\"og:image:width\" content=\"1200\" \/>\n\t<meta property=\"og:image:height\" content=\"1200\" \/>\n\t<meta property=\"og:image:type\" content=\"image\/jpeg\" \/>\n<meta name=\"twitter:card\" content=\"summary_large_image\" \/>\n<meta name=\"twitter:label1\" content=\"Temps estimat de lectura\" \/>\n\t<meta name=\"twitter:data1\" content=\"1 minut\" \/>\n<script type=\"application\/ld+json\" class=\"yoast-schema-graph\">{\"@context\":\"https:\/\/schema.org\",\"@graph\":[{\"@type\":\"WebPage\",\"@id\":\"https:\/\/www.consigel.com\/ca\/producte\/grana-padano\/\",\"url\":\"https:\/\/www.consigel.com\/ca\/producte\/grana-padano\/\",\"name\":\"Grana Padano - Consigel\",\"isPartOf\":{\"@id\":\"https:\/\/www.consigel.com\/ca\/#website\"},\"primaryImageOfPage\":{\"@id\":\"https:\/\/www.consigel.com\/ca\/producte\/grana-padano\/#primaryimage\"},\"image\":{\"@id\":\"https:\/\/www.consigel.com\/ca\/producte\/grana-padano\/#primaryimage\"},\"thumbnailUrl\":\"https:\/\/www.consigel.com\/wp-content\/uploads\/2018\/02\/1871-thickbox_default-Grana-Padano.jpg\",\"datePublished\":\"2018-02-22T15:55:14+00:00\",\"dateModified\":\"2018-02-22T15:55:14+00:00\",\"breadcrumb\":{\"@id\":\"https:\/\/www.consigel.com\/ca\/producte\/grana-padano\/#breadcrumb\"},\"inLanguage\":\"ca\",\"potentialAction\":[{\"@type\":\"ReadAction\",\"target\":[\"https:\/\/www.consigel.com\/ca\/producte\/grana-padano\/\"]}]},{\"@type\":\"ImageObject\",\"inLanguage\":\"ca\",\"@id\":\"https:\/\/www.consigel.com\/ca\/producte\/grana-padano\/#primaryimage\",\"url\":\"https:\/\/www.consigel.com\/wp-content\/uploads\/2018\/02\/1871-thickbox_default-Grana-Padano.jpg\",\"contentUrl\":\"https:\/\/www.consigel.com\/wp-content\/uploads\/2018\/02\/1871-thickbox_default-Grana-Padano.jpg\",\"width\":1200,\"height\":1200,\"caption\":\"Grana Padano\"},{\"@type\":\"BreadcrumbList\",\"@id\":\"https:\/\/www.consigel.com\/ca\/producte\/grana-padano\/#breadcrumb\",\"itemListElement\":[{\"@type\":\"ListItem\",\"position\":1,\"name\":\"Portada\",\"item\":\"https:\/\/www.consigel.com\/ca\/\"},{\"@type\":\"ListItem\",\"position\":2,\"name\":\"Shop\",\"item\":\"https:\/\/www.consigel.com\/ca\/shop\/\"},{\"@type\":\"ListItem\",\"position\":3,\"name\":\"Grana Padano\"}]},{\"@type\":\"WebSite\",\"@id\":\"https:\/\/www.consigel.com\/ca\/#website\",\"url\":\"https:\/\/www.consigel.com\/ca\/\",\"name\":\"Consigel\",\"description\":\"\",\"potentialAction\":[{\"@type\":\"SearchAction\",\"target\":{\"@type\":\"EntryPoint\",\"urlTemplate\":\"https:\/\/www.consigel.com\/ca\/?s={search_term_string}\"},\"query-input\":\"required name=search_term_string\"}],\"inLanguage\":\"ca\"}]}<\/script>\n<!-- \/ Yoast SEO plugin. -->","yoast_head_json":{"title":"Grana Padano - Consigel","robots":{"index":"index","follow":"follow","max-snippet":"max-snippet:-1","max-image-preview":"max-image-preview:large","max-video-preview":"max-video-preview:-1"},"canonical":"https:\/\/www.consigel.com\/ca\/producte\/grana-padano\/","og_locale":"ca_ES","og_type":"article","og_title":"Grana Padano - Consigel","og_url":"https:\/\/www.consigel.com\/ca\/producte\/grana-padano\/","og_site_name":"Consigel","og_image":[{"width":1200,"height":1200,"url":"https:\/\/www.consigel.com\/wp-content\/uploads\/2018\/02\/1871-thickbox_default-Grana-Padano.jpg","type":"image\/jpeg"}],"twitter_card":"summary_large_image","twitter_misc":{"Temps estimat de lectura":"1 minut"},"schema":{"@context":"https:\/\/schema.org","@graph":[{"@type":"WebPage","@id":"https:\/\/www.consigel.com\/ca\/producte\/grana-padano\/","url":"https:\/\/www.consigel.com\/ca\/producte\/grana-padano\/","name":"Grana Padano - Consigel","isPartOf":{"@id":"https:\/\/www.consigel.com\/ca\/#website"},"primaryImageOfPage":{"@id":"https:\/\/www.consigel.com\/ca\/producte\/grana-padano\/#primaryimage"},"image":{"@id":"https:\/\/www.consigel.com\/ca\/producte\/grana-padano\/#primaryimage"},"thumbnailUrl":"https:\/\/www.consigel.com\/wp-content\/uploads\/2018\/02\/1871-thickbox_default-Grana-Padano.jpg","datePublished":"2018-02-22T15:55:14+00:00","dateModified":"2018-02-22T15:55:14+00:00","breadcrumb":{"@id":"https:\/\/www.consigel.com\/ca\/producte\/grana-padano\/#breadcrumb"},"inLanguage":"ca","potentialAction":[{"@type":"ReadAction","target":["https:\/\/www.consigel.com\/ca\/producte\/grana-padano\/"]}]},{"@type":"ImageObject","inLanguage":"ca","@id":"https:\/\/www.consigel.com\/ca\/producte\/grana-padano\/#primaryimage","url":"https:\/\/www.consigel.com\/wp-content\/uploads\/2018\/02\/1871-thickbox_default-Grana-Padano.jpg","contentUrl":"https:\/\/www.consigel.com\/wp-content\/uploads\/2018\/02\/1871-thickbox_default-Grana-Padano.jpg","width":1200,"height":1200,"caption":"Grana Padano"},{"@type":"BreadcrumbList","@id":"https:\/\/www.consigel.com\/ca\/producte\/grana-padano\/#breadcrumb","itemListElement":[{"@type":"ListItem","position":1,"name":"Portada","item":"https:\/\/www.consigel.com\/ca\/"},{"@type":"ListItem","position":2,"name":"Shop","item":"https:\/\/www.consigel.com\/ca\/shop\/"},{"@type":"ListItem","position":3,"name":"Grana Padano"}]},{"@type":"WebSite","@id":"https:\/\/www.consigel.com\/ca\/#website","url":"https:\/\/www.consigel.com\/ca\/","name":"Consigel","description":"","potentialAction":[{"@type":"SearchAction","target":{"@type":"EntryPoint","urlTemplate":"https:\/\/www.consigel.com\/ca\/?s={search_term_string}"},"query-input":"required name=search_term_string"}],"inLanguage":"ca"}]}},"_links":{"self":[{"href":"https:\/\/www.consigel.com\/ca\/wp-json\/wp\/v2\/product\/1621","targetHints":{"allow":["GET"]}}],"collection":[{"href":"https:\/\/www.consigel.com\/ca\/wp-json\/wp\/v2\/product"}],"about":[{"href":"https:\/\/www.consigel.com\/ca\/wp-json\/wp\/v2\/types\/product"}],"replies":[{"embeddable":true,"href":"https:\/\/www.consigel.com\/ca\/wp-json\/wp\/v2\/comments?post=1621"}],"wp:featuredmedia":[{"embeddable":true,"href":"https:\/\/www.consigel.com\/ca\/wp-json\/wp\/v2\/media\/1620"}],"wp:attachment":[{"href":"https:\/\/www.consigel.com\/ca\/wp-json\/wp\/v2\/media?parent=1621"}],"wp:term":[{"taxonomy":"product_cat","embeddable":true,"href":"https:\/\/www.consigel.com\/ca\/wp-json\/wp\/v2\/product_cat?post=1621"},{"taxonomy":"product_tag","embeddable":true,"href":"https:\/\/www.consigel.com\/ca\/wp-json\/wp\/v2\/product_tag?post=1621"}],"curies":[{"name":"wp","href":"https:\/\/api.w.org\/{rel}","templated":true}]}}