{"id":1613,"date":"2018-02-20T18:47:11","date_gmt":"2018-02-20T18:47:11","guid":{"rendered":"http:\/\/www.consigel.com\/product\/gran-kinara\/"},"modified":"2018-02-20T18:47:11","modified_gmt":"2018-02-20T18:47:11","slug":"gran-kinara","status":"publish","type":"product","link":"https:\/\/www.consigel.com\/ca\/producte\/gran-kinara\/","title":{"rendered":"Gran Kinara"},"content":{"rendered":"<p><span style=\"color: #333333; text-transform: none; text-indent: 0px; letter-spacing: normal; font-family: 'Cabin Condensed', sans-serif; font-size: 14px; font-style: normal; font-weight: 400; word-spacing: 0px; float: none; display: inline !important; white-space: normal; orphans: 2; widows: 2; background-color: #ffffff; font-variant-ligatures: normal; font-variant-caps: normal; -webkit-text-stroke-width: 0px; text-decoration-style: initial; text-decoration-color: initial;\">Este queso se elabora con leche cruda parcialmente descremada y con cuajo vegetal. La corteza se presenta de color \u00e1mbar y la pasta de color amarillo pajizo, sin ojos. Su sabor es dulce y suave, con un buen aroma de hierba y de fruta tostada. Es el \u00fanico queso de pasta cocida y mucha curaci\u00f3n hecho con cuajo vegetal. Incre\u00edble a p\u00e9talos sobre un carpaccio de alcachofa.<\/span><\/p>\n<h3 style=\"color: #742b39; text-transform: none; line-height: 1.1; text-indent: 0px; letter-spacing: normal; font-family: 'Cabin Condensed', sans-serif; font-size: 16px; font-style: normal; font-weight: 500; margin-top: 20px; margin-bottom: 0px; word-spacing: 0px; white-space: normal; box-sizing: border-box; orphans: 2; widows: 2; background-color: #f1eee9; font-variant-ligatures: normal; font-variant-caps: normal; -webkit-text-stroke-width: 0px; text-decoration-style: initial; text-decoration-color: initial;\"><span style=\"background-color: #ffffff;\">Notas<\/span><\/h3>\n<h3 style=\"color: #742b39; text-transform: none; line-height: 1.1; text-indent: 0px; letter-spacing: normal; font-family: 'Cabin Condensed', sans-serif; font-size: 16px; font-style: normal; font-weight: 500; margin-top: 20px; margin-bottom: 0px; word-spacing: 0px; white-space: normal; box-sizing: border-box; orphans: 2; widows: 2; background-color: #f1eee9; font-variant-ligatures: normal; font-variant-caps: normal; -webkit-text-stroke-width: 0px; text-decoration-style: initial; text-decoration-color: initial;\"><span style=\"background-color: #ffffff;\"><span style=\"color: #333333; text-transform: none; text-indent: 0px; letter-spacing: normal; font-family: 'Cabin Condensed', sans-serif; font-size: 14px; font-style: normal; font-weight: 400; word-spacing: 0px; float: none; display: inline !important; white-space: normal; orphans: 2; widows: 2; background-color: #ffffff; font-variant-ligatures: normal; font-variant-caps: normal; -webkit-text-stroke-width: 0px; text-decoration-style: initial; text-decoration-color: initial;\">APTO PARA VEGETARIANOS E INTOLERANTES A LA LACTOSA<\/span><\/span><\/h3>\n<p>\u00a0<\/p>\n<ul>\n<li style=\"font-family: 'Cabin Condensed', sans-serif; box-sizing: border-box;\"><strong style=\"color: #742b39; font-family: 'Cabin Condensed', sans-serif; font-weight: bold; box-sizing: border-box;\">LECHE:<span>\u00a0<\/span><\/strong>VACA PASTEURIZADA<\/li>\n<li style=\"font-family: 'Cabin Condensed', sans-serif; box-sizing: border-box;\"><strong style=\"color: #742b39; font-family: 'Cabin Condensed', sans-serif; font-weight: bold; box-sizing: border-box;\">PROCEDENCIA:<span>\u00a0<\/span><\/strong>VILLAFALLETTO (CN), PIEMONTE<\/li>\n<li style=\"font-family: 'Cabin Condensed', sans-serif; box-sizing: border-box;\"><strong style=\"color: #742b39; font-family: 'Cabin Condensed', sans-serif; font-weight: bold; box-sizing: border-box;\">CADUCIDAD:<span>\u00a0<\/span><\/strong>6 MESES<\/li>\n<li style=\"font-family: 'Cabin Condensed', sans-serif; box-sizing: border-box;\"><strong style=\"color: #742b39; font-family: 'Cabin Condensed', sans-serif; font-weight: bold; box-sizing: border-box;\">FORMATO Y PESO:<span>\u00a0<\/span><\/strong>MZ0259 250 GR MZ0260 1\/8 DE FORMA 4,5 KG APROX.<\/li>\n<\/ul>\n<p><span style=\"color: #333333; text-transform: none; text-indent: 0px; letter-spacing: normal; font-family: 'Cabin Condensed', sans-serif; font-size: 14px; font-style: normal; font-weight: 400; word-spacing: 0px; float: none; display: inline !important; white-space: normal; orphans: 2; widows: 2; background-color: #ffffff; font-variant-ligatures: normal; font-variant-caps: normal; -webkit-text-stroke-width: 0px; text-decoration-style: initial; text-decoration-color: initial;\"><strong><span style=\"color: #742b39;\"><span style=\"color: #333333; text-transform: none; text-indent: 0px; letter-spacing: normal; font-family: 'Cabin Condensed', sans-serif; font-size: 14px; font-style: normal; font-weight: 400; word-spacing: 0px; float: none; display: inline !important; white-space: normal; orphans: 2; widows: 2; background-color: #ffffff; font-variant-ligatures: normal; font-variant-caps: normal; -webkit-text-stroke-width: 0px; text-decoration-style: initial; text-decoration-color: initial;\"><strong><span style=\"color: #742b39;\"><br \/><\/span><\/strong><\/span><\/span><\/strong><\/span><\/p>\n<p>\u00a0<\/p>\n<p>\u00a0<\/p>\n","protected":false},"excerpt":{"rendered":"<p>Este queso se elabora con leche cruda parcialmente descremada y con cuajo vegetal. La corteza se presenta de color \u00e1mbar y la pasta de color amarillo pajizo, sin ojos. Su sabor es dulce y suave, con un buen aroma de hierba y de fruta tostada. Es el \u00fanico queso de pasta cocida y mucha curaci\u00f3n [&#8230;]\n","protected":false},"featured_media":1612,"comment_status":"open","ping_status":"closed","template":"","meta":[],"product_cat":[130],"product_tag":[],"class_list":{"0":"post-1613","1":"product","2":"type-product","3":"status-publish","4":"has-post-thumbnail","6":"product_cat-congelats","8":"first","9":"outofstock","10":"shipping-taxable","11":"product-type-simple"},"yoast_head":"<!-- This site is optimized with the Yoast SEO plugin v23.3 - https:\/\/yoast.com\/wordpress\/plugins\/seo\/ -->\n<title>Gran Kinara - Consigel<\/title>\n<meta name=\"robots\" content=\"index, follow, max-snippet:-1, max-image-preview:large, max-video-preview:-1\" \/>\n<link rel=\"canonical\" href=\"https:\/\/www.consigel.com\/ca\/producte\/gran-kinara\/\" \/>\n<meta property=\"og:locale\" content=\"ca_ES\" \/>\n<meta property=\"og:type\" content=\"article\" \/>\n<meta property=\"og:title\" content=\"Gran Kinara - Consigel\" \/>\n<meta property=\"og:description\" content=\"Este queso se elabora con leche cruda parcialmente descremada y con cuajo vegetal. La corteza se presenta de color \u00e1mbar y la pasta de color amarillo pajizo, sin ojos. Su sabor es dulce y suave, con un buen aroma de hierba y de fruta tostada. Es el \u00fanico queso de pasta cocida y mucha curaci\u00f3n [...]\" \/>\n<meta property=\"og:url\" content=\"https:\/\/www.consigel.com\/ca\/producte\/gran-kinara\/\" \/>\n<meta property=\"og:site_name\" content=\"Consigel\" \/>\n<meta property=\"og:image\" content=\"https:\/\/www.consigel.com\/wp-content\/uploads\/2018\/02\/1867-thickbox_default-Gran-Kinara.jpg\" \/>\n\t<meta property=\"og:image:width\" content=\"1200\" \/>\n\t<meta property=\"og:image:height\" content=\"1200\" \/>\n\t<meta property=\"og:image:type\" content=\"image\/jpeg\" \/>\n<meta name=\"twitter:card\" content=\"summary_large_image\" \/>\n<script type=\"application\/ld+json\" class=\"yoast-schema-graph\">{\"@context\":\"https:\/\/schema.org\",\"@graph\":[{\"@type\":\"WebPage\",\"@id\":\"https:\/\/www.consigel.com\/ca\/producte\/gran-kinara\/\",\"url\":\"https:\/\/www.consigel.com\/ca\/producte\/gran-kinara\/\",\"name\":\"Gran Kinara - Consigel\",\"isPartOf\":{\"@id\":\"https:\/\/www.consigel.com\/ca\/#website\"},\"primaryImageOfPage\":{\"@id\":\"https:\/\/www.consigel.com\/ca\/producte\/gran-kinara\/#primaryimage\"},\"image\":{\"@id\":\"https:\/\/www.consigel.com\/ca\/producte\/gran-kinara\/#primaryimage\"},\"thumbnailUrl\":\"https:\/\/www.consigel.com\/wp-content\/uploads\/2018\/02\/1867-thickbox_default-Gran-Kinara.jpg\",\"datePublished\":\"2018-02-20T18:47:11+00:00\",\"dateModified\":\"2018-02-20T18:47:11+00:00\",\"breadcrumb\":{\"@id\":\"https:\/\/www.consigel.com\/ca\/producte\/gran-kinara\/#breadcrumb\"},\"inLanguage\":\"ca\",\"potentialAction\":[{\"@type\":\"ReadAction\",\"target\":[\"https:\/\/www.consigel.com\/ca\/producte\/gran-kinara\/\"]}]},{\"@type\":\"ImageObject\",\"inLanguage\":\"ca\",\"@id\":\"https:\/\/www.consigel.com\/ca\/producte\/gran-kinara\/#primaryimage\",\"url\":\"https:\/\/www.consigel.com\/wp-content\/uploads\/2018\/02\/1867-thickbox_default-Gran-Kinara.jpg\",\"contentUrl\":\"https:\/\/www.consigel.com\/wp-content\/uploads\/2018\/02\/1867-thickbox_default-Gran-Kinara.jpg\",\"width\":1200,\"height\":1200,\"caption\":\"Gran Kinara\"},{\"@type\":\"BreadcrumbList\",\"@id\":\"https:\/\/www.consigel.com\/ca\/producte\/gran-kinara\/#breadcrumb\",\"itemListElement\":[{\"@type\":\"ListItem\",\"position\":1,\"name\":\"Portada\",\"item\":\"https:\/\/www.consigel.com\/ca\/\"},{\"@type\":\"ListItem\",\"position\":2,\"name\":\"Shop\",\"item\":\"https:\/\/www.consigel.com\/ca\/shop\/\"},{\"@type\":\"ListItem\",\"position\":3,\"name\":\"Gran Kinara\"}]},{\"@type\":\"WebSite\",\"@id\":\"https:\/\/www.consigel.com\/ca\/#website\",\"url\":\"https:\/\/www.consigel.com\/ca\/\",\"name\":\"Consigel\",\"description\":\"\",\"potentialAction\":[{\"@type\":\"SearchAction\",\"target\":{\"@type\":\"EntryPoint\",\"urlTemplate\":\"https:\/\/www.consigel.com\/ca\/?s={search_term_string}\"},\"query-input\":\"required name=search_term_string\"}],\"inLanguage\":\"ca\"}]}<\/script>\n<!-- \/ Yoast SEO plugin. -->","yoast_head_json":{"title":"Gran Kinara - Consigel","robots":{"index":"index","follow":"follow","max-snippet":"max-snippet:-1","max-image-preview":"max-image-preview:large","max-video-preview":"max-video-preview:-1"},"canonical":"https:\/\/www.consigel.com\/ca\/producte\/gran-kinara\/","og_locale":"ca_ES","og_type":"article","og_title":"Gran Kinara - Consigel","og_description":"Este queso se elabora con leche cruda parcialmente descremada y con cuajo vegetal. La corteza se presenta de color \u00e1mbar y la pasta de color amarillo pajizo, sin ojos. Su sabor es dulce y suave, con un buen aroma de hierba y de fruta tostada. Es el \u00fanico queso de pasta cocida y mucha curaci\u00f3n [...]","og_url":"https:\/\/www.consigel.com\/ca\/producte\/gran-kinara\/","og_site_name":"Consigel","og_image":[{"width":1200,"height":1200,"url":"https:\/\/www.consigel.com\/wp-content\/uploads\/2018\/02\/1867-thickbox_default-Gran-Kinara.jpg","type":"image\/jpeg"}],"twitter_card":"summary_large_image","schema":{"@context":"https:\/\/schema.org","@graph":[{"@type":"WebPage","@id":"https:\/\/www.consigel.com\/ca\/producte\/gran-kinara\/","url":"https:\/\/www.consigel.com\/ca\/producte\/gran-kinara\/","name":"Gran Kinara - Consigel","isPartOf":{"@id":"https:\/\/www.consigel.com\/ca\/#website"},"primaryImageOfPage":{"@id":"https:\/\/www.consigel.com\/ca\/producte\/gran-kinara\/#primaryimage"},"image":{"@id":"https:\/\/www.consigel.com\/ca\/producte\/gran-kinara\/#primaryimage"},"thumbnailUrl":"https:\/\/www.consigel.com\/wp-content\/uploads\/2018\/02\/1867-thickbox_default-Gran-Kinara.jpg","datePublished":"2018-02-20T18:47:11+00:00","dateModified":"2018-02-20T18:47:11+00:00","breadcrumb":{"@id":"https:\/\/www.consigel.com\/ca\/producte\/gran-kinara\/#breadcrumb"},"inLanguage":"ca","potentialAction":[{"@type":"ReadAction","target":["https:\/\/www.consigel.com\/ca\/producte\/gran-kinara\/"]}]},{"@type":"ImageObject","inLanguage":"ca","@id":"https:\/\/www.consigel.com\/ca\/producte\/gran-kinara\/#primaryimage","url":"https:\/\/www.consigel.com\/wp-content\/uploads\/2018\/02\/1867-thickbox_default-Gran-Kinara.jpg","contentUrl":"https:\/\/www.consigel.com\/wp-content\/uploads\/2018\/02\/1867-thickbox_default-Gran-Kinara.jpg","width":1200,"height":1200,"caption":"Gran Kinara"},{"@type":"BreadcrumbList","@id":"https:\/\/www.consigel.com\/ca\/producte\/gran-kinara\/#breadcrumb","itemListElement":[{"@type":"ListItem","position":1,"name":"Portada","item":"https:\/\/www.consigel.com\/ca\/"},{"@type":"ListItem","position":2,"name":"Shop","item":"https:\/\/www.consigel.com\/ca\/shop\/"},{"@type":"ListItem","position":3,"name":"Gran Kinara"}]},{"@type":"WebSite","@id":"https:\/\/www.consigel.com\/ca\/#website","url":"https:\/\/www.consigel.com\/ca\/","name":"Consigel","description":"","potentialAction":[{"@type":"SearchAction","target":{"@type":"EntryPoint","urlTemplate":"https:\/\/www.consigel.com\/ca\/?s={search_term_string}"},"query-input":"required name=search_term_string"}],"inLanguage":"ca"}]}},"_links":{"self":[{"href":"https:\/\/www.consigel.com\/ca\/wp-json\/wp\/v2\/product\/1613","targetHints":{"allow":["GET"]}}],"collection":[{"href":"https:\/\/www.consigel.com\/ca\/wp-json\/wp\/v2\/product"}],"about":[{"href":"https:\/\/www.consigel.com\/ca\/wp-json\/wp\/v2\/types\/product"}],"replies":[{"embeddable":true,"href":"https:\/\/www.consigel.com\/ca\/wp-json\/wp\/v2\/comments?post=1613"}],"wp:featuredmedia":[{"embeddable":true,"href":"https:\/\/www.consigel.com\/ca\/wp-json\/wp\/v2\/media\/1612"}],"wp:attachment":[{"href":"https:\/\/www.consigel.com\/ca\/wp-json\/wp\/v2\/media?parent=1613"}],"wp:term":[{"taxonomy":"product_cat","embeddable":true,"href":"https:\/\/www.consigel.com\/ca\/wp-json\/wp\/v2\/product_cat?post=1613"},{"taxonomy":"product_tag","embeddable":true,"href":"https:\/\/www.consigel.com\/ca\/wp-json\/wp\/v2\/product_tag?post=1613"}],"curies":[{"name":"wp","href":"https:\/\/api.w.org\/{rel}","templated":true}]}}