{"id":1609,"date":"2018-02-19T18:53:06","date_gmt":"2018-02-19T18:53:06","guid":{"rendered":"http:\/\/www.consigel.com\/product\/salvacremasco\/"},"modified":"2018-02-19T18:53:06","modified_gmt":"2018-02-19T18:53:06","slug":"salvacremasco","status":"publish","type":"product","link":"https:\/\/www.consigel.com\/ca\/producte\/salvacremasco\/","title":{"rendered":"Salvacremasco"},"content":{"rendered":"<p><span style=\"color: #333333; text-transform: none; text-indent: 0px; letter-spacing: normal; font-family: 'Cabin Condensed', sans-serif; font-size: 14px; font-style: normal; font-weight: 400; word-spacing: 0px; float: none; display: inline !important; white-space: normal; orphans: 2; widows: 2; background-color: #ffffff; font-variant-ligatures: normal; font-variant-caps: normal; -webkit-text-stroke-width: 0px; text-decoration-style: initial; text-decoration-color: initial;\">El queso salvacremasco es un queso de pasta cruda y corteza lavada, producido exclusivamente con leche de vaca entera y curado como m\u00ednimo 75 d\u00edas. La regi\u00f3n de procedencia es la Lombard\u00eda, especialmente las provincias de B\u00e9rgamo, Brescia, Cremona, Leco, Lodi y Milano. El producto se presenta en forma de paralalep\u00edpedo y pesa aproximadamente 3,30 Kg. La corteza es fina y la pasta tiene una consistencia compacta y friable de color blanco amarillento. El sabor es arom\u00e1tico y m\u00e1s intenso con el transcurrir de la curaci\u00f3n. Durante la \u00e9sta, la forma viene volteada con frecuencia en una soluci\u00f3n salina con el fin de mantener las caracter\u00edsticas de la corteza y asumir su color especial.<\/span><\/p>\n<p><span style=\"color: #333333; text-transform: none; text-indent: 0px; letter-spacing: normal; font-family: 'Cabin Condensed', sans-serif; font-size: 14px; font-style: normal; font-weight: 400; word-spacing: 0px; float: none; display: inline !important; white-space: normal; orphans: 2; widows: 2; background-color: #ffffff; font-variant-ligatures: normal; font-variant-caps: normal; -webkit-text-stroke-width: 0px; text-decoration-style: initial; text-decoration-color: initial;\"><br \/><\/span><\/p>\n<p><span style=\"color: #333333; text-transform: none; text-indent: 0px; letter-spacing: normal; font-family: 'Cabin Condensed', sans-serif; font-size: 14px; font-style: normal; font-weight: 400; word-spacing: 0px; float: none; display: inline !important; white-space: normal; orphans: 2; widows: 2; background-color: #ffffff; font-variant-ligatures: normal; font-variant-caps: normal; -webkit-text-stroke-width: 0px; text-decoration-style: initial; text-decoration-color: initial;\"><br \/><\/span><\/p>\n<p><span style=\"color: #333333; text-transform: none; text-indent: 0px; letter-spacing: normal; font-family: 'Cabin Condensed', sans-serif; font-size: 14px; font-style: normal; font-weight: 400; word-spacing: 0px; float: none; display: inline !important; white-space: normal; orphans: 2; widows: 2; background-color: #ffffff; font-variant-ligatures: normal; font-variant-caps: normal; -webkit-text-stroke-width: 0px; text-decoration-style: initial; text-decoration-color: initial;\"><br \/><\/span><\/p>\n","protected":false},"excerpt":{"rendered":"<p>El queso salvacremasco es un queso de pasta cruda y corteza lavada, producido exclusivamente con leche de vaca entera y curado como m\u00ednimo 75 d\u00edas. La regi\u00f3n de procedencia es la Lombard\u00eda, especialmente las provincias de B\u00e9rgamo, Brescia, Cremona, Leco, Lodi y Milano. El producto se presenta en forma de paralalep\u00edpedo y pesa aproximadamente 3,30 [&#8230;]\n","protected":false},"featured_media":1608,"comment_status":"open","ping_status":"closed","template":"","meta":[],"product_cat":[130],"product_tag":[],"class_list":{"0":"post-1609","1":"product","2":"type-product","3":"status-publish","4":"has-post-thumbnail","6":"product_cat-congelats","8":"first","9":"outofstock","10":"shipping-taxable","11":"product-type-simple"},"yoast_head":"<!-- This site is optimized with the Yoast SEO plugin v23.3 - https:\/\/yoast.com\/wordpress\/plugins\/seo\/ -->\n<title>Salvacremasco - Consigel<\/title>\n<meta name=\"robots\" content=\"index, follow, max-snippet:-1, max-image-preview:large, max-video-preview:-1\" \/>\n<link rel=\"canonical\" href=\"https:\/\/www.consigel.com\/ca\/producte\/salvacremasco\/\" \/>\n<meta property=\"og:locale\" content=\"ca_ES\" \/>\n<meta property=\"og:type\" content=\"article\" \/>\n<meta property=\"og:title\" content=\"Salvacremasco - Consigel\" \/>\n<meta property=\"og:description\" content=\"El queso salvacremasco es un queso de pasta cruda y corteza lavada, producido exclusivamente con leche de vaca entera y curado como m\u00ednimo 75 d\u00edas. La regi\u00f3n de procedencia es la Lombard\u00eda, especialmente las provincias de B\u00e9rgamo, Brescia, Cremona, Leco, Lodi y Milano. El producto se presenta en forma de paralalep\u00edpedo y pesa aproximadamente 3,30 [...]\" \/>\n<meta property=\"og:url\" content=\"https:\/\/www.consigel.com\/ca\/producte\/salvacremasco\/\" \/>\n<meta property=\"og:site_name\" content=\"Consigel\" \/>\n<meta property=\"og:image\" content=\"https:\/\/www.consigel.com\/wp-content\/uploads\/2018\/02\/1865-thickbox_default-Salvacremasco.jpg\" \/>\n\t<meta property=\"og:image:width\" content=\"1200\" \/>\n\t<meta property=\"og:image:height\" content=\"1200\" \/>\n\t<meta property=\"og:image:type\" content=\"image\/jpeg\" \/>\n<meta name=\"twitter:card\" content=\"summary_large_image\" \/>\n<meta name=\"twitter:label1\" content=\"Temps estimat de lectura\" \/>\n\t<meta name=\"twitter:data1\" content=\"1 minut\" \/>\n<script type=\"application\/ld+json\" class=\"yoast-schema-graph\">{\"@context\":\"https:\/\/schema.org\",\"@graph\":[{\"@type\":\"WebPage\",\"@id\":\"https:\/\/www.consigel.com\/ca\/producte\/salvacremasco\/\",\"url\":\"https:\/\/www.consigel.com\/ca\/producte\/salvacremasco\/\",\"name\":\"Salvacremasco - Consigel\",\"isPartOf\":{\"@id\":\"https:\/\/www.consigel.com\/ca\/#website\"},\"primaryImageOfPage\":{\"@id\":\"https:\/\/www.consigel.com\/ca\/producte\/salvacremasco\/#primaryimage\"},\"image\":{\"@id\":\"https:\/\/www.consigel.com\/ca\/producte\/salvacremasco\/#primaryimage\"},\"thumbnailUrl\":\"https:\/\/www.consigel.com\/wp-content\/uploads\/2018\/02\/1865-thickbox_default-Salvacremasco.jpg\",\"datePublished\":\"2018-02-19T18:53:06+00:00\",\"dateModified\":\"2018-02-19T18:53:06+00:00\",\"breadcrumb\":{\"@id\":\"https:\/\/www.consigel.com\/ca\/producte\/salvacremasco\/#breadcrumb\"},\"inLanguage\":\"ca\",\"potentialAction\":[{\"@type\":\"ReadAction\",\"target\":[\"https:\/\/www.consigel.com\/ca\/producte\/salvacremasco\/\"]}]},{\"@type\":\"ImageObject\",\"inLanguage\":\"ca\",\"@id\":\"https:\/\/www.consigel.com\/ca\/producte\/salvacremasco\/#primaryimage\",\"url\":\"https:\/\/www.consigel.com\/wp-content\/uploads\/2018\/02\/1865-thickbox_default-Salvacremasco.jpg\",\"contentUrl\":\"https:\/\/www.consigel.com\/wp-content\/uploads\/2018\/02\/1865-thickbox_default-Salvacremasco.jpg\",\"width\":1200,\"height\":1200,\"caption\":\"Salvacremasco\"},{\"@type\":\"BreadcrumbList\",\"@id\":\"https:\/\/www.consigel.com\/ca\/producte\/salvacremasco\/#breadcrumb\",\"itemListElement\":[{\"@type\":\"ListItem\",\"position\":1,\"name\":\"Portada\",\"item\":\"https:\/\/www.consigel.com\/ca\/\"},{\"@type\":\"ListItem\",\"position\":2,\"name\":\"Shop\",\"item\":\"https:\/\/www.consigel.com\/ca\/shop\/\"},{\"@type\":\"ListItem\",\"position\":3,\"name\":\"Salvacremasco\"}]},{\"@type\":\"WebSite\",\"@id\":\"https:\/\/www.consigel.com\/ca\/#website\",\"url\":\"https:\/\/www.consigel.com\/ca\/\",\"name\":\"Consigel\",\"description\":\"\",\"potentialAction\":[{\"@type\":\"SearchAction\",\"target\":{\"@type\":\"EntryPoint\",\"urlTemplate\":\"https:\/\/www.consigel.com\/ca\/?s={search_term_string}\"},\"query-input\":\"required name=search_term_string\"}],\"inLanguage\":\"ca\"}]}<\/script>\n<!-- \/ Yoast SEO plugin. -->","yoast_head_json":{"title":"Salvacremasco - Consigel","robots":{"index":"index","follow":"follow","max-snippet":"max-snippet:-1","max-image-preview":"max-image-preview:large","max-video-preview":"max-video-preview:-1"},"canonical":"https:\/\/www.consigel.com\/ca\/producte\/salvacremasco\/","og_locale":"ca_ES","og_type":"article","og_title":"Salvacremasco - Consigel","og_description":"El queso salvacremasco es un queso de pasta cruda y corteza lavada, producido exclusivamente con leche de vaca entera y curado como m\u00ednimo 75 d\u00edas. La regi\u00f3n de procedencia es la Lombard\u00eda, especialmente las provincias de B\u00e9rgamo, Brescia, Cremona, Leco, Lodi y Milano. El producto se presenta en forma de paralalep\u00edpedo y pesa aproximadamente 3,30 [...]","og_url":"https:\/\/www.consigel.com\/ca\/producte\/salvacremasco\/","og_site_name":"Consigel","og_image":[{"width":1200,"height":1200,"url":"https:\/\/www.consigel.com\/wp-content\/uploads\/2018\/02\/1865-thickbox_default-Salvacremasco.jpg","type":"image\/jpeg"}],"twitter_card":"summary_large_image","twitter_misc":{"Temps estimat de lectura":"1 minut"},"schema":{"@context":"https:\/\/schema.org","@graph":[{"@type":"WebPage","@id":"https:\/\/www.consigel.com\/ca\/producte\/salvacremasco\/","url":"https:\/\/www.consigel.com\/ca\/producte\/salvacremasco\/","name":"Salvacremasco - Consigel","isPartOf":{"@id":"https:\/\/www.consigel.com\/ca\/#website"},"primaryImageOfPage":{"@id":"https:\/\/www.consigel.com\/ca\/producte\/salvacremasco\/#primaryimage"},"image":{"@id":"https:\/\/www.consigel.com\/ca\/producte\/salvacremasco\/#primaryimage"},"thumbnailUrl":"https:\/\/www.consigel.com\/wp-content\/uploads\/2018\/02\/1865-thickbox_default-Salvacremasco.jpg","datePublished":"2018-02-19T18:53:06+00:00","dateModified":"2018-02-19T18:53:06+00:00","breadcrumb":{"@id":"https:\/\/www.consigel.com\/ca\/producte\/salvacremasco\/#breadcrumb"},"inLanguage":"ca","potentialAction":[{"@type":"ReadAction","target":["https:\/\/www.consigel.com\/ca\/producte\/salvacremasco\/"]}]},{"@type":"ImageObject","inLanguage":"ca","@id":"https:\/\/www.consigel.com\/ca\/producte\/salvacremasco\/#primaryimage","url":"https:\/\/www.consigel.com\/wp-content\/uploads\/2018\/02\/1865-thickbox_default-Salvacremasco.jpg","contentUrl":"https:\/\/www.consigel.com\/wp-content\/uploads\/2018\/02\/1865-thickbox_default-Salvacremasco.jpg","width":1200,"height":1200,"caption":"Salvacremasco"},{"@type":"BreadcrumbList","@id":"https:\/\/www.consigel.com\/ca\/producte\/salvacremasco\/#breadcrumb","itemListElement":[{"@type":"ListItem","position":1,"name":"Portada","item":"https:\/\/www.consigel.com\/ca\/"},{"@type":"ListItem","position":2,"name":"Shop","item":"https:\/\/www.consigel.com\/ca\/shop\/"},{"@type":"ListItem","position":3,"name":"Salvacremasco"}]},{"@type":"WebSite","@id":"https:\/\/www.consigel.com\/ca\/#website","url":"https:\/\/www.consigel.com\/ca\/","name":"Consigel","description":"","potentialAction":[{"@type":"SearchAction","target":{"@type":"EntryPoint","urlTemplate":"https:\/\/www.consigel.com\/ca\/?s={search_term_string}"},"query-input":"required name=search_term_string"}],"inLanguage":"ca"}]}},"_links":{"self":[{"href":"https:\/\/www.consigel.com\/ca\/wp-json\/wp\/v2\/product\/1609","targetHints":{"allow":["GET"]}}],"collection":[{"href":"https:\/\/www.consigel.com\/ca\/wp-json\/wp\/v2\/product"}],"about":[{"href":"https:\/\/www.consigel.com\/ca\/wp-json\/wp\/v2\/types\/product"}],"replies":[{"embeddable":true,"href":"https:\/\/www.consigel.com\/ca\/wp-json\/wp\/v2\/comments?post=1609"}],"wp:featuredmedia":[{"embeddable":true,"href":"https:\/\/www.consigel.com\/ca\/wp-json\/wp\/v2\/media\/1608"}],"wp:attachment":[{"href":"https:\/\/www.consigel.com\/ca\/wp-json\/wp\/v2\/media?parent=1609"}],"wp:term":[{"taxonomy":"product_cat","embeddable":true,"href":"https:\/\/www.consigel.com\/ca\/wp-json\/wp\/v2\/product_cat?post=1609"},{"taxonomy":"product_tag","embeddable":true,"href":"https:\/\/www.consigel.com\/ca\/wp-json\/wp\/v2\/product_tag?post=1609"}],"curies":[{"name":"wp","href":"https:\/\/api.w.org\/{rel}","templated":true}]}}