{"id":1597,"date":"2018-02-19T18:39:11","date_gmt":"2018-02-19T18:39:11","guid":{"rendered":"http:\/\/www.consigel.com\/product\/stracciatelle-burrata\/"},"modified":"2018-02-19T18:39:11","modified_gmt":"2018-02-19T18:39:11","slug":"stracciatelle-burrata","status":"publish","type":"product","link":"https:\/\/www.consigel.com\/ca\/producte\/stracciatelle-burrata\/","title":{"rendered":"Stracciatelle Burrata"},"content":{"rendered":"<p><span style=\"color: #333333; text-transform: none; text-indent: 0px; letter-spacing: normal; font-family: 'Cabin Condensed', sans-serif; font-size: 14px; font-style: normal; font-weight: 400; word-spacing: 0px; float: none; display: inline !important; white-space: normal; orphans: 2; widows: 2; background-color: #ffffff; font-variant-ligatures: normal; font-variant-caps: normal; -webkit-text-stroke-width: 0px; text-decoration-style: initial; text-decoration-color: initial;\">La stracciatella es el contenido de relleno de la burrata. Est\u00e1 compuesta por mozzarella deshilachada y un poco de nata. El gusto es muy sabroso y tentador, recomendamos comerla con platos de verduras como calabac\u00edn, berenjenas y pimientos. Tambi\u00e9n se pueden elaborar ricas salsas, utilizarla como guarnici\u00f3n de la pizza o <\/span><span style=\"color: #333333; text-transform: none; text-indent: 0px; letter-spacing: normal; font-family: 'Cabin Condensed', sans-serif; font-size: 14px; font-style: normal; font-weight: 400; word-spacing: 0px; float: none; display: inline !important; white-space: normal; orphans: 2; widows: 2; background-color: #ffffff; font-variant-ligatures: normal; font-variant-caps: normal; -webkit-text-stroke-width: 0px; text-decoration-style: initial; text-decoration-color: initial;\"><span style=\"color: #333333; text-transform: none; text-indent: 0px; letter-spacing: normal; font-family: 'Cabin Condensed', sans-serif; font-size: 14px; font-style: normal; font-weight: 400; word-spacing: 0px; float: none; display: inline !important; white-space: normal; orphans: 2; widows: 2; font-variant-ligatures: normal; font-variant-caps: normal; -webkit-text-stroke-width: 0px; text-decoration-style: initial; text-decoration-color: initial;\">rellenar salm\u00f3n y bresaola para hacer unos rollitos.<\/span><\/span><\/p>\n<p>\u00a0<\/p>\n<ul>\n<li style=\"font-family: 'Cabin Condensed', sans-serif; box-sizing: border-box;\"><span style=\"background-color: #ffffff;\"><strong style=\"color: #742b39; font-family: 'Cabin Condensed', sans-serif; font-weight: bold; box-sizing: border-box;\">LECHE:\u00a0<\/strong>CRUDA DE VACA<\/span><\/li>\n<li style=\"font-family: 'Cabin Condensed', sans-serif; box-sizing: border-box;\"><span style=\"background-color: #ffffff;\"><strong style=\"color: #742b39; font-family: 'Cabin Condensed', sans-serif; font-weight: bold; box-sizing: border-box;\">PROCEDENCIA:\u00a0<\/strong>BARI, PUGLIA<\/span><\/li>\n<li style=\"font-family: 'Cabin Condensed', sans-serif; box-sizing: border-box;\"><span style=\"background-color: #ffffff;\"><strong style=\"color: #742b39; font-family: 'Cabin Condensed', sans-serif; font-weight: bold; box-sizing: border-box;\">CADUCIDAD:\u00a0<\/strong>10 D\u00cdAS<\/span><\/li>\n<li style=\"font-family: 'Cabin Condensed', sans-serif; box-sizing: border-box;\"><span style=\"background-color: #ffffff;\"><strong style=\"color: #742b39; font-family: 'Cabin Condensed', sans-serif; font-weight: bold; box-sizing: border-box;\">FORMATO Y PESO:\u00a0<\/strong>MZ0174 300 GR (C. ARTIGIANA) MZ0132 400 GR (PROCACCI) MZ0145 1 KG (C. ARTIGIANA) MZ0137 1,5 KG (PROCACCI)<\/span><\/li>\n<\/ul>\n<p><span style=\"color: #333333; text-transform: none; text-indent: 0px; letter-spacing: normal; font-family: 'Cabin Condensed', sans-serif; font-size: 14px; font-style: normal; font-weight: 400; word-spacing: 0px; float: none; display: inline !important; white-space: normal; orphans: 2; widows: 2; background-color: #ffffff; font-variant-ligatures: normal; font-variant-caps: normal; -webkit-text-stroke-width: 0px; text-decoration-style: initial; text-decoration-color: initial;\"><br \/><span style=\"color: #333333; text-transform: none; text-indent: 0px; letter-spacing: normal; font-family: 'Cabin Condensed', sans-serif; font-size: 14px; font-style: normal; font-weight: 400; word-spacing: 0px; float: none; display: inline !important; white-space: normal; orphans: 2; widows: 2; background-color: #ffffff; font-variant-ligatures: normal; font-variant-caps: normal; -webkit-text-stroke-width: 0px; text-decoration-style: initial; text-decoration-color: initial;\"><br \/><\/span><\/span><\/p>\n<p><span style=\"color: #333333; text-transform: none; text-indent: 0px; letter-spacing: normal; font-family: 'Cabin Condensed', sans-serif; font-size: 14px; font-style: normal; font-weight: 400; word-spacing: 0px; float: none; display: inline !important; white-space: normal; orphans: 2; widows: 2; background-color: #ffffff; font-variant-ligatures: normal; font-variant-caps: normal; -webkit-text-stroke-width: 0px; text-decoration-style: initial; text-decoration-color: initial;\"><br \/><\/span><\/p>\n","protected":false},"excerpt":{"rendered":"<ul class=\"properties\" style=\"list-style: none; padding: 0px; color: #333333; text-transform: uppercase; line-height: 1.3; text-indent: 0px; letter-spacing: normal; font-family: 'Cabin Condensed', sans-serif; font-size: 14px; font-style: normal; font-weight: 500; margin-top: 20px; margin-bottom: 10px; word-spacing: 0px; white-space: normal; box-sizing: border-box; orphans: 2; widows: 2; background-color: #f1eee9; font-variant-ligatures: normal; font-variant-caps: normal; -webkit-text-stroke-width: 0px; text-decoration-style: initial; text-decoration-color: initial;\">\n<li style=\"font-family: 'Cabin Condensed', sans-serif; box-sizing: border-box;\"><span style=\"background-color: #ffffff;\"><strong style=\"color: #742b39; font-family: 'Cabin Condensed', sans-serif; font-weight: bold; box-sizing: border-box;\">LECHE:\u00a0<\/strong>CRUDA DE VACA<\/span><\/li>\n<li style=\"font-family: 'Cabin Condensed', sans-serif; box-sizing: border-box;\"><span style=\"background-color: #ffffff;\"><strong style=\"color: #742b39; font-family: 'Cabin Condensed', sans-serif; font-weight: bold; box-sizing: border-box;\">PROCEDENCIA:\u00a0<\/strong>BARI, PUGLIA<\/span><\/li>\n<li style=\"font-family: 'Cabin Condensed', sans-serif; box-sizing: border-box;\"><span style=\"background-color: #ffffff;\"><strong style=\"color: #742b39; font-family: 'Cabin Condensed', sans-serif; font-weight: bold; box-sizing: border-box;\">CADUCIDAD:\u00a0<\/strong>10 D\u00cdAS<\/span><\/li>\n<li style=\"font-family: 'Cabin Condensed', sans-serif; box-sizing: border-box;\"><span style=\"background-color: #ffffff;\"><strong style=\"color: #742b39; font-family: 'Cabin Condensed', sans-serif; font-weight: bold; box-sizing: border-box;\">FORMATO Y PESO:\u00a0<\/strong>MZ0174 300 GR (C. ARTIGIANA) MZ0132 400 GR (PROCACCI) MZ0145 1 KG (C. ARTIGIANA) MZ0137 1,5 KG (PROCACCI)<\/span><\/li>\n<\/ul>\n","protected":false},"featured_media":1596,"comment_status":"open","ping_status":"closed","template":"","meta":[],"product_cat":[130],"product_tag":[],"class_list":{"0":"post-1597","1":"product","2":"type-product","3":"status-publish","4":"has-post-thumbnail","6":"product_cat-congelats","8":"first","9":"outofstock","10":"shipping-taxable","11":"product-type-simple"},"yoast_head":"<!-- This site is optimized with the Yoast SEO plugin v23.3 - https:\/\/yoast.com\/wordpress\/plugins\/seo\/ -->\n<title>Stracciatelle Burrata - Consigel<\/title>\n<meta name=\"robots\" content=\"index, follow, max-snippet:-1, max-image-preview:large, max-video-preview:-1\" \/>\n<link rel=\"canonical\" href=\"https:\/\/www.consigel.com\/ca\/producte\/stracciatelle-burrata\/\" \/>\n<meta property=\"og:locale\" content=\"ca_ES\" \/>\n<meta property=\"og:type\" content=\"article\" \/>\n<meta property=\"og:title\" content=\"Stracciatelle Burrata - Consigel\" \/>\n<meta property=\"og:description\" content=\"LECHE:\u00a0CRUDA DE VACA PROCEDENCIA:\u00a0BARI, PUGLIA CADUCIDAD:\u00a010 D\u00cdAS FORMATO Y PESO:\u00a0MZ0174 300 GR (C. ARTIGIANA) MZ0132 400 GR (PROCACCI) MZ0145 1 KG (C. ARTIGIANA) MZ0137 1,5 KG (PROCACCI)\" \/>\n<meta property=\"og:url\" content=\"https:\/\/www.consigel.com\/ca\/producte\/stracciatelle-burrata\/\" \/>\n<meta property=\"og:site_name\" content=\"Consigel\" \/>\n<meta property=\"og:image\" content=\"https:\/\/www.consigel.com\/wp-content\/uploads\/2018\/02\/1859-thickbox_default-Stracciatelle-Burrata.jpg\" \/>\n\t<meta property=\"og:image:width\" content=\"1200\" \/>\n\t<meta property=\"og:image:height\" content=\"1200\" \/>\n\t<meta property=\"og:image:type\" content=\"image\/jpeg\" \/>\n<meta name=\"twitter:card\" content=\"summary_large_image\" \/>\n<script type=\"application\/ld+json\" class=\"yoast-schema-graph\">{\"@context\":\"https:\/\/schema.org\",\"@graph\":[{\"@type\":\"WebPage\",\"@id\":\"https:\/\/www.consigel.com\/ca\/producte\/stracciatelle-burrata\/\",\"url\":\"https:\/\/www.consigel.com\/ca\/producte\/stracciatelle-burrata\/\",\"name\":\"Stracciatelle Burrata - Consigel\",\"isPartOf\":{\"@id\":\"https:\/\/www.consigel.com\/ca\/#website\"},\"primaryImageOfPage\":{\"@id\":\"https:\/\/www.consigel.com\/ca\/producte\/stracciatelle-burrata\/#primaryimage\"},\"image\":{\"@id\":\"https:\/\/www.consigel.com\/ca\/producte\/stracciatelle-burrata\/#primaryimage\"},\"thumbnailUrl\":\"https:\/\/www.consigel.com\/wp-content\/uploads\/2018\/02\/1859-thickbox_default-Stracciatelle-Burrata.jpg\",\"datePublished\":\"2018-02-19T18:39:11+00:00\",\"dateModified\":\"2018-02-19T18:39:11+00:00\",\"breadcrumb\":{\"@id\":\"https:\/\/www.consigel.com\/ca\/producte\/stracciatelle-burrata\/#breadcrumb\"},\"inLanguage\":\"ca\",\"potentialAction\":[{\"@type\":\"ReadAction\",\"target\":[\"https:\/\/www.consigel.com\/ca\/producte\/stracciatelle-burrata\/\"]}]},{\"@type\":\"ImageObject\",\"inLanguage\":\"ca\",\"@id\":\"https:\/\/www.consigel.com\/ca\/producte\/stracciatelle-burrata\/#primaryimage\",\"url\":\"https:\/\/www.consigel.com\/wp-content\/uploads\/2018\/02\/1859-thickbox_default-Stracciatelle-Burrata.jpg\",\"contentUrl\":\"https:\/\/www.consigel.com\/wp-content\/uploads\/2018\/02\/1859-thickbox_default-Stracciatelle-Burrata.jpg\",\"width\":1200,\"height\":1200,\"caption\":\"Stracciatelle Burrata\"},{\"@type\":\"BreadcrumbList\",\"@id\":\"https:\/\/www.consigel.com\/ca\/producte\/stracciatelle-burrata\/#breadcrumb\",\"itemListElement\":[{\"@type\":\"ListItem\",\"position\":1,\"name\":\"Portada\",\"item\":\"https:\/\/www.consigel.com\/ca\/\"},{\"@type\":\"ListItem\",\"position\":2,\"name\":\"Shop\",\"item\":\"https:\/\/www.consigel.com\/ca\/shop\/\"},{\"@type\":\"ListItem\",\"position\":3,\"name\":\"Stracciatelle Burrata\"}]},{\"@type\":\"WebSite\",\"@id\":\"https:\/\/www.consigel.com\/ca\/#website\",\"url\":\"https:\/\/www.consigel.com\/ca\/\",\"name\":\"Consigel\",\"description\":\"\",\"potentialAction\":[{\"@type\":\"SearchAction\",\"target\":{\"@type\":\"EntryPoint\",\"urlTemplate\":\"https:\/\/www.consigel.com\/ca\/?s={search_term_string}\"},\"query-input\":\"required name=search_term_string\"}],\"inLanguage\":\"ca\"}]}<\/script>\n<!-- \/ Yoast SEO plugin. -->","yoast_head_json":{"title":"Stracciatelle Burrata - Consigel","robots":{"index":"index","follow":"follow","max-snippet":"max-snippet:-1","max-image-preview":"max-image-preview:large","max-video-preview":"max-video-preview:-1"},"canonical":"https:\/\/www.consigel.com\/ca\/producte\/stracciatelle-burrata\/","og_locale":"ca_ES","og_type":"article","og_title":"Stracciatelle Burrata - Consigel","og_description":"LECHE:\u00a0CRUDA DE VACA PROCEDENCIA:\u00a0BARI, PUGLIA CADUCIDAD:\u00a010 D\u00cdAS FORMATO Y PESO:\u00a0MZ0174 300 GR (C. ARTIGIANA) MZ0132 400 GR (PROCACCI) MZ0145 1 KG (C. ARTIGIANA) MZ0137 1,5 KG (PROCACCI)","og_url":"https:\/\/www.consigel.com\/ca\/producte\/stracciatelle-burrata\/","og_site_name":"Consigel","og_image":[{"width":1200,"height":1200,"url":"https:\/\/www.consigel.com\/wp-content\/uploads\/2018\/02\/1859-thickbox_default-Stracciatelle-Burrata.jpg","type":"image\/jpeg"}],"twitter_card":"summary_large_image","schema":{"@context":"https:\/\/schema.org","@graph":[{"@type":"WebPage","@id":"https:\/\/www.consigel.com\/ca\/producte\/stracciatelle-burrata\/","url":"https:\/\/www.consigel.com\/ca\/producte\/stracciatelle-burrata\/","name":"Stracciatelle Burrata - Consigel","isPartOf":{"@id":"https:\/\/www.consigel.com\/ca\/#website"},"primaryImageOfPage":{"@id":"https:\/\/www.consigel.com\/ca\/producte\/stracciatelle-burrata\/#primaryimage"},"image":{"@id":"https:\/\/www.consigel.com\/ca\/producte\/stracciatelle-burrata\/#primaryimage"},"thumbnailUrl":"https:\/\/www.consigel.com\/wp-content\/uploads\/2018\/02\/1859-thickbox_default-Stracciatelle-Burrata.jpg","datePublished":"2018-02-19T18:39:11+00:00","dateModified":"2018-02-19T18:39:11+00:00","breadcrumb":{"@id":"https:\/\/www.consigel.com\/ca\/producte\/stracciatelle-burrata\/#breadcrumb"},"inLanguage":"ca","potentialAction":[{"@type":"ReadAction","target":["https:\/\/www.consigel.com\/ca\/producte\/stracciatelle-burrata\/"]}]},{"@type":"ImageObject","inLanguage":"ca","@id":"https:\/\/www.consigel.com\/ca\/producte\/stracciatelle-burrata\/#primaryimage","url":"https:\/\/www.consigel.com\/wp-content\/uploads\/2018\/02\/1859-thickbox_default-Stracciatelle-Burrata.jpg","contentUrl":"https:\/\/www.consigel.com\/wp-content\/uploads\/2018\/02\/1859-thickbox_default-Stracciatelle-Burrata.jpg","width":1200,"height":1200,"caption":"Stracciatelle Burrata"},{"@type":"BreadcrumbList","@id":"https:\/\/www.consigel.com\/ca\/producte\/stracciatelle-burrata\/#breadcrumb","itemListElement":[{"@type":"ListItem","position":1,"name":"Portada","item":"https:\/\/www.consigel.com\/ca\/"},{"@type":"ListItem","position":2,"name":"Shop","item":"https:\/\/www.consigel.com\/ca\/shop\/"},{"@type":"ListItem","position":3,"name":"Stracciatelle Burrata"}]},{"@type":"WebSite","@id":"https:\/\/www.consigel.com\/ca\/#website","url":"https:\/\/www.consigel.com\/ca\/","name":"Consigel","description":"","potentialAction":[{"@type":"SearchAction","target":{"@type":"EntryPoint","urlTemplate":"https:\/\/www.consigel.com\/ca\/?s={search_term_string}"},"query-input":"required name=search_term_string"}],"inLanguage":"ca"}]}},"_links":{"self":[{"href":"https:\/\/www.consigel.com\/ca\/wp-json\/wp\/v2\/product\/1597","targetHints":{"allow":["GET"]}}],"collection":[{"href":"https:\/\/www.consigel.com\/ca\/wp-json\/wp\/v2\/product"}],"about":[{"href":"https:\/\/www.consigel.com\/ca\/wp-json\/wp\/v2\/types\/product"}],"replies":[{"embeddable":true,"href":"https:\/\/www.consigel.com\/ca\/wp-json\/wp\/v2\/comments?post=1597"}],"wp:featuredmedia":[{"embeddable":true,"href":"https:\/\/www.consigel.com\/ca\/wp-json\/wp\/v2\/media\/1596"}],"wp:attachment":[{"href":"https:\/\/www.consigel.com\/ca\/wp-json\/wp\/v2\/media?parent=1597"}],"wp:term":[{"taxonomy":"product_cat","embeddable":true,"href":"https:\/\/www.consigel.com\/ca\/wp-json\/wp\/v2\/product_cat?post=1597"},{"taxonomy":"product_tag","embeddable":true,"href":"https:\/\/www.consigel.com\/ca\/wp-json\/wp\/v2\/product_tag?post=1597"}],"curies":[{"name":"wp","href":"https:\/\/api.w.org\/{rel}","templated":true}]}}