{"id":1548,"date":"2018-02-07T18:00:35","date_gmt":"2018-02-07T18:00:35","guid":{"rendered":"http:\/\/www.consigel.com\/product\/fefinanes-de-1583\/"},"modified":"2018-02-07T18:00:35","modified_gmt":"2018-02-07T18:00:35","slug":"fefinanes-de-1583","status":"publish","type":"product","link":"https:\/\/www.consigel.com\/ca\/producte\/fefinanes-de-1583\/","title":{"rendered":"Fefi\u00f1anes de 1583"},"content":{"rendered":"<p style=\"margin: 0px 0px 40px; color: #333333; text-transform: none; line-height: 24px; text-indent: 0px; letter-spacing: normal; font-family: Marcellus, serif; font-size: 16px; font-style: normal; font-weight: 400; word-spacing: 0px; white-space: normal; box-sizing: border-box; orphans: 2; widows: 2; background-color: #ffffff; font-variant-ligatures: normal; font-variant-caps: normal; -webkit-text-stroke-width: 0px; text-decoration-style: initial; text-decoration-color: initial;\">En 1583 naci\u00f3 quien habr\u00eda de ser el primer Vizconde de Fefi\u00f1anes. Un h\u00e9roe de su \u00e9poca, volcado en el servicio a su patria y a su Rey, que, nacido en Fefi\u00f1anes, continu\u00f3 el proyecto de sus antepasados para acabar la construcci\u00f3n del Palacio tal como hoy lo conocemos.<\/p>\n<p style=\"margin: 0px 0px 40px; color: #333333; text-transform: none; line-height: 24px; text-indent: 0px; letter-spacing: normal; font-family: Marcellus, serif; font-size: 16px; font-style: normal; font-weight: 400; word-spacing: 0px; white-space: normal; box-sizing: border-box; orphans: 2; widows: 2; background-color: #ffffff; font-variant-ligatures: normal; font-variant-caps: normal; -webkit-text-stroke-width: 0px; text-decoration-style: initial; text-decoration-color: initial;\"><strong style=\"font-weight: bold; box-sizing: border-box;\">1583 Albari\u00f1o de Fefi\u00f1anes<\/strong><span>\u00a0<\/span>fermenta en barricas de roble franc\u00e9s, pasando luego una breve crianza de tres meses con sus l\u00edas y acaba de redondearse en dep\u00f3sito de acero.<\/p>\n","protected":false},"excerpt":{"rendered":"<p>En 1583 naci\u00f3 quien habr\u00eda de ser el primer Vizconde de Fefi\u00f1anes. Un h\u00e9roe de su \u00e9poca, volcado en el servicio a su patria y a su Rey, que, nacido en Fefi\u00f1anes, continu\u00f3 el proyecto de sus antepasados para acabar la construcci\u00f3n del Palacio tal como hoy lo conocemos. 1583 Albari\u00f1o de Fefi\u00f1anes\u00a0fermenta en barricas [&#8230;]\n","protected":false},"featured_media":1547,"comment_status":"open","ping_status":"closed","template":"","meta":[],"product_cat":[89],"product_tag":[],"class_list":{"0":"post-1548","1":"product","2":"type-product","3":"status-publish","4":"has-post-thumbnail","6":"product_cat-bodega-palacio-de-fefinanes","8":"first","9":"outofstock","10":"shipping-taxable","11":"product-type-simple"},"yoast_head":"<!-- This site is optimized with the Yoast SEO plugin v23.3 - https:\/\/yoast.com\/wordpress\/plugins\/seo\/ -->\n<title>Fefi\u00f1anes de 1583 - Consigel<\/title>\n<meta name=\"robots\" content=\"index, follow, max-snippet:-1, max-image-preview:large, max-video-preview:-1\" \/>\n<link rel=\"canonical\" href=\"https:\/\/www.consigel.com\/ca\/producte\/fefinanes-de-1583\/\" \/>\n<meta property=\"og:locale\" content=\"ca_ES\" \/>\n<meta property=\"og:type\" content=\"article\" \/>\n<meta property=\"og:title\" content=\"Fefi\u00f1anes de 1583 - Consigel\" \/>\n<meta property=\"og:description\" content=\"En 1583 naci\u00f3 quien habr\u00eda de ser el primer Vizconde de Fefi\u00f1anes. Un h\u00e9roe de su \u00e9poca, volcado en el servicio a su patria y a su Rey, que, nacido en Fefi\u00f1anes, continu\u00f3 el proyecto de sus antepasados para acabar la construcci\u00f3n del Palacio tal como hoy lo conocemos. 1583 Albari\u00f1o de Fefi\u00f1anes\u00a0fermenta en barricas [...]\" \/>\n<meta property=\"og:url\" content=\"https:\/\/www.consigel.com\/ca\/producte\/fefinanes-de-1583\/\" \/>\n<meta property=\"og:site_name\" content=\"Consigel\" \/>\n<meta property=\"og:image\" content=\"https:\/\/www.consigel.com\/wp-content\/uploads\/2018\/02\/1807-thickbox_default-Fefinanes-de-1583.jpg\" \/>\n\t<meta property=\"og:image:width\" content=\"1200\" \/>\n\t<meta property=\"og:image:height\" content=\"1200\" \/>\n\t<meta property=\"og:image:type\" content=\"image\/jpeg\" \/>\n<meta name=\"twitter:card\" content=\"summary_large_image\" \/>\n<script type=\"application\/ld+json\" class=\"yoast-schema-graph\">{\"@context\":\"https:\/\/schema.org\",\"@graph\":[{\"@type\":\"WebPage\",\"@id\":\"https:\/\/www.consigel.com\/ca\/producte\/fefinanes-de-1583\/\",\"url\":\"https:\/\/www.consigel.com\/ca\/producte\/fefinanes-de-1583\/\",\"name\":\"Fefi\u00f1anes de 1583 - Consigel\",\"isPartOf\":{\"@id\":\"https:\/\/www.consigel.com\/ca\/#website\"},\"primaryImageOfPage\":{\"@id\":\"https:\/\/www.consigel.com\/ca\/producte\/fefinanes-de-1583\/#primaryimage\"},\"image\":{\"@id\":\"https:\/\/www.consigel.com\/ca\/producte\/fefinanes-de-1583\/#primaryimage\"},\"thumbnailUrl\":\"https:\/\/www.consigel.com\/wp-content\/uploads\/2018\/02\/1807-thickbox_default-Fefinanes-de-1583.jpg\",\"datePublished\":\"2018-02-07T18:00:35+00:00\",\"dateModified\":\"2018-02-07T18:00:35+00:00\",\"breadcrumb\":{\"@id\":\"https:\/\/www.consigel.com\/ca\/producte\/fefinanes-de-1583\/#breadcrumb\"},\"inLanguage\":\"ca\",\"potentialAction\":[{\"@type\":\"ReadAction\",\"target\":[\"https:\/\/www.consigel.com\/ca\/producte\/fefinanes-de-1583\/\"]}]},{\"@type\":\"ImageObject\",\"inLanguage\":\"ca\",\"@id\":\"https:\/\/www.consigel.com\/ca\/producte\/fefinanes-de-1583\/#primaryimage\",\"url\":\"https:\/\/www.consigel.com\/wp-content\/uploads\/2018\/02\/1807-thickbox_default-Fefinanes-de-1583.jpg\",\"contentUrl\":\"https:\/\/www.consigel.com\/wp-content\/uploads\/2018\/02\/1807-thickbox_default-Fefinanes-de-1583.jpg\",\"width\":1200,\"height\":1200,\"caption\":\"Fefi\u00f1anes de 1583\"},{\"@type\":\"BreadcrumbList\",\"@id\":\"https:\/\/www.consigel.com\/ca\/producte\/fefinanes-de-1583\/#breadcrumb\",\"itemListElement\":[{\"@type\":\"ListItem\",\"position\":1,\"name\":\"Portada\",\"item\":\"https:\/\/www.consigel.com\/ca\/\"},{\"@type\":\"ListItem\",\"position\":2,\"name\":\"Shop\",\"item\":\"https:\/\/www.consigel.com\/ca\/shop\/\"},{\"@type\":\"ListItem\",\"position\":3,\"name\":\"Fefi\u00f1anes de 1583\"}]},{\"@type\":\"WebSite\",\"@id\":\"https:\/\/www.consigel.com\/ca\/#website\",\"url\":\"https:\/\/www.consigel.com\/ca\/\",\"name\":\"Consigel\",\"description\":\"\",\"potentialAction\":[{\"@type\":\"SearchAction\",\"target\":{\"@type\":\"EntryPoint\",\"urlTemplate\":\"https:\/\/www.consigel.com\/ca\/?s={search_term_string}\"},\"query-input\":\"required name=search_term_string\"}],\"inLanguage\":\"ca\"}]}<\/script>\n<!-- \/ Yoast SEO plugin. -->","yoast_head_json":{"title":"Fefi\u00f1anes de 1583 - Consigel","robots":{"index":"index","follow":"follow","max-snippet":"max-snippet:-1","max-image-preview":"max-image-preview:large","max-video-preview":"max-video-preview:-1"},"canonical":"https:\/\/www.consigel.com\/ca\/producte\/fefinanes-de-1583\/","og_locale":"ca_ES","og_type":"article","og_title":"Fefi\u00f1anes de 1583 - Consigel","og_description":"En 1583 naci\u00f3 quien habr\u00eda de ser el primer Vizconde de Fefi\u00f1anes. Un h\u00e9roe de su \u00e9poca, volcado en el servicio a su patria y a su Rey, que, nacido en Fefi\u00f1anes, continu\u00f3 el proyecto de sus antepasados para acabar la construcci\u00f3n del Palacio tal como hoy lo conocemos. 1583 Albari\u00f1o de Fefi\u00f1anes\u00a0fermenta en barricas [...]","og_url":"https:\/\/www.consigel.com\/ca\/producte\/fefinanes-de-1583\/","og_site_name":"Consigel","og_image":[{"width":1200,"height":1200,"url":"https:\/\/www.consigel.com\/wp-content\/uploads\/2018\/02\/1807-thickbox_default-Fefinanes-de-1583.jpg","type":"image\/jpeg"}],"twitter_card":"summary_large_image","schema":{"@context":"https:\/\/schema.org","@graph":[{"@type":"WebPage","@id":"https:\/\/www.consigel.com\/ca\/producte\/fefinanes-de-1583\/","url":"https:\/\/www.consigel.com\/ca\/producte\/fefinanes-de-1583\/","name":"Fefi\u00f1anes de 1583 - Consigel","isPartOf":{"@id":"https:\/\/www.consigel.com\/ca\/#website"},"primaryImageOfPage":{"@id":"https:\/\/www.consigel.com\/ca\/producte\/fefinanes-de-1583\/#primaryimage"},"image":{"@id":"https:\/\/www.consigel.com\/ca\/producte\/fefinanes-de-1583\/#primaryimage"},"thumbnailUrl":"https:\/\/www.consigel.com\/wp-content\/uploads\/2018\/02\/1807-thickbox_default-Fefinanes-de-1583.jpg","datePublished":"2018-02-07T18:00:35+00:00","dateModified":"2018-02-07T18:00:35+00:00","breadcrumb":{"@id":"https:\/\/www.consigel.com\/ca\/producte\/fefinanes-de-1583\/#breadcrumb"},"inLanguage":"ca","potentialAction":[{"@type":"ReadAction","target":["https:\/\/www.consigel.com\/ca\/producte\/fefinanes-de-1583\/"]}]},{"@type":"ImageObject","inLanguage":"ca","@id":"https:\/\/www.consigel.com\/ca\/producte\/fefinanes-de-1583\/#primaryimage","url":"https:\/\/www.consigel.com\/wp-content\/uploads\/2018\/02\/1807-thickbox_default-Fefinanes-de-1583.jpg","contentUrl":"https:\/\/www.consigel.com\/wp-content\/uploads\/2018\/02\/1807-thickbox_default-Fefinanes-de-1583.jpg","width":1200,"height":1200,"caption":"Fefi\u00f1anes de 1583"},{"@type":"BreadcrumbList","@id":"https:\/\/www.consigel.com\/ca\/producte\/fefinanes-de-1583\/#breadcrumb","itemListElement":[{"@type":"ListItem","position":1,"name":"Portada","item":"https:\/\/www.consigel.com\/ca\/"},{"@type":"ListItem","position":2,"name":"Shop","item":"https:\/\/www.consigel.com\/ca\/shop\/"},{"@type":"ListItem","position":3,"name":"Fefi\u00f1anes de 1583"}]},{"@type":"WebSite","@id":"https:\/\/www.consigel.com\/ca\/#website","url":"https:\/\/www.consigel.com\/ca\/","name":"Consigel","description":"","potentialAction":[{"@type":"SearchAction","target":{"@type":"EntryPoint","urlTemplate":"https:\/\/www.consigel.com\/ca\/?s={search_term_string}"},"query-input":"required name=search_term_string"}],"inLanguage":"ca"}]}},"_links":{"self":[{"href":"https:\/\/www.consigel.com\/ca\/wp-json\/wp\/v2\/product\/1548","targetHints":{"allow":["GET"]}}],"collection":[{"href":"https:\/\/www.consigel.com\/ca\/wp-json\/wp\/v2\/product"}],"about":[{"href":"https:\/\/www.consigel.com\/ca\/wp-json\/wp\/v2\/types\/product"}],"replies":[{"embeddable":true,"href":"https:\/\/www.consigel.com\/ca\/wp-json\/wp\/v2\/comments?post=1548"}],"wp:featuredmedia":[{"embeddable":true,"href":"https:\/\/www.consigel.com\/ca\/wp-json\/wp\/v2\/media\/1547"}],"wp:attachment":[{"href":"https:\/\/www.consigel.com\/ca\/wp-json\/wp\/v2\/media?parent=1548"}],"wp:term":[{"taxonomy":"product_cat","embeddable":true,"href":"https:\/\/www.consigel.com\/ca\/wp-json\/wp\/v2\/product_cat?post=1548"},{"taxonomy":"product_tag","embeddable":true,"href":"https:\/\/www.consigel.com\/ca\/wp-json\/wp\/v2\/product_tag?post=1548"}],"curies":[{"name":"wp","href":"https:\/\/api.w.org\/{rel}","templated":true}]}}