{"id":1496,"date":"2018-02-01T10:34:21","date_gmt":"2018-02-01T10:34:21","guid":{"rendered":"http:\/\/www.consigel.com\/product\/cava-noa-bohigas\/"},"modified":"2018-02-01T10:34:21","modified_gmt":"2018-02-01T10:34:21","slug":"cava-noa-bohigas","status":"publish","type":"product","link":"https:\/\/www.consigel.com\/ca\/producte\/cava-noa-bohigas\/","title":{"rendered":"Cava Noa Bohigas"},"content":{"rendered":"<p><span style=\"text-align: justify; color: #202020; text-transform: none; text-indent: 0px; letter-spacing: normal; font-family: Raleway, sans-serif; font-size: 15px; font-style: normal; font-weight: 400; word-spacing: 0px; float: none; display: inline !important; white-space: normal; orphans: 2; widows: 2; font-variant-ligatures: normal; font-variant-caps: normal; -webkit-text-stroke-width: 0px; text-decoration-style: initial; text-decoration-color: initial;\">Color p\u00e1lido con reflejos dorados y ligera tonalidad gris\u00e1cea debido a la Pinot Noir. Burbuja fina con abundante y gran persistencia de corona.<\/span><br style=\"margin: 0px; padding: 0px; text-align: justify; color: #202020; text-transform: none; text-indent: 0px; letter-spacing: normal; font-family: Raleway, sans-serif; font-size: 15px; font-style: normal; font-weight: 400; word-spacing: 0px; white-space: normal; orphans: 2; widows: 2; font-variant-ligatures: normal; font-variant-caps: normal; -webkit-text-stroke-width: 0px; text-decoration-style: initial; text-decoration-color: initial;\" \/><span style=\"text-align: justify; color: #202020; text-transform: none; text-indent: 0px; letter-spacing: normal; font-family: Raleway, sans-serif; font-size: 15px; font-style: normal; font-weight: 400; word-spacing: 0px; float: none; display: inline !important; white-space: normal; orphans: 2; widows: 2; font-variant-ligatures: normal; font-variant-caps: normal; -webkit-text-stroke-width: 0px; text-decoration-style: initial; text-decoration-color: initial;\">Aroma potente, combinando aromas varietales con la complejidad de la crianza. Las notas m\u00e1s frescas de la fruta vienen definidas por los c\u00edtricos (pomelo) y la pi\u00f1a de la variedad Xarel \u2022 lo, y los frutos rojos (cereza, frambuesa) de la Pinot Noir. Los aromas de la crianza (tostados finos, chocolate negro) fueron tomando fuerza con el tiempo en copa, entornando la frescura de la fruta fresca y aportando una percepci\u00f3n de gran amplitud y equilibrio.<\/span><br style=\"margin: 0px; padding: 0px; text-align: justify; color: #202020; text-transform: none; text-indent: 0px; letter-spacing: normal; font-family: Raleway, sans-serif; font-size: 15px; font-style: normal; font-weight: 400; word-spacing: 0px; white-space: normal; orphans: 2; widows: 2; font-variant-ligatures: normal; font-variant-caps: normal; -webkit-text-stroke-width: 0px; text-decoration-style: initial; text-decoration-color: initial;\" \/><span style=\"text-align: justify; color: #202020; text-transform: none; text-indent: 0px; letter-spacing: normal; font-family: Raleway, sans-serif; font-size: 15px; font-style: normal; font-weight: 400; word-spacing: 0px; float: none; display: inline !important; white-space: normal; orphans: 2; widows: 2; font-variant-ligatures: normal; font-variant-caps: normal; -webkit-text-stroke-width: 0px; text-decoration-style: initial; text-decoration-color: initial;\">Burbuja de sensaci\u00f3n cremosa y presente, dado su peque\u00f1o tama\u00f1o, que matiza la acidez. Conjunto potente y amable que sostiene el recuerdo de la fruta, la crianza y avellana cruda durante largo tiempo en copa.<\/span><\/p>\n","protected":false},"excerpt":{"rendered":"<p><span style=\"text-align: justify; color: #202020; text-transform: none; text-indent: 0px; letter-spacing: normal; font-family: Raleway, sans-serif; font-size: 15px; font-style: normal; font-weight: 400; word-spacing: 0px; float: none; display: inline !important; white-space: normal; orphans: 2; widows: 2; font-variant-ligatures: normal; font-variant-caps: normal; -webkit-text-stroke-width: 0px; text-decoration-style: initial; text-decoration-color: initial;\">50% Xarel\u00b7lo, 50% Pinot Noir<\/span><\/p>\n","protected":false},"featured_media":1495,"comment_status":"open","ping_status":"closed","template":"","meta":[],"product_cat":[100],"product_tag":[],"class_list":{"0":"post-1496","1":"product","2":"type-product","3":"status-publish","4":"has-post-thumbnail","6":"product_cat-celler-fermi-bohigas","8":"first","9":"outofstock","10":"shipping-taxable","11":"product-type-simple"},"yoast_head":"<!-- This site is optimized with the Yoast SEO plugin v23.3 - https:\/\/yoast.com\/wordpress\/plugins\/seo\/ -->\n<title>Cava Noa Bohigas - Consigel<\/title>\n<meta name=\"robots\" content=\"index, follow, max-snippet:-1, max-image-preview:large, max-video-preview:-1\" \/>\n<link rel=\"canonical\" href=\"https:\/\/www.consigel.com\/ca\/producte\/cava-noa-bohigas\/\" \/>\n<meta property=\"og:locale\" content=\"ca_ES\" \/>\n<meta property=\"og:type\" content=\"article\" \/>\n<meta property=\"og:title\" content=\"Cava Noa Bohigas - Consigel\" \/>\n<meta property=\"og:description\" content=\"50% Xarel\u00b7lo, 50% Pinot Noir\" \/>\n<meta property=\"og:url\" content=\"https:\/\/www.consigel.com\/ca\/producte\/cava-noa-bohigas\/\" \/>\n<meta property=\"og:site_name\" content=\"Consigel\" \/>\n<meta property=\"og:image\" content=\"https:\/\/www.consigel.com\/wp-content\/uploads\/2018\/02\/1779-thickbox_default-Cava-Noa-Bohigas.jpg\" \/>\n\t<meta property=\"og:image:width\" content=\"1200\" \/>\n\t<meta property=\"og:image:height\" content=\"1200\" \/>\n\t<meta property=\"og:image:type\" content=\"image\/jpeg\" \/>\n<meta name=\"twitter:card\" content=\"summary_large_image\" \/>\n<meta name=\"twitter:label1\" content=\"Temps estimat de lectura\" \/>\n\t<meta name=\"twitter:data1\" content=\"1 minut\" \/>\n<script type=\"application\/ld+json\" class=\"yoast-schema-graph\">{\"@context\":\"https:\/\/schema.org\",\"@graph\":[{\"@type\":\"WebPage\",\"@id\":\"https:\/\/www.consigel.com\/ca\/producte\/cava-noa-bohigas\/\",\"url\":\"https:\/\/www.consigel.com\/ca\/producte\/cava-noa-bohigas\/\",\"name\":\"Cava Noa Bohigas - Consigel\",\"isPartOf\":{\"@id\":\"https:\/\/www.consigel.com\/ca\/#website\"},\"primaryImageOfPage\":{\"@id\":\"https:\/\/www.consigel.com\/ca\/producte\/cava-noa-bohigas\/#primaryimage\"},\"image\":{\"@id\":\"https:\/\/www.consigel.com\/ca\/producte\/cava-noa-bohigas\/#primaryimage\"},\"thumbnailUrl\":\"https:\/\/www.consigel.com\/wp-content\/uploads\/2018\/02\/1779-thickbox_default-Cava-Noa-Bohigas.jpg\",\"datePublished\":\"2018-02-01T10:34:21+00:00\",\"dateModified\":\"2018-02-01T10:34:21+00:00\",\"breadcrumb\":{\"@id\":\"https:\/\/www.consigel.com\/ca\/producte\/cava-noa-bohigas\/#breadcrumb\"},\"inLanguage\":\"ca\",\"potentialAction\":[{\"@type\":\"ReadAction\",\"target\":[\"https:\/\/www.consigel.com\/ca\/producte\/cava-noa-bohigas\/\"]}]},{\"@type\":\"ImageObject\",\"inLanguage\":\"ca\",\"@id\":\"https:\/\/www.consigel.com\/ca\/producte\/cava-noa-bohigas\/#primaryimage\",\"url\":\"https:\/\/www.consigel.com\/wp-content\/uploads\/2018\/02\/1779-thickbox_default-Cava-Noa-Bohigas.jpg\",\"contentUrl\":\"https:\/\/www.consigel.com\/wp-content\/uploads\/2018\/02\/1779-thickbox_default-Cava-Noa-Bohigas.jpg\",\"width\":1200,\"height\":1200,\"caption\":\"Cava Noa Bohigas\"},{\"@type\":\"BreadcrumbList\",\"@id\":\"https:\/\/www.consigel.com\/ca\/producte\/cava-noa-bohigas\/#breadcrumb\",\"itemListElement\":[{\"@type\":\"ListItem\",\"position\":1,\"name\":\"Portada\",\"item\":\"https:\/\/www.consigel.com\/ca\/\"},{\"@type\":\"ListItem\",\"position\":2,\"name\":\"Shop\",\"item\":\"https:\/\/www.consigel.com\/ca\/shop\/\"},{\"@type\":\"ListItem\",\"position\":3,\"name\":\"Cava Noa Bohigas\"}]},{\"@type\":\"WebSite\",\"@id\":\"https:\/\/www.consigel.com\/ca\/#website\",\"url\":\"https:\/\/www.consigel.com\/ca\/\",\"name\":\"Consigel\",\"description\":\"\",\"potentialAction\":[{\"@type\":\"SearchAction\",\"target\":{\"@type\":\"EntryPoint\",\"urlTemplate\":\"https:\/\/www.consigel.com\/ca\/?s={search_term_string}\"},\"query-input\":\"required name=search_term_string\"}],\"inLanguage\":\"ca\"}]}<\/script>\n<!-- \/ Yoast SEO plugin. -->","yoast_head_json":{"title":"Cava Noa Bohigas - Consigel","robots":{"index":"index","follow":"follow","max-snippet":"max-snippet:-1","max-image-preview":"max-image-preview:large","max-video-preview":"max-video-preview:-1"},"canonical":"https:\/\/www.consigel.com\/ca\/producte\/cava-noa-bohigas\/","og_locale":"ca_ES","og_type":"article","og_title":"Cava Noa Bohigas - Consigel","og_description":"50% Xarel\u00b7lo, 50% Pinot Noir","og_url":"https:\/\/www.consigel.com\/ca\/producte\/cava-noa-bohigas\/","og_site_name":"Consigel","og_image":[{"width":1200,"height":1200,"url":"https:\/\/www.consigel.com\/wp-content\/uploads\/2018\/02\/1779-thickbox_default-Cava-Noa-Bohigas.jpg","type":"image\/jpeg"}],"twitter_card":"summary_large_image","twitter_misc":{"Temps estimat de lectura":"1 minut"},"schema":{"@context":"https:\/\/schema.org","@graph":[{"@type":"WebPage","@id":"https:\/\/www.consigel.com\/ca\/producte\/cava-noa-bohigas\/","url":"https:\/\/www.consigel.com\/ca\/producte\/cava-noa-bohigas\/","name":"Cava Noa Bohigas - Consigel","isPartOf":{"@id":"https:\/\/www.consigel.com\/ca\/#website"},"primaryImageOfPage":{"@id":"https:\/\/www.consigel.com\/ca\/producte\/cava-noa-bohigas\/#primaryimage"},"image":{"@id":"https:\/\/www.consigel.com\/ca\/producte\/cava-noa-bohigas\/#primaryimage"},"thumbnailUrl":"https:\/\/www.consigel.com\/wp-content\/uploads\/2018\/02\/1779-thickbox_default-Cava-Noa-Bohigas.jpg","datePublished":"2018-02-01T10:34:21+00:00","dateModified":"2018-02-01T10:34:21+00:00","breadcrumb":{"@id":"https:\/\/www.consigel.com\/ca\/producte\/cava-noa-bohigas\/#breadcrumb"},"inLanguage":"ca","potentialAction":[{"@type":"ReadAction","target":["https:\/\/www.consigel.com\/ca\/producte\/cava-noa-bohigas\/"]}]},{"@type":"ImageObject","inLanguage":"ca","@id":"https:\/\/www.consigel.com\/ca\/producte\/cava-noa-bohigas\/#primaryimage","url":"https:\/\/www.consigel.com\/wp-content\/uploads\/2018\/02\/1779-thickbox_default-Cava-Noa-Bohigas.jpg","contentUrl":"https:\/\/www.consigel.com\/wp-content\/uploads\/2018\/02\/1779-thickbox_default-Cava-Noa-Bohigas.jpg","width":1200,"height":1200,"caption":"Cava Noa Bohigas"},{"@type":"BreadcrumbList","@id":"https:\/\/www.consigel.com\/ca\/producte\/cava-noa-bohigas\/#breadcrumb","itemListElement":[{"@type":"ListItem","position":1,"name":"Portada","item":"https:\/\/www.consigel.com\/ca\/"},{"@type":"ListItem","position":2,"name":"Shop","item":"https:\/\/www.consigel.com\/ca\/shop\/"},{"@type":"ListItem","position":3,"name":"Cava Noa Bohigas"}]},{"@type":"WebSite","@id":"https:\/\/www.consigel.com\/ca\/#website","url":"https:\/\/www.consigel.com\/ca\/","name":"Consigel","description":"","potentialAction":[{"@type":"SearchAction","target":{"@type":"EntryPoint","urlTemplate":"https:\/\/www.consigel.com\/ca\/?s={search_term_string}"},"query-input":"required name=search_term_string"}],"inLanguage":"ca"}]}},"_links":{"self":[{"href":"https:\/\/www.consigel.com\/ca\/wp-json\/wp\/v2\/product\/1496","targetHints":{"allow":["GET"]}}],"collection":[{"href":"https:\/\/www.consigel.com\/ca\/wp-json\/wp\/v2\/product"}],"about":[{"href":"https:\/\/www.consigel.com\/ca\/wp-json\/wp\/v2\/types\/product"}],"replies":[{"embeddable":true,"href":"https:\/\/www.consigel.com\/ca\/wp-json\/wp\/v2\/comments?post=1496"}],"wp:featuredmedia":[{"embeddable":true,"href":"https:\/\/www.consigel.com\/ca\/wp-json\/wp\/v2\/media\/1495"}],"wp:attachment":[{"href":"https:\/\/www.consigel.com\/ca\/wp-json\/wp\/v2\/media?parent=1496"}],"wp:term":[{"taxonomy":"product_cat","embeddable":true,"href":"https:\/\/www.consigel.com\/ca\/wp-json\/wp\/v2\/product_cat?post=1496"},{"taxonomy":"product_tag","embeddable":true,"href":"https:\/\/www.consigel.com\/ca\/wp-json\/wp\/v2\/product_tag?post=1496"}],"curies":[{"name":"wp","href":"https:\/\/api.w.org\/{rel}","templated":true}]}}