{"id":1494,"date":"2018-02-01T10:27:11","date_gmt":"2018-02-01T10:27:11","guid":{"rendered":"http:\/\/www.consigel.com\/product\/inicis-bohigas-tinto\/"},"modified":"2018-02-01T10:27:11","modified_gmt":"2018-02-01T10:27:11","slug":"inicis-bohigas-tinto","status":"publish","type":"product","link":"https:\/\/www.consigel.com\/ca\/producte\/inicis-bohigas-tinto\/","title":{"rendered":"Inicis Bohigas Tinto"},"content":{"rendered":"<p style=\"background: no-repeat; margin: 0px 0px 25px; padding: 0px; outline: 0px; border: 0px currentColor; border-image: none; text-align: justify; color: #202020; text-transform: none; text-indent: 0px; letter-spacing: normal; font-family: Raleway, sans-serif; font-size: 15px; font-style: normal; font-weight: 400; word-spacing: 0px; vertical-align: top; white-space: normal; orphans: 2; widows: 2; font-variant-ligatures: normal; font-variant-caps: normal; -webkit-text-stroke-width: 0px; text-decoration-style: initial; text-decoration-color: initial;\">Color rojo de gran viveza y capa media.<\/p>\n<p style=\"background: no-repeat; margin: 0px 0px 25px; padding: 0px; outline: 0px; border: 0px currentColor; border-image: none; text-align: justify; color: #202020; text-transform: none; text-indent: 0px; letter-spacing: normal; font-family: Raleway, sans-serif; font-size: 15px; font-style: normal; font-weight: 400; word-spacing: 0px; vertical-align: top; white-space: normal; orphans: 2; widows: 2; font-variant-ligatures: normal; font-variant-caps: normal; -webkit-text-stroke-width: 0px; text-decoration-style: initial; text-decoration-color: initial;\">Al inicio destaca un car\u00e1cter fresco de frutos rojos, angostura y piel de c\u00edtricos, con un marcado car\u00e1cter vivo. En evoluci\u00f3n, las notas de frutas rojas (cerezas al licor) encuentran en notas ex\u00f3ticas (s\u00e1ndalo) el contrapunto de madurez, en un vino varietal muy f\u00e1cilmente reconocible por la singularidad fresca y extrema de la sumoll.<br style=\"margin: 0px; padding: 0px;\" \/>El paso por boca es ligero y vibrante, con la rusticidad t\u00edpica de la variedad bien domada pero marcando una identidad varietal inconfundible. En la sumoll, el equilibrio en boca es m\u00e1s \u00e1cido que t\u00e1nico dando vinos refrescantes, aparentemente fr\u00e1giles pero que muestran su fortaleza en un largo y refrescante final que aportan un recuerdo elegante y estricto al mismo tiempo, con una fluidez que limpia la boca y una sedosa tanicidad que prepara para la siguiente copa.<\/p>\n","protected":false},"excerpt":{"rendered":"<p><span style=\"text-align: justify; color: #202020; text-transform: none; text-indent: 0px; letter-spacing: normal; font-family: Raleway, sans-serif; font-size: 15px; font-style: normal; font-weight: 400; word-spacing: 0px; float: none; display: inline !important; white-space: normal; orphans: 2; widows: 2; font-variant-ligatures: normal; font-variant-caps: normal; -webkit-text-stroke-width: 0px; text-decoration-style: initial; text-decoration-color: initial;\">Sumoll 100%<\/span><\/p>\n","protected":false},"featured_media":1493,"comment_status":"open","ping_status":"closed","template":"","meta":[],"product_cat":[30],"product_tag":[],"class_list":{"0":"post-1494","1":"product","2":"type-product","3":"status-publish","4":"has-post-thumbnail","6":"product_cat-do-catalunya","8":"first","9":"outofstock","10":"shipping-taxable","11":"product-type-simple"},"yoast_head":"<!-- This site is optimized with the Yoast SEO plugin v23.3 - https:\/\/yoast.com\/wordpress\/plugins\/seo\/ -->\n<title>Inicis Bohigas Tinto - Consigel<\/title>\n<meta name=\"robots\" content=\"index, follow, max-snippet:-1, max-image-preview:large, max-video-preview:-1\" \/>\n<link rel=\"canonical\" href=\"https:\/\/www.consigel.com\/ca\/producte\/inicis-bohigas-tinto\/\" \/>\n<meta property=\"og:locale\" content=\"ca_ES\" \/>\n<meta property=\"og:type\" content=\"article\" \/>\n<meta property=\"og:title\" content=\"Inicis Bohigas Tinto - Consigel\" \/>\n<meta property=\"og:description\" content=\"Sumoll 100%\" \/>\n<meta property=\"og:url\" content=\"https:\/\/www.consigel.com\/ca\/producte\/inicis-bohigas-tinto\/\" \/>\n<meta property=\"og:site_name\" content=\"Consigel\" \/>\n<meta property=\"og:image\" content=\"https:\/\/www.consigel.com\/wp-content\/uploads\/2018\/02\/1778-thickbox_default-Inicis-Bohigas-Tinto.jpg\" \/>\n\t<meta property=\"og:image:width\" content=\"1200\" \/>\n\t<meta property=\"og:image:height\" content=\"1200\" \/>\n\t<meta property=\"og:image:type\" content=\"image\/jpeg\" \/>\n<meta name=\"twitter:card\" content=\"summary_large_image\" \/>\n<meta name=\"twitter:label1\" content=\"Temps estimat de lectura\" \/>\n\t<meta name=\"twitter:data1\" content=\"1 minut\" \/>\n<script type=\"application\/ld+json\" class=\"yoast-schema-graph\">{\"@context\":\"https:\/\/schema.org\",\"@graph\":[{\"@type\":\"WebPage\",\"@id\":\"https:\/\/www.consigel.com\/ca\/producte\/inicis-bohigas-tinto\/\",\"url\":\"https:\/\/www.consigel.com\/ca\/producte\/inicis-bohigas-tinto\/\",\"name\":\"Inicis Bohigas Tinto - Consigel\",\"isPartOf\":{\"@id\":\"https:\/\/www.consigel.com\/ca\/#website\"},\"primaryImageOfPage\":{\"@id\":\"https:\/\/www.consigel.com\/ca\/producte\/inicis-bohigas-tinto\/#primaryimage\"},\"image\":{\"@id\":\"https:\/\/www.consigel.com\/ca\/producte\/inicis-bohigas-tinto\/#primaryimage\"},\"thumbnailUrl\":\"https:\/\/www.consigel.com\/wp-content\/uploads\/2018\/02\/1778-thickbox_default-Inicis-Bohigas-Tinto.jpg\",\"datePublished\":\"2018-02-01T10:27:11+00:00\",\"dateModified\":\"2018-02-01T10:27:11+00:00\",\"breadcrumb\":{\"@id\":\"https:\/\/www.consigel.com\/ca\/producte\/inicis-bohigas-tinto\/#breadcrumb\"},\"inLanguage\":\"ca\",\"potentialAction\":[{\"@type\":\"ReadAction\",\"target\":[\"https:\/\/www.consigel.com\/ca\/producte\/inicis-bohigas-tinto\/\"]}]},{\"@type\":\"ImageObject\",\"inLanguage\":\"ca\",\"@id\":\"https:\/\/www.consigel.com\/ca\/producte\/inicis-bohigas-tinto\/#primaryimage\",\"url\":\"https:\/\/www.consigel.com\/wp-content\/uploads\/2018\/02\/1778-thickbox_default-Inicis-Bohigas-Tinto.jpg\",\"contentUrl\":\"https:\/\/www.consigel.com\/wp-content\/uploads\/2018\/02\/1778-thickbox_default-Inicis-Bohigas-Tinto.jpg\",\"width\":1200,\"height\":1200,\"caption\":\"Inicis Bohigas Tinto\"},{\"@type\":\"BreadcrumbList\",\"@id\":\"https:\/\/www.consigel.com\/ca\/producte\/inicis-bohigas-tinto\/#breadcrumb\",\"itemListElement\":[{\"@type\":\"ListItem\",\"position\":1,\"name\":\"Portada\",\"item\":\"https:\/\/www.consigel.com\/ca\/\"},{\"@type\":\"ListItem\",\"position\":2,\"name\":\"Shop\",\"item\":\"https:\/\/www.consigel.com\/ca\/shop\/\"},{\"@type\":\"ListItem\",\"position\":3,\"name\":\"Inicis Bohigas Tinto\"}]},{\"@type\":\"WebSite\",\"@id\":\"https:\/\/www.consigel.com\/ca\/#website\",\"url\":\"https:\/\/www.consigel.com\/ca\/\",\"name\":\"Consigel\",\"description\":\"\",\"potentialAction\":[{\"@type\":\"SearchAction\",\"target\":{\"@type\":\"EntryPoint\",\"urlTemplate\":\"https:\/\/www.consigel.com\/ca\/?s={search_term_string}\"},\"query-input\":\"required name=search_term_string\"}],\"inLanguage\":\"ca\"}]}<\/script>\n<!-- \/ Yoast SEO plugin. -->","yoast_head_json":{"title":"Inicis Bohigas Tinto - Consigel","robots":{"index":"index","follow":"follow","max-snippet":"max-snippet:-1","max-image-preview":"max-image-preview:large","max-video-preview":"max-video-preview:-1"},"canonical":"https:\/\/www.consigel.com\/ca\/producte\/inicis-bohigas-tinto\/","og_locale":"ca_ES","og_type":"article","og_title":"Inicis Bohigas Tinto - Consigel","og_description":"Sumoll 100%","og_url":"https:\/\/www.consigel.com\/ca\/producte\/inicis-bohigas-tinto\/","og_site_name":"Consigel","og_image":[{"width":1200,"height":1200,"url":"https:\/\/www.consigel.com\/wp-content\/uploads\/2018\/02\/1778-thickbox_default-Inicis-Bohigas-Tinto.jpg","type":"image\/jpeg"}],"twitter_card":"summary_large_image","twitter_misc":{"Temps estimat de lectura":"1 minut"},"schema":{"@context":"https:\/\/schema.org","@graph":[{"@type":"WebPage","@id":"https:\/\/www.consigel.com\/ca\/producte\/inicis-bohigas-tinto\/","url":"https:\/\/www.consigel.com\/ca\/producte\/inicis-bohigas-tinto\/","name":"Inicis Bohigas Tinto - Consigel","isPartOf":{"@id":"https:\/\/www.consigel.com\/ca\/#website"},"primaryImageOfPage":{"@id":"https:\/\/www.consigel.com\/ca\/producte\/inicis-bohigas-tinto\/#primaryimage"},"image":{"@id":"https:\/\/www.consigel.com\/ca\/producte\/inicis-bohigas-tinto\/#primaryimage"},"thumbnailUrl":"https:\/\/www.consigel.com\/wp-content\/uploads\/2018\/02\/1778-thickbox_default-Inicis-Bohigas-Tinto.jpg","datePublished":"2018-02-01T10:27:11+00:00","dateModified":"2018-02-01T10:27:11+00:00","breadcrumb":{"@id":"https:\/\/www.consigel.com\/ca\/producte\/inicis-bohigas-tinto\/#breadcrumb"},"inLanguage":"ca","potentialAction":[{"@type":"ReadAction","target":["https:\/\/www.consigel.com\/ca\/producte\/inicis-bohigas-tinto\/"]}]},{"@type":"ImageObject","inLanguage":"ca","@id":"https:\/\/www.consigel.com\/ca\/producte\/inicis-bohigas-tinto\/#primaryimage","url":"https:\/\/www.consigel.com\/wp-content\/uploads\/2018\/02\/1778-thickbox_default-Inicis-Bohigas-Tinto.jpg","contentUrl":"https:\/\/www.consigel.com\/wp-content\/uploads\/2018\/02\/1778-thickbox_default-Inicis-Bohigas-Tinto.jpg","width":1200,"height":1200,"caption":"Inicis Bohigas Tinto"},{"@type":"BreadcrumbList","@id":"https:\/\/www.consigel.com\/ca\/producte\/inicis-bohigas-tinto\/#breadcrumb","itemListElement":[{"@type":"ListItem","position":1,"name":"Portada","item":"https:\/\/www.consigel.com\/ca\/"},{"@type":"ListItem","position":2,"name":"Shop","item":"https:\/\/www.consigel.com\/ca\/shop\/"},{"@type":"ListItem","position":3,"name":"Inicis Bohigas Tinto"}]},{"@type":"WebSite","@id":"https:\/\/www.consigel.com\/ca\/#website","url":"https:\/\/www.consigel.com\/ca\/","name":"Consigel","description":"","potentialAction":[{"@type":"SearchAction","target":{"@type":"EntryPoint","urlTemplate":"https:\/\/www.consigel.com\/ca\/?s={search_term_string}"},"query-input":"required name=search_term_string"}],"inLanguage":"ca"}]}},"_links":{"self":[{"href":"https:\/\/www.consigel.com\/ca\/wp-json\/wp\/v2\/product\/1494","targetHints":{"allow":["GET"]}}],"collection":[{"href":"https:\/\/www.consigel.com\/ca\/wp-json\/wp\/v2\/product"}],"about":[{"href":"https:\/\/www.consigel.com\/ca\/wp-json\/wp\/v2\/types\/product"}],"replies":[{"embeddable":true,"href":"https:\/\/www.consigel.com\/ca\/wp-json\/wp\/v2\/comments?post=1494"}],"wp:featuredmedia":[{"embeddable":true,"href":"https:\/\/www.consigel.com\/ca\/wp-json\/wp\/v2\/media\/1493"}],"wp:attachment":[{"href":"https:\/\/www.consigel.com\/ca\/wp-json\/wp\/v2\/media?parent=1494"}],"wp:term":[{"taxonomy":"product_cat","embeddable":true,"href":"https:\/\/www.consigel.com\/ca\/wp-json\/wp\/v2\/product_cat?post=1494"},{"taxonomy":"product_tag","embeddable":true,"href":"https:\/\/www.consigel.com\/ca\/wp-json\/wp\/v2\/product_tag?post=1494"}],"curies":[{"name":"wp","href":"https:\/\/api.w.org\/{rel}","templated":true}]}}