{"id":1445,"date":"2018-01-26T18:27:06","date_gmt":"2018-01-26T18:27:06","guid":{"rendered":"http:\/\/www.consigel.com\/product\/saltimbanqui-sauvignon-blanco\/"},"modified":"2018-01-26T18:27:06","modified_gmt":"2018-01-26T18:27:06","slug":"saltimbanqui-sauvignon-blanco","status":"publish","type":"product","link":"https:\/\/www.consigel.com\/ca\/producte\/saltimbanqui-sauvignon-blanco\/","title":{"rendered":"Saltimbanqui Sauvignon Blanco"},"content":{"rendered":"<p style=\"margin: 0px 0px 10px; color: #919191; text-transform: none; line-height: 1.711; text-indent: 0px; letter-spacing: normal; font-family: Lato; font-size: 16px; font-style: normal; font-weight: 400; word-spacing: 0px; white-space: normal; box-sizing: border-box; orphans: 2; widows: 2; background-color: #ffffff; font-variant-ligatures: normal; font-variant-caps: normal; -webkit-text-stroke-width: 0px; text-decoration-style: initial; text-decoration-color: initial;\"><span style=\"vertical-align: inherit; box-sizing: border-box;\"><span style=\"vertical-align: inherit; box-sizing: border-box;\">Variedad.<span>\u00a0<\/span><\/span><span style=\"margin-bottom: 0px; vertical-align: inherit; box-sizing: border-box;\">Sauvignon Blanc.<span>\u00a0<\/span><\/span><\/span><br style=\"box-sizing: border-box;\" \/><span style=\"vertical-align: inherit; box-sizing: border-box;\"><span style=\"vertical-align: inherit; box-sizing: border-box;\">Vi\u00f1edo.<span>\u00a0<\/span><\/span><span style=\"margin-bottom: 0px; vertical-align: inherit; box-sizing: border-box;\">M\u00e1s de 25 a\u00f1os.<span>\u00a0<\/span><\/span><\/span><br style=\"box-sizing: border-box;\" \/><span style=\"vertical-align: inherit; box-sizing: border-box;\"><span style=\"vertical-align: inherit; box-sizing: border-box;\">Vendimia.<span>\u00a0<\/span><\/span><span style=\"margin-bottom: 0px; vertical-align: inherit; box-sizing: border-box;\">Mec\u00e1nica.<span>\u00a0<\/span><\/span><\/span><br style=\"box-sizing: border-box;\" \/><span style=\"vertical-align: inherit; box-sizing: border-box;\"><span style=\"vertical-align: inherit; box-sizing: border-box;\">Grado alcoh\u00f3lico.<span>\u00a0<\/span><\/span><span style=\"margin-bottom: 0px; vertical-align: inherit; box-sizing: border-box;\">12,5% VOL<span>\u00a0<\/span><\/span><\/span><br style=\"box-sizing: border-box;\" \/><span style=\"vertical-align: inherit; box-sizing: border-box;\"><span style=\"vertical-align: inherit; box-sizing: border-box;\">Zona.<span>\u00a0<\/span><\/span><span style=\"margin-bottom: 0px; vertical-align: inherit; box-sizing: border-box;\">DO Rueda.<span>\u00a0<\/span><\/span><\/span><br style=\"box-sizing: border-box;\" \/><span style=\"vertical-align: inherit; box-sizing: border-box;\"><span style=\"vertical-align: inherit; box-sizing: border-box;\">M\u00e9todo de cultivo.<span>\u00a0<\/span><\/span><span style=\"margin-bottom: 0px; vertical-align: inherit; box-sizing: border-box;\">Espaldera.<span>\u00a0<\/span><\/span><\/span><br style=\"box-sizing: border-box;\" \/><span style=\"vertical-align: inherit; box-sizing: border-box;\"><span style=\"margin-bottom: 0px; vertical-align: inherit; box-sizing: border-box;\">Producci\u00f3n: 5.000 botellas.<span>\u00a0<\/span><\/span><\/span><br style=\"box-sizing: border-box;\" \/><span style=\"margin-bottom: 0px; vertical-align: inherit; box-sizing: border-box;\"><span style=\"vertical-align: inherit; box-sizing: border-box;\">Formato de botella.<span>\u00a0<\/span><\/span><span style=\"margin-bottom: 0px; vertical-align: inherit; box-sizing: border-box;\">750ml.<\/span><\/span><\/p>\n<p style=\"margin: 0px 0px 10px; color: #919191; text-transform: none; line-height: 1.711; text-indent: 0px; letter-spacing: normal; font-family: Lato; font-size: 16px; font-style: normal; font-weight: 400; word-spacing: 0px; white-space: normal; box-sizing: border-box; orphans: 2; widows: 2; background-color: #ffffff; font-variant-ligatures: normal; font-variant-caps: normal; -webkit-text-stroke-width: 0px; text-decoration-style: initial; text-decoration-color: initial;\"><strong style=\"font-weight: bold; margin-bottom: 0px; box-sizing: border-box;\"><span style=\"margin-bottom: 0px; vertical-align: inherit; box-sizing: border-box;\"><span style=\"margin-bottom: 0px; vertical-align: inherit; box-sizing: border-box;\">viticultura<\/span><\/span><\/strong><\/p>\n<p style=\"margin: 0px; color: #919191; text-transform: none; line-height: 1.711; text-indent: 0px; letter-spacing: normal; font-family: Lato; font-size: 16px; font-style: normal; font-weight: 400; word-spacing: 0px; white-space: normal; box-sizing: border-box; orphans: 2; widows: 2; background-color: #ffffff; font-variant-ligatures: normal; font-variant-caps: normal; -webkit-text-stroke-width: 0px; text-decoration-style: initial; text-decoration-color: initial;\"><span style=\"vertical-align: inherit; box-sizing: border-box;\"><span style=\"vertical-align: inherit; box-sizing: border-box;\">La variedad se llev\u00f3 hace m\u00e1s de 40 a\u00f1os en la zona, desde Francia.<span>\u00a0<\/span><\/span><span style=\"vertical-align: inherit; box-sizing: border-box;\">Las cepas est\u00e1n situados en el Paraje del Camino Real y por sus caracter\u00edsticas, tanto el tipo de racimo, como de vi\u00f1a, se adapt\u00f3 de manera excepcional a los terru\u00f1os pedregosos.<span>\u00a0<\/span><\/span><span style=\"margin-bottom: 0px; vertical-align: inherit; box-sizing: border-box;\">Posee un periodo vegetativo corto y tiene hoja peque\u00f1a, pentagonal, racimos peque\u00f1os, muy compactos y bayas el\u00edpticas.<span>\u00a0<\/span><\/span><\/span><br style=\"box-sizing: border-box;\" \/><span style=\"vertical-align: inherit; box-sizing: border-box;\"><span style=\"vertical-align: inherit; box-sizing: border-box;\">El clima es continental con inviernos muy fr\u00edos, lluvias durante la primavera y el oto\u00f1o y veranos con temperaturas diurnas muy altas y descensos de hasta 20 \u00baC durante la noche.<span>\u00a0<\/span><\/span><span style=\"margin-bottom: 0px; vertical-align: inherit; box-sizing: border-box;\">Esta marcada continentalidad hace que las uvas retengan su acidez y los compuestos arom\u00e1ticos que se desarrollan durante el d\u00eda.<span>\u00a0<\/span><\/span><\/span><br style=\"box-sizing: border-box;\" \/><strong style=\"font-weight: bold; box-sizing: border-box;\"><span style=\"margin-bottom: 0px; vertical-align: inherit; box-sizing: border-box;\"><span style=\"margin-bottom: 0px; vertical-align: inherit; box-sizing: border-box;\">elaboraci\u00f3n<\/span><\/span><\/strong><br style=\"box-sizing: border-box;\" \/><span style=\"vertical-align: inherit; box-sizing: border-box;\"><span style=\"vertical-align: inherit; box-sizing: border-box;\">La vendimia se realiza mec\u00e1nicamente, por la noche y con despalilladora integrada, en su momento \u00f3ptimo de maduraci\u00f3n.<span>\u00a0<\/span><\/span><span style=\"vertical-align: inherit; box-sizing: border-box;\">La elaboraci\u00f3n es meticulosa, con una criomaceraci\u00f3n, mosto aclarado por gravedad durante un d\u00eda.<span>\u00a0<\/span><\/span><span style=\"vertical-align: inherit; box-sizing: border-box;\">Fermentaci\u00f3n a temperatura inferior a 15\u00baC en dep\u00f3sito de acero inoxidable.<span>\u00a0<\/span><\/span><span style=\"margin-bottom: 0px; vertical-align: inherit; box-sizing: border-box;\">Fermentaci\u00f3n lenta para conservar al m\u00e1ximo los aromas.<span>\u00a0<\/span><\/span><\/span><br style=\"box-sizing: border-box;\" \/><strong style=\"font-weight: bold; box-sizing: border-box;\"><span style=\"margin-bottom: 0px; vertical-align: inherit; box-sizing: border-box;\"><span style=\"margin-bottom: 0px; vertical-align: inherit; box-sizing: border-box;\">Notas de cata<\/span><\/span><\/strong><br style=\"box-sizing: border-box;\" \/><span style=\"vertical-align: inherit; box-sizing: border-box;\"><span style=\"vertical-align: inherit; box-sizing: border-box;\">De color amarillo p\u00e1lido y destellos verdosos.<span>\u00a0<\/span><\/span><span style=\"vertical-align: inherit; box-sizing: border-box;\">Caracter\u00edsticas aromas varietales como el lim\u00f3n, la hierba y las flores blancas.<span>\u00a0<\/span><\/span><span style=\"vertical-align: inherit; box-sizing: border-box;\">Tambi\u00e9n muestra notas de fruta tropical, como la pi\u00f1a y la fruta de la pasi\u00f3n.<span>\u00a0<\/span><\/span><span style=\"vertical-align: inherit; box-sizing: border-box;\">En boca, muestra una acidez que aumenta la sensaci\u00f3n de frescor y acent\u00faa sus sabores c\u00edtricos y tropicales.<span>\u00a0<\/span><\/span><span style=\"vertical-align: inherit; box-sizing: border-box;\">De cuerpo medio, resulta fresco.<span>\u00a0<\/span><\/span><span style=\"margin-bottom: 0px; vertical-align: inherit; box-sizing: border-box;\">Deja en el paladar un agradable recuerdo floral y mineral<span>\u00a0<\/span><\/span><\/span><br style=\"box-sizing: border-box;\" \/><strong style=\"font-weight: bold; box-sizing: border-box;\"><span style=\"margin-bottom: 0px; vertical-align: inherit; box-sizing: border-box;\"><span style=\"margin-bottom: 0px; vertical-align: inherit; box-sizing: border-box;\">Recomendamos servirlo<\/span><\/span><\/strong><br style=\"box-sizing: border-box;\" \/><span style=\"margin-bottom: 0px; vertical-align: inherit; box-sizing: border-box;\"><span style=\"vertical-align: inherit; box-sizing: border-box;\">Se recomienda servir fr\u00edo, entre 6 y 8 grados.<span>\u00a0<\/span><\/span><span style=\"vertical-align: inherit; box-sizing: border-box;\">Combinar\u00e1 con cualquier tipo de moluscos, al natural o ligeramente cocinados;<span>\u00a0<\/span><\/span><span style=\"vertical-align: inherit; box-sizing: border-box;\">mariscos, como las gambas o el buey de mar o simplemente con un pescado blanco a la plancha.<span>\u00a0<\/span><\/span><span style=\"margin-bottom: 0px; vertical-align: inherit; box-sizing: border-box;\">Tambi\u00e9n combina con platos fr\u00edos como el gazpacho, la vichyssoise o ensalada de queso de cabra<\/span><\/span><\/p>\n","protected":false},"excerpt":{"rendered":"<p>Variedad.\u00a0Sauvignon Blanc.\u00a0Vi\u00f1edo.\u00a0M\u00e1s de 25 a\u00f1os.\u00a0Vendimia.\u00a0Mec\u00e1nica.\u00a0Grado alcoh\u00f3lico.\u00a012,5% VOL\u00a0Zona.\u00a0DO Rueda.\u00a0M\u00e9todo de cultivo.\u00a0Espaldera.\u00a0Producci\u00f3n: 5.000 botellas.\u00a0Formato de botella.\u00a0750ml. viticultura La variedad se llev\u00f3 hace m\u00e1s de 40 a\u00f1os en la zona, desde Francia.\u00a0Las cepas est\u00e1n situados en el Paraje del Camino Real y por sus caracter\u00edsticas, tanto el tipo de racimo, como de vi\u00f1a, se adapt\u00f3 de manera excepcional [&#8230;]\n","protected":false},"featured_media":1444,"comment_status":"open","ping_status":"closed","template":"","meta":[],"product_cat":[99],"product_tag":[],"class_list":{"0":"post-1445","1":"product","2":"type-product","3":"status-publish","4":"has-post-thumbnail","6":"product_cat-witty-wines-do-rueda","8":"first","9":"outofstock","10":"shipping-taxable","11":"product-type-simple"},"yoast_head":"<!-- This site is optimized with the Yoast SEO plugin v23.3 - https:\/\/yoast.com\/wordpress\/plugins\/seo\/ -->\n<title>Saltimbanqui Sauvignon Blanco - Consigel<\/title>\n<meta name=\"robots\" content=\"index, follow, max-snippet:-1, max-image-preview:large, max-video-preview:-1\" \/>\n<link rel=\"canonical\" href=\"https:\/\/www.consigel.com\/ca\/producte\/saltimbanqui-sauvignon-blanco\/\" \/>\n<meta property=\"og:locale\" content=\"ca_ES\" \/>\n<meta property=\"og:type\" content=\"article\" \/>\n<meta property=\"og:title\" content=\"Saltimbanqui Sauvignon Blanco - Consigel\" \/>\n<meta property=\"og:description\" content=\"Variedad.\u00a0Sauvignon Blanc.\u00a0Vi\u00f1edo.\u00a0M\u00e1s de 25 a\u00f1os.\u00a0Vendimia.\u00a0Mec\u00e1nica.\u00a0Grado alcoh\u00f3lico.\u00a012,5% VOL\u00a0Zona.\u00a0DO Rueda.\u00a0M\u00e9todo de cultivo.\u00a0Espaldera.\u00a0Producci\u00f3n: 5.000 botellas.\u00a0Formato de botella.\u00a0750ml. viticultura La variedad se llev\u00f3 hace m\u00e1s de 40 a\u00f1os en la zona, desde Francia.\u00a0Las cepas est\u00e1n situados en el Paraje del Camino Real y por sus caracter\u00edsticas, tanto el tipo de racimo, como de vi\u00f1a, se adapt\u00f3 de manera excepcional [...]\" \/>\n<meta property=\"og:url\" content=\"https:\/\/www.consigel.com\/ca\/producte\/saltimbanqui-sauvignon-blanco\/\" \/>\n<meta property=\"og:site_name\" content=\"Consigel\" \/>\n<meta property=\"og:image\" content=\"https:\/\/www.consigel.com\/wp-content\/uploads\/2018\/01\/1745-thickbox_default-Saltimbanqui-Sauvignon-Blanco.jpg\" \/>\n\t<meta property=\"og:image:width\" content=\"1200\" \/>\n\t<meta property=\"og:image:height\" content=\"1200\" \/>\n\t<meta property=\"og:image:type\" content=\"image\/jpeg\" \/>\n<meta name=\"twitter:card\" content=\"summary_large_image\" \/>\n<meta name=\"twitter:label1\" content=\"Temps estimat de lectura\" \/>\n\t<meta name=\"twitter:data1\" content=\"2 minuts\" \/>\n<script type=\"application\/ld+json\" class=\"yoast-schema-graph\">{\"@context\":\"https:\/\/schema.org\",\"@graph\":[{\"@type\":\"WebPage\",\"@id\":\"https:\/\/www.consigel.com\/ca\/producte\/saltimbanqui-sauvignon-blanco\/\",\"url\":\"https:\/\/www.consigel.com\/ca\/producte\/saltimbanqui-sauvignon-blanco\/\",\"name\":\"Saltimbanqui Sauvignon Blanco - Consigel\",\"isPartOf\":{\"@id\":\"https:\/\/www.consigel.com\/ca\/#website\"},\"primaryImageOfPage\":{\"@id\":\"https:\/\/www.consigel.com\/ca\/producte\/saltimbanqui-sauvignon-blanco\/#primaryimage\"},\"image\":{\"@id\":\"https:\/\/www.consigel.com\/ca\/producte\/saltimbanqui-sauvignon-blanco\/#primaryimage\"},\"thumbnailUrl\":\"https:\/\/www.consigel.com\/wp-content\/uploads\/2018\/01\/1745-thickbox_default-Saltimbanqui-Sauvignon-Blanco.jpg\",\"datePublished\":\"2018-01-26T18:27:06+00:00\",\"dateModified\":\"2018-01-26T18:27:06+00:00\",\"breadcrumb\":{\"@id\":\"https:\/\/www.consigel.com\/ca\/producte\/saltimbanqui-sauvignon-blanco\/#breadcrumb\"},\"inLanguage\":\"ca\",\"potentialAction\":[{\"@type\":\"ReadAction\",\"target\":[\"https:\/\/www.consigel.com\/ca\/producte\/saltimbanqui-sauvignon-blanco\/\"]}]},{\"@type\":\"ImageObject\",\"inLanguage\":\"ca\",\"@id\":\"https:\/\/www.consigel.com\/ca\/producte\/saltimbanqui-sauvignon-blanco\/#primaryimage\",\"url\":\"https:\/\/www.consigel.com\/wp-content\/uploads\/2018\/01\/1745-thickbox_default-Saltimbanqui-Sauvignon-Blanco.jpg\",\"contentUrl\":\"https:\/\/www.consigel.com\/wp-content\/uploads\/2018\/01\/1745-thickbox_default-Saltimbanqui-Sauvignon-Blanco.jpg\",\"width\":1200,\"height\":1200,\"caption\":\"Saltimbanqui Sauvignon Blanco\"},{\"@type\":\"BreadcrumbList\",\"@id\":\"https:\/\/www.consigel.com\/ca\/producte\/saltimbanqui-sauvignon-blanco\/#breadcrumb\",\"itemListElement\":[{\"@type\":\"ListItem\",\"position\":1,\"name\":\"Portada\",\"item\":\"https:\/\/www.consigel.com\/ca\/\"},{\"@type\":\"ListItem\",\"position\":2,\"name\":\"Shop\",\"item\":\"https:\/\/www.consigel.com\/ca\/shop\/\"},{\"@type\":\"ListItem\",\"position\":3,\"name\":\"Saltimbanqui Sauvignon Blanco\"}]},{\"@type\":\"WebSite\",\"@id\":\"https:\/\/www.consigel.com\/ca\/#website\",\"url\":\"https:\/\/www.consigel.com\/ca\/\",\"name\":\"Consigel\",\"description\":\"\",\"potentialAction\":[{\"@type\":\"SearchAction\",\"target\":{\"@type\":\"EntryPoint\",\"urlTemplate\":\"https:\/\/www.consigel.com\/ca\/?s={search_term_string}\"},\"query-input\":\"required name=search_term_string\"}],\"inLanguage\":\"ca\"}]}<\/script>\n<!-- \/ Yoast SEO plugin. -->","yoast_head_json":{"title":"Saltimbanqui Sauvignon Blanco - Consigel","robots":{"index":"index","follow":"follow","max-snippet":"max-snippet:-1","max-image-preview":"max-image-preview:large","max-video-preview":"max-video-preview:-1"},"canonical":"https:\/\/www.consigel.com\/ca\/producte\/saltimbanqui-sauvignon-blanco\/","og_locale":"ca_ES","og_type":"article","og_title":"Saltimbanqui Sauvignon Blanco - Consigel","og_description":"Variedad.\u00a0Sauvignon Blanc.\u00a0Vi\u00f1edo.\u00a0M\u00e1s de 25 a\u00f1os.\u00a0Vendimia.\u00a0Mec\u00e1nica.\u00a0Grado alcoh\u00f3lico.\u00a012,5% VOL\u00a0Zona.\u00a0DO Rueda.\u00a0M\u00e9todo de cultivo.\u00a0Espaldera.\u00a0Producci\u00f3n: 5.000 botellas.\u00a0Formato de botella.\u00a0750ml. viticultura La variedad se llev\u00f3 hace m\u00e1s de 40 a\u00f1os en la zona, desde Francia.\u00a0Las cepas est\u00e1n situados en el Paraje del Camino Real y por sus caracter\u00edsticas, tanto el tipo de racimo, como de vi\u00f1a, se adapt\u00f3 de manera excepcional [...]","og_url":"https:\/\/www.consigel.com\/ca\/producte\/saltimbanqui-sauvignon-blanco\/","og_site_name":"Consigel","og_image":[{"width":1200,"height":1200,"url":"https:\/\/www.consigel.com\/wp-content\/uploads\/2018\/01\/1745-thickbox_default-Saltimbanqui-Sauvignon-Blanco.jpg","type":"image\/jpeg"}],"twitter_card":"summary_large_image","twitter_misc":{"Temps estimat de lectura":"2 minuts"},"schema":{"@context":"https:\/\/schema.org","@graph":[{"@type":"WebPage","@id":"https:\/\/www.consigel.com\/ca\/producte\/saltimbanqui-sauvignon-blanco\/","url":"https:\/\/www.consigel.com\/ca\/producte\/saltimbanqui-sauvignon-blanco\/","name":"Saltimbanqui Sauvignon Blanco - Consigel","isPartOf":{"@id":"https:\/\/www.consigel.com\/ca\/#website"},"primaryImageOfPage":{"@id":"https:\/\/www.consigel.com\/ca\/producte\/saltimbanqui-sauvignon-blanco\/#primaryimage"},"image":{"@id":"https:\/\/www.consigel.com\/ca\/producte\/saltimbanqui-sauvignon-blanco\/#primaryimage"},"thumbnailUrl":"https:\/\/www.consigel.com\/wp-content\/uploads\/2018\/01\/1745-thickbox_default-Saltimbanqui-Sauvignon-Blanco.jpg","datePublished":"2018-01-26T18:27:06+00:00","dateModified":"2018-01-26T18:27:06+00:00","breadcrumb":{"@id":"https:\/\/www.consigel.com\/ca\/producte\/saltimbanqui-sauvignon-blanco\/#breadcrumb"},"inLanguage":"ca","potentialAction":[{"@type":"ReadAction","target":["https:\/\/www.consigel.com\/ca\/producte\/saltimbanqui-sauvignon-blanco\/"]}]},{"@type":"ImageObject","inLanguage":"ca","@id":"https:\/\/www.consigel.com\/ca\/producte\/saltimbanqui-sauvignon-blanco\/#primaryimage","url":"https:\/\/www.consigel.com\/wp-content\/uploads\/2018\/01\/1745-thickbox_default-Saltimbanqui-Sauvignon-Blanco.jpg","contentUrl":"https:\/\/www.consigel.com\/wp-content\/uploads\/2018\/01\/1745-thickbox_default-Saltimbanqui-Sauvignon-Blanco.jpg","width":1200,"height":1200,"caption":"Saltimbanqui Sauvignon Blanco"},{"@type":"BreadcrumbList","@id":"https:\/\/www.consigel.com\/ca\/producte\/saltimbanqui-sauvignon-blanco\/#breadcrumb","itemListElement":[{"@type":"ListItem","position":1,"name":"Portada","item":"https:\/\/www.consigel.com\/ca\/"},{"@type":"ListItem","position":2,"name":"Shop","item":"https:\/\/www.consigel.com\/ca\/shop\/"},{"@type":"ListItem","position":3,"name":"Saltimbanqui Sauvignon Blanco"}]},{"@type":"WebSite","@id":"https:\/\/www.consigel.com\/ca\/#website","url":"https:\/\/www.consigel.com\/ca\/","name":"Consigel","description":"","potentialAction":[{"@type":"SearchAction","target":{"@type":"EntryPoint","urlTemplate":"https:\/\/www.consigel.com\/ca\/?s={search_term_string}"},"query-input":"required name=search_term_string"}],"inLanguage":"ca"}]}},"_links":{"self":[{"href":"https:\/\/www.consigel.com\/ca\/wp-json\/wp\/v2\/product\/1445","targetHints":{"allow":["GET"]}}],"collection":[{"href":"https:\/\/www.consigel.com\/ca\/wp-json\/wp\/v2\/product"}],"about":[{"href":"https:\/\/www.consigel.com\/ca\/wp-json\/wp\/v2\/types\/product"}],"replies":[{"embeddable":true,"href":"https:\/\/www.consigel.com\/ca\/wp-json\/wp\/v2\/comments?post=1445"}],"wp:featuredmedia":[{"embeddable":true,"href":"https:\/\/www.consigel.com\/ca\/wp-json\/wp\/v2\/media\/1444"}],"wp:attachment":[{"href":"https:\/\/www.consigel.com\/ca\/wp-json\/wp\/v2\/media?parent=1445"}],"wp:term":[{"taxonomy":"product_cat","embeddable":true,"href":"https:\/\/www.consigel.com\/ca\/wp-json\/wp\/v2\/product_cat?post=1445"},{"taxonomy":"product_tag","embeddable":true,"href":"https:\/\/www.consigel.com\/ca\/wp-json\/wp\/v2\/product_tag?post=1445"}],"curies":[{"name":"wp","href":"https:\/\/api.w.org\/{rel}","templated":true}]}}