{"id":1443,"date":"2018-01-26T18:21:59","date_gmt":"2018-01-26T18:21:59","guid":{"rendered":"http:\/\/www.consigel.com\/product\/que-si-negro\/"},"modified":"2018-01-26T18:21:59","modified_gmt":"2018-01-26T18:21:59","slug":"que-si-negro","status":"publish","type":"product","link":"https:\/\/www.consigel.com\/ca\/producte\/que-si-negro\/","title":{"rendered":"Que si ! Negro"},"content":{"rendered":"<table style=\"width: 540px;\" border=\"0\" cellspacing=\"0\" cellpadding=\"0\">\n<colgroup>\n<col width=\"540\" \/><\/colgroup>\n<tbody>\n<tr>\n<td width=\"540\" height=\"77\"><span style=\"font-family: Arial; font-size: medium;\">Con este vino queremos hacer llegar a todos los p\u00fablicos las caracter\u00edsticas de una zona vitivin\u00edcola tan especial como es el Priorat.\u00a0Por eso en su elaboraci\u00f3n s\u00f3lo hemos utilizado las dos variedades de m\u00e1s tradici\u00f3n vitivin\u00edcola de la zona como son la Garnacha tinta y el Sans\u00f3n.<\/span><\/td>\n<\/tr>\n<tr>\n<td width=\"540\" height=\"96\"><span style=\"font-family: Arial; font-size: medium;\">En la elaboraci\u00f3n de este vino hemos querido dar protagonismo a las sensaciones m\u00e1s primarias de la uva, intentando hacer cada proceso enol\u00f3gico de manera respetuosa para preservar la m\u00e1xima naturalidad y sencillez de la zona.\u00a0As\u00ed por ejemplo, el proceso de crianza ha sido corto, s\u00f3lo el tiempo necesario para afinar la estructura y mantener el car\u00e1cter varietal.<\/span><\/td>\n<\/tr>\n<tr>\n<td width=\"540\" height=\"77\"><span style=\"font-family: Arial; font-size: medium;\">COLOR: Vino es de capa oscura, pr\u00e1cticamente opaco, con un color magenta muy vivo que denota que sus componentes fen\u00f3licos, responsables del color, aunque tienen una larga vida por recorrer, y que el vino estar\u00e1 bien protegido ante posibles oxidaciones.<\/span><\/td>\n<\/tr>\n<tr>\n<td width=\"540\" height=\"115\"><span style=\"font-family: Arial; font-size: medium;\">AROMA: A copa parada presenta una agradable floralidad que recuerda el sotobosque mediterr\u00e1neo, donde encontramos romero e hinojo.\u00a0Al agitar la copa los aromas se hacen m\u00e1s complejas, dando una mezcla de frutas negras y rojas t\u00edpicas de las variedades que lo componen.\u00a0Tambi\u00e9n encontramos un car\u00e1cter especiado que recuerda el piment\u00f3n y de manera muy sutil la nuez moscada, ambos aromas terciarios provenientes del proceso de crianza.<\/span><\/td>\n<\/tr>\n<\/tbody>\n<\/table>\n","protected":false},"excerpt":{"rendered":"<p>Con este vino queremos hacer llegar a todos los p\u00fablicos las caracter\u00edsticas de una zona vitivin\u00edcola tan especial como es el Priorat.\u00a0Por eso en su elaboraci\u00f3n s\u00f3lo hemos utilizado las dos variedades de m\u00e1s tradici\u00f3n vitivin\u00edcola de la zona como son la Garnacha tinta y el Sans\u00f3n. En la elaboraci\u00f3n de este vino hemos querido [&#8230;]\n","protected":false},"featured_media":1442,"comment_status":"open","ping_status":"closed","template":"","meta":[],"product_cat":[98],"product_tag":[],"class_list":{"0":"post-1443","1":"product","2":"type-product","3":"status-publish","4":"has-post-thumbnail","6":"product_cat-witty-wines-do-priorat","8":"first","9":"outofstock","10":"shipping-taxable","11":"product-type-simple"},"yoast_head":"<!-- This site is optimized with the Yoast SEO plugin v23.3 - https:\/\/yoast.com\/wordpress\/plugins\/seo\/ -->\n<title>Que si ! Negro - Consigel<\/title>\n<meta name=\"robots\" content=\"index, follow, max-snippet:-1, max-image-preview:large, max-video-preview:-1\" \/>\n<link rel=\"canonical\" href=\"https:\/\/www.consigel.com\/ca\/producte\/que-si-negro\/\" \/>\n<meta property=\"og:locale\" content=\"ca_ES\" \/>\n<meta property=\"og:type\" content=\"article\" \/>\n<meta property=\"og:title\" content=\"Que si ! Negro - Consigel\" \/>\n<meta property=\"og:description\" content=\"Con este vino queremos hacer llegar a todos los p\u00fablicos las caracter\u00edsticas de una zona vitivin\u00edcola tan especial como es el Priorat.\u00a0Por eso en su elaboraci\u00f3n s\u00f3lo hemos utilizado las dos variedades de m\u00e1s tradici\u00f3n vitivin\u00edcola de la zona como son la Garnacha tinta y el Sans\u00f3n. En la elaboraci\u00f3n de este vino hemos querido [...]\" \/>\n<meta property=\"og:url\" content=\"https:\/\/www.consigel.com\/ca\/producte\/que-si-negro\/\" \/>\n<meta property=\"og:site_name\" content=\"Consigel\" \/>\n<meta property=\"og:image\" content=\"https:\/\/www.consigel.com\/wp-content\/uploads\/2018\/01\/1744-thickbox_default-Que-si-Negro.jpg\" \/>\n\t<meta property=\"og:image:width\" content=\"1200\" \/>\n\t<meta property=\"og:image:height\" content=\"1200\" \/>\n\t<meta property=\"og:image:type\" content=\"image\/jpeg\" \/>\n<meta name=\"twitter:card\" content=\"summary_large_image\" \/>\n<meta name=\"twitter:label1\" content=\"Temps estimat de lectura\" \/>\n\t<meta name=\"twitter:data1\" content=\"1 minut\" \/>\n<script type=\"application\/ld+json\" class=\"yoast-schema-graph\">{\"@context\":\"https:\/\/schema.org\",\"@graph\":[{\"@type\":\"WebPage\",\"@id\":\"https:\/\/www.consigel.com\/ca\/producte\/que-si-negro\/\",\"url\":\"https:\/\/www.consigel.com\/ca\/producte\/que-si-negro\/\",\"name\":\"Que si ! Negro - Consigel\",\"isPartOf\":{\"@id\":\"https:\/\/www.consigel.com\/ca\/#website\"},\"primaryImageOfPage\":{\"@id\":\"https:\/\/www.consigel.com\/ca\/producte\/que-si-negro\/#primaryimage\"},\"image\":{\"@id\":\"https:\/\/www.consigel.com\/ca\/producte\/que-si-negro\/#primaryimage\"},\"thumbnailUrl\":\"https:\/\/www.consigel.com\/wp-content\/uploads\/2018\/01\/1744-thickbox_default-Que-si-Negro.jpg\",\"datePublished\":\"2018-01-26T18:21:59+00:00\",\"dateModified\":\"2018-01-26T18:21:59+00:00\",\"breadcrumb\":{\"@id\":\"https:\/\/www.consigel.com\/ca\/producte\/que-si-negro\/#breadcrumb\"},\"inLanguage\":\"ca\",\"potentialAction\":[{\"@type\":\"ReadAction\",\"target\":[\"https:\/\/www.consigel.com\/ca\/producte\/que-si-negro\/\"]}]},{\"@type\":\"ImageObject\",\"inLanguage\":\"ca\",\"@id\":\"https:\/\/www.consigel.com\/ca\/producte\/que-si-negro\/#primaryimage\",\"url\":\"https:\/\/www.consigel.com\/wp-content\/uploads\/2018\/01\/1744-thickbox_default-Que-si-Negro.jpg\",\"contentUrl\":\"https:\/\/www.consigel.com\/wp-content\/uploads\/2018\/01\/1744-thickbox_default-Que-si-Negro.jpg\",\"width\":1200,\"height\":1200,\"caption\":\"Que si ! Negro\"},{\"@type\":\"BreadcrumbList\",\"@id\":\"https:\/\/www.consigel.com\/ca\/producte\/que-si-negro\/#breadcrumb\",\"itemListElement\":[{\"@type\":\"ListItem\",\"position\":1,\"name\":\"Portada\",\"item\":\"https:\/\/www.consigel.com\/ca\/\"},{\"@type\":\"ListItem\",\"position\":2,\"name\":\"Shop\",\"item\":\"https:\/\/www.consigel.com\/ca\/shop\/\"},{\"@type\":\"ListItem\",\"position\":3,\"name\":\"Que si ! Negro\"}]},{\"@type\":\"WebSite\",\"@id\":\"https:\/\/www.consigel.com\/ca\/#website\",\"url\":\"https:\/\/www.consigel.com\/ca\/\",\"name\":\"Consigel\",\"description\":\"\",\"potentialAction\":[{\"@type\":\"SearchAction\",\"target\":{\"@type\":\"EntryPoint\",\"urlTemplate\":\"https:\/\/www.consigel.com\/ca\/?s={search_term_string}\"},\"query-input\":\"required name=search_term_string\"}],\"inLanguage\":\"ca\"}]}<\/script>\n<!-- \/ Yoast SEO plugin. -->","yoast_head_json":{"title":"Que si ! Negro - Consigel","robots":{"index":"index","follow":"follow","max-snippet":"max-snippet:-1","max-image-preview":"max-image-preview:large","max-video-preview":"max-video-preview:-1"},"canonical":"https:\/\/www.consigel.com\/ca\/producte\/que-si-negro\/","og_locale":"ca_ES","og_type":"article","og_title":"Que si ! Negro - Consigel","og_description":"Con este vino queremos hacer llegar a todos los p\u00fablicos las caracter\u00edsticas de una zona vitivin\u00edcola tan especial como es el Priorat.\u00a0Por eso en su elaboraci\u00f3n s\u00f3lo hemos utilizado las dos variedades de m\u00e1s tradici\u00f3n vitivin\u00edcola de la zona como son la Garnacha tinta y el Sans\u00f3n. En la elaboraci\u00f3n de este vino hemos querido [...]","og_url":"https:\/\/www.consigel.com\/ca\/producte\/que-si-negro\/","og_site_name":"Consigel","og_image":[{"width":1200,"height":1200,"url":"https:\/\/www.consigel.com\/wp-content\/uploads\/2018\/01\/1744-thickbox_default-Que-si-Negro.jpg","type":"image\/jpeg"}],"twitter_card":"summary_large_image","twitter_misc":{"Temps estimat de lectura":"1 minut"},"schema":{"@context":"https:\/\/schema.org","@graph":[{"@type":"WebPage","@id":"https:\/\/www.consigel.com\/ca\/producte\/que-si-negro\/","url":"https:\/\/www.consigel.com\/ca\/producte\/que-si-negro\/","name":"Que si ! Negro - Consigel","isPartOf":{"@id":"https:\/\/www.consigel.com\/ca\/#website"},"primaryImageOfPage":{"@id":"https:\/\/www.consigel.com\/ca\/producte\/que-si-negro\/#primaryimage"},"image":{"@id":"https:\/\/www.consigel.com\/ca\/producte\/que-si-negro\/#primaryimage"},"thumbnailUrl":"https:\/\/www.consigel.com\/wp-content\/uploads\/2018\/01\/1744-thickbox_default-Que-si-Negro.jpg","datePublished":"2018-01-26T18:21:59+00:00","dateModified":"2018-01-26T18:21:59+00:00","breadcrumb":{"@id":"https:\/\/www.consigel.com\/ca\/producte\/que-si-negro\/#breadcrumb"},"inLanguage":"ca","potentialAction":[{"@type":"ReadAction","target":["https:\/\/www.consigel.com\/ca\/producte\/que-si-negro\/"]}]},{"@type":"ImageObject","inLanguage":"ca","@id":"https:\/\/www.consigel.com\/ca\/producte\/que-si-negro\/#primaryimage","url":"https:\/\/www.consigel.com\/wp-content\/uploads\/2018\/01\/1744-thickbox_default-Que-si-Negro.jpg","contentUrl":"https:\/\/www.consigel.com\/wp-content\/uploads\/2018\/01\/1744-thickbox_default-Que-si-Negro.jpg","width":1200,"height":1200,"caption":"Que si ! Negro"},{"@type":"BreadcrumbList","@id":"https:\/\/www.consigel.com\/ca\/producte\/que-si-negro\/#breadcrumb","itemListElement":[{"@type":"ListItem","position":1,"name":"Portada","item":"https:\/\/www.consigel.com\/ca\/"},{"@type":"ListItem","position":2,"name":"Shop","item":"https:\/\/www.consigel.com\/ca\/shop\/"},{"@type":"ListItem","position":3,"name":"Que si ! Negro"}]},{"@type":"WebSite","@id":"https:\/\/www.consigel.com\/ca\/#website","url":"https:\/\/www.consigel.com\/ca\/","name":"Consigel","description":"","potentialAction":[{"@type":"SearchAction","target":{"@type":"EntryPoint","urlTemplate":"https:\/\/www.consigel.com\/ca\/?s={search_term_string}"},"query-input":"required name=search_term_string"}],"inLanguage":"ca"}]}},"_links":{"self":[{"href":"https:\/\/www.consigel.com\/ca\/wp-json\/wp\/v2\/product\/1443","targetHints":{"allow":["GET"]}}],"collection":[{"href":"https:\/\/www.consigel.com\/ca\/wp-json\/wp\/v2\/product"}],"about":[{"href":"https:\/\/www.consigel.com\/ca\/wp-json\/wp\/v2\/types\/product"}],"replies":[{"embeddable":true,"href":"https:\/\/www.consigel.com\/ca\/wp-json\/wp\/v2\/comments?post=1443"}],"wp:featuredmedia":[{"embeddable":true,"href":"https:\/\/www.consigel.com\/ca\/wp-json\/wp\/v2\/media\/1442"}],"wp:attachment":[{"href":"https:\/\/www.consigel.com\/ca\/wp-json\/wp\/v2\/media?parent=1443"}],"wp:term":[{"taxonomy":"product_cat","embeddable":true,"href":"https:\/\/www.consigel.com\/ca\/wp-json\/wp\/v2\/product_cat?post=1443"},{"taxonomy":"product_tag","embeddable":true,"href":"https:\/\/www.consigel.com\/ca\/wp-json\/wp\/v2\/product_tag?post=1443"}],"curies":[{"name":"wp","href":"https:\/\/api.w.org\/{rel}","templated":true}]}}