{"id":1441,"date":"2018-01-26T18:14:03","date_gmt":"2018-01-26T18:14:03","guid":{"rendered":"http:\/\/www.consigel.com\/product\/i-tant-rosado\/"},"modified":"2018-01-26T18:14:03","modified_gmt":"2018-01-26T18:14:03","slug":"i-tant-rosado","status":"publish","type":"product","link":"https:\/\/www.consigel.com\/ca\/producte\/i-tant-rosado\/","title":{"rendered":"i Tant Rosado"},"content":{"rendered":"<table style=\"width: 540px;\" border=\"0\" cellspacing=\"0\" cellpadding=\"0\">\n<colgroup>\n<col width=\"540\" \/><\/colgroup>\n<tbody>\n<tr>\n<td width=\"540\" height=\"77\"><span style=\"font-family: Arial; font-size: medium;\">Queremos ofrecer un vino sugestivo y agradable para poder disfrutar en cualquier momento del d\u00eda y apto para todos los p\u00fablicos.\u00a0Por eso hemos elaborado un vino franco a base de Garnacha tinta de la Tierra Alta f\u00e1cil y goloso.<\/span><\/td>\n<\/tr>\n<tr>\n<td width=\"540\" height=\"96\"><span style=\"font-family: Arial; font-size: medium;\">COLOR: Presenta un color pulpa de cereza con una capa muy suave y con reflejos color rosa salm\u00f3n.\u00a0La ligereza del color se consigue al realizar una maceraci\u00f3n muy corta de la pulpa de la uva con el mosto, para extraer s\u00f3lo la parte fen\u00f3lica evitando la extracci\u00f3n de taninos que dar\u00edan al vino excesiva consistencia.<\/span><\/td>\n<\/tr>\n<tr>\n<td width=\"540\" height=\"134\"><span style=\"font-family: Arial; font-size: medium;\">AROMA: Hemos buscado hacer un rosado peculiar huyendo de la t\u00edpica aroma de caramelo de fresa presente en la mayor\u00eda de rosados del mercado.\u00a0Los aromas de este vino est\u00e1n ligadas con la expresi\u00f3n de la tierra donde han sido cultivadas las vi\u00f1as que lo componen, as\u00ed pues, encontramos aromas minerales que recuerdan los suelos calc\u00e1reos, tambi\u00e9n hay presencia de aromas especiados como pimienta verde y evidentemente la fruta roja t\u00edpica de las garnachas negras.<\/span><\/td>\n<\/tr>\n<tr>\n<td width=\"540\" height=\"96\"><span style=\"font-family: Arial; font-size: medium;\">BOCA: Es ligereza y refrescante, agradable al paladar.\u00a0Adem\u00e1s destaca la expresi\u00f3n de la fruta roja que le confiere una cierta complejidad organol\u00e9ptica y un tacto cremoso para equilibrar las sensaciones \u00e1cidas.\u00a0Tambi\u00e9n destaca el recuerdo final salino que nos vuelve a transportar a la mineralidad de las piedras calizas donde han sido cultivadas las vi\u00f1as.<\/span><\/td>\n<\/tr>\n<\/tbody>\n<\/table>\n","protected":false},"excerpt":{"rendered":"<p>Queremos ofrecer un vino sugestivo y agradable para poder disfrutar en cualquier momento del d\u00eda y apto para todos los p\u00fablicos.\u00a0Por eso hemos elaborado un vino franco a base de Garnacha tinta de la Tierra Alta f\u00e1cil y goloso. COLOR: Presenta un color pulpa de cereza con una capa muy suave y con reflejos color [&#8230;]\n","protected":false},"featured_media":1440,"comment_status":"open","ping_status":"closed","template":"","meta":[],"product_cat":[60],"product_tag":[],"class_list":{"0":"post-1441","1":"product","2":"type-product","3":"status-publish","4":"has-post-thumbnail","6":"product_cat-do-montsant","8":"first","9":"outofstock","10":"shipping-taxable","11":"product-type-simple"},"yoast_head":"<!-- This site is optimized with the Yoast SEO plugin v23.3 - https:\/\/yoast.com\/wordpress\/plugins\/seo\/ -->\n<title>i Tant Rosado - Consigel<\/title>\n<meta name=\"robots\" content=\"index, follow, max-snippet:-1, max-image-preview:large, max-video-preview:-1\" \/>\n<link rel=\"canonical\" href=\"https:\/\/www.consigel.com\/ca\/producte\/i-tant-rosado\/\" \/>\n<meta property=\"og:locale\" content=\"ca_ES\" \/>\n<meta property=\"og:type\" content=\"article\" \/>\n<meta property=\"og:title\" content=\"i Tant Rosado - Consigel\" \/>\n<meta property=\"og:description\" content=\"Queremos ofrecer un vino sugestivo y agradable para poder disfrutar en cualquier momento del d\u00eda y apto para todos los p\u00fablicos.\u00a0Por eso hemos elaborado un vino franco a base de Garnacha tinta de la Tierra Alta f\u00e1cil y goloso. COLOR: Presenta un color pulpa de cereza con una capa muy suave y con reflejos color [...]\" \/>\n<meta property=\"og:url\" content=\"https:\/\/www.consigel.com\/ca\/producte\/i-tant-rosado\/\" \/>\n<meta property=\"og:site_name\" content=\"Consigel\" \/>\n<meta property=\"og:image\" content=\"https:\/\/www.consigel.com\/wp-content\/uploads\/2018\/01\/1743-thickbox_default-i-Tant-Rosado.jpg\" \/>\n\t<meta property=\"og:image:width\" content=\"1200\" \/>\n\t<meta property=\"og:image:height\" content=\"1200\" \/>\n\t<meta property=\"og:image:type\" content=\"image\/jpeg\" \/>\n<meta name=\"twitter:card\" content=\"summary_large_image\" \/>\n<meta name=\"twitter:label1\" content=\"Temps estimat de lectura\" \/>\n\t<meta name=\"twitter:data1\" content=\"1 minut\" \/>\n<script type=\"application\/ld+json\" class=\"yoast-schema-graph\">{\"@context\":\"https:\/\/schema.org\",\"@graph\":[{\"@type\":\"WebPage\",\"@id\":\"https:\/\/www.consigel.com\/ca\/producte\/i-tant-rosado\/\",\"url\":\"https:\/\/www.consigel.com\/ca\/producte\/i-tant-rosado\/\",\"name\":\"i Tant Rosado - Consigel\",\"isPartOf\":{\"@id\":\"https:\/\/www.consigel.com\/ca\/#website\"},\"primaryImageOfPage\":{\"@id\":\"https:\/\/www.consigel.com\/ca\/producte\/i-tant-rosado\/#primaryimage\"},\"image\":{\"@id\":\"https:\/\/www.consigel.com\/ca\/producte\/i-tant-rosado\/#primaryimage\"},\"thumbnailUrl\":\"https:\/\/www.consigel.com\/wp-content\/uploads\/2018\/01\/1743-thickbox_default-i-Tant-Rosado.jpg\",\"datePublished\":\"2018-01-26T18:14:03+00:00\",\"dateModified\":\"2018-01-26T18:14:03+00:00\",\"breadcrumb\":{\"@id\":\"https:\/\/www.consigel.com\/ca\/producte\/i-tant-rosado\/#breadcrumb\"},\"inLanguage\":\"ca\",\"potentialAction\":[{\"@type\":\"ReadAction\",\"target\":[\"https:\/\/www.consigel.com\/ca\/producte\/i-tant-rosado\/\"]}]},{\"@type\":\"ImageObject\",\"inLanguage\":\"ca\",\"@id\":\"https:\/\/www.consigel.com\/ca\/producte\/i-tant-rosado\/#primaryimage\",\"url\":\"https:\/\/www.consigel.com\/wp-content\/uploads\/2018\/01\/1743-thickbox_default-i-Tant-Rosado.jpg\",\"contentUrl\":\"https:\/\/www.consigel.com\/wp-content\/uploads\/2018\/01\/1743-thickbox_default-i-Tant-Rosado.jpg\",\"width\":1200,\"height\":1200,\"caption\":\"i Tant Rosado\"},{\"@type\":\"BreadcrumbList\",\"@id\":\"https:\/\/www.consigel.com\/ca\/producte\/i-tant-rosado\/#breadcrumb\",\"itemListElement\":[{\"@type\":\"ListItem\",\"position\":1,\"name\":\"Portada\",\"item\":\"https:\/\/www.consigel.com\/ca\/\"},{\"@type\":\"ListItem\",\"position\":2,\"name\":\"Shop\",\"item\":\"https:\/\/www.consigel.com\/ca\/shop\/\"},{\"@type\":\"ListItem\",\"position\":3,\"name\":\"i Tant Rosado\"}]},{\"@type\":\"WebSite\",\"@id\":\"https:\/\/www.consigel.com\/ca\/#website\",\"url\":\"https:\/\/www.consigel.com\/ca\/\",\"name\":\"Consigel\",\"description\":\"\",\"potentialAction\":[{\"@type\":\"SearchAction\",\"target\":{\"@type\":\"EntryPoint\",\"urlTemplate\":\"https:\/\/www.consigel.com\/ca\/?s={search_term_string}\"},\"query-input\":\"required name=search_term_string\"}],\"inLanguage\":\"ca\"}]}<\/script>\n<!-- \/ Yoast SEO plugin. -->","yoast_head_json":{"title":"i Tant Rosado - Consigel","robots":{"index":"index","follow":"follow","max-snippet":"max-snippet:-1","max-image-preview":"max-image-preview:large","max-video-preview":"max-video-preview:-1"},"canonical":"https:\/\/www.consigel.com\/ca\/producte\/i-tant-rosado\/","og_locale":"ca_ES","og_type":"article","og_title":"i Tant Rosado - Consigel","og_description":"Queremos ofrecer un vino sugestivo y agradable para poder disfrutar en cualquier momento del d\u00eda y apto para todos los p\u00fablicos.\u00a0Por eso hemos elaborado un vino franco a base de Garnacha tinta de la Tierra Alta f\u00e1cil y goloso. COLOR: Presenta un color pulpa de cereza con una capa muy suave y con reflejos color [...]","og_url":"https:\/\/www.consigel.com\/ca\/producte\/i-tant-rosado\/","og_site_name":"Consigel","og_image":[{"width":1200,"height":1200,"url":"https:\/\/www.consigel.com\/wp-content\/uploads\/2018\/01\/1743-thickbox_default-i-Tant-Rosado.jpg","type":"image\/jpeg"}],"twitter_card":"summary_large_image","twitter_misc":{"Temps estimat de lectura":"1 minut"},"schema":{"@context":"https:\/\/schema.org","@graph":[{"@type":"WebPage","@id":"https:\/\/www.consigel.com\/ca\/producte\/i-tant-rosado\/","url":"https:\/\/www.consigel.com\/ca\/producte\/i-tant-rosado\/","name":"i Tant Rosado - Consigel","isPartOf":{"@id":"https:\/\/www.consigel.com\/ca\/#website"},"primaryImageOfPage":{"@id":"https:\/\/www.consigel.com\/ca\/producte\/i-tant-rosado\/#primaryimage"},"image":{"@id":"https:\/\/www.consigel.com\/ca\/producte\/i-tant-rosado\/#primaryimage"},"thumbnailUrl":"https:\/\/www.consigel.com\/wp-content\/uploads\/2018\/01\/1743-thickbox_default-i-Tant-Rosado.jpg","datePublished":"2018-01-26T18:14:03+00:00","dateModified":"2018-01-26T18:14:03+00:00","breadcrumb":{"@id":"https:\/\/www.consigel.com\/ca\/producte\/i-tant-rosado\/#breadcrumb"},"inLanguage":"ca","potentialAction":[{"@type":"ReadAction","target":["https:\/\/www.consigel.com\/ca\/producte\/i-tant-rosado\/"]}]},{"@type":"ImageObject","inLanguage":"ca","@id":"https:\/\/www.consigel.com\/ca\/producte\/i-tant-rosado\/#primaryimage","url":"https:\/\/www.consigel.com\/wp-content\/uploads\/2018\/01\/1743-thickbox_default-i-Tant-Rosado.jpg","contentUrl":"https:\/\/www.consigel.com\/wp-content\/uploads\/2018\/01\/1743-thickbox_default-i-Tant-Rosado.jpg","width":1200,"height":1200,"caption":"i Tant Rosado"},{"@type":"BreadcrumbList","@id":"https:\/\/www.consigel.com\/ca\/producte\/i-tant-rosado\/#breadcrumb","itemListElement":[{"@type":"ListItem","position":1,"name":"Portada","item":"https:\/\/www.consigel.com\/ca\/"},{"@type":"ListItem","position":2,"name":"Shop","item":"https:\/\/www.consigel.com\/ca\/shop\/"},{"@type":"ListItem","position":3,"name":"i Tant Rosado"}]},{"@type":"WebSite","@id":"https:\/\/www.consigel.com\/ca\/#website","url":"https:\/\/www.consigel.com\/ca\/","name":"Consigel","description":"","potentialAction":[{"@type":"SearchAction","target":{"@type":"EntryPoint","urlTemplate":"https:\/\/www.consigel.com\/ca\/?s={search_term_string}"},"query-input":"required name=search_term_string"}],"inLanguage":"ca"}]}},"_links":{"self":[{"href":"https:\/\/www.consigel.com\/ca\/wp-json\/wp\/v2\/product\/1441","targetHints":{"allow":["GET"]}}],"collection":[{"href":"https:\/\/www.consigel.com\/ca\/wp-json\/wp\/v2\/product"}],"about":[{"href":"https:\/\/www.consigel.com\/ca\/wp-json\/wp\/v2\/types\/product"}],"replies":[{"embeddable":true,"href":"https:\/\/www.consigel.com\/ca\/wp-json\/wp\/v2\/comments?post=1441"}],"wp:featuredmedia":[{"embeddable":true,"href":"https:\/\/www.consigel.com\/ca\/wp-json\/wp\/v2\/media\/1440"}],"wp:attachment":[{"href":"https:\/\/www.consigel.com\/ca\/wp-json\/wp\/v2\/media?parent=1441"}],"wp:term":[{"taxonomy":"product_cat","embeddable":true,"href":"https:\/\/www.consigel.com\/ca\/wp-json\/wp\/v2\/product_cat?post=1441"},{"taxonomy":"product_tag","embeddable":true,"href":"https:\/\/www.consigel.com\/ca\/wp-json\/wp\/v2\/product_tag?post=1441"}],"curies":[{"name":"wp","href":"https:\/\/api.w.org\/{rel}","templated":true}]}}