{"id":1437,"date":"2018-01-26T18:07:48","date_gmt":"2018-01-26T18:07:48","guid":{"rendered":"http:\/\/www.consigel.com\/product\/i-tant-blanco\/"},"modified":"2018-01-26T18:07:48","modified_gmt":"2018-01-26T18:07:48","slug":"i-tant-blanco","status":"publish","type":"product","link":"https:\/\/www.consigel.com\/ca\/producte\/i-tant-blanco\/","title":{"rendered":"i tant Blanco"},"content":{"rendered":"<table style=\"width: 540px;\" border=\"0\" cellspacing=\"0\" cellpadding=\"0\">\n<colgroup>\n<col width=\"540\" \/><\/colgroup>\n<tbody>\n<tr>\n<td width=\"540\" height=\"77\"><span style=\"font-family: Arial; font-size: medium;\">Si alguien quiere descubrir la verdadera Garnacha blanca de la Tierra Alta, este es el vino.\u00a0La Garnacha blanca es la variedad por excelencia \u2022 excelencia de la Terra Alta, la m\u00e1s tradicional y la que mejor se adapta y es capaz de expresar la MEDITERR\u00c1NIDAS de su clima y la variedad de los suelos de la zona.<\/span><\/td>\n<\/tr>\n<tr>\n<td width=\"540\" height=\"39\"><span style=\"font-family: Arial; font-size: medium;\">COLOR: Presenta un color amarillo de baja intensidad, con una combinaci\u00f3n crom\u00e1tica de tonos color paja y alg\u00fan reflejo verdoso.<\/span><\/td>\n<\/tr>\n<tr>\n<td width=\"540\" height=\"77\"><span style=\"font-family: Arial; font-size: medium;\">AROMA: Muestra las caracter\u00edsticas de las garnachas blancas de la zona, intensidad, fruta y mineralidad.\u00a0La fruta blanca que aparece recuerdan la pulpa de mel\u00f3n, las peras y un recuerdo de frutas de hueso como el melocot\u00f3n y el albaricoque.<\/span><\/td>\n<\/tr>\n<tr>\n<td width=\"540\" height=\"77\"><span style=\"font-family: Arial; font-size: medium;\">BOCA: Es melosa y vibrante, tiene presencia de la fruta que encontramos en nariz y un equilibrio basado en la suavidad propia de la variedad y la salinidad que le aporta la mineralidad del terreno donde se cultivan las vides.\u00a0Es un vino equilibrado y agradable para todos los p\u00fablicos.<\/span><\/td>\n<\/tr>\n<\/tbody>\n<\/table>\n","protected":false},"excerpt":{"rendered":"<p>Si alguien quiere descubrir la verdadera Garnacha blanca de la Tierra Alta, este es el vino.\u00a0La Garnacha blanca es la variedad por excelencia \u2022 excelencia de la Terra Alta, la m\u00e1s tradicional y la que mejor se adapta y es capaz de expresar la MEDITERR\u00c1NIDAS de su clima y la variedad de los suelos de [&#8230;]\n","protected":false},"featured_media":1436,"comment_status":"open","ping_status":"closed","template":"","meta":[],"product_cat":[60],"product_tag":[],"class_list":{"0":"post-1437","1":"product","2":"type-product","3":"status-publish","4":"has-post-thumbnail","6":"product_cat-do-montsant","8":"first","9":"outofstock","10":"shipping-taxable","11":"product-type-simple"},"yoast_head":"<!-- This site is optimized with the Yoast SEO plugin v23.3 - https:\/\/yoast.com\/wordpress\/plugins\/seo\/ -->\n<title>i tant Blanco - Consigel<\/title>\n<meta name=\"robots\" content=\"index, follow, max-snippet:-1, max-image-preview:large, max-video-preview:-1\" \/>\n<link rel=\"canonical\" href=\"https:\/\/www.consigel.com\/ca\/producte\/i-tant-blanco\/\" \/>\n<meta property=\"og:locale\" content=\"ca_ES\" \/>\n<meta property=\"og:type\" content=\"article\" \/>\n<meta property=\"og:title\" content=\"i tant Blanco - Consigel\" \/>\n<meta property=\"og:description\" content=\"Si alguien quiere descubrir la verdadera Garnacha blanca de la Tierra Alta, este es el vino.\u00a0La Garnacha blanca es la variedad por excelencia \u2022 excelencia de la Terra Alta, la m\u00e1s tradicional y la que mejor se adapta y es capaz de expresar la MEDITERR\u00c1NIDAS de su clima y la variedad de los suelos de [...]\" \/>\n<meta property=\"og:url\" content=\"https:\/\/www.consigel.com\/ca\/producte\/i-tant-blanco\/\" \/>\n<meta property=\"og:site_name\" content=\"Consigel\" \/>\n<meta property=\"og:image\" content=\"https:\/\/www.consigel.com\/wp-content\/uploads\/2018\/01\/1741-thickbox_default-i-tant-Blanco.jpg\" \/>\n\t<meta property=\"og:image:width\" content=\"1200\" \/>\n\t<meta property=\"og:image:height\" content=\"1200\" \/>\n\t<meta property=\"og:image:type\" content=\"image\/jpeg\" \/>\n<meta name=\"twitter:card\" content=\"summary_large_image\" \/>\n<meta name=\"twitter:label1\" content=\"Temps estimat de lectura\" \/>\n\t<meta name=\"twitter:data1\" content=\"1 minut\" \/>\n<script type=\"application\/ld+json\" class=\"yoast-schema-graph\">{\"@context\":\"https:\/\/schema.org\",\"@graph\":[{\"@type\":\"WebPage\",\"@id\":\"https:\/\/www.consigel.com\/ca\/producte\/i-tant-blanco\/\",\"url\":\"https:\/\/www.consigel.com\/ca\/producte\/i-tant-blanco\/\",\"name\":\"i tant Blanco - Consigel\",\"isPartOf\":{\"@id\":\"https:\/\/www.consigel.com\/ca\/#website\"},\"primaryImageOfPage\":{\"@id\":\"https:\/\/www.consigel.com\/ca\/producte\/i-tant-blanco\/#primaryimage\"},\"image\":{\"@id\":\"https:\/\/www.consigel.com\/ca\/producte\/i-tant-blanco\/#primaryimage\"},\"thumbnailUrl\":\"https:\/\/www.consigel.com\/wp-content\/uploads\/2018\/01\/1741-thickbox_default-i-tant-Blanco.jpg\",\"datePublished\":\"2018-01-26T18:07:48+00:00\",\"dateModified\":\"2018-01-26T18:07:48+00:00\",\"breadcrumb\":{\"@id\":\"https:\/\/www.consigel.com\/ca\/producte\/i-tant-blanco\/#breadcrumb\"},\"inLanguage\":\"ca\",\"potentialAction\":[{\"@type\":\"ReadAction\",\"target\":[\"https:\/\/www.consigel.com\/ca\/producte\/i-tant-blanco\/\"]}]},{\"@type\":\"ImageObject\",\"inLanguage\":\"ca\",\"@id\":\"https:\/\/www.consigel.com\/ca\/producte\/i-tant-blanco\/#primaryimage\",\"url\":\"https:\/\/www.consigel.com\/wp-content\/uploads\/2018\/01\/1741-thickbox_default-i-tant-Blanco.jpg\",\"contentUrl\":\"https:\/\/www.consigel.com\/wp-content\/uploads\/2018\/01\/1741-thickbox_default-i-tant-Blanco.jpg\",\"width\":1200,\"height\":1200,\"caption\":\"i tant Blanco\"},{\"@type\":\"BreadcrumbList\",\"@id\":\"https:\/\/www.consigel.com\/ca\/producte\/i-tant-blanco\/#breadcrumb\",\"itemListElement\":[{\"@type\":\"ListItem\",\"position\":1,\"name\":\"Portada\",\"item\":\"https:\/\/www.consigel.com\/ca\/\"},{\"@type\":\"ListItem\",\"position\":2,\"name\":\"Shop\",\"item\":\"https:\/\/www.consigel.com\/ca\/shop\/\"},{\"@type\":\"ListItem\",\"position\":3,\"name\":\"i tant Blanco\"}]},{\"@type\":\"WebSite\",\"@id\":\"https:\/\/www.consigel.com\/ca\/#website\",\"url\":\"https:\/\/www.consigel.com\/ca\/\",\"name\":\"Consigel\",\"description\":\"\",\"potentialAction\":[{\"@type\":\"SearchAction\",\"target\":{\"@type\":\"EntryPoint\",\"urlTemplate\":\"https:\/\/www.consigel.com\/ca\/?s={search_term_string}\"},\"query-input\":\"required name=search_term_string\"}],\"inLanguage\":\"ca\"}]}<\/script>\n<!-- \/ Yoast SEO plugin. -->","yoast_head_json":{"title":"i tant Blanco - Consigel","robots":{"index":"index","follow":"follow","max-snippet":"max-snippet:-1","max-image-preview":"max-image-preview:large","max-video-preview":"max-video-preview:-1"},"canonical":"https:\/\/www.consigel.com\/ca\/producte\/i-tant-blanco\/","og_locale":"ca_ES","og_type":"article","og_title":"i tant Blanco - Consigel","og_description":"Si alguien quiere descubrir la verdadera Garnacha blanca de la Tierra Alta, este es el vino.\u00a0La Garnacha blanca es la variedad por excelencia \u2022 excelencia de la Terra Alta, la m\u00e1s tradicional y la que mejor se adapta y es capaz de expresar la MEDITERR\u00c1NIDAS de su clima y la variedad de los suelos de [...]","og_url":"https:\/\/www.consigel.com\/ca\/producte\/i-tant-blanco\/","og_site_name":"Consigel","og_image":[{"width":1200,"height":1200,"url":"https:\/\/www.consigel.com\/wp-content\/uploads\/2018\/01\/1741-thickbox_default-i-tant-Blanco.jpg","type":"image\/jpeg"}],"twitter_card":"summary_large_image","twitter_misc":{"Temps estimat de lectura":"1 minut"},"schema":{"@context":"https:\/\/schema.org","@graph":[{"@type":"WebPage","@id":"https:\/\/www.consigel.com\/ca\/producte\/i-tant-blanco\/","url":"https:\/\/www.consigel.com\/ca\/producte\/i-tant-blanco\/","name":"i tant Blanco - Consigel","isPartOf":{"@id":"https:\/\/www.consigel.com\/ca\/#website"},"primaryImageOfPage":{"@id":"https:\/\/www.consigel.com\/ca\/producte\/i-tant-blanco\/#primaryimage"},"image":{"@id":"https:\/\/www.consigel.com\/ca\/producte\/i-tant-blanco\/#primaryimage"},"thumbnailUrl":"https:\/\/www.consigel.com\/wp-content\/uploads\/2018\/01\/1741-thickbox_default-i-tant-Blanco.jpg","datePublished":"2018-01-26T18:07:48+00:00","dateModified":"2018-01-26T18:07:48+00:00","breadcrumb":{"@id":"https:\/\/www.consigel.com\/ca\/producte\/i-tant-blanco\/#breadcrumb"},"inLanguage":"ca","potentialAction":[{"@type":"ReadAction","target":["https:\/\/www.consigel.com\/ca\/producte\/i-tant-blanco\/"]}]},{"@type":"ImageObject","inLanguage":"ca","@id":"https:\/\/www.consigel.com\/ca\/producte\/i-tant-blanco\/#primaryimage","url":"https:\/\/www.consigel.com\/wp-content\/uploads\/2018\/01\/1741-thickbox_default-i-tant-Blanco.jpg","contentUrl":"https:\/\/www.consigel.com\/wp-content\/uploads\/2018\/01\/1741-thickbox_default-i-tant-Blanco.jpg","width":1200,"height":1200,"caption":"i tant Blanco"},{"@type":"BreadcrumbList","@id":"https:\/\/www.consigel.com\/ca\/producte\/i-tant-blanco\/#breadcrumb","itemListElement":[{"@type":"ListItem","position":1,"name":"Portada","item":"https:\/\/www.consigel.com\/ca\/"},{"@type":"ListItem","position":2,"name":"Shop","item":"https:\/\/www.consigel.com\/ca\/shop\/"},{"@type":"ListItem","position":3,"name":"i tant Blanco"}]},{"@type":"WebSite","@id":"https:\/\/www.consigel.com\/ca\/#website","url":"https:\/\/www.consigel.com\/ca\/","name":"Consigel","description":"","potentialAction":[{"@type":"SearchAction","target":{"@type":"EntryPoint","urlTemplate":"https:\/\/www.consigel.com\/ca\/?s={search_term_string}"},"query-input":"required name=search_term_string"}],"inLanguage":"ca"}]}},"_links":{"self":[{"href":"https:\/\/www.consigel.com\/ca\/wp-json\/wp\/v2\/product\/1437","targetHints":{"allow":["GET"]}}],"collection":[{"href":"https:\/\/www.consigel.com\/ca\/wp-json\/wp\/v2\/product"}],"about":[{"href":"https:\/\/www.consigel.com\/ca\/wp-json\/wp\/v2\/types\/product"}],"replies":[{"embeddable":true,"href":"https:\/\/www.consigel.com\/ca\/wp-json\/wp\/v2\/comments?post=1437"}],"wp:featuredmedia":[{"embeddable":true,"href":"https:\/\/www.consigel.com\/ca\/wp-json\/wp\/v2\/media\/1436"}],"wp:attachment":[{"href":"https:\/\/www.consigel.com\/ca\/wp-json\/wp\/v2\/media?parent=1437"}],"wp:term":[{"taxonomy":"product_cat","embeddable":true,"href":"https:\/\/www.consigel.com\/ca\/wp-json\/wp\/v2\/product_cat?post=1437"},{"taxonomy":"product_tag","embeddable":true,"href":"https:\/\/www.consigel.com\/ca\/wp-json\/wp\/v2\/product_tag?post=1437"}],"curies":[{"name":"wp","href":"https:\/\/api.w.org\/{rel}","templated":true}]}}