{"id":1425,"date":"2018-01-26T17:35:10","date_gmt":"2018-01-26T17:35:10","guid":{"rendered":"http:\/\/www.consigel.com\/product\/tronat-negro\/"},"modified":"2018-01-26T17:35:10","modified_gmt":"2018-01-26T17:35:10","slug":"tronat-negro","status":"publish","type":"product","link":"https:\/\/www.consigel.com\/ca\/producte\/tronat-negro\/","title":{"rendered":"Tronat Tinto"},"content":{"rendered":"<p style=\"margin: 0px 0px 10px; color: #919191; text-transform: none; line-height: 1.711; text-indent: 0px; letter-spacing: normal; font-family: Lato; font-size: 16px; font-style: normal; font-weight: 400; word-spacing: 0px; white-space: normal; box-sizing: border-box; orphans: 2; widows: 2; background-color: #ffffff; font-variant-ligatures: normal; font-variant-caps: normal; -webkit-text-stroke-width: 0px; text-decoration-style: initial; text-decoration-color: initial;\"><strong style=\"font-weight: bold; margin-bottom: 0px; box-sizing: border-box;\"><span style=\"margin-bottom: 0px; vertical-align: inherit; box-sizing: border-box;\"><span style=\"margin-bottom: 0px; vertical-align: inherit; box-sizing: border-box;\">VARIEDADES<\/span><\/span><\/strong><\/p>\n<p style=\"margin: 0px 0px 10px; color: #919191; text-transform: none; line-height: 1.711; text-indent: 0px; letter-spacing: normal; font-family: Lato; font-size: 16px; font-style: normal; font-weight: 400; word-spacing: 0px; white-space: normal; box-sizing: border-box; orphans: 2; widows: 2; background-color: #ffffff; font-variant-ligatures: normal; font-variant-caps: normal; -webkit-text-stroke-width: 0px; text-decoration-style: initial; text-decoration-color: initial;\"><span style=\"margin-bottom: 0px; vertical-align: inherit; box-sizing: border-box;\"><span style=\"margin-bottom: 0px; vertical-align: inherit; box-sizing: border-box;\">Merlot, Garnacha, Cari\u00f1ena<\/span><\/span><\/p>\n<p style=\"margin: 0px 0px 10px; color: #919191; text-transform: none; line-height: 1.711; text-indent: 0px; letter-spacing: normal; font-family: Lato; font-size: 16px; font-style: normal; font-weight: 400; word-spacing: 0px; white-space: normal; box-sizing: border-box; orphans: 2; widows: 2; background-color: #ffffff; font-variant-ligatures: normal; font-variant-caps: normal; -webkit-text-stroke-width: 0px; text-decoration-style: initial; text-decoration-color: initial;\"><strong style=\"font-weight: bold; margin-bottom: 0px; box-sizing: border-box;\"><span style=\"margin-bottom: 0px; vertical-align: inherit; box-sizing: border-box;\"><span style=\"margin-bottom: 0px; vertical-align: inherit; box-sizing: border-box;\">ELABORACI\u00d3N Y CRIANZA<\/span><\/span><\/strong><\/p>\n<p style=\"margin: 0px 0px 10px; color: #919191; text-transform: none; line-height: 1.711; text-indent: 0px; letter-spacing: normal; font-family: Lato; font-size: 16px; font-style: normal; font-weight: 400; word-spacing: 0px; white-space: normal; box-sizing: border-box; orphans: 2; widows: 2; background-color: #ffffff; font-variant-ligatures: normal; font-variant-caps: normal; -webkit-text-stroke-width: 0px; text-decoration-style: initial; text-decoration-color: initial;\"><span style=\"margin-bottom: 0px; vertical-align: inherit; box-sizing: border-box;\"><span style=\"vertical-align: inherit; box-sizing: border-box;\">Se procede a la vendimia de las diferentes variedades de forma individual.<span>\u00a0<\/span><\/span><span style=\"vertical-align: inherit; box-sizing: border-box;\">Dada la climatolog\u00eda de secano t\u00edpica de la zona, son racimos peque\u00f1os en un estado inmejorable.<span>\u00a0<\/span><\/span><span style=\"vertical-align: inherit; box-sizing: border-box;\">Se sueltan las maceraciones para conseguir un car\u00e1cter propio del Empord\u00e0 y fermentan a temperatura controlada.<span>\u00a0<\/span><\/span><span style=\"margin-bottom: 0px; vertical-align: inherit; box-sizing: border-box;\">La crianza de este vino es de 12 meses en Roble Americano, y el tiempo restante permanecer\u00e1 en la botella para conseguir la armon\u00eda necesaria entre sus gustos y aromas.<\/span><\/span><\/p>\n<p style=\"margin: 0px 0px 10px; color: #919191; text-transform: none; line-height: 1.711; text-indent: 0px; letter-spacing: normal; font-family: Lato; font-size: 16px; font-style: normal; font-weight: 400; word-spacing: 0px; white-space: normal; box-sizing: border-box; orphans: 2; widows: 2; background-color: #ffffff; font-variant-ligatures: normal; font-variant-caps: normal; -webkit-text-stroke-width: 0px; text-decoration-style: initial; text-decoration-color: initial;\"><strong style=\"font-weight: bold; margin-bottom: 0px; box-sizing: border-box;\"><span style=\"margin-bottom: 0px; vertical-align: inherit; box-sizing: border-box;\"><span style=\"margin-bottom: 0px; vertical-align: inherit; box-sizing: border-box;\">NOTA DE CATA<\/span><\/span><\/strong><\/p>\n<p style=\"margin: 0px 0px 10px; color: #919191; text-transform: none; line-height: 1.711; text-indent: 0px; letter-spacing: normal; font-family: Lato; font-size: 16px; font-style: normal; font-weight: 400; word-spacing: 0px; white-space: normal; box-sizing: border-box; orphans: 2; widows: 2; background-color: #ffffff; font-variant-ligatures: normal; font-variant-caps: normal; -webkit-text-stroke-width: 0px; text-decoration-style: initial; text-decoration-color: initial;\"><span style=\"margin-bottom: 0px; vertical-align: inherit; box-sizing: border-box;\"><span style=\"vertical-align: inherit; box-sizing: border-box;\">De color rojo cereza con reflejos granates, su capa intensa demuestra que es un vino con estructura y complejidad.<span>\u00a0<\/span><\/span><span style=\"vertical-align: inherit; box-sizing: border-box;\">En nariz se encuentran notas de fruta roja madura, como la ciruela o la cereza picota, acompa\u00f1adas de unas aromas sutiles y complejos aportados por la variedad Cari\u00f1ena.<span>\u00a0<\/span><\/span><span style=\"vertical-align: inherit; box-sizing: border-box;\">El paso por barril le proporciona un fondo torrefacto y especiado muy bien integrado en el conjunto.<span>\u00a0<\/span><\/span><span style=\"margin-bottom: 0px; vertical-align: inherit; box-sizing: border-box;\">En el paladar es intenso y profundo, con buena estructura, que le permite un final persistente y lleno de vida interior.<\/span><\/span><\/p>\n<p style=\"margin: 0px 0px 10px; color: #919191; text-transform: none; line-height: 1.711; text-indent: 0px; letter-spacing: normal; font-family: Lato; font-size: 16px; font-style: normal; font-weight: 400; word-spacing: 0px; white-space: normal; box-sizing: border-box; orphans: 2; widows: 2; background-color: #ffffff; font-variant-ligatures: normal; font-variant-caps: normal; -webkit-text-stroke-width: 0px; text-decoration-style: initial; text-decoration-color: initial;\"><strong style=\"font-weight: bold; margin-bottom: 0px; box-sizing: border-box;\"><span style=\"margin-bottom: 0px; vertical-align: inherit; box-sizing: border-box;\"><span style=\"margin-bottom: 0px; vertical-align: inherit; box-sizing: border-box;\">SERVICIO<\/span><\/span><\/strong><\/p>\n<p style=\"margin: 0px 0px 10px; color: #919191; text-transform: none; line-height: 1.711; text-indent: 0px; letter-spacing: normal; font-family: Lato; font-size: 16px; font-style: normal; font-weight: 400; word-spacing: 0px; white-space: normal; box-sizing: border-box; orphans: 2; widows: 2; background-color: #ffffff; font-variant-ligatures: normal; font-variant-caps: normal; -webkit-text-stroke-width: 0px; text-decoration-style: initial; text-decoration-color: initial;\"><span style=\"margin-bottom: 0px; vertical-align: inherit; box-sizing: border-box;\"><span style=\"margin-bottom: 0px; vertical-align: inherit; box-sizing: border-box;\">La estructura de este vino lo hace ideal para armonizar carnes rojas, platos de caza, guisos especiados, pescados con salsa y quesos.<\/span><\/span><\/p>\n","protected":false},"excerpt":{"rendered":"<p>VARIEDADES Merlot, Garnacha, Cari\u00f1ena ELABORACI\u00d3N Y CRIANZA Se procede a la vendimia de las diferentes variedades de forma individual.\u00a0Dada la climatolog\u00eda de secano t\u00edpica de la zona, son racimos peque\u00f1os en un estado inmejorable.\u00a0Se sueltan las maceraciones para conseguir un car\u00e1cter propio del Empord\u00e0 y fermentan a temperatura controlada.\u00a0La crianza de este vino es de [&#8230;]\n","protected":false},"featured_media":1424,"comment_status":"open","ping_status":"closed","template":"","meta":[],"product_cat":[133],"product_tag":[],"class_list":{"0":"post-1425","1":"product","2":"type-product","3":"status-publish","4":"has-post-thumbnail","6":"product_cat-witty-wines-do-emporda","8":"first","9":"outofstock","10":"shipping-taxable","11":"product-type-simple"},"yoast_head":"<!-- This site is optimized with the Yoast SEO plugin v23.3 - https:\/\/yoast.com\/wordpress\/plugins\/seo\/ -->\n<title>Tronat Tinto - Consigel<\/title>\n<meta name=\"robots\" content=\"index, follow, max-snippet:-1, max-image-preview:large, max-video-preview:-1\" \/>\n<link rel=\"canonical\" href=\"https:\/\/www.consigel.com\/ca\/producte\/tronat-negro\/\" \/>\n<meta property=\"og:locale\" content=\"ca_ES\" \/>\n<meta property=\"og:type\" content=\"article\" \/>\n<meta property=\"og:title\" content=\"Tronat Tinto - Consigel\" \/>\n<meta property=\"og:description\" content=\"VARIEDADES Merlot, Garnacha, Cari\u00f1ena ELABORACI\u00d3N Y CRIANZA Se procede a la vendimia de las diferentes variedades de forma individual.\u00a0Dada la climatolog\u00eda de secano t\u00edpica de la zona, son racimos peque\u00f1os en un estado inmejorable.\u00a0Se sueltan las maceraciones para conseguir un car\u00e1cter propio del Empord\u00e0 y fermentan a temperatura controlada.\u00a0La crianza de este vino es de [...]\" \/>\n<meta property=\"og:url\" content=\"https:\/\/www.consigel.com\/ca\/producte\/tronat-negro\/\" \/>\n<meta property=\"og:site_name\" content=\"Consigel\" \/>\n<meta property=\"og:image\" content=\"https:\/\/www.consigel.com\/wp-content\/uploads\/2018\/01\/1735-thickbox_default-Tronat-Tinto.jpg\" \/>\n\t<meta property=\"og:image:width\" content=\"1200\" \/>\n\t<meta property=\"og:image:height\" content=\"1200\" \/>\n\t<meta property=\"og:image:type\" content=\"image\/jpeg\" \/>\n<meta name=\"twitter:card\" content=\"summary_large_image\" \/>\n<meta name=\"twitter:label1\" content=\"Temps estimat de lectura\" \/>\n\t<meta name=\"twitter:data1\" content=\"1 minut\" \/>\n<script type=\"application\/ld+json\" class=\"yoast-schema-graph\">{\"@context\":\"https:\/\/schema.org\",\"@graph\":[{\"@type\":\"WebPage\",\"@id\":\"https:\/\/www.consigel.com\/ca\/producte\/tronat-negro\/\",\"url\":\"https:\/\/www.consigel.com\/ca\/producte\/tronat-negro\/\",\"name\":\"Tronat Tinto - Consigel\",\"isPartOf\":{\"@id\":\"https:\/\/www.consigel.com\/ca\/#website\"},\"primaryImageOfPage\":{\"@id\":\"https:\/\/www.consigel.com\/ca\/producte\/tronat-negro\/#primaryimage\"},\"image\":{\"@id\":\"https:\/\/www.consigel.com\/ca\/producte\/tronat-negro\/#primaryimage\"},\"thumbnailUrl\":\"https:\/\/www.consigel.com\/wp-content\/uploads\/2018\/01\/1735-thickbox_default-Tronat-Tinto.jpg\",\"datePublished\":\"2018-01-26T17:35:10+00:00\",\"dateModified\":\"2018-01-26T17:35:10+00:00\",\"breadcrumb\":{\"@id\":\"https:\/\/www.consigel.com\/ca\/producte\/tronat-negro\/#breadcrumb\"},\"inLanguage\":\"ca\",\"potentialAction\":[{\"@type\":\"ReadAction\",\"target\":[\"https:\/\/www.consigel.com\/ca\/producte\/tronat-negro\/\"]}]},{\"@type\":\"ImageObject\",\"inLanguage\":\"ca\",\"@id\":\"https:\/\/www.consigel.com\/ca\/producte\/tronat-negro\/#primaryimage\",\"url\":\"https:\/\/www.consigel.com\/wp-content\/uploads\/2018\/01\/1735-thickbox_default-Tronat-Tinto.jpg\",\"contentUrl\":\"https:\/\/www.consigel.com\/wp-content\/uploads\/2018\/01\/1735-thickbox_default-Tronat-Tinto.jpg\",\"width\":1200,\"height\":1200,\"caption\":\"Tronat Tinto\"},{\"@type\":\"BreadcrumbList\",\"@id\":\"https:\/\/www.consigel.com\/ca\/producte\/tronat-negro\/#breadcrumb\",\"itemListElement\":[{\"@type\":\"ListItem\",\"position\":1,\"name\":\"Portada\",\"item\":\"https:\/\/www.consigel.com\/ca\/\"},{\"@type\":\"ListItem\",\"position\":2,\"name\":\"Shop\",\"item\":\"https:\/\/www.consigel.com\/ca\/shop\/\"},{\"@type\":\"ListItem\",\"position\":3,\"name\":\"Tronat Tinto\"}]},{\"@type\":\"WebSite\",\"@id\":\"https:\/\/www.consigel.com\/ca\/#website\",\"url\":\"https:\/\/www.consigel.com\/ca\/\",\"name\":\"Consigel\",\"description\":\"\",\"potentialAction\":[{\"@type\":\"SearchAction\",\"target\":{\"@type\":\"EntryPoint\",\"urlTemplate\":\"https:\/\/www.consigel.com\/ca\/?s={search_term_string}\"},\"query-input\":\"required name=search_term_string\"}],\"inLanguage\":\"ca\"}]}<\/script>\n<!-- \/ Yoast SEO plugin. -->","yoast_head_json":{"title":"Tronat Tinto - Consigel","robots":{"index":"index","follow":"follow","max-snippet":"max-snippet:-1","max-image-preview":"max-image-preview:large","max-video-preview":"max-video-preview:-1"},"canonical":"https:\/\/www.consigel.com\/ca\/producte\/tronat-negro\/","og_locale":"ca_ES","og_type":"article","og_title":"Tronat Tinto - Consigel","og_description":"VARIEDADES Merlot, Garnacha, Cari\u00f1ena ELABORACI\u00d3N Y CRIANZA Se procede a la vendimia de las diferentes variedades de forma individual.\u00a0Dada la climatolog\u00eda de secano t\u00edpica de la zona, son racimos peque\u00f1os en un estado inmejorable.\u00a0Se sueltan las maceraciones para conseguir un car\u00e1cter propio del Empord\u00e0 y fermentan a temperatura controlada.\u00a0La crianza de este vino es de [...]","og_url":"https:\/\/www.consigel.com\/ca\/producte\/tronat-negro\/","og_site_name":"Consigel","og_image":[{"width":1200,"height":1200,"url":"https:\/\/www.consigel.com\/wp-content\/uploads\/2018\/01\/1735-thickbox_default-Tronat-Tinto.jpg","type":"image\/jpeg"}],"twitter_card":"summary_large_image","twitter_misc":{"Temps estimat de lectura":"1 minut"},"schema":{"@context":"https:\/\/schema.org","@graph":[{"@type":"WebPage","@id":"https:\/\/www.consigel.com\/ca\/producte\/tronat-negro\/","url":"https:\/\/www.consigel.com\/ca\/producte\/tronat-negro\/","name":"Tronat Tinto - Consigel","isPartOf":{"@id":"https:\/\/www.consigel.com\/ca\/#website"},"primaryImageOfPage":{"@id":"https:\/\/www.consigel.com\/ca\/producte\/tronat-negro\/#primaryimage"},"image":{"@id":"https:\/\/www.consigel.com\/ca\/producte\/tronat-negro\/#primaryimage"},"thumbnailUrl":"https:\/\/www.consigel.com\/wp-content\/uploads\/2018\/01\/1735-thickbox_default-Tronat-Tinto.jpg","datePublished":"2018-01-26T17:35:10+00:00","dateModified":"2018-01-26T17:35:10+00:00","breadcrumb":{"@id":"https:\/\/www.consigel.com\/ca\/producte\/tronat-negro\/#breadcrumb"},"inLanguage":"ca","potentialAction":[{"@type":"ReadAction","target":["https:\/\/www.consigel.com\/ca\/producte\/tronat-negro\/"]}]},{"@type":"ImageObject","inLanguage":"ca","@id":"https:\/\/www.consigel.com\/ca\/producte\/tronat-negro\/#primaryimage","url":"https:\/\/www.consigel.com\/wp-content\/uploads\/2018\/01\/1735-thickbox_default-Tronat-Tinto.jpg","contentUrl":"https:\/\/www.consigel.com\/wp-content\/uploads\/2018\/01\/1735-thickbox_default-Tronat-Tinto.jpg","width":1200,"height":1200,"caption":"Tronat Tinto"},{"@type":"BreadcrumbList","@id":"https:\/\/www.consigel.com\/ca\/producte\/tronat-negro\/#breadcrumb","itemListElement":[{"@type":"ListItem","position":1,"name":"Portada","item":"https:\/\/www.consigel.com\/ca\/"},{"@type":"ListItem","position":2,"name":"Shop","item":"https:\/\/www.consigel.com\/ca\/shop\/"},{"@type":"ListItem","position":3,"name":"Tronat Tinto"}]},{"@type":"WebSite","@id":"https:\/\/www.consigel.com\/ca\/#website","url":"https:\/\/www.consigel.com\/ca\/","name":"Consigel","description":"","potentialAction":[{"@type":"SearchAction","target":{"@type":"EntryPoint","urlTemplate":"https:\/\/www.consigel.com\/ca\/?s={search_term_string}"},"query-input":"required name=search_term_string"}],"inLanguage":"ca"}]}},"_links":{"self":[{"href":"https:\/\/www.consigel.com\/ca\/wp-json\/wp\/v2\/product\/1425","targetHints":{"allow":["GET"]}}],"collection":[{"href":"https:\/\/www.consigel.com\/ca\/wp-json\/wp\/v2\/product"}],"about":[{"href":"https:\/\/www.consigel.com\/ca\/wp-json\/wp\/v2\/types\/product"}],"replies":[{"embeddable":true,"href":"https:\/\/www.consigel.com\/ca\/wp-json\/wp\/v2\/comments?post=1425"}],"wp:featuredmedia":[{"embeddable":true,"href":"https:\/\/www.consigel.com\/ca\/wp-json\/wp\/v2\/media\/1424"}],"wp:attachment":[{"href":"https:\/\/www.consigel.com\/ca\/wp-json\/wp\/v2\/media?parent=1425"}],"wp:term":[{"taxonomy":"product_cat","embeddable":true,"href":"https:\/\/www.consigel.com\/ca\/wp-json\/wp\/v2\/product_cat?post=1425"},{"taxonomy":"product_tag","embeddable":true,"href":"https:\/\/www.consigel.com\/ca\/wp-json\/wp\/v2\/product_tag?post=1425"}],"curies":[{"name":"wp","href":"https:\/\/api.w.org\/{rel}","templated":true}]}}