{"id":1419,"date":"2018-01-26T17:13:54","date_gmt":"2018-01-26T17:13:54","guid":{"rendered":"http:\/\/www.consigel.com\/product\/vella-lola-negro\/"},"modified":"2018-01-26T17:13:54","modified_gmt":"2018-01-26T17:13:54","slug":"vella-lola-negro","status":"publish","type":"product","link":"https:\/\/www.consigel.com\/ca\/producte\/vella-lola-negro\/","title":{"rendered":"Vella Lola Negre"},"content":{"rendered":"<p style=\"margin: 1em 0px 0px; text-align: left; color: #333333; text-transform: none; text-indent: 0px; letter-spacing: normal; font-family: Roboto, sans-serif; font-size: 13px; font-style: normal; font-weight: 400; word-spacing: 0px; white-space: normal; orphans: 2; widows: 2; font-variant-ligatures: normal; font-variant-caps: normal; -webkit-text-stroke-width: 0px; text-decoration-style: initial; text-decoration-color: initial;\"><span style=\"vertical-align: inherit;\"><span style=\"vertical-align: inherit;\">FICHA DE CATA<span>\u00a0<\/span><\/span><\/span><br \/><span style=\"vertical-align: inherit;\"><span style=\"vertical-align: inherit;\">De color: Rojo granate, capa media.<span>\u00a0<\/span><\/span><\/span><br \/><span style=\"vertical-align: inherit;\"><span style=\"vertical-align: inherit;\">Aroma: Recuerdos de fruta negra con toques de vainilla y de clave.<span>\u00a0<\/span><\/span><\/span><br \/><span style=\"vertical-align: inherit;\"><span style=\"vertical-align: inherit;\">En boca: Largo y fresco.<span>\u00a0<\/span><\/span><span style=\"vertical-align: inherit;\">Rico en expresi\u00f3n frutal.<span>\u00a0<\/span><\/span><\/span><br \/><span style=\"vertical-align: inherit;\"><span style=\"vertical-align: inherit;\">Temperatura de servicio: 14-16\u00baC.<span>\u00a0<\/span><\/span><\/span><br \/><span style=\"vertical-align: inherit;\"><span style=\"vertical-align: inherit;\">Consumo: Para consumir ahora o guardar hasta 2020<span>\u00a0<\/span><\/span><\/span><br \/><span style=\"vertical-align: inherit;\"><span style=\"vertical-align: inherit;\">Grado alcoh\u00f3lico: 13,5%<\/span><\/span><\/p>\n<p style=\"margin: 1em 0px 0px; text-align: left; color: #333333; text-transform: none; text-indent: 0px; letter-spacing: normal; font-family: Roboto, sans-serif; font-size: 13px; font-style: normal; font-weight: 400; word-spacing: 0px; white-space: normal; orphans: 2; widows: 2; font-variant-ligatures: normal; font-variant-caps: normal; -webkit-text-stroke-width: 0px; text-decoration-style: initial; text-decoration-color: initial;\"><span style=\"vertical-align: inherit;\"><span style=\"vertical-align: inherit;\">ELABORACI\u00d3N<span>\u00a0<\/span><\/span><\/span><br \/><span style=\"vertical-align: inherit;\"><span style=\"vertical-align: inherit;\">Variedades: Garnacha 90%, Syrah 10%<span>\u00a0<\/span><\/span><\/span><br \/><span style=\"vertical-align: inherit;\"><span style=\"vertical-align: inherit;\">Crianza: 4 meses en barrica de roble franc\u00e9s.<span>\u00a0<\/span><\/span><\/span><br \/><span style=\"vertical-align: inherit;\"><span style=\"vertical-align: inherit;\">Fermentaci\u00f3n: 6 d\u00edas a 20\u00baC.<span>\u00a0<\/span><\/span><\/span><br \/><span style=\"vertical-align: inherit;\"><span style=\"vertical-align: inherit;\">Maceraci\u00f3n: 4 d\u00edas con 2 remontados por d\u00eda.<span>\u00a0<\/span><\/span><\/span><br \/><span style=\"vertical-align: inherit;\"><span style=\"vertical-align: inherit;\">Estabilizaci\u00f3n: No se clarific\u00f3 ni estabiliz\u00f3 en fr\u00edo.<span>\u00a0<\/span><\/span><span style=\"vertical-align: inherit;\">Una ligera filtraci\u00f3n.<span>\u00a0<\/span><\/span><\/span><br \/><span style=\"vertical-align: inherit;\"><span style=\"vertical-align: inherit;\">Fermentaci\u00f3n malol\u00e1ctica: Si.<\/span><\/span><\/p>\n","protected":false},"excerpt":{"rendered":"<p>FICHA DE CATA\u00a0De color: Rojo granate, capa media.\u00a0Aroma: Recuerdos de fruta negra con toques de vainilla y de clave.\u00a0En boca: Largo y fresco.\u00a0Rico en expresi\u00f3n frutal.\u00a0Temperatura de servicio: 14-16\u00baC.\u00a0Consumo: Para consumir ahora o guardar hasta 2020\u00a0Grado alcoh\u00f3lico: 13,5% ELABORACI\u00d3N\u00a0Variedades: Garnacha 90%, Syrah 10%\u00a0Crianza: 4 meses en barrica de roble franc\u00e9s.\u00a0Fermentaci\u00f3n: 6 d\u00edas a 20\u00baC.\u00a0Maceraci\u00f3n: 4 [&#8230;]\n","protected":false},"featured_media":1418,"comment_status":"open","ping_status":"closed","template":"","meta":[],"product_cat":[83],"product_tag":[],"class_list":{"0":"post-1419","1":"product","2":"type-product","3":"status-publish","4":"has-post-thumbnail","6":"product_cat-bodegas-vella-lola","8":"first","9":"outofstock","10":"shipping-taxable","11":"product-type-simple"},"yoast_head":"<!-- This site is optimized with the Yoast SEO plugin v23.3 - https:\/\/yoast.com\/wordpress\/plugins\/seo\/ -->\n<title>Vella Lola Negre - Consigel<\/title>\n<meta name=\"robots\" content=\"index, follow, max-snippet:-1, max-image-preview:large, max-video-preview:-1\" \/>\n<link rel=\"canonical\" href=\"https:\/\/www.consigel.com\/ca\/producte\/vella-lola-negro\/\" \/>\n<meta property=\"og:locale\" content=\"ca_ES\" \/>\n<meta property=\"og:type\" content=\"article\" \/>\n<meta property=\"og:title\" content=\"Vella Lola Negre - Consigel\" \/>\n<meta property=\"og:description\" content=\"FICHA DE CATA\u00a0De color: Rojo granate, capa media.\u00a0Aroma: Recuerdos de fruta negra con toques de vainilla y de clave.\u00a0En boca: Largo y fresco.\u00a0Rico en expresi\u00f3n frutal.\u00a0Temperatura de servicio: 14-16\u00baC.\u00a0Consumo: Para consumir ahora o guardar hasta 2020\u00a0Grado alcoh\u00f3lico: 13,5% ELABORACI\u00d3N\u00a0Variedades: Garnacha 90%, Syrah 10%\u00a0Crianza: 4 meses en barrica de roble franc\u00e9s.\u00a0Fermentaci\u00f3n: 6 d\u00edas a 20\u00baC.\u00a0Maceraci\u00f3n: 4 [...]\" \/>\n<meta property=\"og:url\" content=\"https:\/\/www.consigel.com\/ca\/producte\/vella-lola-negro\/\" \/>\n<meta property=\"og:site_name\" content=\"Consigel\" \/>\n<meta property=\"og:image\" content=\"https:\/\/www.consigel.com\/wp-content\/uploads\/2018\/01\/1732-thickbox_default-Vella-Lola-Negre.jpg\" \/>\n\t<meta property=\"og:image:width\" content=\"1200\" \/>\n\t<meta property=\"og:image:height\" content=\"1200\" \/>\n\t<meta property=\"og:image:type\" content=\"image\/jpeg\" \/>\n<meta name=\"twitter:card\" content=\"summary_large_image\" \/>\n<script type=\"application\/ld+json\" class=\"yoast-schema-graph\">{\"@context\":\"https:\/\/schema.org\",\"@graph\":[{\"@type\":\"WebPage\",\"@id\":\"https:\/\/www.consigel.com\/ca\/producte\/vella-lola-negro\/\",\"url\":\"https:\/\/www.consigel.com\/ca\/producte\/vella-lola-negro\/\",\"name\":\"Vella Lola Negre - Consigel\",\"isPartOf\":{\"@id\":\"https:\/\/www.consigel.com\/ca\/#website\"},\"primaryImageOfPage\":{\"@id\":\"https:\/\/www.consigel.com\/ca\/producte\/vella-lola-negro\/#primaryimage\"},\"image\":{\"@id\":\"https:\/\/www.consigel.com\/ca\/producte\/vella-lola-negro\/#primaryimage\"},\"thumbnailUrl\":\"https:\/\/www.consigel.com\/wp-content\/uploads\/2018\/01\/1732-thickbox_default-Vella-Lola-Negre.jpg\",\"datePublished\":\"2018-01-26T17:13:54+00:00\",\"dateModified\":\"2018-01-26T17:13:54+00:00\",\"breadcrumb\":{\"@id\":\"https:\/\/www.consigel.com\/ca\/producte\/vella-lola-negro\/#breadcrumb\"},\"inLanguage\":\"ca\",\"potentialAction\":[{\"@type\":\"ReadAction\",\"target\":[\"https:\/\/www.consigel.com\/ca\/producte\/vella-lola-negro\/\"]}]},{\"@type\":\"ImageObject\",\"inLanguage\":\"ca\",\"@id\":\"https:\/\/www.consigel.com\/ca\/producte\/vella-lola-negro\/#primaryimage\",\"url\":\"https:\/\/www.consigel.com\/wp-content\/uploads\/2018\/01\/1732-thickbox_default-Vella-Lola-Negre.jpg\",\"contentUrl\":\"https:\/\/www.consigel.com\/wp-content\/uploads\/2018\/01\/1732-thickbox_default-Vella-Lola-Negre.jpg\",\"width\":1200,\"height\":1200,\"caption\":\"Vella Lola Negre\"},{\"@type\":\"BreadcrumbList\",\"@id\":\"https:\/\/www.consigel.com\/ca\/producte\/vella-lola-negro\/#breadcrumb\",\"itemListElement\":[{\"@type\":\"ListItem\",\"position\":1,\"name\":\"Portada\",\"item\":\"https:\/\/www.consigel.com\/ca\/\"},{\"@type\":\"ListItem\",\"position\":2,\"name\":\"Shop\",\"item\":\"https:\/\/www.consigel.com\/ca\/shop\/\"},{\"@type\":\"ListItem\",\"position\":3,\"name\":\"Vella Lola Negre\"}]},{\"@type\":\"WebSite\",\"@id\":\"https:\/\/www.consigel.com\/ca\/#website\",\"url\":\"https:\/\/www.consigel.com\/ca\/\",\"name\":\"Consigel\",\"description\":\"\",\"potentialAction\":[{\"@type\":\"SearchAction\",\"target\":{\"@type\":\"EntryPoint\",\"urlTemplate\":\"https:\/\/www.consigel.com\/ca\/?s={search_term_string}\"},\"query-input\":\"required name=search_term_string\"}],\"inLanguage\":\"ca\"}]}<\/script>\n<!-- \/ Yoast SEO plugin. -->","yoast_head_json":{"title":"Vella Lola Negre - Consigel","robots":{"index":"index","follow":"follow","max-snippet":"max-snippet:-1","max-image-preview":"max-image-preview:large","max-video-preview":"max-video-preview:-1"},"canonical":"https:\/\/www.consigel.com\/ca\/producte\/vella-lola-negro\/","og_locale":"ca_ES","og_type":"article","og_title":"Vella Lola Negre - Consigel","og_description":"FICHA DE CATA\u00a0De color: Rojo granate, capa media.\u00a0Aroma: Recuerdos de fruta negra con toques de vainilla y de clave.\u00a0En boca: Largo y fresco.\u00a0Rico en expresi\u00f3n frutal.\u00a0Temperatura de servicio: 14-16\u00baC.\u00a0Consumo: Para consumir ahora o guardar hasta 2020\u00a0Grado alcoh\u00f3lico: 13,5% ELABORACI\u00d3N\u00a0Variedades: Garnacha 90%, Syrah 10%\u00a0Crianza: 4 meses en barrica de roble franc\u00e9s.\u00a0Fermentaci\u00f3n: 6 d\u00edas a 20\u00baC.\u00a0Maceraci\u00f3n: 4 [...]","og_url":"https:\/\/www.consigel.com\/ca\/producte\/vella-lola-negro\/","og_site_name":"Consigel","og_image":[{"width":1200,"height":1200,"url":"https:\/\/www.consigel.com\/wp-content\/uploads\/2018\/01\/1732-thickbox_default-Vella-Lola-Negre.jpg","type":"image\/jpeg"}],"twitter_card":"summary_large_image","schema":{"@context":"https:\/\/schema.org","@graph":[{"@type":"WebPage","@id":"https:\/\/www.consigel.com\/ca\/producte\/vella-lola-negro\/","url":"https:\/\/www.consigel.com\/ca\/producte\/vella-lola-negro\/","name":"Vella Lola Negre - Consigel","isPartOf":{"@id":"https:\/\/www.consigel.com\/ca\/#website"},"primaryImageOfPage":{"@id":"https:\/\/www.consigel.com\/ca\/producte\/vella-lola-negro\/#primaryimage"},"image":{"@id":"https:\/\/www.consigel.com\/ca\/producte\/vella-lola-negro\/#primaryimage"},"thumbnailUrl":"https:\/\/www.consigel.com\/wp-content\/uploads\/2018\/01\/1732-thickbox_default-Vella-Lola-Negre.jpg","datePublished":"2018-01-26T17:13:54+00:00","dateModified":"2018-01-26T17:13:54+00:00","breadcrumb":{"@id":"https:\/\/www.consigel.com\/ca\/producte\/vella-lola-negro\/#breadcrumb"},"inLanguage":"ca","potentialAction":[{"@type":"ReadAction","target":["https:\/\/www.consigel.com\/ca\/producte\/vella-lola-negro\/"]}]},{"@type":"ImageObject","inLanguage":"ca","@id":"https:\/\/www.consigel.com\/ca\/producte\/vella-lola-negro\/#primaryimage","url":"https:\/\/www.consigel.com\/wp-content\/uploads\/2018\/01\/1732-thickbox_default-Vella-Lola-Negre.jpg","contentUrl":"https:\/\/www.consigel.com\/wp-content\/uploads\/2018\/01\/1732-thickbox_default-Vella-Lola-Negre.jpg","width":1200,"height":1200,"caption":"Vella Lola Negre"},{"@type":"BreadcrumbList","@id":"https:\/\/www.consigel.com\/ca\/producte\/vella-lola-negro\/#breadcrumb","itemListElement":[{"@type":"ListItem","position":1,"name":"Portada","item":"https:\/\/www.consigel.com\/ca\/"},{"@type":"ListItem","position":2,"name":"Shop","item":"https:\/\/www.consigel.com\/ca\/shop\/"},{"@type":"ListItem","position":3,"name":"Vella Lola Negre"}]},{"@type":"WebSite","@id":"https:\/\/www.consigel.com\/ca\/#website","url":"https:\/\/www.consigel.com\/ca\/","name":"Consigel","description":"","potentialAction":[{"@type":"SearchAction","target":{"@type":"EntryPoint","urlTemplate":"https:\/\/www.consigel.com\/ca\/?s={search_term_string}"},"query-input":"required name=search_term_string"}],"inLanguage":"ca"}]}},"_links":{"self":[{"href":"https:\/\/www.consigel.com\/ca\/wp-json\/wp\/v2\/product\/1419","targetHints":{"allow":["GET"]}}],"collection":[{"href":"https:\/\/www.consigel.com\/ca\/wp-json\/wp\/v2\/product"}],"about":[{"href":"https:\/\/www.consigel.com\/ca\/wp-json\/wp\/v2\/types\/product"}],"replies":[{"embeddable":true,"href":"https:\/\/www.consigel.com\/ca\/wp-json\/wp\/v2\/comments?post=1419"}],"wp:featuredmedia":[{"embeddable":true,"href":"https:\/\/www.consigel.com\/ca\/wp-json\/wp\/v2\/media\/1418"}],"wp:attachment":[{"href":"https:\/\/www.consigel.com\/ca\/wp-json\/wp\/v2\/media?parent=1419"}],"wp:term":[{"taxonomy":"product_cat","embeddable":true,"href":"https:\/\/www.consigel.com\/ca\/wp-json\/wp\/v2\/product_cat?post=1419"},{"taxonomy":"product_tag","embeddable":true,"href":"https:\/\/www.consigel.com\/ca\/wp-json\/wp\/v2\/product_tag?post=1419"}],"curies":[{"name":"wp","href":"https:\/\/api.w.org\/{rel}","templated":true}]}}