{"id":1417,"date":"2018-01-26T17:10:41","date_gmt":"2018-01-26T17:10:41","guid":{"rendered":"http:\/\/www.consigel.com\/product\/babala-blanco-simpatic\/"},"modified":"2018-01-26T17:10:41","modified_gmt":"2018-01-26T17:10:41","slug":"babala-blanco-simpatic","status":"publish","type":"product","link":"https:\/\/www.consigel.com\/ca\/producte\/babala-blanco-simpatic\/","title":{"rendered":"Babal\u00e0 Blanco Simp\u00e0tic"},"content":{"rendered":"<table style=\"width: 540px;\" border=\"0\" cellspacing=\"0\" cellpadding=\"0\">\n<colgroup>\n<col width=\"540\" \/><\/colgroup>\n<tbody>\n<tr>\n<td width=\"540\" height=\"20\"><span style=\"font-family: Arial; font-size: medium;\">Variedades: Cari\u00f1ena blanca, Moscatel de Alejandr\u00eda<\/span><\/td>\n<\/tr>\n<tr>\n<td height=\"20\">\u00a0<\/td>\n<\/tr>\n<tr>\n<td width=\"540\" height=\"20\"><strong><span style=\"font-family: Arial; font-size: medium;\">DO EMPORD\u00c0<\/span><\/strong><\/td>\n<\/tr>\n<tr>\n<td height=\"20\">\u00a0<\/td>\n<\/tr>\n<tr>\n<td width=\"540\" height=\"20\"><strong><span style=\"font-family: Arial; font-size: medium;\">COUPAGE<\/span><\/strong><\/td>\n<\/tr>\n<tr>\n<td width=\"540\" height=\"20\">\u00a0<\/td>\n<\/tr>\n<tr>\n<td width=\"540\" height=\"20\"><span style=\"font-family: Arial; font-size: medium;\">Cari\u00f1ena blanca procedente de vi\u00f1as viejas (75%)<\/span><\/td>\n<\/tr>\n<tr>\n<td width=\"540\" height=\"20\"><span style=\"font-family: Arial; font-size: medium;\">Moscatel de Alejandr\u00eda (25%)<\/span><\/td>\n<\/tr>\n<tr>\n<td height=\"20\">\u00a0<\/td>\n<\/tr>\n<tr>\n<td width=\"540\" height=\"20\"><strong><span style=\"font-family: Arial; font-size: medium;\">ELABORACI\u00d3N<\/span><\/strong><\/td>\n<\/tr>\n<tr>\n<td height=\"20\">\u00a0<\/td>\n<\/tr>\n<tr>\n<td width=\"540\" height=\"96\"><span style=\"font-family: Arial; font-size: medium;\">Vino blanco obtenido exclusivamente de mostos flor y fermentados conjuntamente a temperatura controlada en dep\u00f3sitos de cemento.\u00a0Parada de fermentaci\u00f3n mediante el uso de fr\u00edo para mantener un poco de az\u00facar residual y crianza con sus l\u00edas durante 4 meses con realizaci\u00f3n de bastonatges semanales.<\/span><\/td>\n<\/tr>\n<tr>\n<td height=\"20\">\u00a0<\/td>\n<\/tr>\n<tr>\n<td width=\"540\" height=\"20\"><strong><span style=\"font-family: Arial; font-size: medium;\">TEMPERATURA DE CONSUMO<\/span><\/strong><\/td>\n<\/tr>\n<tr>\n<td height=\"20\">\u00a0<\/td>\n<\/tr>\n<tr>\n<td width=\"540\" height=\"20\"><span style=\"font-family: Arial; font-size: medium;\">Entre 6 \u00baC y 8 \u00baC.<\/span><\/td>\n<\/tr>\n<tr>\n<td height=\"20\">\u00a0<\/td>\n<\/tr>\n<tr>\n<td width=\"540\" height=\"20\"><strong><span style=\"font-family: Arial; font-size: medium;\">NOTAS DE CATA<\/span><\/strong><\/td>\n<\/tr>\n<tr>\n<td height=\"20\">\u00a0<\/td>\n<\/tr>\n<tr>\n<td width=\"540\" height=\"58\"><span style=\"font-family: Arial; font-size: medium;\">Vino blanco de color amarillo p\u00e1lido con reflejos verdosos.\u00a0En nariz es complejo y destacan aromas florales sobre recuerdos de fruta fresca.\u00a0La entrada en boca es muy golosa y tiene un recorrido largo.\u00a0Buen equilibrio y buena persistencia.<\/span><\/td>\n<\/tr>\n<tr>\n<td height=\"20\">\u00a0<\/td>\n<\/tr>\n<tr>\n<td width=\"540\" height=\"20\"><strong><span style=\"font-family: Arial; font-size: medium;\">PROPUESTAS DE MARIDAJE<\/span><\/strong><\/td>\n<\/tr>\n<tr>\n<td height=\"20\">\u00a0<\/td>\n<\/tr>\n<tr>\n<td width=\"540\" height=\"39\"><span style=\"font-family: Arial; font-size: medium;\">Ideal para tomar en copas entre horas, como aperitivo y acompa\u00f1ando platos ligeros<\/span><\/td>\n<\/tr>\n<\/tbody>\n<\/table>\n","protected":false},"excerpt":{"rendered":"<p>Variedades: Cari\u00f1ena blanca, Moscatel de Alejandr\u00eda \u00a0 DO EMPORD\u00c0 \u00a0 COUPAGE \u00a0 Cari\u00f1ena blanca procedente de vi\u00f1as viejas (75%) Moscatel de Alejandr\u00eda (25%) \u00a0 ELABORACI\u00d3N \u00a0 Vino blanco obtenido exclusivamente de mostos flor y fermentados conjuntamente a temperatura controlada en dep\u00f3sitos de cemento.\u00a0Parada de fermentaci\u00f3n mediante el uso de fr\u00edo para mantener un poco de [&#8230;]\n","protected":false},"featured_media":1416,"comment_status":"open","ping_status":"closed","template":"","meta":[],"product_cat":[76],"product_tag":[],"class_list":{"0":"post-1417","1":"product","2":"type-product","3":"status-publish","4":"has-post-thumbnail","6":"product_cat-bodegas-espolla","8":"first","9":"outofstock","10":"shipping-taxable","11":"product-type-simple"},"yoast_head":"<!-- This site is optimized with the Yoast SEO plugin v23.3 - https:\/\/yoast.com\/wordpress\/plugins\/seo\/ -->\n<title>Babal\u00e0 Blanco Simp\u00e0tic - Consigel<\/title>\n<meta name=\"robots\" content=\"index, follow, max-snippet:-1, max-image-preview:large, max-video-preview:-1\" \/>\n<link rel=\"canonical\" href=\"https:\/\/www.consigel.com\/ca\/producte\/babala-blanco-simpatic\/\" \/>\n<meta property=\"og:locale\" content=\"ca_ES\" \/>\n<meta property=\"og:type\" content=\"article\" \/>\n<meta property=\"og:title\" content=\"Babal\u00e0 Blanco Simp\u00e0tic - Consigel\" \/>\n<meta property=\"og:description\" content=\"Variedades: Cari\u00f1ena blanca, Moscatel de Alejandr\u00eda \u00a0 DO EMPORD\u00c0 \u00a0 COUPAGE \u00a0 Cari\u00f1ena blanca procedente de vi\u00f1as viejas (75%) Moscatel de Alejandr\u00eda (25%) \u00a0 ELABORACI\u00d3N \u00a0 Vino blanco obtenido exclusivamente de mostos flor y fermentados conjuntamente a temperatura controlada en dep\u00f3sitos de cemento.\u00a0Parada de fermentaci\u00f3n mediante el uso de fr\u00edo para mantener un poco de [...]\" \/>\n<meta property=\"og:url\" content=\"https:\/\/www.consigel.com\/ca\/producte\/babala-blanco-simpatic\/\" \/>\n<meta property=\"og:site_name\" content=\"Consigel\" \/>\n<meta property=\"og:image\" content=\"https:\/\/www.consigel.com\/wp-content\/uploads\/2018\/01\/1731-thickbox_default-Babala-Blanco-Simpatic.jpg\" \/>\n\t<meta property=\"og:image:width\" content=\"1200\" \/>\n\t<meta property=\"og:image:height\" content=\"1200\" \/>\n\t<meta property=\"og:image:type\" content=\"image\/jpeg\" \/>\n<meta name=\"twitter:card\" content=\"summary_large_image\" \/>\n<meta name=\"twitter:label1\" content=\"Temps estimat de lectura\" \/>\n\t<meta name=\"twitter:data1\" content=\"1 minut\" \/>\n<script type=\"application\/ld+json\" class=\"yoast-schema-graph\">{\"@context\":\"https:\/\/schema.org\",\"@graph\":[{\"@type\":\"WebPage\",\"@id\":\"https:\/\/www.consigel.com\/ca\/producte\/babala-blanco-simpatic\/\",\"url\":\"https:\/\/www.consigel.com\/ca\/producte\/babala-blanco-simpatic\/\",\"name\":\"Babal\u00e0 Blanco Simp\u00e0tic - Consigel\",\"isPartOf\":{\"@id\":\"https:\/\/www.consigel.com\/ca\/#website\"},\"primaryImageOfPage\":{\"@id\":\"https:\/\/www.consigel.com\/ca\/producte\/babala-blanco-simpatic\/#primaryimage\"},\"image\":{\"@id\":\"https:\/\/www.consigel.com\/ca\/producte\/babala-blanco-simpatic\/#primaryimage\"},\"thumbnailUrl\":\"https:\/\/www.consigel.com\/wp-content\/uploads\/2018\/01\/1731-thickbox_default-Babala-Blanco-Simpatic.jpg\",\"datePublished\":\"2018-01-26T17:10:41+00:00\",\"dateModified\":\"2018-01-26T17:10:41+00:00\",\"breadcrumb\":{\"@id\":\"https:\/\/www.consigel.com\/ca\/producte\/babala-blanco-simpatic\/#breadcrumb\"},\"inLanguage\":\"ca\",\"potentialAction\":[{\"@type\":\"ReadAction\",\"target\":[\"https:\/\/www.consigel.com\/ca\/producte\/babala-blanco-simpatic\/\"]}]},{\"@type\":\"ImageObject\",\"inLanguage\":\"ca\",\"@id\":\"https:\/\/www.consigel.com\/ca\/producte\/babala-blanco-simpatic\/#primaryimage\",\"url\":\"https:\/\/www.consigel.com\/wp-content\/uploads\/2018\/01\/1731-thickbox_default-Babala-Blanco-Simpatic.jpg\",\"contentUrl\":\"https:\/\/www.consigel.com\/wp-content\/uploads\/2018\/01\/1731-thickbox_default-Babala-Blanco-Simpatic.jpg\",\"width\":1200,\"height\":1200,\"caption\":\"Babal\u00e0 Blanco Simp\u00e0tic\"},{\"@type\":\"BreadcrumbList\",\"@id\":\"https:\/\/www.consigel.com\/ca\/producte\/babala-blanco-simpatic\/#breadcrumb\",\"itemListElement\":[{\"@type\":\"ListItem\",\"position\":1,\"name\":\"Portada\",\"item\":\"https:\/\/www.consigel.com\/ca\/\"},{\"@type\":\"ListItem\",\"position\":2,\"name\":\"Shop\",\"item\":\"https:\/\/www.consigel.com\/ca\/shop\/\"},{\"@type\":\"ListItem\",\"position\":3,\"name\":\"Babal\u00e0 Blanco Simp\u00e0tic\"}]},{\"@type\":\"WebSite\",\"@id\":\"https:\/\/www.consigel.com\/ca\/#website\",\"url\":\"https:\/\/www.consigel.com\/ca\/\",\"name\":\"Consigel\",\"description\":\"\",\"potentialAction\":[{\"@type\":\"SearchAction\",\"target\":{\"@type\":\"EntryPoint\",\"urlTemplate\":\"https:\/\/www.consigel.com\/ca\/?s={search_term_string}\"},\"query-input\":\"required name=search_term_string\"}],\"inLanguage\":\"ca\"}]}<\/script>\n<!-- \/ Yoast SEO plugin. -->","yoast_head_json":{"title":"Babal\u00e0 Blanco Simp\u00e0tic - Consigel","robots":{"index":"index","follow":"follow","max-snippet":"max-snippet:-1","max-image-preview":"max-image-preview:large","max-video-preview":"max-video-preview:-1"},"canonical":"https:\/\/www.consigel.com\/ca\/producte\/babala-blanco-simpatic\/","og_locale":"ca_ES","og_type":"article","og_title":"Babal\u00e0 Blanco Simp\u00e0tic - Consigel","og_description":"Variedades: Cari\u00f1ena blanca, Moscatel de Alejandr\u00eda \u00a0 DO EMPORD\u00c0 \u00a0 COUPAGE \u00a0 Cari\u00f1ena blanca procedente de vi\u00f1as viejas (75%) Moscatel de Alejandr\u00eda (25%) \u00a0 ELABORACI\u00d3N \u00a0 Vino blanco obtenido exclusivamente de mostos flor y fermentados conjuntamente a temperatura controlada en dep\u00f3sitos de cemento.\u00a0Parada de fermentaci\u00f3n mediante el uso de fr\u00edo para mantener un poco de [...]","og_url":"https:\/\/www.consigel.com\/ca\/producte\/babala-blanco-simpatic\/","og_site_name":"Consigel","og_image":[{"width":1200,"height":1200,"url":"https:\/\/www.consigel.com\/wp-content\/uploads\/2018\/01\/1731-thickbox_default-Babala-Blanco-Simpatic.jpg","type":"image\/jpeg"}],"twitter_card":"summary_large_image","twitter_misc":{"Temps estimat de lectura":"1 minut"},"schema":{"@context":"https:\/\/schema.org","@graph":[{"@type":"WebPage","@id":"https:\/\/www.consigel.com\/ca\/producte\/babala-blanco-simpatic\/","url":"https:\/\/www.consigel.com\/ca\/producte\/babala-blanco-simpatic\/","name":"Babal\u00e0 Blanco Simp\u00e0tic - Consigel","isPartOf":{"@id":"https:\/\/www.consigel.com\/ca\/#website"},"primaryImageOfPage":{"@id":"https:\/\/www.consigel.com\/ca\/producte\/babala-blanco-simpatic\/#primaryimage"},"image":{"@id":"https:\/\/www.consigel.com\/ca\/producte\/babala-blanco-simpatic\/#primaryimage"},"thumbnailUrl":"https:\/\/www.consigel.com\/wp-content\/uploads\/2018\/01\/1731-thickbox_default-Babala-Blanco-Simpatic.jpg","datePublished":"2018-01-26T17:10:41+00:00","dateModified":"2018-01-26T17:10:41+00:00","breadcrumb":{"@id":"https:\/\/www.consigel.com\/ca\/producte\/babala-blanco-simpatic\/#breadcrumb"},"inLanguage":"ca","potentialAction":[{"@type":"ReadAction","target":["https:\/\/www.consigel.com\/ca\/producte\/babala-blanco-simpatic\/"]}]},{"@type":"ImageObject","inLanguage":"ca","@id":"https:\/\/www.consigel.com\/ca\/producte\/babala-blanco-simpatic\/#primaryimage","url":"https:\/\/www.consigel.com\/wp-content\/uploads\/2018\/01\/1731-thickbox_default-Babala-Blanco-Simpatic.jpg","contentUrl":"https:\/\/www.consigel.com\/wp-content\/uploads\/2018\/01\/1731-thickbox_default-Babala-Blanco-Simpatic.jpg","width":1200,"height":1200,"caption":"Babal\u00e0 Blanco Simp\u00e0tic"},{"@type":"BreadcrumbList","@id":"https:\/\/www.consigel.com\/ca\/producte\/babala-blanco-simpatic\/#breadcrumb","itemListElement":[{"@type":"ListItem","position":1,"name":"Portada","item":"https:\/\/www.consigel.com\/ca\/"},{"@type":"ListItem","position":2,"name":"Shop","item":"https:\/\/www.consigel.com\/ca\/shop\/"},{"@type":"ListItem","position":3,"name":"Babal\u00e0 Blanco Simp\u00e0tic"}]},{"@type":"WebSite","@id":"https:\/\/www.consigel.com\/ca\/#website","url":"https:\/\/www.consigel.com\/ca\/","name":"Consigel","description":"","potentialAction":[{"@type":"SearchAction","target":{"@type":"EntryPoint","urlTemplate":"https:\/\/www.consigel.com\/ca\/?s={search_term_string}"},"query-input":"required name=search_term_string"}],"inLanguage":"ca"}]}},"_links":{"self":[{"href":"https:\/\/www.consigel.com\/ca\/wp-json\/wp\/v2\/product\/1417","targetHints":{"allow":["GET"]}}],"collection":[{"href":"https:\/\/www.consigel.com\/ca\/wp-json\/wp\/v2\/product"}],"about":[{"href":"https:\/\/www.consigel.com\/ca\/wp-json\/wp\/v2\/types\/product"}],"replies":[{"embeddable":true,"href":"https:\/\/www.consigel.com\/ca\/wp-json\/wp\/v2\/comments?post=1417"}],"wp:featuredmedia":[{"embeddable":true,"href":"https:\/\/www.consigel.com\/ca\/wp-json\/wp\/v2\/media\/1416"}],"wp:attachment":[{"href":"https:\/\/www.consigel.com\/ca\/wp-json\/wp\/v2\/media?parent=1417"}],"wp:term":[{"taxonomy":"product_cat","embeddable":true,"href":"https:\/\/www.consigel.com\/ca\/wp-json\/wp\/v2\/product_cat?post=1417"},{"taxonomy":"product_tag","embeddable":true,"href":"https:\/\/www.consigel.com\/ca\/wp-json\/wp\/v2\/product_tag?post=1417"}],"curies":[{"name":"wp","href":"https:\/\/api.w.org\/{rel}","templated":true}]}}