{"id":1405,"date":"2018-01-25T18:15:51","date_gmt":"2018-01-25T18:15:51","guid":{"rendered":"http:\/\/www.consigel.com\/product\/vino-negro-cau-roig-500\/"},"modified":"2018-01-25T18:15:51","modified_gmt":"2018-01-25T18:15:51","slug":"vino-negro-cau-roig-500","status":"publish","type":"product","link":"https:\/\/www.consigel.com\/ca\/producte\/vino-negro-cau-roig-500\/","title":{"rendered":"Vino Negro Cau Roig +500"},"content":{"rendered":"<p style=\"background: #ffffff; margin: 0px; padding: 0px 0px 1em; outline: 0px; border: 0px currentColor; border-image: none; text-align: left; color: #ffffff; text-transform: none; line-height: 1.7em; text-indent: 0px; letter-spacing: normal; font-family: 'Open Sans', Helvetica, Arial, Lucida, sans-serif; font-size: 14px; font-style: normal; font-weight: 500; word-spacing: 0px; vertical-align: baseline; white-space: normal; orphans: 2; widows: 2; font-variant-ligatures: normal; font-variant-caps: normal; -webkit-text-stroke-width: 0px; text-decoration-style: initial; text-decoration-color: initial;\"><span style=\"color: #000000;\"><strong style=\"background: none; margin: 0px; padding: 0px; outline: 0px; border: 0px currentColor; border-image: none; font-size: 14px; font-weight: bold; vertical-align: baseline;\"><span style=\"background: none; margin: 0px; padding: 0px; outline: 0px; border: 0px currentColor; border-image: none; font-size: 14px; vertical-align: inherit;\"><span style=\"background: none; margin: 0px; padding: 0px; outline: 0px; border: 0px currentColor; border-image: none; font-size: 14px; vertical-align: inherit;\">Caracter\u00edsticas<\/span><\/span><\/strong><\/span><br \/><span style=\"background: none; margin: 0px; padding: 0px; outline: 0px; border: 0px currentColor; border-image: none; color: #000000; font-size: 14px; vertical-align: inherit;\"><span style=\"background: none; margin: 0px; padding: 0px; outline: 0px; border: 0px currentColor; border-image: none; font-size: 14px; vertical-align: inherit;\">Vino elaborado con vi\u00f1as de Garnacha Tinta y Merlot con un resultado fresco y en\u00e9rgico con una notable intensidad arom\u00e1tica donde destacan los aromas a fruta negra madura como los frutos del bosque, los ar\u00e1ndanos, las moras y las frambuesas.<\/span><\/span><\/p>\n<p style=\"background: #ffffff; margin: 0px; padding: 0px 0px 1em; outline: 0px; border: 0px currentColor; border-image: none; text-align: left; color: #ffffff; text-transform: none; line-height: 1.7em; text-indent: 0px; letter-spacing: normal; font-family: 'Open Sans', Helvetica, Arial, Lucida, sans-serif; font-size: 14px; font-style: normal; font-weight: 500; word-spacing: 0px; vertical-align: baseline; white-space: normal; orphans: 2; widows: 2; font-variant-ligatures: normal; font-variant-caps: normal; -webkit-text-stroke-width: 0px; text-decoration-style: initial; text-decoration-color: initial;\"><span style=\"background: none; margin: 0px; padding: 0px; outline: 0px; border: 0px currentColor; border-image: none; color: #000000; font-size: 14px; vertical-align: inherit;\"><span style=\"background: none; margin: 0px; padding: 0px; outline: 0px; border: 0px currentColor; border-image: none; font-size: 14px; vertical-align: inherit;\">Cultivo ecol\u00f3gico.\u00a0<\/span><span style=\"background: none; margin: 0px; padding: 0px; outline: 0px; border: 0px currentColor; border-image: none; font-size: 14px; vertical-align: inherit;\">13,5% Vol<\/span><\/span><\/p>\n<hr style=\"text-align: left; color: #ffffff; text-transform: none; text-indent: 0px; letter-spacing: normal; font-family: 'Open Sans', Helvetica, Arial, Lucida, sans-serif; font-size: 14px; font-style: normal; font-weight: 500; word-spacing: 0px; white-space: normal; orphans: 2; widows: 2; background-color: #ffffff; font-variant-ligatures: normal; font-variant-caps: normal; -webkit-text-stroke-width: 0px; text-decoration-style: initial; text-decoration-color: initial;\" size=\"1\" \/>\n<p style=\"background: #ffffff; margin: 0px; padding: 0px 0px 1em; outline: 0px; border: 0px currentColor; border-image: none; text-align: left; color: #ffffff; text-transform: none; line-height: 1.7em; text-indent: 0px; letter-spacing: normal; font-family: 'Open Sans', Helvetica, Arial, Lucida, sans-serif; font-size: 14px; font-style: normal; font-weight: 500; word-spacing: 0px; vertical-align: baseline; white-space: normal; orphans: 2; widows: 2; font-variant-ligatures: normal; font-variant-caps: normal; -webkit-text-stroke-width: 0px; text-decoration-style: initial; text-decoration-color: initial;\"><span style=\"color: #000000;\"><strong style=\"background: none; margin: 0px; padding: 0px; outline: 0px; border: 0px currentColor; border-image: none; font-size: 14px; font-weight: bold; vertical-align: baseline;\"><span style=\"background: none; margin: 0px; padding: 0px; outline: 0px; border: 0px currentColor; border-image: none; font-size: 14px; vertical-align: inherit;\"><span style=\"background: none; margin: 0px; padding: 0px; outline: 0px; border: 0px currentColor; border-image: none; font-size: 14px; vertical-align: inherit;\">Maridaje<\/span><\/span><\/strong><\/span><br \/><span style=\"background: none; margin: 0px; padding: 0px; outline: 0px; border: 0px currentColor; border-image: none; color: #000000; font-size: 14px; vertical-align: inherit;\"><span style=\"background: none; margin: 0px; padding: 0px; outline: 0px; border: 0px currentColor; border-image: none; font-size: 14px; vertical-align: inherit;\">Vino tinto muy expresivo indicado para todo tipo de carnes, embutidos y quesos curados.<\/span><\/span><\/p>\n","protected":false},"excerpt":{"rendered":"<p>Caracter\u00edsticasVino elaborado con vi\u00f1as de Garnacha Tinta y Merlot con un resultado fresco y en\u00e9rgico con una notable intensidad arom\u00e1tica donde destacan los aromas a fruta negra madura como los frutos del bosque, los ar\u00e1ndanos, las moras y las frambuesas. Cultivo ecol\u00f3gico.\u00a013,5% Vol MaridajeVino tinto muy expresivo indicado para todo tipo de carnes, embutidos y [&#8230;]\n","protected":false},"featured_media":1404,"comment_status":"open","ping_status":"closed","template":"","meta":[],"product_cat":[82],"product_tag":[],"class_list":{"0":"post-1405","1":"product","2":"type-product","3":"status-publish","4":"has-post-thumbnail","6":"product_cat-el-pla-de-manlleu","8":"first","9":"outofstock","10":"shipping-taxable","11":"product-type-simple"},"yoast_head":"<!-- This site is optimized with the Yoast SEO plugin v23.3 - https:\/\/yoast.com\/wordpress\/plugins\/seo\/ -->\n<title>Vino Negro Cau Roig +500 - Consigel<\/title>\n<meta name=\"robots\" content=\"index, follow, max-snippet:-1, max-image-preview:large, max-video-preview:-1\" \/>\n<link rel=\"canonical\" href=\"https:\/\/www.consigel.com\/ca\/producte\/vino-negro-cau-roig-500\/\" \/>\n<meta property=\"og:locale\" content=\"ca_ES\" \/>\n<meta property=\"og:type\" content=\"article\" \/>\n<meta property=\"og:title\" content=\"Vino Negro Cau Roig +500 - Consigel\" \/>\n<meta property=\"og:description\" content=\"Caracter\u00edsticasVino elaborado con vi\u00f1as de Garnacha Tinta y Merlot con un resultado fresco y en\u00e9rgico con una notable intensidad arom\u00e1tica donde destacan los aromas a fruta negra madura como los frutos del bosque, los ar\u00e1ndanos, las moras y las frambuesas. Cultivo ecol\u00f3gico.\u00a013,5% Vol MaridajeVino tinto muy expresivo indicado para todo tipo de carnes, embutidos y [...]\" \/>\n<meta property=\"og:url\" content=\"https:\/\/www.consigel.com\/ca\/producte\/vino-negro-cau-roig-500\/\" \/>\n<meta property=\"og:site_name\" content=\"Consigel\" \/>\n<meta property=\"og:image\" content=\"https:\/\/www.consigel.com\/wp-content\/uploads\/2018\/01\/1722-thickbox_default-Vino-Negro-Cau-Roig-500.jpg\" \/>\n\t<meta property=\"og:image:width\" content=\"1200\" \/>\n\t<meta property=\"og:image:height\" content=\"1200\" \/>\n\t<meta property=\"og:image:type\" content=\"image\/jpeg\" \/>\n<meta name=\"twitter:card\" content=\"summary_large_image\" \/>\n<script type=\"application\/ld+json\" class=\"yoast-schema-graph\">{\"@context\":\"https:\/\/schema.org\",\"@graph\":[{\"@type\":\"WebPage\",\"@id\":\"https:\/\/www.consigel.com\/ca\/producte\/vino-negro-cau-roig-500\/\",\"url\":\"https:\/\/www.consigel.com\/ca\/producte\/vino-negro-cau-roig-500\/\",\"name\":\"Vino Negro Cau Roig +500 - Consigel\",\"isPartOf\":{\"@id\":\"https:\/\/www.consigel.com\/ca\/#website\"},\"primaryImageOfPage\":{\"@id\":\"https:\/\/www.consigel.com\/ca\/producte\/vino-negro-cau-roig-500\/#primaryimage\"},\"image\":{\"@id\":\"https:\/\/www.consigel.com\/ca\/producte\/vino-negro-cau-roig-500\/#primaryimage\"},\"thumbnailUrl\":\"https:\/\/www.consigel.com\/wp-content\/uploads\/2018\/01\/1722-thickbox_default-Vino-Negro-Cau-Roig-500.jpg\",\"datePublished\":\"2018-01-25T18:15:51+00:00\",\"dateModified\":\"2018-01-25T18:15:51+00:00\",\"breadcrumb\":{\"@id\":\"https:\/\/www.consigel.com\/ca\/producte\/vino-negro-cau-roig-500\/#breadcrumb\"},\"inLanguage\":\"ca\",\"potentialAction\":[{\"@type\":\"ReadAction\",\"target\":[\"https:\/\/www.consigel.com\/ca\/producte\/vino-negro-cau-roig-500\/\"]}]},{\"@type\":\"ImageObject\",\"inLanguage\":\"ca\",\"@id\":\"https:\/\/www.consigel.com\/ca\/producte\/vino-negro-cau-roig-500\/#primaryimage\",\"url\":\"https:\/\/www.consigel.com\/wp-content\/uploads\/2018\/01\/1722-thickbox_default-Vino-Negro-Cau-Roig-500.jpg\",\"contentUrl\":\"https:\/\/www.consigel.com\/wp-content\/uploads\/2018\/01\/1722-thickbox_default-Vino-Negro-Cau-Roig-500.jpg\",\"width\":1200,\"height\":1200,\"caption\":\"Vino Negro Cau Roig +500\"},{\"@type\":\"BreadcrumbList\",\"@id\":\"https:\/\/www.consigel.com\/ca\/producte\/vino-negro-cau-roig-500\/#breadcrumb\",\"itemListElement\":[{\"@type\":\"ListItem\",\"position\":1,\"name\":\"Portada\",\"item\":\"https:\/\/www.consigel.com\/ca\/\"},{\"@type\":\"ListItem\",\"position\":2,\"name\":\"Shop\",\"item\":\"https:\/\/www.consigel.com\/ca\/shop\/\"},{\"@type\":\"ListItem\",\"position\":3,\"name\":\"Vino Negro Cau Roig +500\"}]},{\"@type\":\"WebSite\",\"@id\":\"https:\/\/www.consigel.com\/ca\/#website\",\"url\":\"https:\/\/www.consigel.com\/ca\/\",\"name\":\"Consigel\",\"description\":\"\",\"potentialAction\":[{\"@type\":\"SearchAction\",\"target\":{\"@type\":\"EntryPoint\",\"urlTemplate\":\"https:\/\/www.consigel.com\/ca\/?s={search_term_string}\"},\"query-input\":\"required name=search_term_string\"}],\"inLanguage\":\"ca\"}]}<\/script>\n<!-- \/ Yoast SEO plugin. -->","yoast_head_json":{"title":"Vino Negro Cau Roig +500 - Consigel","robots":{"index":"index","follow":"follow","max-snippet":"max-snippet:-1","max-image-preview":"max-image-preview:large","max-video-preview":"max-video-preview:-1"},"canonical":"https:\/\/www.consigel.com\/ca\/producte\/vino-negro-cau-roig-500\/","og_locale":"ca_ES","og_type":"article","og_title":"Vino Negro Cau Roig +500 - Consigel","og_description":"Caracter\u00edsticasVino elaborado con vi\u00f1as de Garnacha Tinta y Merlot con un resultado fresco y en\u00e9rgico con una notable intensidad arom\u00e1tica donde destacan los aromas a fruta negra madura como los frutos del bosque, los ar\u00e1ndanos, las moras y las frambuesas. Cultivo ecol\u00f3gico.\u00a013,5% Vol MaridajeVino tinto muy expresivo indicado para todo tipo de carnes, embutidos y [...]","og_url":"https:\/\/www.consigel.com\/ca\/producte\/vino-negro-cau-roig-500\/","og_site_name":"Consigel","og_image":[{"width":1200,"height":1200,"url":"https:\/\/www.consigel.com\/wp-content\/uploads\/2018\/01\/1722-thickbox_default-Vino-Negro-Cau-Roig-500.jpg","type":"image\/jpeg"}],"twitter_card":"summary_large_image","schema":{"@context":"https:\/\/schema.org","@graph":[{"@type":"WebPage","@id":"https:\/\/www.consigel.com\/ca\/producte\/vino-negro-cau-roig-500\/","url":"https:\/\/www.consigel.com\/ca\/producte\/vino-negro-cau-roig-500\/","name":"Vino Negro Cau Roig +500 - Consigel","isPartOf":{"@id":"https:\/\/www.consigel.com\/ca\/#website"},"primaryImageOfPage":{"@id":"https:\/\/www.consigel.com\/ca\/producte\/vino-negro-cau-roig-500\/#primaryimage"},"image":{"@id":"https:\/\/www.consigel.com\/ca\/producte\/vino-negro-cau-roig-500\/#primaryimage"},"thumbnailUrl":"https:\/\/www.consigel.com\/wp-content\/uploads\/2018\/01\/1722-thickbox_default-Vino-Negro-Cau-Roig-500.jpg","datePublished":"2018-01-25T18:15:51+00:00","dateModified":"2018-01-25T18:15:51+00:00","breadcrumb":{"@id":"https:\/\/www.consigel.com\/ca\/producte\/vino-negro-cau-roig-500\/#breadcrumb"},"inLanguage":"ca","potentialAction":[{"@type":"ReadAction","target":["https:\/\/www.consigel.com\/ca\/producte\/vino-negro-cau-roig-500\/"]}]},{"@type":"ImageObject","inLanguage":"ca","@id":"https:\/\/www.consigel.com\/ca\/producte\/vino-negro-cau-roig-500\/#primaryimage","url":"https:\/\/www.consigel.com\/wp-content\/uploads\/2018\/01\/1722-thickbox_default-Vino-Negro-Cau-Roig-500.jpg","contentUrl":"https:\/\/www.consigel.com\/wp-content\/uploads\/2018\/01\/1722-thickbox_default-Vino-Negro-Cau-Roig-500.jpg","width":1200,"height":1200,"caption":"Vino Negro Cau Roig +500"},{"@type":"BreadcrumbList","@id":"https:\/\/www.consigel.com\/ca\/producte\/vino-negro-cau-roig-500\/#breadcrumb","itemListElement":[{"@type":"ListItem","position":1,"name":"Portada","item":"https:\/\/www.consigel.com\/ca\/"},{"@type":"ListItem","position":2,"name":"Shop","item":"https:\/\/www.consigel.com\/ca\/shop\/"},{"@type":"ListItem","position":3,"name":"Vino Negro Cau Roig +500"}]},{"@type":"WebSite","@id":"https:\/\/www.consigel.com\/ca\/#website","url":"https:\/\/www.consigel.com\/ca\/","name":"Consigel","description":"","potentialAction":[{"@type":"SearchAction","target":{"@type":"EntryPoint","urlTemplate":"https:\/\/www.consigel.com\/ca\/?s={search_term_string}"},"query-input":"required name=search_term_string"}],"inLanguage":"ca"}]}},"_links":{"self":[{"href":"https:\/\/www.consigel.com\/ca\/wp-json\/wp\/v2\/product\/1405","targetHints":{"allow":["GET"]}}],"collection":[{"href":"https:\/\/www.consigel.com\/ca\/wp-json\/wp\/v2\/product"}],"about":[{"href":"https:\/\/www.consigel.com\/ca\/wp-json\/wp\/v2\/types\/product"}],"replies":[{"embeddable":true,"href":"https:\/\/www.consigel.com\/ca\/wp-json\/wp\/v2\/comments?post=1405"}],"wp:featuredmedia":[{"embeddable":true,"href":"https:\/\/www.consigel.com\/ca\/wp-json\/wp\/v2\/media\/1404"}],"wp:attachment":[{"href":"https:\/\/www.consigel.com\/ca\/wp-json\/wp\/v2\/media?parent=1405"}],"wp:term":[{"taxonomy":"product_cat","embeddable":true,"href":"https:\/\/www.consigel.com\/ca\/wp-json\/wp\/v2\/product_cat?post=1405"},{"taxonomy":"product_tag","embeddable":true,"href":"https:\/\/www.consigel.com\/ca\/wp-json\/wp\/v2\/product_tag?post=1405"}],"curies":[{"name":"wp","href":"https:\/\/api.w.org\/{rel}","templated":true}]}}