{"id":1400,"date":"2018-01-25T17:48:45","date_gmt":"2018-01-25T17:48:45","guid":{"rendered":"http:\/\/www.consigel.com\/product\/vermuth-domingo\/"},"modified":"2018-01-25T17:48:45","modified_gmt":"2018-01-25T17:48:45","slug":"vermuth-domingo","status":"publish","type":"product","link":"https:\/\/www.consigel.com\/ca\/producte\/vermuth-domingo\/","title":{"rendered":"Vermuth Domingo"},"content":{"rendered":"<div id=\"block-a115769e7b3ffb1c75d7\" class=\"sqs-block html-block sqs-block-html\" style=\"padding: 17px; transition: box-shadow 0.2s ease-in-out; height: auto; color: #383838; text-transform: none; text-indent: 0px; letter-spacing: normal; clear: none; font-family: adelle-sans; font-size: 12px; font-style: normal; font-weight: 400; word-spacing: 0px; white-space: normal; position: relative; orphans: 2; widows: 2; box-shadow: inset 0px 0px 0px 1px rgba(128,128,128,0); background-color: rgba(255, 255, 255, 0.5); font-variant-ligatures: normal; font-variant-caps: normal; -webkit-text-stroke-width: 0px; text-decoration-style: initial; text-decoration-color: initial;\" data-block-type=\"2\">\n<div class=\"sqs-block-content\" style=\"cursor: auto;\">\n<p style=\"-ms-word-wrap: break-word;\"><span style=\"font-size: 10pt; -ms-word-wrap: break-word;\">Domingo es un vermut rojo cl\u00e1sico, de producci\u00f3n artesanal, elaborado a partir de una combinaci\u00f3n de excelentes vinos con\u00a0extractos de ra\u00edces, especias,\u00a0\u00a0hojas y flores de plantas arom\u00e1ticas.<\/span><\/p>\n<p style=\"-ms-word-wrap: break-word;\"><span style=\"font-size: 10pt; -ms-word-wrap: break-word;\">Elaborado con un cuidadoso proceso de maceraci\u00f3n reposada en fr\u00edo, sin prisas, consigue el equilibrio perfecto de la presencia y aroma de sus bot\u00e1nicos.<\/span><\/p>\n<p style=\"-ms-word-wrap: break-word;\"><span style=\"font-size: 10pt; -ms-word-wrap: break-word;\">Aroma de ajenjo, genciana, sa\u00faco, jengibre, dictado de creta, corteza de naranja\u2026 un vermut dulce sin empalagar, con unas notas ligeramente amargas.\u00a0<\/span><\/p>\n<h2 style=\"margin: 1em 0px 0px; color: #16161d; text-transform: uppercase; line-height: 1.2em; letter-spacing: 1px; font-family: 'Alfa Slab One'; font-size: 1.4em; font-style: normal; font-weight: 400; text-decoration: none;\">\u00a0<\/h2>\n<\/p><\/div>\n<\/p><\/div>\n<div id=\"block-yui_3_17_2_30_1413981510022_24127\" class=\"sqs-block image-block sqs-block-image sqs-text-ready\" style=\"padding: 17px; transition: box-shadow 0.2s ease-in-out; height: auto; color: #383838; text-transform: none; text-indent: 0px; letter-spacing: normal; clear: both; font-family: adelle-sans; font-size: 12px; font-style: normal; font-weight: 400; word-spacing: 0px; white-space: normal; position: relative; orphans: 2; widows: 2; box-shadow: inset 0px 0px 0px 1px rgba(128,128,128,0); background-color: rgba(255, 255, 255, 0.5); font-variant-ligatures: normal; font-variant-caps: normal; -webkit-text-stroke-width: 0px; text-decoration-style: initial; text-decoration-color: initial;\" data-block-type=\"5\" data-aspect-ratio=\"129.2929292929293\">\n<div id=\"yui_3_17_2_1_1516899662340_96\" class=\"sqs-block-content\">\n<div id=\"yui_3_17_2_1_1516899662340_95\" class=\"image-block-outer-wrapper layout-caption-hidden design-layout-inline sqs-narrow-width\">\n<div id=\"yui_3_17_2_1_1516899662340_94\" class=\"intrinsic\" style=\"margin: auto; max-width: 1024px;\">\n<div id=\"yui_3_17_2_1_1516899662340_93\" class=\"image-block-wrapper   has-aspect-ratio\" style=\"text-align: center; line-height: 0; overflow: hidden; padding-bottom: 384.42px; position: relative;\" data-description=\"\">\u00a0<\/div>\n<\/p><\/div>\n<\/p><\/div>\n<\/p><\/div>\n<\/p><\/div>\n","protected":false},"excerpt":{"rendered":"<p>Domingo es un vermut rojo cl\u00e1sico, de producci\u00f3n artesanal, elaborado a partir de una combinaci\u00f3n de excelentes vinos con\u00a0extractos de ra\u00edces, especias,\u00a0\u00a0hojas y flores de plantas arom\u00e1ticas. Elaborado con un cuidadoso proceso de maceraci\u00f3n reposada en fr\u00edo, sin prisas, consigue el equilibrio perfecto de la presencia y aroma de sus bot\u00e1nicos. Aroma de ajenjo, genciana, [&#8230;]\n","protected":false},"featured_media":1399,"comment_status":"open","ping_status":"closed","template":"","meta":[],"product_cat":[81],"product_tag":[],"class_list":{"0":"post-1400","1":"product","2":"type-product","3":"status-publish","4":"has-post-thumbnail","6":"product_cat-vermuth","8":"first","9":"outofstock","10":"shipping-taxable","11":"product-type-simple"},"yoast_head":"<!-- This site is optimized with the Yoast SEO plugin v23.3 - https:\/\/yoast.com\/wordpress\/plugins\/seo\/ -->\n<title>Vermuth Domingo - Consigel<\/title>\n<meta name=\"robots\" content=\"index, follow, max-snippet:-1, max-image-preview:large, max-video-preview:-1\" \/>\n<link rel=\"canonical\" href=\"https:\/\/www.consigel.com\/ca\/producte\/vermuth-domingo\/\" \/>\n<meta property=\"og:locale\" content=\"ca_ES\" \/>\n<meta property=\"og:type\" content=\"article\" \/>\n<meta property=\"og:title\" content=\"Vermuth Domingo - Consigel\" \/>\n<meta property=\"og:description\" content=\"Domingo es un vermut rojo cl\u00e1sico, de producci\u00f3n artesanal, elaborado a partir de una combinaci\u00f3n de excelentes vinos con\u00a0extractos de ra\u00edces, especias,\u00a0\u00a0hojas y flores de plantas arom\u00e1ticas. Elaborado con un cuidadoso proceso de maceraci\u00f3n reposada en fr\u00edo, sin prisas, consigue el equilibrio perfecto de la presencia y aroma de sus bot\u00e1nicos. Aroma de ajenjo, genciana, [...]\" \/>\n<meta property=\"og:url\" content=\"https:\/\/www.consigel.com\/ca\/producte\/vermuth-domingo\/\" \/>\n<meta property=\"og:site_name\" content=\"Consigel\" \/>\n<meta property=\"og:image\" content=\"https:\/\/www.consigel.com\/wp-content\/uploads\/2018\/01\/1720-thickbox_default-Vermuth-Domingo.jpg\" \/>\n\t<meta property=\"og:image:width\" content=\"1200\" \/>\n\t<meta property=\"og:image:height\" content=\"1200\" \/>\n\t<meta property=\"og:image:type\" content=\"image\/jpeg\" \/>\n<meta name=\"twitter:card\" content=\"summary_large_image\" \/>\n<script type=\"application\/ld+json\" class=\"yoast-schema-graph\">{\"@context\":\"https:\/\/schema.org\",\"@graph\":[{\"@type\":\"WebPage\",\"@id\":\"https:\/\/www.consigel.com\/ca\/producte\/vermuth-domingo\/\",\"url\":\"https:\/\/www.consigel.com\/ca\/producte\/vermuth-domingo\/\",\"name\":\"Vermuth Domingo - Consigel\",\"isPartOf\":{\"@id\":\"https:\/\/www.consigel.com\/ca\/#website\"},\"primaryImageOfPage\":{\"@id\":\"https:\/\/www.consigel.com\/ca\/producte\/vermuth-domingo\/#primaryimage\"},\"image\":{\"@id\":\"https:\/\/www.consigel.com\/ca\/producte\/vermuth-domingo\/#primaryimage\"},\"thumbnailUrl\":\"https:\/\/www.consigel.com\/wp-content\/uploads\/2018\/01\/1720-thickbox_default-Vermuth-Domingo.jpg\",\"datePublished\":\"2018-01-25T17:48:45+00:00\",\"dateModified\":\"2018-01-25T17:48:45+00:00\",\"breadcrumb\":{\"@id\":\"https:\/\/www.consigel.com\/ca\/producte\/vermuth-domingo\/#breadcrumb\"},\"inLanguage\":\"ca\",\"potentialAction\":[{\"@type\":\"ReadAction\",\"target\":[\"https:\/\/www.consigel.com\/ca\/producte\/vermuth-domingo\/\"]}]},{\"@type\":\"ImageObject\",\"inLanguage\":\"ca\",\"@id\":\"https:\/\/www.consigel.com\/ca\/producte\/vermuth-domingo\/#primaryimage\",\"url\":\"https:\/\/www.consigel.com\/wp-content\/uploads\/2018\/01\/1720-thickbox_default-Vermuth-Domingo.jpg\",\"contentUrl\":\"https:\/\/www.consigel.com\/wp-content\/uploads\/2018\/01\/1720-thickbox_default-Vermuth-Domingo.jpg\",\"width\":1200,\"height\":1200,\"caption\":\"Vermuth Domingo\"},{\"@type\":\"BreadcrumbList\",\"@id\":\"https:\/\/www.consigel.com\/ca\/producte\/vermuth-domingo\/#breadcrumb\",\"itemListElement\":[{\"@type\":\"ListItem\",\"position\":1,\"name\":\"Portada\",\"item\":\"https:\/\/www.consigel.com\/ca\/\"},{\"@type\":\"ListItem\",\"position\":2,\"name\":\"Shop\",\"item\":\"https:\/\/www.consigel.com\/ca\/shop\/\"},{\"@type\":\"ListItem\",\"position\":3,\"name\":\"Vermuth Domingo\"}]},{\"@type\":\"WebSite\",\"@id\":\"https:\/\/www.consigel.com\/ca\/#website\",\"url\":\"https:\/\/www.consigel.com\/ca\/\",\"name\":\"Consigel\",\"description\":\"\",\"potentialAction\":[{\"@type\":\"SearchAction\",\"target\":{\"@type\":\"EntryPoint\",\"urlTemplate\":\"https:\/\/www.consigel.com\/ca\/?s={search_term_string}\"},\"query-input\":\"required name=search_term_string\"}],\"inLanguage\":\"ca\"}]}<\/script>\n<!-- \/ Yoast SEO plugin. -->","yoast_head_json":{"title":"Vermuth Domingo - Consigel","robots":{"index":"index","follow":"follow","max-snippet":"max-snippet:-1","max-image-preview":"max-image-preview:large","max-video-preview":"max-video-preview:-1"},"canonical":"https:\/\/www.consigel.com\/ca\/producte\/vermuth-domingo\/","og_locale":"ca_ES","og_type":"article","og_title":"Vermuth Domingo - Consigel","og_description":"Domingo es un vermut rojo cl\u00e1sico, de producci\u00f3n artesanal, elaborado a partir de una combinaci\u00f3n de excelentes vinos con\u00a0extractos de ra\u00edces, especias,\u00a0\u00a0hojas y flores de plantas arom\u00e1ticas. Elaborado con un cuidadoso proceso de maceraci\u00f3n reposada en fr\u00edo, sin prisas, consigue el equilibrio perfecto de la presencia y aroma de sus bot\u00e1nicos. Aroma de ajenjo, genciana, [...]","og_url":"https:\/\/www.consigel.com\/ca\/producte\/vermuth-domingo\/","og_site_name":"Consigel","og_image":[{"width":1200,"height":1200,"url":"https:\/\/www.consigel.com\/wp-content\/uploads\/2018\/01\/1720-thickbox_default-Vermuth-Domingo.jpg","type":"image\/jpeg"}],"twitter_card":"summary_large_image","schema":{"@context":"https:\/\/schema.org","@graph":[{"@type":"WebPage","@id":"https:\/\/www.consigel.com\/ca\/producte\/vermuth-domingo\/","url":"https:\/\/www.consigel.com\/ca\/producte\/vermuth-domingo\/","name":"Vermuth Domingo - Consigel","isPartOf":{"@id":"https:\/\/www.consigel.com\/ca\/#website"},"primaryImageOfPage":{"@id":"https:\/\/www.consigel.com\/ca\/producte\/vermuth-domingo\/#primaryimage"},"image":{"@id":"https:\/\/www.consigel.com\/ca\/producte\/vermuth-domingo\/#primaryimage"},"thumbnailUrl":"https:\/\/www.consigel.com\/wp-content\/uploads\/2018\/01\/1720-thickbox_default-Vermuth-Domingo.jpg","datePublished":"2018-01-25T17:48:45+00:00","dateModified":"2018-01-25T17:48:45+00:00","breadcrumb":{"@id":"https:\/\/www.consigel.com\/ca\/producte\/vermuth-domingo\/#breadcrumb"},"inLanguage":"ca","potentialAction":[{"@type":"ReadAction","target":["https:\/\/www.consigel.com\/ca\/producte\/vermuth-domingo\/"]}]},{"@type":"ImageObject","inLanguage":"ca","@id":"https:\/\/www.consigel.com\/ca\/producte\/vermuth-domingo\/#primaryimage","url":"https:\/\/www.consigel.com\/wp-content\/uploads\/2018\/01\/1720-thickbox_default-Vermuth-Domingo.jpg","contentUrl":"https:\/\/www.consigel.com\/wp-content\/uploads\/2018\/01\/1720-thickbox_default-Vermuth-Domingo.jpg","width":1200,"height":1200,"caption":"Vermuth Domingo"},{"@type":"BreadcrumbList","@id":"https:\/\/www.consigel.com\/ca\/producte\/vermuth-domingo\/#breadcrumb","itemListElement":[{"@type":"ListItem","position":1,"name":"Portada","item":"https:\/\/www.consigel.com\/ca\/"},{"@type":"ListItem","position":2,"name":"Shop","item":"https:\/\/www.consigel.com\/ca\/shop\/"},{"@type":"ListItem","position":3,"name":"Vermuth Domingo"}]},{"@type":"WebSite","@id":"https:\/\/www.consigel.com\/ca\/#website","url":"https:\/\/www.consigel.com\/ca\/","name":"Consigel","description":"","potentialAction":[{"@type":"SearchAction","target":{"@type":"EntryPoint","urlTemplate":"https:\/\/www.consigel.com\/ca\/?s={search_term_string}"},"query-input":"required name=search_term_string"}],"inLanguage":"ca"}]}},"_links":{"self":[{"href":"https:\/\/www.consigel.com\/ca\/wp-json\/wp\/v2\/product\/1400","targetHints":{"allow":["GET"]}}],"collection":[{"href":"https:\/\/www.consigel.com\/ca\/wp-json\/wp\/v2\/product"}],"about":[{"href":"https:\/\/www.consigel.com\/ca\/wp-json\/wp\/v2\/types\/product"}],"replies":[{"embeddable":true,"href":"https:\/\/www.consigel.com\/ca\/wp-json\/wp\/v2\/comments?post=1400"}],"wp:featuredmedia":[{"embeddable":true,"href":"https:\/\/www.consigel.com\/ca\/wp-json\/wp\/v2\/media\/1399"}],"wp:attachment":[{"href":"https:\/\/www.consigel.com\/ca\/wp-json\/wp\/v2\/media?parent=1400"}],"wp:term":[{"taxonomy":"product_cat","embeddable":true,"href":"https:\/\/www.consigel.com\/ca\/wp-json\/wp\/v2\/product_cat?post=1400"},{"taxonomy":"product_tag","embeddable":true,"href":"https:\/\/www.consigel.com\/ca\/wp-json\/wp\/v2\/product_tag?post=1400"}],"curies":[{"name":"wp","href":"https:\/\/api.w.org\/{rel}","templated":true}]}}