{"id":1398,"date":"2018-01-25T17:43:31","date_gmt":"2018-01-25T17:43:31","guid":{"rendered":"http:\/\/www.consigel.com\/product\/vermouth-musugorri\/"},"modified":"2018-01-25T17:43:31","modified_gmt":"2018-01-25T17:43:31","slug":"vermouth-musugorri","status":"publish","type":"product","link":"https:\/\/www.consigel.com\/ca\/producte\/vermouth-musugorri\/","title":{"rendered":"Vermouth Musugorri"},"content":{"rendered":"<p style=\"margin: 0px 0px 10px; color: #919191; text-transform: none; line-height: 1.711; text-indent: 0px; letter-spacing: normal; font-family: Lato; font-size: 16px; font-style: normal; font-weight: 400; word-spacing: 0px; white-space: normal; box-sizing: border-box; orphans: 2; widows: 2; background-color: #ffffff; font-variant-ligatures: normal; font-variant-caps: normal; -webkit-text-stroke-width: 0px; text-decoration-style: initial; text-decoration-color: initial;\">Musugorri significa \u201cgaltes de pa vermelles\u201d en basca, aquests que se\u2019ns posen a tots quan prenem bon vermut, o els que caracteritzen als nens rollizos i sanotes. Quan la sentim vam saber que era l\u2019expressi\u00f3 perfecta per a aquest nou projecte.<\/p>\n<p style=\"margin: 0px 0px 10px; color: #919191; text-transform: none; line-height: 1.711; text-indent: 0px; letter-spacing: normal; font-family: Lato; font-size: 16px; font-style: normal; font-weight: 400; word-spacing: 0px; white-space: normal; box-sizing: border-box; orphans: 2; widows: 2; background-color: #ffffff; font-variant-ligatures: normal; font-variant-caps: normal; -webkit-text-stroke-width: 0px; text-decoration-style: initial; text-decoration-color: initial;\">Ten\u00edem clars tres objectius: que pogu\u00e9ssiu gaudir d\u2019un bon vermut a orri a l\u2019altura dels millors vermuts embotellats; oferir-vos l\u2019oportunitat de ser respectuosos amb el medi ambient sense grans esfor\u00e7os; i col\u00b7laborar amb una causa solid\u00e0ria que impliqu\u00e9s als nens.<\/p>\n<p style=\"margin: 0px 0px 10px; color: #919191; text-transform: none; line-height: 1.711; text-indent: 0px; letter-spacing: normal; font-family: Lato; font-size: 16px; font-style: normal; font-weight: 400; word-spacing: 0px; white-space: normal; box-sizing: border-box; orphans: 2; widows: 2; background-color: #ffffff; font-variant-ligatures: normal; font-variant-caps: normal; -webkit-text-stroke-width: 0px; text-decoration-style: initial; text-decoration-color: initial;\"><strong style=\"font-weight: bold; margin-bottom: 0px; box-sizing: border-box;\">EL VERMUT<\/strong><\/p>\n<p style=\"margin: 0px 0px 10px; color: #919191; text-transform: none; line-height: 1.711; text-indent: 0px; letter-spacing: normal; font-family: Lato; font-size: 16px; font-style: normal; font-weight: 400; word-spacing: 0px; white-space: normal; box-sizing: border-box; orphans: 2; widows: 2; background-color: #ffffff; font-variant-ligatures: normal; font-variant-caps: normal; -webkit-text-stroke-width: 0px; text-decoration-style: initial; text-decoration-color: initial;\">Musugorri \u00e9s aut\u00e8ntic i singular, fidel reflex de la zona de la qual procedeix, La Secuita, un poblet encantador que est\u00e0 molt prop de Reus. S\u2019elabora de forma tradicional i 100% natural. Els 30 bot\u00e0nics que utilitzem pel seu maceraci\u00f3n li aporten unes aromes i sabors complexos i puros, amb car\u00e0cter mediterrani. T\u00e9 un suau amargor i un delicat dulzor que ho fan equilibrat i persistent.<\/p>\n","protected":false},"excerpt":{"rendered":"<p>Musugorri significa \u201cgaltes de pa vermelles\u201d en basca, aquests que se\u2019ns posen a tots quan prenem bon vermut, o els que caracteritzen als nens rollizos i sanotes. Quan la sentim vam saber que era l\u2019expressi\u00f3 perfecta per a aquest nou projecte. Ten\u00edem clars tres objectius: que pogu\u00e9ssiu gaudir d\u2019un bon vermut a orri a l\u2019altura [&#8230;]\n","protected":false},"featured_media":1397,"comment_status":"open","ping_status":"closed","template":"","meta":[],"product_cat":[81],"product_tag":[],"class_list":{"0":"post-1398","1":"product","2":"type-product","3":"status-publish","4":"has-post-thumbnail","6":"product_cat-vermuth","8":"first","9":"outofstock","10":"shipping-taxable","11":"product-type-simple"},"yoast_head":"<!-- This site is optimized with the Yoast SEO plugin v23.3 - https:\/\/yoast.com\/wordpress\/plugins\/seo\/ -->\n<title>Vermouth Musugorri - Consigel<\/title>\n<meta name=\"robots\" content=\"index, follow, max-snippet:-1, max-image-preview:large, max-video-preview:-1\" \/>\n<link rel=\"canonical\" href=\"https:\/\/www.consigel.com\/ca\/producte\/vermouth-musugorri\/\" \/>\n<meta property=\"og:locale\" content=\"ca_ES\" \/>\n<meta property=\"og:type\" content=\"article\" \/>\n<meta property=\"og:title\" content=\"Vermouth Musugorri - Consigel\" \/>\n<meta property=\"og:description\" content=\"Musugorri significa \u201cgaltes de pa vermelles\u201d en basca, aquests que se\u2019ns posen a tots quan prenem bon vermut, o els que caracteritzen als nens rollizos i sanotes. Quan la sentim vam saber que era l\u2019expressi\u00f3 perfecta per a aquest nou projecte. Ten\u00edem clars tres objectius: que pogu\u00e9ssiu gaudir d\u2019un bon vermut a orri a l\u2019altura [...]\" \/>\n<meta property=\"og:url\" content=\"https:\/\/www.consigel.com\/ca\/producte\/vermouth-musugorri\/\" \/>\n<meta property=\"og:site_name\" content=\"Consigel\" \/>\n<meta property=\"og:image\" content=\"https:\/\/www.consigel.com\/wp-content\/uploads\/2018\/01\/1719-thickbox_default-Vermouth-Musugorri.jpg\" \/>\n\t<meta property=\"og:image:width\" content=\"1200\" \/>\n\t<meta property=\"og:image:height\" content=\"1200\" \/>\n\t<meta property=\"og:image:type\" content=\"image\/jpeg\" \/>\n<meta name=\"twitter:card\" content=\"summary_large_image\" \/>\n<meta name=\"twitter:label1\" content=\"Temps estimat de lectura\" \/>\n\t<meta name=\"twitter:data1\" content=\"1 minut\" \/>\n<script type=\"application\/ld+json\" class=\"yoast-schema-graph\">{\"@context\":\"https:\/\/schema.org\",\"@graph\":[{\"@type\":\"WebPage\",\"@id\":\"https:\/\/www.consigel.com\/ca\/producte\/vermouth-musugorri\/\",\"url\":\"https:\/\/www.consigel.com\/ca\/producte\/vermouth-musugorri\/\",\"name\":\"Vermouth Musugorri - Consigel\",\"isPartOf\":{\"@id\":\"https:\/\/www.consigel.com\/ca\/#website\"},\"primaryImageOfPage\":{\"@id\":\"https:\/\/www.consigel.com\/ca\/producte\/vermouth-musugorri\/#primaryimage\"},\"image\":{\"@id\":\"https:\/\/www.consigel.com\/ca\/producte\/vermouth-musugorri\/#primaryimage\"},\"thumbnailUrl\":\"https:\/\/www.consigel.com\/wp-content\/uploads\/2018\/01\/1719-thickbox_default-Vermouth-Musugorri.jpg\",\"datePublished\":\"2018-01-25T17:43:31+00:00\",\"dateModified\":\"2018-01-25T17:43:31+00:00\",\"breadcrumb\":{\"@id\":\"https:\/\/www.consigel.com\/ca\/producte\/vermouth-musugorri\/#breadcrumb\"},\"inLanguage\":\"ca\",\"potentialAction\":[{\"@type\":\"ReadAction\",\"target\":[\"https:\/\/www.consigel.com\/ca\/producte\/vermouth-musugorri\/\"]}]},{\"@type\":\"ImageObject\",\"inLanguage\":\"ca\",\"@id\":\"https:\/\/www.consigel.com\/ca\/producte\/vermouth-musugorri\/#primaryimage\",\"url\":\"https:\/\/www.consigel.com\/wp-content\/uploads\/2018\/01\/1719-thickbox_default-Vermouth-Musugorri.jpg\",\"contentUrl\":\"https:\/\/www.consigel.com\/wp-content\/uploads\/2018\/01\/1719-thickbox_default-Vermouth-Musugorri.jpg\",\"width\":1200,\"height\":1200,\"caption\":\"Vermouth Musugorri\"},{\"@type\":\"BreadcrumbList\",\"@id\":\"https:\/\/www.consigel.com\/ca\/producte\/vermouth-musugorri\/#breadcrumb\",\"itemListElement\":[{\"@type\":\"ListItem\",\"position\":1,\"name\":\"Portada\",\"item\":\"https:\/\/www.consigel.com\/ca\/\"},{\"@type\":\"ListItem\",\"position\":2,\"name\":\"Shop\",\"item\":\"https:\/\/www.consigel.com\/ca\/shop\/\"},{\"@type\":\"ListItem\",\"position\":3,\"name\":\"Vermouth Musugorri\"}]},{\"@type\":\"WebSite\",\"@id\":\"https:\/\/www.consigel.com\/ca\/#website\",\"url\":\"https:\/\/www.consigel.com\/ca\/\",\"name\":\"Consigel\",\"description\":\"\",\"potentialAction\":[{\"@type\":\"SearchAction\",\"target\":{\"@type\":\"EntryPoint\",\"urlTemplate\":\"https:\/\/www.consigel.com\/ca\/?s={search_term_string}\"},\"query-input\":\"required name=search_term_string\"}],\"inLanguage\":\"ca\"}]}<\/script>\n<!-- \/ Yoast SEO plugin. -->","yoast_head_json":{"title":"Vermouth Musugorri - Consigel","robots":{"index":"index","follow":"follow","max-snippet":"max-snippet:-1","max-image-preview":"max-image-preview:large","max-video-preview":"max-video-preview:-1"},"canonical":"https:\/\/www.consigel.com\/ca\/producte\/vermouth-musugorri\/","og_locale":"ca_ES","og_type":"article","og_title":"Vermouth Musugorri - Consigel","og_description":"Musugorri significa \u201cgaltes de pa vermelles\u201d en basca, aquests que se\u2019ns posen a tots quan prenem bon vermut, o els que caracteritzen als nens rollizos i sanotes. Quan la sentim vam saber que era l\u2019expressi\u00f3 perfecta per a aquest nou projecte. Ten\u00edem clars tres objectius: que pogu\u00e9ssiu gaudir d\u2019un bon vermut a orri a l\u2019altura [...]","og_url":"https:\/\/www.consigel.com\/ca\/producte\/vermouth-musugorri\/","og_site_name":"Consigel","og_image":[{"width":1200,"height":1200,"url":"https:\/\/www.consigel.com\/wp-content\/uploads\/2018\/01\/1719-thickbox_default-Vermouth-Musugorri.jpg","type":"image\/jpeg"}],"twitter_card":"summary_large_image","twitter_misc":{"Temps estimat de lectura":"1 minut"},"schema":{"@context":"https:\/\/schema.org","@graph":[{"@type":"WebPage","@id":"https:\/\/www.consigel.com\/ca\/producte\/vermouth-musugorri\/","url":"https:\/\/www.consigel.com\/ca\/producte\/vermouth-musugorri\/","name":"Vermouth Musugorri - Consigel","isPartOf":{"@id":"https:\/\/www.consigel.com\/ca\/#website"},"primaryImageOfPage":{"@id":"https:\/\/www.consigel.com\/ca\/producte\/vermouth-musugorri\/#primaryimage"},"image":{"@id":"https:\/\/www.consigel.com\/ca\/producte\/vermouth-musugorri\/#primaryimage"},"thumbnailUrl":"https:\/\/www.consigel.com\/wp-content\/uploads\/2018\/01\/1719-thickbox_default-Vermouth-Musugorri.jpg","datePublished":"2018-01-25T17:43:31+00:00","dateModified":"2018-01-25T17:43:31+00:00","breadcrumb":{"@id":"https:\/\/www.consigel.com\/ca\/producte\/vermouth-musugorri\/#breadcrumb"},"inLanguage":"ca","potentialAction":[{"@type":"ReadAction","target":["https:\/\/www.consigel.com\/ca\/producte\/vermouth-musugorri\/"]}]},{"@type":"ImageObject","inLanguage":"ca","@id":"https:\/\/www.consigel.com\/ca\/producte\/vermouth-musugorri\/#primaryimage","url":"https:\/\/www.consigel.com\/wp-content\/uploads\/2018\/01\/1719-thickbox_default-Vermouth-Musugorri.jpg","contentUrl":"https:\/\/www.consigel.com\/wp-content\/uploads\/2018\/01\/1719-thickbox_default-Vermouth-Musugorri.jpg","width":1200,"height":1200,"caption":"Vermouth Musugorri"},{"@type":"BreadcrumbList","@id":"https:\/\/www.consigel.com\/ca\/producte\/vermouth-musugorri\/#breadcrumb","itemListElement":[{"@type":"ListItem","position":1,"name":"Portada","item":"https:\/\/www.consigel.com\/ca\/"},{"@type":"ListItem","position":2,"name":"Shop","item":"https:\/\/www.consigel.com\/ca\/shop\/"},{"@type":"ListItem","position":3,"name":"Vermouth Musugorri"}]},{"@type":"WebSite","@id":"https:\/\/www.consigel.com\/ca\/#website","url":"https:\/\/www.consigel.com\/ca\/","name":"Consigel","description":"","potentialAction":[{"@type":"SearchAction","target":{"@type":"EntryPoint","urlTemplate":"https:\/\/www.consigel.com\/ca\/?s={search_term_string}"},"query-input":"required name=search_term_string"}],"inLanguage":"ca"}]}},"_links":{"self":[{"href":"https:\/\/www.consigel.com\/ca\/wp-json\/wp\/v2\/product\/1398","targetHints":{"allow":["GET"]}}],"collection":[{"href":"https:\/\/www.consigel.com\/ca\/wp-json\/wp\/v2\/product"}],"about":[{"href":"https:\/\/www.consigel.com\/ca\/wp-json\/wp\/v2\/types\/product"}],"replies":[{"embeddable":true,"href":"https:\/\/www.consigel.com\/ca\/wp-json\/wp\/v2\/comments?post=1398"}],"wp:featuredmedia":[{"embeddable":true,"href":"https:\/\/www.consigel.com\/ca\/wp-json\/wp\/v2\/media\/1397"}],"wp:attachment":[{"href":"https:\/\/www.consigel.com\/ca\/wp-json\/wp\/v2\/media?parent=1398"}],"wp:term":[{"taxonomy":"product_cat","embeddable":true,"href":"https:\/\/www.consigel.com\/ca\/wp-json\/wp\/v2\/product_cat?post=1398"},{"taxonomy":"product_tag","embeddable":true,"href":"https:\/\/www.consigel.com\/ca\/wp-json\/wp\/v2\/product_tag?post=1398"}],"curies":[{"name":"wp","href":"https:\/\/api.w.org\/{rel}","templated":true}]}}