{"id":1390,"date":"2018-01-25T16:37:27","date_gmt":"2018-01-25T16:37:27","guid":{"rendered":"http:\/\/www.consigel.com\/product\/jose-pariente-cuvee-especial\/"},"modified":"2018-01-25T16:37:27","modified_gmt":"2018-01-25T16:37:27","slug":"jose-pariente-cuvee-especial","status":"publish","type":"product","link":"https:\/\/www.consigel.com\/ca\/producte\/jose-pariente-cuvee-especial\/","title":{"rendered":"Jose Pariente Cuvee Especial"},"content":{"rendered":"<p style=\"margin: 0px; padding: 0px 0px 8px; border: 0px currentColor; border-image: none; text-align: center; color: #000000; text-transform: none; line-height: inherit; text-indent: 0px; letter-spacing: normal; font-family: adobe-caslon-pro, Palatino, Garamond, serif; font-size: 15px; font-style: normal; font-weight: 400; word-spacing: 0px; vertical-align: baseline; white-space: normal; orphans: 2; widows: 2; font-stretch: inherit; background-color: #ffffff; font-variant-ligatures: normal; font-variant-caps: normal; -webkit-text-stroke-width: 0px; text-decoration-style: initial; text-decoration-color: initial; font-variant-numeric: inherit; font-variant-east-asian: inherit;\">La uva procede de un vi\u00f1edo de m\u00e1s de 80 a\u00f1os y de plantaci\u00f3n tradicional en vaso, situada en la zona del Camino del<br \/>Puerto, en el municipio de La Seca. Aplicando un control muy exhaustivo para obtener bajos rendimientos y seleccionando<br \/>las uvas tanto en el campo, realizando una vendimia manual en cajas de 20 kilos, como en bodega, conseguimos una<br \/>excelente calidad de materia prima.<\/p>\n<p style=\"margin: 0px; padding: 0px 0px 8px; border: 0px currentColor; border-image: none; text-align: center; color: #000000; text-transform: none; line-height: inherit; text-indent: 0px; letter-spacing: normal; font-family: adobe-caslon-pro, Palatino, Garamond, serif; font-size: 15px; font-style: normal; font-weight: 400; word-spacing: 0px; vertical-align: baseline; white-space: normal; orphans: 2; widows: 2; font-stretch: inherit; background-color: #ffffff; font-variant-ligatures: normal; font-variant-caps: normal; -webkit-text-stroke-width: 0px; text-decoration-style: initial; text-decoration-color: initial; font-variant-numeric: inherit; font-variant-east-asian: inherit;\">ELABORACI\u00d3N<\/p>\n<p style=\"margin: 0px; padding: 0px 0px 8px; border: 0px currentColor; border-image: none; text-align: center; color: #000000; text-transform: none; line-height: inherit; text-indent: 0px; letter-spacing: normal; font-family: adobe-caslon-pro, Palatino, Garamond, serif; font-size: 15px; font-style: normal; font-weight: 400; word-spacing: 0px; vertical-align: baseline; white-space: normal; orphans: 2; widows: 2; font-stretch: inherit; background-color: #ffffff; font-variant-ligatures: normal; font-variant-caps: normal; -webkit-text-stroke-width: 0px; text-decoration-style: initial; text-decoration-color: initial; font-variant-numeric: inherit; font-variant-east-asian: inherit;\">Los dep\u00f3sitos ovoides de cemento de arcilla son la clave de la elaboraci\u00f3n. Ofrecen una respuesta id\u00f3nea al estudio<br \/>continuado de las nuevas posibilidades de la variedad verdejo. Su forma y las diferencias t\u00e9rmicas entre alturas crean una<br \/>corriente circular que facilita el trabajo de las l\u00edas. Adem\u00e1s, aportan una mejor protecci\u00f3n del vino y ofrecen la posibilidad<br \/>de realizar crianzas m\u00e1s largas sin oxidaci\u00f3n. Tras fermentar en estos dep\u00f3sitos y una crianza sobre l\u00edas durante 11 meses, el<br \/>vino se embotell\u00f3 a mediados del mes de Julio.<\/p>\n<p style=\"margin: 0px; padding: 0px 0px 8px; border: 0px currentColor; border-image: none; text-align: center; color: #000000; text-transform: none; line-height: inherit; text-indent: 0px; letter-spacing: normal; font-family: adobe-caslon-pro, Palatino, Garamond, serif; font-size: 15px; font-style: normal; font-weight: 400; word-spacing: 0px; vertical-align: baseline; white-space: normal; orphans: 2; widows: 2; font-stretch: inherit; background-color: #ffffff; font-variant-ligatures: normal; font-variant-caps: normal; -webkit-text-stroke-width: 0px; text-decoration-style: initial; text-decoration-color: initial; font-variant-numeric: inherit; font-variant-east-asian: inherit;\">CATA<\/p>\n<p style=\"margin: 0px; padding: 0px 0px 8px; border: 0px currentColor; border-image: none; text-align: center; color: #000000; text-transform: none; line-height: inherit; text-indent: 0px; letter-spacing: normal; font-family: adobe-caslon-pro, Palatino, Garamond, serif; font-size: 15px; font-style: normal; font-weight: 400; word-spacing: 0px; vertical-align: baseline; white-space: normal; orphans: 2; widows: 2; font-stretch: inherit; background-color: #ffffff; font-variant-ligatures: normal; font-variant-caps: normal; -webkit-text-stroke-width: 0px; text-decoration-style: initial; text-decoration-color: initial; font-variant-numeric: inherit; font-variant-east-asian: inherit;\">En la fase visual se aprecia un color amarillo pajizo con ribetes verdosos, brillante. Posee una nariz de una sutileza muy<br \/>elegante, en la que se potencia la mineralidad.<br \/>En boca se perfila como un vino con una enorme complejidad, provisto de una impresionante suavidad, de una sedosidad<br \/>que aporta elegancia, en la que reaparece este toque mineral.<\/p>\n<p style=\"margin: 0px; padding: 0px 0px 8px; border: 0px currentColor; border-image: none; text-align: center; color: #000000; text-transform: none; line-height: inherit; text-indent: 0px; letter-spacing: normal; font-family: adobe-caslon-pro, Palatino, Garamond, serif; font-size: 15px; font-style: normal; font-weight: 400; word-spacing: 0px; vertical-align: baseline; white-space: normal; orphans: 2; widows: 2; font-stretch: inherit; background-color: #ffffff; font-variant-ligatures: normal; font-variant-caps: normal; -webkit-text-stroke-width: 0px; text-decoration-style: initial; text-decoration-color: initial; font-variant-numeric: inherit; font-variant-east-asian: inherit;\">GASTRONOM\u00cdA<\/p>\n<p style=\"margin: 0px; padding: 0px 0px 8px; border: 0px currentColor; border-image: none; text-align: center; color: #000000; text-transform: none; line-height: inherit; text-indent: 0px; letter-spacing: normal; font-family: adobe-caslon-pro, Palatino, Garamond, serif; font-size: 15px; font-style: normal; font-weight: 400; word-spacing: 0px; vertical-align: baseline; white-space: normal; orphans: 2; widows: 2; font-stretch: inherit; background-color: #ffffff; font-variant-ligatures: normal; font-variant-caps: normal; -webkit-text-stroke-width: 0px; text-decoration-style: initial; text-decoration-color: initial; font-variant-numeric: inherit; font-variant-east-asian: inherit;\">Es un vino indicado para pescados al horno y a la brasa, guisos de pescado y arroces. Id\u00f3neo para jam\u00f3n ib\u00e9rico y quesos,<br \/>as\u00ed como para carnes blancas. Dada su complejidad y estructura se trata de un vino completamente gastron\u00f3mico.<\/p>\n","protected":false},"excerpt":{"rendered":"<p>100% Verdejo<\/p>\n","protected":false},"featured_media":1389,"comment_status":"open","ping_status":"closed","template":"","meta":[],"product_cat":[69],"product_tag":[],"class_list":{"0":"post-1390","1":"product","2":"type-product","3":"status-publish","4":"has-post-thumbnail","6":"product_cat-bodegas-jose-pariente","8":"first","9":"outofstock","10":"shipping-taxable","11":"product-type-simple"},"yoast_head":"<!-- This site is optimized with the Yoast SEO plugin v23.3 - https:\/\/yoast.com\/wordpress\/plugins\/seo\/ -->\n<title>Jose Pariente Cuvee Especial - Consigel<\/title>\n<meta name=\"robots\" content=\"index, follow, max-snippet:-1, max-image-preview:large, max-video-preview:-1\" \/>\n<link rel=\"canonical\" href=\"https:\/\/www.consigel.com\/ca\/producte\/jose-pariente-cuvee-especial\/\" \/>\n<meta property=\"og:locale\" content=\"ca_ES\" \/>\n<meta property=\"og:type\" content=\"article\" \/>\n<meta property=\"og:title\" content=\"Jose Pariente Cuvee Especial - Consigel\" \/>\n<meta property=\"og:description\" content=\"100% Verdejo\" \/>\n<meta property=\"og:url\" content=\"https:\/\/www.consigel.com\/ca\/producte\/jose-pariente-cuvee-especial\/\" \/>\n<meta property=\"og:site_name\" content=\"Consigel\" \/>\n<meta property=\"og:image\" content=\"https:\/\/www.consigel.com\/wp-content\/uploads\/2018\/01\/1715-thickbox_default-Jose-Pariente-Cuvee-Especial.jpg\" \/>\n\t<meta property=\"og:image:width\" content=\"1200\" \/>\n\t<meta property=\"og:image:height\" content=\"1200\" \/>\n\t<meta property=\"og:image:type\" content=\"image\/jpeg\" \/>\n<meta name=\"twitter:card\" content=\"summary_large_image\" \/>\n<meta name=\"twitter:label1\" content=\"Temps estimat de lectura\" \/>\n\t<meta name=\"twitter:data1\" content=\"1 minut\" \/>\n<script type=\"application\/ld+json\" class=\"yoast-schema-graph\">{\"@context\":\"https:\/\/schema.org\",\"@graph\":[{\"@type\":\"WebPage\",\"@id\":\"https:\/\/www.consigel.com\/ca\/producte\/jose-pariente-cuvee-especial\/\",\"url\":\"https:\/\/www.consigel.com\/ca\/producte\/jose-pariente-cuvee-especial\/\",\"name\":\"Jose Pariente Cuvee Especial - Consigel\",\"isPartOf\":{\"@id\":\"https:\/\/www.consigel.com\/ca\/#website\"},\"primaryImageOfPage\":{\"@id\":\"https:\/\/www.consigel.com\/ca\/producte\/jose-pariente-cuvee-especial\/#primaryimage\"},\"image\":{\"@id\":\"https:\/\/www.consigel.com\/ca\/producte\/jose-pariente-cuvee-especial\/#primaryimage\"},\"thumbnailUrl\":\"https:\/\/www.consigel.com\/wp-content\/uploads\/2018\/01\/1715-thickbox_default-Jose-Pariente-Cuvee-Especial.jpg\",\"datePublished\":\"2018-01-25T16:37:27+00:00\",\"dateModified\":\"2018-01-25T16:37:27+00:00\",\"breadcrumb\":{\"@id\":\"https:\/\/www.consigel.com\/ca\/producte\/jose-pariente-cuvee-especial\/#breadcrumb\"},\"inLanguage\":\"ca\",\"potentialAction\":[{\"@type\":\"ReadAction\",\"target\":[\"https:\/\/www.consigel.com\/ca\/producte\/jose-pariente-cuvee-especial\/\"]}]},{\"@type\":\"ImageObject\",\"inLanguage\":\"ca\",\"@id\":\"https:\/\/www.consigel.com\/ca\/producte\/jose-pariente-cuvee-especial\/#primaryimage\",\"url\":\"https:\/\/www.consigel.com\/wp-content\/uploads\/2018\/01\/1715-thickbox_default-Jose-Pariente-Cuvee-Especial.jpg\",\"contentUrl\":\"https:\/\/www.consigel.com\/wp-content\/uploads\/2018\/01\/1715-thickbox_default-Jose-Pariente-Cuvee-Especial.jpg\",\"width\":1200,\"height\":1200,\"caption\":\"Jose Pariente Cuvee Especial\"},{\"@type\":\"BreadcrumbList\",\"@id\":\"https:\/\/www.consigel.com\/ca\/producte\/jose-pariente-cuvee-especial\/#breadcrumb\",\"itemListElement\":[{\"@type\":\"ListItem\",\"position\":1,\"name\":\"Portada\",\"item\":\"https:\/\/www.consigel.com\/ca\/\"},{\"@type\":\"ListItem\",\"position\":2,\"name\":\"Shop\",\"item\":\"https:\/\/www.consigel.com\/ca\/shop\/\"},{\"@type\":\"ListItem\",\"position\":3,\"name\":\"Jose Pariente Cuvee Especial\"}]},{\"@type\":\"WebSite\",\"@id\":\"https:\/\/www.consigel.com\/ca\/#website\",\"url\":\"https:\/\/www.consigel.com\/ca\/\",\"name\":\"Consigel\",\"description\":\"\",\"potentialAction\":[{\"@type\":\"SearchAction\",\"target\":{\"@type\":\"EntryPoint\",\"urlTemplate\":\"https:\/\/www.consigel.com\/ca\/?s={search_term_string}\"},\"query-input\":\"required name=search_term_string\"}],\"inLanguage\":\"ca\"}]}<\/script>\n<!-- \/ Yoast SEO plugin. -->","yoast_head_json":{"title":"Jose Pariente Cuvee Especial - Consigel","robots":{"index":"index","follow":"follow","max-snippet":"max-snippet:-1","max-image-preview":"max-image-preview:large","max-video-preview":"max-video-preview:-1"},"canonical":"https:\/\/www.consigel.com\/ca\/producte\/jose-pariente-cuvee-especial\/","og_locale":"ca_ES","og_type":"article","og_title":"Jose Pariente Cuvee Especial - Consigel","og_description":"100% Verdejo","og_url":"https:\/\/www.consigel.com\/ca\/producte\/jose-pariente-cuvee-especial\/","og_site_name":"Consigel","og_image":[{"width":1200,"height":1200,"url":"https:\/\/www.consigel.com\/wp-content\/uploads\/2018\/01\/1715-thickbox_default-Jose-Pariente-Cuvee-Especial.jpg","type":"image\/jpeg"}],"twitter_card":"summary_large_image","twitter_misc":{"Temps estimat de lectura":"1 minut"},"schema":{"@context":"https:\/\/schema.org","@graph":[{"@type":"WebPage","@id":"https:\/\/www.consigel.com\/ca\/producte\/jose-pariente-cuvee-especial\/","url":"https:\/\/www.consigel.com\/ca\/producte\/jose-pariente-cuvee-especial\/","name":"Jose Pariente Cuvee Especial - Consigel","isPartOf":{"@id":"https:\/\/www.consigel.com\/ca\/#website"},"primaryImageOfPage":{"@id":"https:\/\/www.consigel.com\/ca\/producte\/jose-pariente-cuvee-especial\/#primaryimage"},"image":{"@id":"https:\/\/www.consigel.com\/ca\/producte\/jose-pariente-cuvee-especial\/#primaryimage"},"thumbnailUrl":"https:\/\/www.consigel.com\/wp-content\/uploads\/2018\/01\/1715-thickbox_default-Jose-Pariente-Cuvee-Especial.jpg","datePublished":"2018-01-25T16:37:27+00:00","dateModified":"2018-01-25T16:37:27+00:00","breadcrumb":{"@id":"https:\/\/www.consigel.com\/ca\/producte\/jose-pariente-cuvee-especial\/#breadcrumb"},"inLanguage":"ca","potentialAction":[{"@type":"ReadAction","target":["https:\/\/www.consigel.com\/ca\/producte\/jose-pariente-cuvee-especial\/"]}]},{"@type":"ImageObject","inLanguage":"ca","@id":"https:\/\/www.consigel.com\/ca\/producte\/jose-pariente-cuvee-especial\/#primaryimage","url":"https:\/\/www.consigel.com\/wp-content\/uploads\/2018\/01\/1715-thickbox_default-Jose-Pariente-Cuvee-Especial.jpg","contentUrl":"https:\/\/www.consigel.com\/wp-content\/uploads\/2018\/01\/1715-thickbox_default-Jose-Pariente-Cuvee-Especial.jpg","width":1200,"height":1200,"caption":"Jose Pariente Cuvee Especial"},{"@type":"BreadcrumbList","@id":"https:\/\/www.consigel.com\/ca\/producte\/jose-pariente-cuvee-especial\/#breadcrumb","itemListElement":[{"@type":"ListItem","position":1,"name":"Portada","item":"https:\/\/www.consigel.com\/ca\/"},{"@type":"ListItem","position":2,"name":"Shop","item":"https:\/\/www.consigel.com\/ca\/shop\/"},{"@type":"ListItem","position":3,"name":"Jose Pariente Cuvee Especial"}]},{"@type":"WebSite","@id":"https:\/\/www.consigel.com\/ca\/#website","url":"https:\/\/www.consigel.com\/ca\/","name":"Consigel","description":"","potentialAction":[{"@type":"SearchAction","target":{"@type":"EntryPoint","urlTemplate":"https:\/\/www.consigel.com\/ca\/?s={search_term_string}"},"query-input":"required name=search_term_string"}],"inLanguage":"ca"}]}},"_links":{"self":[{"href":"https:\/\/www.consigel.com\/ca\/wp-json\/wp\/v2\/product\/1390","targetHints":{"allow":["GET"]}}],"collection":[{"href":"https:\/\/www.consigel.com\/ca\/wp-json\/wp\/v2\/product"}],"about":[{"href":"https:\/\/www.consigel.com\/ca\/wp-json\/wp\/v2\/types\/product"}],"replies":[{"embeddable":true,"href":"https:\/\/www.consigel.com\/ca\/wp-json\/wp\/v2\/comments?post=1390"}],"wp:featuredmedia":[{"embeddable":true,"href":"https:\/\/www.consigel.com\/ca\/wp-json\/wp\/v2\/media\/1389"}],"wp:attachment":[{"href":"https:\/\/www.consigel.com\/ca\/wp-json\/wp\/v2\/media?parent=1390"}],"wp:term":[{"taxonomy":"product_cat","embeddable":true,"href":"https:\/\/www.consigel.com\/ca\/wp-json\/wp\/v2\/product_cat?post=1390"},{"taxonomy":"product_tag","embeddable":true,"href":"https:\/\/www.consigel.com\/ca\/wp-json\/wp\/v2\/product_tag?post=1390"}],"curies":[{"name":"wp","href":"https:\/\/api.w.org\/{rel}","templated":true}]}}