{"id":1376,"date":"2018-01-17T17:49:58","date_gmt":"2018-01-17T17:49:58","guid":{"rendered":"http:\/\/www.consigel.com\/product\/ochoa-rosado-de-lagrima\/"},"modified":"2018-01-17T17:49:58","modified_gmt":"2018-01-17T17:49:58","slug":"ochoa-rosado-de-lagrima","status":"publish","type":"product","link":"https:\/\/www.consigel.com\/ca\/producte\/ochoa-rosado-de-lagrima\/","title":{"rendered":"Ochoa Rosado de Lagrima"},"content":{"rendered":"<p style=\"background: 0px 0px #ffffff; font: 400 13px\/20px 'Open Sans', Helvetica, sans-serif; margin: 0px 0px 1.2em; padding: 0px; outline: 0px; border: 0px currentColor; border-image: none; color: #666666; text-transform: none; text-indent: 0px; letter-spacing: normal; word-spacing: 0px; vertical-align: baseline; white-space: normal; orphans: 2; widows: 2; font-size-adjust: none; font-stretch: normal; -webkit-text-stroke-width: 0px; text-decoration-style: initial; text-decoration-color: initial;\">Ochoa Rosado de L\u00e1grima es un vino elaborado por el tradicional m\u00e9todo de \u201csangrado\u201d que es como se elaboran los rosados en Navarra.<\/p>\n<p style=\"background: 0px 0px #ffffff; font: 400 13px\/20px 'Open Sans', Helvetica, sans-serif; margin: 0px; padding: 0px; outline: 0px; border: 0px currentColor; border-image: none; color: #666666; text-transform: none; text-indent: 0px; letter-spacing: normal; word-spacing: 0px; vertical-align: baseline; white-space: normal; orphans: 2; widows: 2; font-size-adjust: none; font-stretch: normal; -webkit-text-stroke-width: 0px; text-decoration-style: initial; text-decoration-color: initial;\">Consiste en que el mosto permanezca en contacto con las partes s\u00f3lidas (hollejos) un corto periodo de tiempo (4-6 horas), para pasar a dep\u00f3sito de acero inoxidable (sin prensar, por eso es de lagrima) donde fermentar\u00e1 con control de temperatura a 18\u00baC. Ochoa Rosado de L\u00e1grima es uno de nuestros vinos m\u00e1s valorados a nivel nacional y de los que m\u00e1s tiempo llevamos elaborando en nuestra Bodega.<\/p>\n<p style=\"background: 0px 0px #ffffff; font: 400 13px\/20px 'Open Sans', Helvetica, sans-serif; margin: 0px 0px 1.2em; padding: 0px; outline: 0px; border: 0px currentColor; border-image: none; color: #666666; text-transform: none; text-indent: 0px; letter-spacing: normal; word-spacing: 0px; vertical-align: baseline; white-space: normal; orphans: 2; widows: 2; font-size-adjust: none; font-stretch: normal; -webkit-text-stroke-width: 0px; text-decoration-style: initial; text-decoration-color: initial;\">Vista: Un bonito color rosa p\u00e1lido brillante, con ligeros tonos amoratados que ponen en evidencia su juventud.<\/p>\n<p style=\"background: 0px 0px #ffffff; font: 400 13px\/20px 'Open Sans', Helvetica, sans-serif; margin: 0px 0px 1.2em; padding: 0px; outline: 0px; border: 0px currentColor; border-image: none; color: #666666; text-transform: none; text-indent: 0px; letter-spacing: normal; word-spacing: 0px; vertical-align: baseline; white-space: normal; orphans: 2; widows: 2; font-size-adjust: none; font-stretch: normal; -webkit-text-stroke-width: 0px; text-decoration-style: initial; text-decoration-color: initial;\">Nariz: predominan los aromas a frutos rojos, fresco, grosellas, fresas.<\/p>\n<p style=\"background: 0px 0px #ffffff; font: 400 13px\/20px 'Open Sans', Helvetica, sans-serif; margin: 0px 0px 1.2em; padding: 0px; outline: 0px; border: 0px currentColor; border-image: none; color: #666666; text-transform: none; text-indent: 0px; letter-spacing: normal; word-spacing: 0px; vertical-align: baseline; white-space: normal; orphans: 2; widows: 2; font-size-adjust: none; font-stretch: normal; -webkit-text-stroke-width: 0px; text-decoration-style: initial; text-decoration-color: initial;\">Boca: se muestra largo y complejo, muy afrutado con compendio de frutos rojos y fresas reci\u00e9n cogidas. Tiene una buena estructura t\u00e1nica que predice buena vejez.<\/p>\n<p style=\"background: 0px 0px #ffffff; font: 400 13px\/20px 'Open Sans', Helvetica, sans-serif; margin: 0px; padding: 0px; outline: 0px; border: 0px currentColor; border-image: none; color: #666666; text-transform: none; text-indent: 0px; letter-spacing: normal; word-spacing: 0px; vertical-align: baseline; white-space: normal; orphans: 2; widows: 2; font-size-adjust: none; font-stretch: normal; -webkit-text-stroke-width: 0px; text-decoration-style: initial; text-decoration-color: initial;\">Temperatura recomendada: servir a 8-10\u00ba<\/p>\n","protected":false},"excerpt":{"rendered":"<p><a style=\"background: 0px 0px #ffffff; margin: 0px; padding: 0px; outline: 0px; border: 0px currentColor; border-image: none; color: #000000; text-transform: none; text-indent: 0px; letter-spacing: normal; font-family: 'Open Sans', Helvetica, sans-serif; font-size: 13px; font-style: normal; font-weight: 400; text-decoration: none; word-spacing: 0px; vertical-align: baseline; white-space: normal; orphans: 2; widows: 2; font-variant-ligatures: normal; font-variant-caps: normal; -webkit-text-stroke-width: 0px;\" title=\"GARNACHA\" href=\"http:\/\/bodegasochoa.com\/nuestras-uvas\/garnacha\/\">Garnacha<\/a><span style=\"color: #666666; text-transform: none; text-indent: 0px; letter-spacing: normal; font-family: 'Open Sans', Helvetica, sans-serif; font-size: 13px; font-style: normal; font-weight: 400; word-spacing: 0px; float: none; display: inline !important; white-space: normal; orphans: 2; widows: 2; background-color: #ffffff; font-variant-ligatures: normal; font-variant-caps: normal; -webkit-text-stroke-width: 0px; text-decoration-style: initial; text-decoration-color: initial;\">,<span>\u00a0<\/span><\/span><a style=\"background: 0px 0px #ffffff; margin: 0px; padding: 0px; outline: 0px; border: 0px currentColor; border-image: none; color: #000000; text-transform: none; text-indent: 0px; letter-spacing: normal; font-family: 'Open Sans', Helvetica, sans-serif; font-size: 13px; font-style: normal; font-weight: 400; text-decoration: none; word-spacing: 0px; vertical-align: baseline; white-space: normal; orphans: 2; widows: 2; font-variant-ligatures: normal; font-variant-caps: normal; -webkit-text-stroke-width: 0px;\" title=\"CABERNET\" href=\"http:\/\/bodegasochoa.com\/nuestras-uvas\/cabernet\/\">Cabernet Sauvignon<\/a><span style=\"color: #666666; text-transform: none; text-indent: 0px; letter-spacing: normal; font-family: 'Open Sans', Helvetica, sans-serif; font-size: 13px; font-style: normal; font-weight: 400; word-spacing: 0px; float: none; display: inline !important; white-space: normal; orphans: 2; widows: 2; background-color: #ffffff; font-variant-ligatures: normal; font-variant-caps: normal; -webkit-text-stroke-width: 0px; text-decoration-style: initial; text-decoration-color: initial;\"><span>\u00a0<\/span>y<span>\u00a0<\/span><\/span><a style=\"background: 0px 0px #ffffff; margin: 0px; padding: 0px; outline: 0px; border: 0px currentColor; border-image: none; color: #999999; text-transform: none; text-indent: 0px; letter-spacing: normal; font-family: 'Open Sans', Helvetica, sans-serif; font-size: 13px; font-style: normal; font-weight: 400; text-decoration: underline; word-spacing: 0px; vertical-align: baseline; white-space: normal; orphans: 2; widows: 2; font-variant-ligatures: normal; font-variant-caps: normal; -webkit-text-stroke-width: 0px;\" title=\"MERLOT\" href=\"http:\/\/bodegasochoa.com\/nuestras-uvas\/merlot\/\">Merlot<\/a><\/p>\n","protected":false},"featured_media":1375,"comment_status":"open","ping_status":"closed","template":"","meta":[],"product_cat":[94],"product_tag":[],"class_list":{"0":"post-1376","1":"product","2":"type-product","3":"status-publish","4":"has-post-thumbnail","6":"product_cat-bodegas-ochoa","8":"first","9":"outofstock","10":"shipping-taxable","11":"product-type-simple"},"yoast_head":"<!-- This site is optimized with the Yoast SEO plugin v23.3 - https:\/\/yoast.com\/wordpress\/plugins\/seo\/ -->\n<title>Ochoa Rosado de Lagrima - Consigel<\/title>\n<meta name=\"robots\" content=\"index, follow, max-snippet:-1, max-image-preview:large, max-video-preview:-1\" \/>\n<link rel=\"canonical\" href=\"https:\/\/www.consigel.com\/ca\/producte\/ochoa-rosado-de-lagrima\/\" \/>\n<meta property=\"og:locale\" content=\"ca_ES\" \/>\n<meta property=\"og:type\" content=\"article\" \/>\n<meta property=\"og:title\" content=\"Ochoa Rosado de Lagrima - Consigel\" \/>\n<meta property=\"og:description\" content=\"Garnacha,\u00a0Cabernet Sauvignon\u00a0y\u00a0Merlot\" \/>\n<meta property=\"og:url\" content=\"https:\/\/www.consigel.com\/ca\/producte\/ochoa-rosado-de-lagrima\/\" \/>\n<meta property=\"og:site_name\" content=\"Consigel\" \/>\n<meta property=\"og:image\" content=\"https:\/\/www.consigel.com\/wp-content\/uploads\/2018\/01\/1707-thickbox_default-Ochoa-Rosado-de-Lagrima.jpg\" \/>\n\t<meta property=\"og:image:width\" content=\"1200\" \/>\n\t<meta property=\"og:image:height\" content=\"1200\" \/>\n\t<meta property=\"og:image:type\" content=\"image\/jpeg\" \/>\n<meta name=\"twitter:card\" content=\"summary_large_image\" \/>\n<meta name=\"twitter:label1\" content=\"Temps estimat de lectura\" \/>\n\t<meta name=\"twitter:data1\" content=\"1 minut\" \/>\n<script type=\"application\/ld+json\" class=\"yoast-schema-graph\">{\"@context\":\"https:\/\/schema.org\",\"@graph\":[{\"@type\":\"WebPage\",\"@id\":\"https:\/\/www.consigel.com\/ca\/producte\/ochoa-rosado-de-lagrima\/\",\"url\":\"https:\/\/www.consigel.com\/ca\/producte\/ochoa-rosado-de-lagrima\/\",\"name\":\"Ochoa Rosado de Lagrima - Consigel\",\"isPartOf\":{\"@id\":\"https:\/\/www.consigel.com\/ca\/#website\"},\"primaryImageOfPage\":{\"@id\":\"https:\/\/www.consigel.com\/ca\/producte\/ochoa-rosado-de-lagrima\/#primaryimage\"},\"image\":{\"@id\":\"https:\/\/www.consigel.com\/ca\/producte\/ochoa-rosado-de-lagrima\/#primaryimage\"},\"thumbnailUrl\":\"https:\/\/www.consigel.com\/wp-content\/uploads\/2018\/01\/1707-thickbox_default-Ochoa-Rosado-de-Lagrima.jpg\",\"datePublished\":\"2018-01-17T17:49:58+00:00\",\"dateModified\":\"2018-01-17T17:49:58+00:00\",\"breadcrumb\":{\"@id\":\"https:\/\/www.consigel.com\/ca\/producte\/ochoa-rosado-de-lagrima\/#breadcrumb\"},\"inLanguage\":\"ca\",\"potentialAction\":[{\"@type\":\"ReadAction\",\"target\":[\"https:\/\/www.consigel.com\/ca\/producte\/ochoa-rosado-de-lagrima\/\"]}]},{\"@type\":\"ImageObject\",\"inLanguage\":\"ca\",\"@id\":\"https:\/\/www.consigel.com\/ca\/producte\/ochoa-rosado-de-lagrima\/#primaryimage\",\"url\":\"https:\/\/www.consigel.com\/wp-content\/uploads\/2018\/01\/1707-thickbox_default-Ochoa-Rosado-de-Lagrima.jpg\",\"contentUrl\":\"https:\/\/www.consigel.com\/wp-content\/uploads\/2018\/01\/1707-thickbox_default-Ochoa-Rosado-de-Lagrima.jpg\",\"width\":1200,\"height\":1200,\"caption\":\"Ochoa Rosado de Lagrima\"},{\"@type\":\"BreadcrumbList\",\"@id\":\"https:\/\/www.consigel.com\/ca\/producte\/ochoa-rosado-de-lagrima\/#breadcrumb\",\"itemListElement\":[{\"@type\":\"ListItem\",\"position\":1,\"name\":\"Portada\",\"item\":\"https:\/\/www.consigel.com\/ca\/\"},{\"@type\":\"ListItem\",\"position\":2,\"name\":\"Shop\",\"item\":\"https:\/\/www.consigel.com\/ca\/shop\/\"},{\"@type\":\"ListItem\",\"position\":3,\"name\":\"Ochoa Rosado de Lagrima\"}]},{\"@type\":\"WebSite\",\"@id\":\"https:\/\/www.consigel.com\/ca\/#website\",\"url\":\"https:\/\/www.consigel.com\/ca\/\",\"name\":\"Consigel\",\"description\":\"\",\"potentialAction\":[{\"@type\":\"SearchAction\",\"target\":{\"@type\":\"EntryPoint\",\"urlTemplate\":\"https:\/\/www.consigel.com\/ca\/?s={search_term_string}\"},\"query-input\":\"required name=search_term_string\"}],\"inLanguage\":\"ca\"}]}<\/script>\n<!-- \/ Yoast SEO plugin. -->","yoast_head_json":{"title":"Ochoa Rosado de Lagrima - Consigel","robots":{"index":"index","follow":"follow","max-snippet":"max-snippet:-1","max-image-preview":"max-image-preview:large","max-video-preview":"max-video-preview:-1"},"canonical":"https:\/\/www.consigel.com\/ca\/producte\/ochoa-rosado-de-lagrima\/","og_locale":"ca_ES","og_type":"article","og_title":"Ochoa Rosado de Lagrima - Consigel","og_description":"Garnacha,\u00a0Cabernet Sauvignon\u00a0y\u00a0Merlot","og_url":"https:\/\/www.consigel.com\/ca\/producte\/ochoa-rosado-de-lagrima\/","og_site_name":"Consigel","og_image":[{"width":1200,"height":1200,"url":"https:\/\/www.consigel.com\/wp-content\/uploads\/2018\/01\/1707-thickbox_default-Ochoa-Rosado-de-Lagrima.jpg","type":"image\/jpeg"}],"twitter_card":"summary_large_image","twitter_misc":{"Temps estimat de lectura":"1 minut"},"schema":{"@context":"https:\/\/schema.org","@graph":[{"@type":"WebPage","@id":"https:\/\/www.consigel.com\/ca\/producte\/ochoa-rosado-de-lagrima\/","url":"https:\/\/www.consigel.com\/ca\/producte\/ochoa-rosado-de-lagrima\/","name":"Ochoa Rosado de Lagrima - Consigel","isPartOf":{"@id":"https:\/\/www.consigel.com\/ca\/#website"},"primaryImageOfPage":{"@id":"https:\/\/www.consigel.com\/ca\/producte\/ochoa-rosado-de-lagrima\/#primaryimage"},"image":{"@id":"https:\/\/www.consigel.com\/ca\/producte\/ochoa-rosado-de-lagrima\/#primaryimage"},"thumbnailUrl":"https:\/\/www.consigel.com\/wp-content\/uploads\/2018\/01\/1707-thickbox_default-Ochoa-Rosado-de-Lagrima.jpg","datePublished":"2018-01-17T17:49:58+00:00","dateModified":"2018-01-17T17:49:58+00:00","breadcrumb":{"@id":"https:\/\/www.consigel.com\/ca\/producte\/ochoa-rosado-de-lagrima\/#breadcrumb"},"inLanguage":"ca","potentialAction":[{"@type":"ReadAction","target":["https:\/\/www.consigel.com\/ca\/producte\/ochoa-rosado-de-lagrima\/"]}]},{"@type":"ImageObject","inLanguage":"ca","@id":"https:\/\/www.consigel.com\/ca\/producte\/ochoa-rosado-de-lagrima\/#primaryimage","url":"https:\/\/www.consigel.com\/wp-content\/uploads\/2018\/01\/1707-thickbox_default-Ochoa-Rosado-de-Lagrima.jpg","contentUrl":"https:\/\/www.consigel.com\/wp-content\/uploads\/2018\/01\/1707-thickbox_default-Ochoa-Rosado-de-Lagrima.jpg","width":1200,"height":1200,"caption":"Ochoa Rosado de Lagrima"},{"@type":"BreadcrumbList","@id":"https:\/\/www.consigel.com\/ca\/producte\/ochoa-rosado-de-lagrima\/#breadcrumb","itemListElement":[{"@type":"ListItem","position":1,"name":"Portada","item":"https:\/\/www.consigel.com\/ca\/"},{"@type":"ListItem","position":2,"name":"Shop","item":"https:\/\/www.consigel.com\/ca\/shop\/"},{"@type":"ListItem","position":3,"name":"Ochoa Rosado de Lagrima"}]},{"@type":"WebSite","@id":"https:\/\/www.consigel.com\/ca\/#website","url":"https:\/\/www.consigel.com\/ca\/","name":"Consigel","description":"","potentialAction":[{"@type":"SearchAction","target":{"@type":"EntryPoint","urlTemplate":"https:\/\/www.consigel.com\/ca\/?s={search_term_string}"},"query-input":"required name=search_term_string"}],"inLanguage":"ca"}]}},"_links":{"self":[{"href":"https:\/\/www.consigel.com\/ca\/wp-json\/wp\/v2\/product\/1376","targetHints":{"allow":["GET"]}}],"collection":[{"href":"https:\/\/www.consigel.com\/ca\/wp-json\/wp\/v2\/product"}],"about":[{"href":"https:\/\/www.consigel.com\/ca\/wp-json\/wp\/v2\/types\/product"}],"replies":[{"embeddable":true,"href":"https:\/\/www.consigel.com\/ca\/wp-json\/wp\/v2\/comments?post=1376"}],"wp:featuredmedia":[{"embeddable":true,"href":"https:\/\/www.consigel.com\/ca\/wp-json\/wp\/v2\/media\/1375"}],"wp:attachment":[{"href":"https:\/\/www.consigel.com\/ca\/wp-json\/wp\/v2\/media?parent=1376"}],"wp:term":[{"taxonomy":"product_cat","embeddable":true,"href":"https:\/\/www.consigel.com\/ca\/wp-json\/wp\/v2\/product_cat?post=1376"},{"taxonomy":"product_tag","embeddable":true,"href":"https:\/\/www.consigel.com\/ca\/wp-json\/wp\/v2\/product_tag?post=1376"}],"curies":[{"name":"wp","href":"https:\/\/api.w.org\/{rel}","templated":true}]}}