{"id":1356,"date":"2018-01-09T17:53:19","date_gmt":"2018-01-09T17:53:19","guid":{"rendered":"http:\/\/www.consigel.com\/product\/veiga-naum-blanco\/"},"modified":"2024-09-24T14:47:21","modified_gmt":"2024-09-24T14:47:21","slug":"veiga-naum-blanco","status":"publish","type":"product","link":"https:\/\/www.consigel.com\/ca\/producte\/veiga-naum-blanco\/","title":{"rendered":"Veiga Na\u00fam Blanc"},"content":{"rendered":"<p>Varietats de ra\u00efm<\/p>\n<p>100% Albari\u00f1o, procedent de la Vall del Saln\u00e9s.<\/p>\n<p>Notes de cata<br \/>\nColor groc palla amb reflexos daurats i verdosos, brillant. Combina notes fruitals i florals, amb bona intensitat i car\u00e0cter varietal. Sabor: frescor i fruitositat a l&#8217;entrada. Amb un pas amable i perfumat al paladar. Complexa i molt agradable via retronasal que es mant\u00e9 amb persist\u00e8ncia i frag\u00e0ncia.<\/p>\n","protected":false},"excerpt":{"rendered":"<p>Varietats de ra\u00efm 100% Albari\u00f1o, procedent de la Vall del Saln\u00e9s. Notes de cata Color groc palla amb reflexos daurats i verdosos, brillant. Combina notes fruitals i florals, amb bona intensitat i car\u00e0cter varietal. Sabor: frescor i fruitositat a l&#8217;entrada. Amb un pas amable i perfumat al paladar. Complexa i molt agradable via retronasal que [&#8230;]\n","protected":false},"featured_media":1355,"comment_status":"open","ping_status":"closed","template":"","meta":[],"product_cat":[93,43,19],"product_tag":[],"class_list":{"0":"post-1356","1":"product","2":"type-product","3":"status-publish","4":"has-post-thumbnail","6":"product_cat-bodegas-riojanas-do-rias-baixas","7":"product_cat-do-rias-baixas","8":"product_cat-vinos-y-licores","10":"first","11":"outofstock","12":"shipping-taxable","13":"product-type-simple"},"yoast_head":"<!-- This site is optimized with the Yoast SEO plugin v23.3 - https:\/\/yoast.com\/wordpress\/plugins\/seo\/ -->\n<title>Veiga Na\u00fam Blanc - Consigel<\/title>\n<meta name=\"robots\" content=\"index, follow, max-snippet:-1, max-image-preview:large, max-video-preview:-1\" \/>\n<link rel=\"canonical\" href=\"https:\/\/www.consigel.com\/ca\/producte\/veiga-naum-blanco\/\" \/>\n<meta property=\"og:locale\" content=\"ca_ES\" \/>\n<meta property=\"og:type\" content=\"article\" \/>\n<meta property=\"og:title\" content=\"Veiga Na\u00fam Blanc - Consigel\" \/>\n<meta property=\"og:description\" content=\"Varietats de ra\u00efm 100% Albari\u00f1o, procedent de la Vall del Saln\u00e9s. Notes de cata Color groc palla amb reflexos daurats i verdosos, brillant. Combina notes fruitals i florals, amb bona intensitat i car\u00e0cter varietal. Sabor: frescor i fruitositat a l&#8217;entrada. Amb un pas amable i perfumat al paladar. Complexa i molt agradable via retronasal que [...]\" \/>\n<meta property=\"og:url\" content=\"https:\/\/www.consigel.com\/ca\/producte\/veiga-naum-blanco\/\" \/>\n<meta property=\"og:site_name\" content=\"Consigel\" \/>\n<meta property=\"article:modified_time\" content=\"2024-09-24T14:47:21+00:00\" \/>\n<meta property=\"og:image\" content=\"https:\/\/www.consigel.com\/wp-content\/uploads\/2018\/01\/1700-thickbox_default-Veiga-Naum-Blanco.jpg\" \/>\n\t<meta property=\"og:image:width\" content=\"1200\" \/>\n\t<meta property=\"og:image:height\" content=\"1200\" \/>\n\t<meta property=\"og:image:type\" content=\"image\/jpeg\" \/>\n<meta name=\"twitter:card\" content=\"summary_large_image\" \/>\n<meta name=\"twitter:label1\" content=\"Temps estimat de lectura\" \/>\n\t<meta name=\"twitter:data1\" content=\"1 minut\" \/>\n<script type=\"application\/ld+json\" class=\"yoast-schema-graph\">{\"@context\":\"https:\/\/schema.org\",\"@graph\":[{\"@type\":\"WebPage\",\"@id\":\"https:\/\/www.consigel.com\/ca\/producte\/veiga-naum-blanco\/\",\"url\":\"https:\/\/www.consigel.com\/ca\/producte\/veiga-naum-blanco\/\",\"name\":\"Veiga Na\u00fam Blanc - Consigel\",\"isPartOf\":{\"@id\":\"https:\/\/www.consigel.com\/ca\/#website\"},\"primaryImageOfPage\":{\"@id\":\"https:\/\/www.consigel.com\/ca\/producte\/veiga-naum-blanco\/#primaryimage\"},\"image\":{\"@id\":\"https:\/\/www.consigel.com\/ca\/producte\/veiga-naum-blanco\/#primaryimage\"},\"thumbnailUrl\":\"https:\/\/www.consigel.com\/wp-content\/uploads\/2018\/01\/1700-thickbox_default-Veiga-Naum-Blanco.jpg\",\"datePublished\":\"2018-01-09T17:53:19+00:00\",\"dateModified\":\"2024-09-24T14:47:21+00:00\",\"breadcrumb\":{\"@id\":\"https:\/\/www.consigel.com\/ca\/producte\/veiga-naum-blanco\/#breadcrumb\"},\"inLanguage\":\"ca\",\"potentialAction\":[{\"@type\":\"ReadAction\",\"target\":[\"https:\/\/www.consigel.com\/ca\/producte\/veiga-naum-blanco\/\"]}]},{\"@type\":\"ImageObject\",\"inLanguage\":\"ca\",\"@id\":\"https:\/\/www.consigel.com\/ca\/producte\/veiga-naum-blanco\/#primaryimage\",\"url\":\"https:\/\/www.consigel.com\/wp-content\/uploads\/2018\/01\/1700-thickbox_default-Veiga-Naum-Blanco.jpg\",\"contentUrl\":\"https:\/\/www.consigel.com\/wp-content\/uploads\/2018\/01\/1700-thickbox_default-Veiga-Naum-Blanco.jpg\",\"width\":1200,\"height\":1200,\"caption\":\"Veiga Na\u00fam Blanco\"},{\"@type\":\"BreadcrumbList\",\"@id\":\"https:\/\/www.consigel.com\/ca\/producte\/veiga-naum-blanco\/#breadcrumb\",\"itemListElement\":[{\"@type\":\"ListItem\",\"position\":1,\"name\":\"Portada\",\"item\":\"https:\/\/www.consigel.com\/ca\/\"},{\"@type\":\"ListItem\",\"position\":2,\"name\":\"Shop\",\"item\":\"https:\/\/www.consigel.com\/ca\/shop\/\"},{\"@type\":\"ListItem\",\"position\":3,\"name\":\"Veiga Na\u00fam Blanc\"}]},{\"@type\":\"WebSite\",\"@id\":\"https:\/\/www.consigel.com\/ca\/#website\",\"url\":\"https:\/\/www.consigel.com\/ca\/\",\"name\":\"Consigel\",\"description\":\"\",\"potentialAction\":[{\"@type\":\"SearchAction\",\"target\":{\"@type\":\"EntryPoint\",\"urlTemplate\":\"https:\/\/www.consigel.com\/ca\/?s={search_term_string}\"},\"query-input\":\"required name=search_term_string\"}],\"inLanguage\":\"ca\"}]}<\/script>\n<!-- \/ Yoast SEO plugin. -->","yoast_head_json":{"title":"Veiga Na\u00fam Blanc - Consigel","robots":{"index":"index","follow":"follow","max-snippet":"max-snippet:-1","max-image-preview":"max-image-preview:large","max-video-preview":"max-video-preview:-1"},"canonical":"https:\/\/www.consigel.com\/ca\/producte\/veiga-naum-blanco\/","og_locale":"ca_ES","og_type":"article","og_title":"Veiga Na\u00fam Blanc - Consigel","og_description":"Varietats de ra\u00efm 100% Albari\u00f1o, procedent de la Vall del Saln\u00e9s. Notes de cata Color groc palla amb reflexos daurats i verdosos, brillant. Combina notes fruitals i florals, amb bona intensitat i car\u00e0cter varietal. Sabor: frescor i fruitositat a l&#8217;entrada. Amb un pas amable i perfumat al paladar. Complexa i molt agradable via retronasal que [...]","og_url":"https:\/\/www.consigel.com\/ca\/producte\/veiga-naum-blanco\/","og_site_name":"Consigel","article_modified_time":"2024-09-24T14:47:21+00:00","og_image":[{"width":1200,"height":1200,"url":"https:\/\/www.consigel.com\/wp-content\/uploads\/2018\/01\/1700-thickbox_default-Veiga-Naum-Blanco.jpg","type":"image\/jpeg"}],"twitter_card":"summary_large_image","twitter_misc":{"Temps estimat de lectura":"1 minut"},"schema":{"@context":"https:\/\/schema.org","@graph":[{"@type":"WebPage","@id":"https:\/\/www.consigel.com\/ca\/producte\/veiga-naum-blanco\/","url":"https:\/\/www.consigel.com\/ca\/producte\/veiga-naum-blanco\/","name":"Veiga Na\u00fam Blanc - Consigel","isPartOf":{"@id":"https:\/\/www.consigel.com\/ca\/#website"},"primaryImageOfPage":{"@id":"https:\/\/www.consigel.com\/ca\/producte\/veiga-naum-blanco\/#primaryimage"},"image":{"@id":"https:\/\/www.consigel.com\/ca\/producte\/veiga-naum-blanco\/#primaryimage"},"thumbnailUrl":"https:\/\/www.consigel.com\/wp-content\/uploads\/2018\/01\/1700-thickbox_default-Veiga-Naum-Blanco.jpg","datePublished":"2018-01-09T17:53:19+00:00","dateModified":"2024-09-24T14:47:21+00:00","breadcrumb":{"@id":"https:\/\/www.consigel.com\/ca\/producte\/veiga-naum-blanco\/#breadcrumb"},"inLanguage":"ca","potentialAction":[{"@type":"ReadAction","target":["https:\/\/www.consigel.com\/ca\/producte\/veiga-naum-blanco\/"]}]},{"@type":"ImageObject","inLanguage":"ca","@id":"https:\/\/www.consigel.com\/ca\/producte\/veiga-naum-blanco\/#primaryimage","url":"https:\/\/www.consigel.com\/wp-content\/uploads\/2018\/01\/1700-thickbox_default-Veiga-Naum-Blanco.jpg","contentUrl":"https:\/\/www.consigel.com\/wp-content\/uploads\/2018\/01\/1700-thickbox_default-Veiga-Naum-Blanco.jpg","width":1200,"height":1200,"caption":"Veiga Na\u00fam Blanco"},{"@type":"BreadcrumbList","@id":"https:\/\/www.consigel.com\/ca\/producte\/veiga-naum-blanco\/#breadcrumb","itemListElement":[{"@type":"ListItem","position":1,"name":"Portada","item":"https:\/\/www.consigel.com\/ca\/"},{"@type":"ListItem","position":2,"name":"Shop","item":"https:\/\/www.consigel.com\/ca\/shop\/"},{"@type":"ListItem","position":3,"name":"Veiga Na\u00fam Blanc"}]},{"@type":"WebSite","@id":"https:\/\/www.consigel.com\/ca\/#website","url":"https:\/\/www.consigel.com\/ca\/","name":"Consigel","description":"","potentialAction":[{"@type":"SearchAction","target":{"@type":"EntryPoint","urlTemplate":"https:\/\/www.consigel.com\/ca\/?s={search_term_string}"},"query-input":"required name=search_term_string"}],"inLanguage":"ca"}]}},"_links":{"self":[{"href":"https:\/\/www.consigel.com\/ca\/wp-json\/wp\/v2\/product\/1356","targetHints":{"allow":["GET"]}}],"collection":[{"href":"https:\/\/www.consigel.com\/ca\/wp-json\/wp\/v2\/product"}],"about":[{"href":"https:\/\/www.consigel.com\/ca\/wp-json\/wp\/v2\/types\/product"}],"replies":[{"embeddable":true,"href":"https:\/\/www.consigel.com\/ca\/wp-json\/wp\/v2\/comments?post=1356"}],"wp:featuredmedia":[{"embeddable":true,"href":"https:\/\/www.consigel.com\/ca\/wp-json\/wp\/v2\/media\/1355"}],"wp:attachment":[{"href":"https:\/\/www.consigel.com\/ca\/wp-json\/wp\/v2\/media?parent=1356"}],"wp:term":[{"taxonomy":"product_cat","embeddable":true,"href":"https:\/\/www.consigel.com\/ca\/wp-json\/wp\/v2\/product_cat?post=1356"},{"taxonomy":"product_tag","embeddable":true,"href":"https:\/\/www.consigel.com\/ca\/wp-json\/wp\/v2\/product_tag?post=1356"}],"curies":[{"name":"wp","href":"https:\/\/api.w.org\/{rel}","templated":true}]}}