{"id":1352,"date":"2018-01-09T17:49:15","date_gmt":"2018-01-09T17:49:15","guid":{"rendered":"http:\/\/www.consigel.com\/product\/viore-cosecha\/"},"modified":"2018-01-09T17:49:15","modified_gmt":"2018-01-09T17:49:15","slug":"viore-cosecha","status":"publish","type":"product","link":"https:\/\/www.consigel.com\/ca\/producte\/viore-cosecha\/","title":{"rendered":"Viore Cosecha"},"content":{"rendered":"<p style=\"margin: 0px; padding: 0px 0px 10px; color: #666666; text-transform: none; text-indent: 0px; letter-spacing: 0.28px; font-family: Raleway, Arial, Helvetica, sans-serif; font-size: 14px; font-style: normal; font-weight: 500; word-spacing: 0px; white-space: normal; orphans: 2; widows: 2; background-color: #ffffff; font-variant-ligatures: normal; font-variant-caps: normal; -webkit-text-stroke-width: 0px; text-decoration-style: initial; text-decoration-color: initial;\"><strong style=\"font-weight: 600;\">Variedades de uva<\/strong><\/p>\n<p style=\"margin: 0px; padding: 0px 0px 10px; color: #666666; text-transform: none; text-indent: 0px; letter-spacing: 0.28px; font-family: Raleway, Arial, Helvetica, sans-serif; font-size: 14px; font-style: normal; font-weight: 500; word-spacing: 0px; white-space: normal; orphans: 2; widows: 2; background-color: #ffffff; font-variant-ligatures: normal; font-variant-caps: normal; -webkit-text-stroke-width: 0px; text-decoration-style: initial; text-decoration-color: initial;\">Tinta de Toro 100%. Procedente de vi\u00f1edos controlados con bajas densidades de plantaci\u00f3n, unido al terreno y a las favorables condiciones clim\u00e1ticas de la zona disponemos de un fruto excepcional.<\/p>\n<p style=\"margin: 0px; padding: 0px 0px 10px; color: #666666; text-transform: none; text-indent: 0px; letter-spacing: 0.28px; font-family: Raleway, Arial, Helvetica, sans-serif; font-size: 14px; font-style: normal; font-weight: 500; word-spacing: 0px; white-space: normal; orphans: 2; widows: 2; background-color: #ffffff; font-variant-ligatures: normal; font-variant-caps: normal; -webkit-text-stroke-width: 0px; text-decoration-style: initial; text-decoration-color: initial;\"><strong style=\"font-weight: 600;\">Elaboraci\u00f3n<\/strong><\/p>\n<p style=\"margin: 0px; padding: 0px 0px 10px; color: #666666; text-transform: none; text-indent: 0px; letter-spacing: 0.28px; font-family: Raleway, Arial, Helvetica, sans-serif; font-size: 14px; font-style: normal; font-weight: 500; word-spacing: 0px; white-space: normal; orphans: 2; widows: 2; background-color: #ffffff; font-variant-ligatures: normal; font-variant-caps: normal; -webkit-text-stroke-width: 0px; text-decoration-style: initial; text-decoration-color: initial;\">Elaboraci\u00f3n con uvas despalilladas y estrujadas, cortos periodos de maceraci\u00f3n de los hollejos y una fermentaci\u00f3n controlada a baja temperatura, hacen preservar al m\u00e1ximo los aromas y sabores propios del fruto.<\/p>\n<p style=\"margin: 0px; padding: 0px 0px 10px; color: #666666; text-transform: none; text-indent: 0px; letter-spacing: 0.28px; font-family: Raleway, Arial, Helvetica, sans-serif; font-size: 14px; font-style: normal; font-weight: 500; word-spacing: 0px; white-space: normal; orphans: 2; widows: 2; background-color: #ffffff; font-variant-ligatures: normal; font-variant-caps: normal; -webkit-text-stroke-width: 0px; text-decoration-style: initial; text-decoration-color: initial;\"><strong style=\"font-weight: 600;\">Notas de cata<\/strong><\/p>\n<p style=\"margin: 0px; padding: 0px 0px 10px; color: #666666; text-transform: none; text-indent: 0px; letter-spacing: 0.28px; font-family: Raleway, Arial, Helvetica, sans-serif; font-size: 14px; font-style: normal; font-weight: 500; word-spacing: 0px; white-space: normal; orphans: 2; widows: 2; background-color: #ffffff; font-variant-ligatures: normal; font-variant-caps: normal; -webkit-text-stroke-width: 0px; text-decoration-style: initial; text-decoration-color: initial;\">Color cereza picota intenso de bonitos tonos viol\u00e1ceos. Aromas conjuntados de frutillas negras, moras, ar\u00e1ndanos con una sutil nota de flor de violeta. En bocas es carnoso, afrutado, con una punta de frescor que lo hace muy agradable. Final largo y persistente.<\/p>\n","protected":false},"excerpt":{"rendered":"<p>Variedades de uva Tinta de Toro 100%. Procedente de vi\u00f1edos controlados con bajas densidades de plantaci\u00f3n, unido al terreno y a las favorables condiciones clim\u00e1ticas de la zona disponemos de un fruto excepcional. Elaboraci\u00f3n Elaboraci\u00f3n con uvas despalilladas y estrujadas, cortos periodos de maceraci\u00f3n de los hollejos y una fermentaci\u00f3n controlada a baja temperatura, hacen [&#8230;]\n","protected":false},"featured_media":1351,"comment_status":"open","ping_status":"closed","template":"","meta":[],"product_cat":[92,29,19],"product_tag":[],"class_list":{"0":"post-1352","1":"product","2":"type-product","3":"status-publish","4":"has-post-thumbnail","6":"product_cat-bodegas-riojanas-do-toro","7":"product_cat-do-toro","8":"product_cat-vinos-y-licores","10":"first","11":"outofstock","12":"shipping-taxable","13":"product-type-simple"},"yoast_head":"<!-- This site is optimized with the Yoast SEO plugin v23.3 - https:\/\/yoast.com\/wordpress\/plugins\/seo\/ -->\n<title>Viore Cosecha - Consigel<\/title>\n<meta name=\"robots\" content=\"index, follow, max-snippet:-1, max-image-preview:large, max-video-preview:-1\" \/>\n<link rel=\"canonical\" href=\"https:\/\/www.consigel.com\/ca\/producte\/viore-cosecha\/\" \/>\n<meta property=\"og:locale\" content=\"ca_ES\" \/>\n<meta property=\"og:type\" content=\"article\" \/>\n<meta property=\"og:title\" content=\"Viore Cosecha - Consigel\" \/>\n<meta property=\"og:description\" content=\"Variedades de uva Tinta de Toro 100%. Procedente de vi\u00f1edos controlados con bajas densidades de plantaci\u00f3n, unido al terreno y a las favorables condiciones clim\u00e1ticas de la zona disponemos de un fruto excepcional. Elaboraci\u00f3n Elaboraci\u00f3n con uvas despalilladas y estrujadas, cortos periodos de maceraci\u00f3n de los hollejos y una fermentaci\u00f3n controlada a baja temperatura, hacen [...]\" \/>\n<meta property=\"og:url\" content=\"https:\/\/www.consigel.com\/ca\/producte\/viore-cosecha\/\" \/>\n<meta property=\"og:site_name\" content=\"Consigel\" \/>\n<meta property=\"og:image\" content=\"https:\/\/www.consigel.com\/wp-content\/uploads\/2018\/01\/1698-thickbox_default-Viore-Cosecha.jpg\" \/>\n\t<meta property=\"og:image:width\" content=\"1200\" \/>\n\t<meta property=\"og:image:height\" content=\"1200\" \/>\n\t<meta property=\"og:image:type\" content=\"image\/jpeg\" \/>\n<meta name=\"twitter:card\" content=\"summary_large_image\" \/>\n<meta name=\"twitter:label1\" content=\"Temps estimat de lectura\" \/>\n\t<meta name=\"twitter:data1\" content=\"1 minut\" \/>\n<script type=\"application\/ld+json\" class=\"yoast-schema-graph\">{\"@context\":\"https:\/\/schema.org\",\"@graph\":[{\"@type\":\"WebPage\",\"@id\":\"https:\/\/www.consigel.com\/ca\/producte\/viore-cosecha\/\",\"url\":\"https:\/\/www.consigel.com\/ca\/producte\/viore-cosecha\/\",\"name\":\"Viore Cosecha - Consigel\",\"isPartOf\":{\"@id\":\"https:\/\/www.consigel.com\/ca\/#website\"},\"primaryImageOfPage\":{\"@id\":\"https:\/\/www.consigel.com\/ca\/producte\/viore-cosecha\/#primaryimage\"},\"image\":{\"@id\":\"https:\/\/www.consigel.com\/ca\/producte\/viore-cosecha\/#primaryimage\"},\"thumbnailUrl\":\"https:\/\/www.consigel.com\/wp-content\/uploads\/2018\/01\/1698-thickbox_default-Viore-Cosecha.jpg\",\"datePublished\":\"2018-01-09T17:49:15+00:00\",\"dateModified\":\"2018-01-09T17:49:15+00:00\",\"breadcrumb\":{\"@id\":\"https:\/\/www.consigel.com\/ca\/producte\/viore-cosecha\/#breadcrumb\"},\"inLanguage\":\"ca\",\"potentialAction\":[{\"@type\":\"ReadAction\",\"target\":[\"https:\/\/www.consigel.com\/ca\/producte\/viore-cosecha\/\"]}]},{\"@type\":\"ImageObject\",\"inLanguage\":\"ca\",\"@id\":\"https:\/\/www.consigel.com\/ca\/producte\/viore-cosecha\/#primaryimage\",\"url\":\"https:\/\/www.consigel.com\/wp-content\/uploads\/2018\/01\/1698-thickbox_default-Viore-Cosecha.jpg\",\"contentUrl\":\"https:\/\/www.consigel.com\/wp-content\/uploads\/2018\/01\/1698-thickbox_default-Viore-Cosecha.jpg\",\"width\":1200,\"height\":1200,\"caption\":\"Viore Cosecha\"},{\"@type\":\"BreadcrumbList\",\"@id\":\"https:\/\/www.consigel.com\/ca\/producte\/viore-cosecha\/#breadcrumb\",\"itemListElement\":[{\"@type\":\"ListItem\",\"position\":1,\"name\":\"Portada\",\"item\":\"https:\/\/www.consigel.com\/ca\/\"},{\"@type\":\"ListItem\",\"position\":2,\"name\":\"Shop\",\"item\":\"https:\/\/www.consigel.com\/ca\/shop\/\"},{\"@type\":\"ListItem\",\"position\":3,\"name\":\"Viore Cosecha\"}]},{\"@type\":\"WebSite\",\"@id\":\"https:\/\/www.consigel.com\/ca\/#website\",\"url\":\"https:\/\/www.consigel.com\/ca\/\",\"name\":\"Consigel\",\"description\":\"\",\"potentialAction\":[{\"@type\":\"SearchAction\",\"target\":{\"@type\":\"EntryPoint\",\"urlTemplate\":\"https:\/\/www.consigel.com\/ca\/?s={search_term_string}\"},\"query-input\":\"required name=search_term_string\"}],\"inLanguage\":\"ca\"}]}<\/script>\n<!-- \/ Yoast SEO plugin. -->","yoast_head_json":{"title":"Viore Cosecha - Consigel","robots":{"index":"index","follow":"follow","max-snippet":"max-snippet:-1","max-image-preview":"max-image-preview:large","max-video-preview":"max-video-preview:-1"},"canonical":"https:\/\/www.consigel.com\/ca\/producte\/viore-cosecha\/","og_locale":"ca_ES","og_type":"article","og_title":"Viore Cosecha - Consigel","og_description":"Variedades de uva Tinta de Toro 100%. Procedente de vi\u00f1edos controlados con bajas densidades de plantaci\u00f3n, unido al terreno y a las favorables condiciones clim\u00e1ticas de la zona disponemos de un fruto excepcional. Elaboraci\u00f3n Elaboraci\u00f3n con uvas despalilladas y estrujadas, cortos periodos de maceraci\u00f3n de los hollejos y una fermentaci\u00f3n controlada a baja temperatura, hacen [...]","og_url":"https:\/\/www.consigel.com\/ca\/producte\/viore-cosecha\/","og_site_name":"Consigel","og_image":[{"width":1200,"height":1200,"url":"https:\/\/www.consigel.com\/wp-content\/uploads\/2018\/01\/1698-thickbox_default-Viore-Cosecha.jpg","type":"image\/jpeg"}],"twitter_card":"summary_large_image","twitter_misc":{"Temps estimat de lectura":"1 minut"},"schema":{"@context":"https:\/\/schema.org","@graph":[{"@type":"WebPage","@id":"https:\/\/www.consigel.com\/ca\/producte\/viore-cosecha\/","url":"https:\/\/www.consigel.com\/ca\/producte\/viore-cosecha\/","name":"Viore Cosecha - Consigel","isPartOf":{"@id":"https:\/\/www.consigel.com\/ca\/#website"},"primaryImageOfPage":{"@id":"https:\/\/www.consigel.com\/ca\/producte\/viore-cosecha\/#primaryimage"},"image":{"@id":"https:\/\/www.consigel.com\/ca\/producte\/viore-cosecha\/#primaryimage"},"thumbnailUrl":"https:\/\/www.consigel.com\/wp-content\/uploads\/2018\/01\/1698-thickbox_default-Viore-Cosecha.jpg","datePublished":"2018-01-09T17:49:15+00:00","dateModified":"2018-01-09T17:49:15+00:00","breadcrumb":{"@id":"https:\/\/www.consigel.com\/ca\/producte\/viore-cosecha\/#breadcrumb"},"inLanguage":"ca","potentialAction":[{"@type":"ReadAction","target":["https:\/\/www.consigel.com\/ca\/producte\/viore-cosecha\/"]}]},{"@type":"ImageObject","inLanguage":"ca","@id":"https:\/\/www.consigel.com\/ca\/producte\/viore-cosecha\/#primaryimage","url":"https:\/\/www.consigel.com\/wp-content\/uploads\/2018\/01\/1698-thickbox_default-Viore-Cosecha.jpg","contentUrl":"https:\/\/www.consigel.com\/wp-content\/uploads\/2018\/01\/1698-thickbox_default-Viore-Cosecha.jpg","width":1200,"height":1200,"caption":"Viore Cosecha"},{"@type":"BreadcrumbList","@id":"https:\/\/www.consigel.com\/ca\/producte\/viore-cosecha\/#breadcrumb","itemListElement":[{"@type":"ListItem","position":1,"name":"Portada","item":"https:\/\/www.consigel.com\/ca\/"},{"@type":"ListItem","position":2,"name":"Shop","item":"https:\/\/www.consigel.com\/ca\/shop\/"},{"@type":"ListItem","position":3,"name":"Viore Cosecha"}]},{"@type":"WebSite","@id":"https:\/\/www.consigel.com\/ca\/#website","url":"https:\/\/www.consigel.com\/ca\/","name":"Consigel","description":"","potentialAction":[{"@type":"SearchAction","target":{"@type":"EntryPoint","urlTemplate":"https:\/\/www.consigel.com\/ca\/?s={search_term_string}"},"query-input":"required name=search_term_string"}],"inLanguage":"ca"}]}},"_links":{"self":[{"href":"https:\/\/www.consigel.com\/ca\/wp-json\/wp\/v2\/product\/1352","targetHints":{"allow":["GET"]}}],"collection":[{"href":"https:\/\/www.consigel.com\/ca\/wp-json\/wp\/v2\/product"}],"about":[{"href":"https:\/\/www.consigel.com\/ca\/wp-json\/wp\/v2\/types\/product"}],"replies":[{"embeddable":true,"href":"https:\/\/www.consigel.com\/ca\/wp-json\/wp\/v2\/comments?post=1352"}],"wp:featuredmedia":[{"embeddable":true,"href":"https:\/\/www.consigel.com\/ca\/wp-json\/wp\/v2\/media\/1351"}],"wp:attachment":[{"href":"https:\/\/www.consigel.com\/ca\/wp-json\/wp\/v2\/media?parent=1352"}],"wp:term":[{"taxonomy":"product_cat","embeddable":true,"href":"https:\/\/www.consigel.com\/ca\/wp-json\/wp\/v2\/product_cat?post=1352"},{"taxonomy":"product_tag","embeddable":true,"href":"https:\/\/www.consigel.com\/ca\/wp-json\/wp\/v2\/product_tag?post=1352"}],"curies":[{"name":"wp","href":"https:\/\/api.w.org\/{rel}","templated":true}]}}