{"id":1350,"date":"2018-01-09T17:48:17","date_gmt":"2018-01-09T17:48:17","guid":{"rendered":"http:\/\/www.consigel.com\/product\/viore-cranza\/"},"modified":"2018-01-09T17:48:17","modified_gmt":"2018-01-09T17:48:17","slug":"viore-cranza","status":"publish","type":"product","link":"https:\/\/www.consigel.com\/ca\/producte\/viore-cranza\/","title":{"rendered":"Viore Crianza"},"content":{"rendered":"<p style=\"margin: 0px; padding: 0px 0px 10px; color: #666666; text-transform: none; text-indent: 0px; letter-spacing: 0.28px; font-family: Raleway, Arial, Helvetica, sans-serif; font-size: 14px; font-style: normal; font-weight: 500; word-spacing: 0px; white-space: normal; orphans: 2; widows: 2; background-color: #ffffff; font-variant-ligatures: normal; font-variant-caps: normal; -webkit-text-stroke-width: 0px; text-decoration-style: initial; text-decoration-color: initial;\"><strong style=\"font-weight: 600;\">Variedades de uva<\/strong><\/p>\n<p style=\"margin: 0px; padding: 0px 0px 10px; color: #666666; text-transform: none; text-indent: 0px; letter-spacing: 0.28px; font-family: Raleway, Arial, Helvetica, sans-serif; font-size: 14px; font-style: normal; font-weight: 500; word-spacing: 0px; white-space: normal; orphans: 2; widows: 2; background-color: #ffffff; font-variant-ligatures: normal; font-variant-caps: normal; -webkit-text-stroke-width: 0px; text-decoration-style: initial; text-decoration-color: initial;\">Tinta de Toro 100%. Procedente de vi\u00f1edos con plantaciones directas de sarmientos de \u201cVitis vin\u00edfera\u201d, bajas densidades de cepas, poca producci\u00f3n y gran rusticidad.<\/p>\n<p style=\"margin: 0px; padding: 0px 0px 10px; color: #666666; text-transform: none; text-indent: 0px; letter-spacing: 0.28px; font-family: Raleway, Arial, Helvetica, sans-serif; font-size: 14px; font-style: normal; font-weight: 500; word-spacing: 0px; white-space: normal; orphans: 2; widows: 2; background-color: #ffffff; font-variant-ligatures: normal; font-variant-caps: normal; -webkit-text-stroke-width: 0px; text-decoration-style: initial; text-decoration-color: initial;\"><strong style=\"font-weight: 600;\">Elaboraci\u00f3n<\/strong><\/p>\n<p style=\"margin: 0px; padding: 0px 0px 10px; color: #666666; text-transform: none; text-indent: 0px; letter-spacing: 0.28px; font-family: Raleway, Arial, Helvetica, sans-serif; font-size: 14px; font-style: normal; font-weight: 500; word-spacing: 0px; white-space: normal; orphans: 2; widows: 2; background-color: #ffffff; font-variant-ligatures: normal; font-variant-caps: normal; -webkit-text-stroke-width: 0px; text-decoration-style: initial; text-decoration-color: initial;\">Elaboraci\u00f3n cl\u00e1sica con uvas despalilladas y estrujadas, fermentaci\u00f3n controlada con maceraciones largas que permiten obtener una buena estructura resaltando su natural personalidad y una evoluci\u00f3n positiva a lo largo del tiempo. Crianza de nueve meses en barrica de roble americano y seis meses en reposo en botella madurando, buscando resaltar su complejidad y redondez en su cata.<\/p>\n<p style=\"margin: 0px; padding: 0px 0px 10px; color: #666666; text-transform: none; text-indent: 0px; letter-spacing: 0.28px; font-family: Raleway, Arial, Helvetica, sans-serif; font-size: 14px; font-style: normal; font-weight: 500; word-spacing: 0px; white-space: normal; orphans: 2; widows: 2; background-color: #ffffff; font-variant-ligatures: normal; font-variant-caps: normal; -webkit-text-stroke-width: 0px; text-decoration-style: initial; text-decoration-color: initial;\"><strong style=\"font-weight: 600;\">Notas de cata<\/strong><\/p>\n<p style=\"margin: 0px; padding: 0px 0px 10px; color: #666666; text-transform: none; text-indent: 0px; letter-spacing: 0.28px; font-family: Raleway, Arial, Helvetica, sans-serif; font-size: 14px; font-style: normal; font-weight: 500; word-spacing: 0px; white-space: normal; orphans: 2; widows: 2; background-color: #ffffff; font-variant-ligatures: normal; font-variant-caps: normal; -webkit-text-stroke-width: 0px; text-decoration-style: initial; text-decoration-color: initial;\">Color cereza intenso con bordes granates. Rico en matices con aromas potentes, vinoso, notas de roble acompa\u00f1an sin olvidar los de la uva madura. En boca es c\u00e1lido, carnoso, con cuerpo, con contundentes taninos aunque bien pulidos y dulcificados. Final sabroso y redondo, con gran persistencia. Un vino aut\u00f3ctono en la tendencia actual.<\/p>\n","protected":false},"excerpt":{"rendered":"<p>Tinta de Toro 100%.<\/p>\n","protected":false},"featured_media":1349,"comment_status":"open","ping_status":"closed","template":"","meta":[],"product_cat":[92,29,19],"product_tag":[],"class_list":{"0":"post-1350","1":"product","2":"type-product","3":"status-publish","4":"has-post-thumbnail","6":"product_cat-bodegas-riojanas-do-toro","7":"product_cat-do-toro","8":"product_cat-vinos-y-licores","10":"first","11":"outofstock","12":"shipping-taxable","13":"product-type-simple"},"yoast_head":"<!-- This site is optimized with the Yoast SEO plugin v23.3 - https:\/\/yoast.com\/wordpress\/plugins\/seo\/ -->\n<title>Viore Crianza - Consigel<\/title>\n<meta name=\"robots\" content=\"index, follow, max-snippet:-1, max-image-preview:large, max-video-preview:-1\" \/>\n<link rel=\"canonical\" href=\"https:\/\/www.consigel.com\/ca\/producte\/viore-cranza\/\" \/>\n<meta property=\"og:locale\" content=\"ca_ES\" \/>\n<meta property=\"og:type\" content=\"article\" \/>\n<meta property=\"og:title\" content=\"Viore Crianza - Consigel\" \/>\n<meta property=\"og:description\" content=\"Tinta de Toro 100%.\" \/>\n<meta property=\"og:url\" content=\"https:\/\/www.consigel.com\/ca\/producte\/viore-cranza\/\" \/>\n<meta property=\"og:site_name\" content=\"Consigel\" \/>\n<meta property=\"og:image\" content=\"https:\/\/www.consigel.com\/wp-content\/uploads\/2018\/01\/1697-thickbox_default-Viore-Crianza.jpg\" \/>\n\t<meta property=\"og:image:width\" content=\"1200\" \/>\n\t<meta property=\"og:image:height\" content=\"1200\" \/>\n\t<meta property=\"og:image:type\" content=\"image\/jpeg\" \/>\n<meta name=\"twitter:card\" content=\"summary_large_image\" \/>\n<meta name=\"twitter:label1\" content=\"Temps estimat de lectura\" \/>\n\t<meta name=\"twitter:data1\" content=\"1 minut\" \/>\n<script type=\"application\/ld+json\" class=\"yoast-schema-graph\">{\"@context\":\"https:\/\/schema.org\",\"@graph\":[{\"@type\":\"WebPage\",\"@id\":\"https:\/\/www.consigel.com\/ca\/producte\/viore-cranza\/\",\"url\":\"https:\/\/www.consigel.com\/ca\/producte\/viore-cranza\/\",\"name\":\"Viore Crianza - Consigel\",\"isPartOf\":{\"@id\":\"https:\/\/www.consigel.com\/ca\/#website\"},\"primaryImageOfPage\":{\"@id\":\"https:\/\/www.consigel.com\/ca\/producte\/viore-cranza\/#primaryimage\"},\"image\":{\"@id\":\"https:\/\/www.consigel.com\/ca\/producte\/viore-cranza\/#primaryimage\"},\"thumbnailUrl\":\"https:\/\/www.consigel.com\/wp-content\/uploads\/2018\/01\/1697-thickbox_default-Viore-Crianza.jpg\",\"datePublished\":\"2018-01-09T17:48:17+00:00\",\"dateModified\":\"2018-01-09T17:48:17+00:00\",\"breadcrumb\":{\"@id\":\"https:\/\/www.consigel.com\/ca\/producte\/viore-cranza\/#breadcrumb\"},\"inLanguage\":\"ca\",\"potentialAction\":[{\"@type\":\"ReadAction\",\"target\":[\"https:\/\/www.consigel.com\/ca\/producte\/viore-cranza\/\"]}]},{\"@type\":\"ImageObject\",\"inLanguage\":\"ca\",\"@id\":\"https:\/\/www.consigel.com\/ca\/producte\/viore-cranza\/#primaryimage\",\"url\":\"https:\/\/www.consigel.com\/wp-content\/uploads\/2018\/01\/1697-thickbox_default-Viore-Crianza.jpg\",\"contentUrl\":\"https:\/\/www.consigel.com\/wp-content\/uploads\/2018\/01\/1697-thickbox_default-Viore-Crianza.jpg\",\"width\":1200,\"height\":1200,\"caption\":\"Viore Crianza\"},{\"@type\":\"BreadcrumbList\",\"@id\":\"https:\/\/www.consigel.com\/ca\/producte\/viore-cranza\/#breadcrumb\",\"itemListElement\":[{\"@type\":\"ListItem\",\"position\":1,\"name\":\"Portada\",\"item\":\"https:\/\/www.consigel.com\/ca\/\"},{\"@type\":\"ListItem\",\"position\":2,\"name\":\"Shop\",\"item\":\"https:\/\/www.consigel.com\/ca\/shop\/\"},{\"@type\":\"ListItem\",\"position\":3,\"name\":\"Viore Crianza\"}]},{\"@type\":\"WebSite\",\"@id\":\"https:\/\/www.consigel.com\/ca\/#website\",\"url\":\"https:\/\/www.consigel.com\/ca\/\",\"name\":\"Consigel\",\"description\":\"\",\"potentialAction\":[{\"@type\":\"SearchAction\",\"target\":{\"@type\":\"EntryPoint\",\"urlTemplate\":\"https:\/\/www.consigel.com\/ca\/?s={search_term_string}\"},\"query-input\":\"required name=search_term_string\"}],\"inLanguage\":\"ca\"}]}<\/script>\n<!-- \/ Yoast SEO plugin. -->","yoast_head_json":{"title":"Viore Crianza - Consigel","robots":{"index":"index","follow":"follow","max-snippet":"max-snippet:-1","max-image-preview":"max-image-preview:large","max-video-preview":"max-video-preview:-1"},"canonical":"https:\/\/www.consigel.com\/ca\/producte\/viore-cranza\/","og_locale":"ca_ES","og_type":"article","og_title":"Viore Crianza - Consigel","og_description":"Tinta de Toro 100%.","og_url":"https:\/\/www.consigel.com\/ca\/producte\/viore-cranza\/","og_site_name":"Consigel","og_image":[{"width":1200,"height":1200,"url":"https:\/\/www.consigel.com\/wp-content\/uploads\/2018\/01\/1697-thickbox_default-Viore-Crianza.jpg","type":"image\/jpeg"}],"twitter_card":"summary_large_image","twitter_misc":{"Temps estimat de lectura":"1 minut"},"schema":{"@context":"https:\/\/schema.org","@graph":[{"@type":"WebPage","@id":"https:\/\/www.consigel.com\/ca\/producte\/viore-cranza\/","url":"https:\/\/www.consigel.com\/ca\/producte\/viore-cranza\/","name":"Viore Crianza - Consigel","isPartOf":{"@id":"https:\/\/www.consigel.com\/ca\/#website"},"primaryImageOfPage":{"@id":"https:\/\/www.consigel.com\/ca\/producte\/viore-cranza\/#primaryimage"},"image":{"@id":"https:\/\/www.consigel.com\/ca\/producte\/viore-cranza\/#primaryimage"},"thumbnailUrl":"https:\/\/www.consigel.com\/wp-content\/uploads\/2018\/01\/1697-thickbox_default-Viore-Crianza.jpg","datePublished":"2018-01-09T17:48:17+00:00","dateModified":"2018-01-09T17:48:17+00:00","breadcrumb":{"@id":"https:\/\/www.consigel.com\/ca\/producte\/viore-cranza\/#breadcrumb"},"inLanguage":"ca","potentialAction":[{"@type":"ReadAction","target":["https:\/\/www.consigel.com\/ca\/producte\/viore-cranza\/"]}]},{"@type":"ImageObject","inLanguage":"ca","@id":"https:\/\/www.consigel.com\/ca\/producte\/viore-cranza\/#primaryimage","url":"https:\/\/www.consigel.com\/wp-content\/uploads\/2018\/01\/1697-thickbox_default-Viore-Crianza.jpg","contentUrl":"https:\/\/www.consigel.com\/wp-content\/uploads\/2018\/01\/1697-thickbox_default-Viore-Crianza.jpg","width":1200,"height":1200,"caption":"Viore Crianza"},{"@type":"BreadcrumbList","@id":"https:\/\/www.consigel.com\/ca\/producte\/viore-cranza\/#breadcrumb","itemListElement":[{"@type":"ListItem","position":1,"name":"Portada","item":"https:\/\/www.consigel.com\/ca\/"},{"@type":"ListItem","position":2,"name":"Shop","item":"https:\/\/www.consigel.com\/ca\/shop\/"},{"@type":"ListItem","position":3,"name":"Viore Crianza"}]},{"@type":"WebSite","@id":"https:\/\/www.consigel.com\/ca\/#website","url":"https:\/\/www.consigel.com\/ca\/","name":"Consigel","description":"","potentialAction":[{"@type":"SearchAction","target":{"@type":"EntryPoint","urlTemplate":"https:\/\/www.consigel.com\/ca\/?s={search_term_string}"},"query-input":"required name=search_term_string"}],"inLanguage":"ca"}]}},"_links":{"self":[{"href":"https:\/\/www.consigel.com\/ca\/wp-json\/wp\/v2\/product\/1350","targetHints":{"allow":["GET"]}}],"collection":[{"href":"https:\/\/www.consigel.com\/ca\/wp-json\/wp\/v2\/product"}],"about":[{"href":"https:\/\/www.consigel.com\/ca\/wp-json\/wp\/v2\/types\/product"}],"replies":[{"embeddable":true,"href":"https:\/\/www.consigel.com\/ca\/wp-json\/wp\/v2\/comments?post=1350"}],"wp:featuredmedia":[{"embeddable":true,"href":"https:\/\/www.consigel.com\/ca\/wp-json\/wp\/v2\/media\/1349"}],"wp:attachment":[{"href":"https:\/\/www.consigel.com\/ca\/wp-json\/wp\/v2\/media?parent=1350"}],"wp:term":[{"taxonomy":"product_cat","embeddable":true,"href":"https:\/\/www.consigel.com\/ca\/wp-json\/wp\/v2\/product_cat?post=1350"},{"taxonomy":"product_tag","embeddable":true,"href":"https:\/\/www.consigel.com\/ca\/wp-json\/wp\/v2\/product_tag?post=1350"}],"curies":[{"name":"wp","href":"https:\/\/api.w.org\/{rel}","templated":true}]}}