{"id":1348,"date":"2018-01-09T17:46:17","date_gmt":"2018-01-09T17:46:17","guid":{"rendered":"http:\/\/www.consigel.com\/product\/vina-albina-blanco-semi-dulce\/"},"modified":"2018-01-09T17:46:17","modified_gmt":"2018-01-09T17:46:17","slug":"vina-albina-blanco-semi-dulce","status":"publish","type":"product","link":"https:\/\/www.consigel.com\/ca\/producte\/vina-albina-blanco-semi-dulce\/","title":{"rendered":"Vi\u00f1a Albina Blanco Semi Dulce"},"content":{"rendered":"<p style=\"margin: 0px; padding: 0px 0px 10px; color: #666666; text-transform: none; text-indent: 0px; letter-spacing: 0.28px; font-family: Raleway, Arial, Helvetica, sans-serif; font-size: 14px; font-style: normal; font-weight: 500; word-spacing: 0px; white-space: normal; orphans: 2; widows: 2; background-color: #ffffff; font-variant-ligatures: normal; font-variant-caps: normal; -webkit-text-stroke-width: 0px; text-decoration-style: initial; text-decoration-color: initial;\"><strong style=\"font-weight: 600;\">Varidades de uva<\/strong><\/p>\n<p style=\"margin: 0px; padding: 0px 0px 10px; color: #666666; text-transform: none; text-indent: 0px; letter-spacing: 0.28px; font-family: Raleway, Arial, Helvetica, sans-serif; font-size: 14px; font-style: normal; font-weight: 500; word-spacing: 0px; white-space: normal; orphans: 2; widows: 2; background-color: #ffffff; font-variant-ligatures: normal; font-variant-caps: normal; -webkit-text-stroke-width: 0px; text-decoration-style: initial; text-decoration-color: initial;\">90% Viura, 10% Malvas\u00eda de Rioja. Procedentes de Cenicero.<\/p>\n<p style=\"margin: 0px; padding: 0px 0px 10px; color: #666666; text-transform: none; text-indent: 0px; letter-spacing: 0.28px; font-family: Raleway, Arial, Helvetica, sans-serif; font-size: 14px; font-style: normal; font-weight: 500; word-spacing: 0px; white-space: normal; orphans: 2; widows: 2; background-color: #ffffff; font-variant-ligatures: normal; font-variant-caps: normal; -webkit-text-stroke-width: 0px; text-decoration-style: initial; text-decoration-color: initial;\"><strong style=\"font-weight: 600;\">Notas de cata<\/strong><\/p>\n<p style=\"margin: 0px; padding: 0px 0px 10px; color: #666666; text-transform: none; text-indent: 0px; letter-spacing: 0.28px; font-family: Raleway, Arial, Helvetica, sans-serif; font-size: 14px; font-style: normal; font-weight: 500; word-spacing: 0px; white-space: normal; orphans: 2; widows: 2; background-color: #ffffff; font-variant-ligatures: normal; font-variant-caps: normal; -webkit-text-stroke-width: 0px; text-decoration-style: initial; text-decoration-color: initial;\">Color amarillo verdoso con tonos dorados. Aroma muy personal, variado y varietal. Su secreto est\u00e1 en el equilibrio del az\u00facar contra la acidez en su contenido natural que le confiere car\u00e1cter y encanto, discreta dulzura con aut\u00e9ntica fragancia.<\/p>\n","protected":false},"excerpt":{"rendered":"<p>90% Viura, 10% Malvas\u00eda de Rioja. Procedentes de Cenicero<\/p>\n","protected":false},"featured_media":1347,"comment_status":"open","ping_status":"closed","template":"","meta":[],"product_cat":[80,33,19],"product_tag":[],"class_list":{"0":"post-1348","1":"product","2":"type-product","3":"status-publish","4":"has-post-thumbnail","6":"product_cat-bodegas-riojanas","7":"product_cat-do-rioja","8":"product_cat-vinos-y-licores","10":"first","11":"outofstock","12":"shipping-taxable","13":"product-type-simple"},"yoast_head":"<!-- This site is optimized with the Yoast SEO plugin v23.3 - https:\/\/yoast.com\/wordpress\/plugins\/seo\/ -->\n<title>Vi\u00f1a Albina Blanco Semi Dulce - Consigel<\/title>\n<meta name=\"robots\" content=\"index, follow, max-snippet:-1, max-image-preview:large, max-video-preview:-1\" \/>\n<link rel=\"canonical\" href=\"https:\/\/www.consigel.com\/ca\/producte\/vina-albina-blanco-semi-dulce\/\" \/>\n<meta property=\"og:locale\" content=\"ca_ES\" \/>\n<meta property=\"og:type\" content=\"article\" \/>\n<meta property=\"og:title\" content=\"Vi\u00f1a Albina Blanco Semi Dulce - Consigel\" \/>\n<meta property=\"og:description\" content=\"90% Viura, 10% Malvas\u00eda de Rioja. Procedentes de Cenicero\" \/>\n<meta property=\"og:url\" content=\"https:\/\/www.consigel.com\/ca\/producte\/vina-albina-blanco-semi-dulce\/\" \/>\n<meta property=\"og:site_name\" content=\"Consigel\" \/>\n<meta property=\"og:image\" content=\"https:\/\/www.consigel.com\/wp-content\/uploads\/2018\/01\/1696-thickbox_default-Vina-Albina-Blanco-Semi-Dulce.jpg\" \/>\n\t<meta property=\"og:image:width\" content=\"1200\" \/>\n\t<meta property=\"og:image:height\" content=\"1200\" \/>\n\t<meta property=\"og:image:type\" content=\"image\/jpeg\" \/>\n<meta name=\"twitter:card\" content=\"summary_large_image\" \/>\n<script type=\"application\/ld+json\" class=\"yoast-schema-graph\">{\"@context\":\"https:\/\/schema.org\",\"@graph\":[{\"@type\":\"WebPage\",\"@id\":\"https:\/\/www.consigel.com\/ca\/producte\/vina-albina-blanco-semi-dulce\/\",\"url\":\"https:\/\/www.consigel.com\/ca\/producte\/vina-albina-blanco-semi-dulce\/\",\"name\":\"Vi\u00f1a Albina Blanco Semi Dulce - Consigel\",\"isPartOf\":{\"@id\":\"https:\/\/www.consigel.com\/ca\/#website\"},\"primaryImageOfPage\":{\"@id\":\"https:\/\/www.consigel.com\/ca\/producte\/vina-albina-blanco-semi-dulce\/#primaryimage\"},\"image\":{\"@id\":\"https:\/\/www.consigel.com\/ca\/producte\/vina-albina-blanco-semi-dulce\/#primaryimage\"},\"thumbnailUrl\":\"https:\/\/www.consigel.com\/wp-content\/uploads\/2018\/01\/1696-thickbox_default-Vina-Albina-Blanco-Semi-Dulce.jpg\",\"datePublished\":\"2018-01-09T17:46:17+00:00\",\"dateModified\":\"2018-01-09T17:46:17+00:00\",\"breadcrumb\":{\"@id\":\"https:\/\/www.consigel.com\/ca\/producte\/vina-albina-blanco-semi-dulce\/#breadcrumb\"},\"inLanguage\":\"ca\",\"potentialAction\":[{\"@type\":\"ReadAction\",\"target\":[\"https:\/\/www.consigel.com\/ca\/producte\/vina-albina-blanco-semi-dulce\/\"]}]},{\"@type\":\"ImageObject\",\"inLanguage\":\"ca\",\"@id\":\"https:\/\/www.consigel.com\/ca\/producte\/vina-albina-blanco-semi-dulce\/#primaryimage\",\"url\":\"https:\/\/www.consigel.com\/wp-content\/uploads\/2018\/01\/1696-thickbox_default-Vina-Albina-Blanco-Semi-Dulce.jpg\",\"contentUrl\":\"https:\/\/www.consigel.com\/wp-content\/uploads\/2018\/01\/1696-thickbox_default-Vina-Albina-Blanco-Semi-Dulce.jpg\",\"width\":1200,\"height\":1200,\"caption\":\"Vi\u00f1a Albina Blanco Semi Dulce\"},{\"@type\":\"BreadcrumbList\",\"@id\":\"https:\/\/www.consigel.com\/ca\/producte\/vina-albina-blanco-semi-dulce\/#breadcrumb\",\"itemListElement\":[{\"@type\":\"ListItem\",\"position\":1,\"name\":\"Portada\",\"item\":\"https:\/\/www.consigel.com\/ca\/\"},{\"@type\":\"ListItem\",\"position\":2,\"name\":\"Shop\",\"item\":\"https:\/\/www.consigel.com\/ca\/shop\/\"},{\"@type\":\"ListItem\",\"position\":3,\"name\":\"Vi\u00f1a Albina Blanco Semi Dulce\"}]},{\"@type\":\"WebSite\",\"@id\":\"https:\/\/www.consigel.com\/ca\/#website\",\"url\":\"https:\/\/www.consigel.com\/ca\/\",\"name\":\"Consigel\",\"description\":\"\",\"potentialAction\":[{\"@type\":\"SearchAction\",\"target\":{\"@type\":\"EntryPoint\",\"urlTemplate\":\"https:\/\/www.consigel.com\/ca\/?s={search_term_string}\"},\"query-input\":\"required name=search_term_string\"}],\"inLanguage\":\"ca\"}]}<\/script>\n<!-- \/ Yoast SEO plugin. -->","yoast_head_json":{"title":"Vi\u00f1a Albina Blanco Semi Dulce - Consigel","robots":{"index":"index","follow":"follow","max-snippet":"max-snippet:-1","max-image-preview":"max-image-preview:large","max-video-preview":"max-video-preview:-1"},"canonical":"https:\/\/www.consigel.com\/ca\/producte\/vina-albina-blanco-semi-dulce\/","og_locale":"ca_ES","og_type":"article","og_title":"Vi\u00f1a Albina Blanco Semi Dulce - Consigel","og_description":"90% Viura, 10% Malvas\u00eda de Rioja. Procedentes de Cenicero","og_url":"https:\/\/www.consigel.com\/ca\/producte\/vina-albina-blanco-semi-dulce\/","og_site_name":"Consigel","og_image":[{"width":1200,"height":1200,"url":"https:\/\/www.consigel.com\/wp-content\/uploads\/2018\/01\/1696-thickbox_default-Vina-Albina-Blanco-Semi-Dulce.jpg","type":"image\/jpeg"}],"twitter_card":"summary_large_image","schema":{"@context":"https:\/\/schema.org","@graph":[{"@type":"WebPage","@id":"https:\/\/www.consigel.com\/ca\/producte\/vina-albina-blanco-semi-dulce\/","url":"https:\/\/www.consigel.com\/ca\/producte\/vina-albina-blanco-semi-dulce\/","name":"Vi\u00f1a Albina Blanco Semi Dulce - Consigel","isPartOf":{"@id":"https:\/\/www.consigel.com\/ca\/#website"},"primaryImageOfPage":{"@id":"https:\/\/www.consigel.com\/ca\/producte\/vina-albina-blanco-semi-dulce\/#primaryimage"},"image":{"@id":"https:\/\/www.consigel.com\/ca\/producte\/vina-albina-blanco-semi-dulce\/#primaryimage"},"thumbnailUrl":"https:\/\/www.consigel.com\/wp-content\/uploads\/2018\/01\/1696-thickbox_default-Vina-Albina-Blanco-Semi-Dulce.jpg","datePublished":"2018-01-09T17:46:17+00:00","dateModified":"2018-01-09T17:46:17+00:00","breadcrumb":{"@id":"https:\/\/www.consigel.com\/ca\/producte\/vina-albina-blanco-semi-dulce\/#breadcrumb"},"inLanguage":"ca","potentialAction":[{"@type":"ReadAction","target":["https:\/\/www.consigel.com\/ca\/producte\/vina-albina-blanco-semi-dulce\/"]}]},{"@type":"ImageObject","inLanguage":"ca","@id":"https:\/\/www.consigel.com\/ca\/producte\/vina-albina-blanco-semi-dulce\/#primaryimage","url":"https:\/\/www.consigel.com\/wp-content\/uploads\/2018\/01\/1696-thickbox_default-Vina-Albina-Blanco-Semi-Dulce.jpg","contentUrl":"https:\/\/www.consigel.com\/wp-content\/uploads\/2018\/01\/1696-thickbox_default-Vina-Albina-Blanco-Semi-Dulce.jpg","width":1200,"height":1200,"caption":"Vi\u00f1a Albina Blanco Semi Dulce"},{"@type":"BreadcrumbList","@id":"https:\/\/www.consigel.com\/ca\/producte\/vina-albina-blanco-semi-dulce\/#breadcrumb","itemListElement":[{"@type":"ListItem","position":1,"name":"Portada","item":"https:\/\/www.consigel.com\/ca\/"},{"@type":"ListItem","position":2,"name":"Shop","item":"https:\/\/www.consigel.com\/ca\/shop\/"},{"@type":"ListItem","position":3,"name":"Vi\u00f1a Albina Blanco Semi Dulce"}]},{"@type":"WebSite","@id":"https:\/\/www.consigel.com\/ca\/#website","url":"https:\/\/www.consigel.com\/ca\/","name":"Consigel","description":"","potentialAction":[{"@type":"SearchAction","target":{"@type":"EntryPoint","urlTemplate":"https:\/\/www.consigel.com\/ca\/?s={search_term_string}"},"query-input":"required name=search_term_string"}],"inLanguage":"ca"}]}},"_links":{"self":[{"href":"https:\/\/www.consigel.com\/ca\/wp-json\/wp\/v2\/product\/1348","targetHints":{"allow":["GET"]}}],"collection":[{"href":"https:\/\/www.consigel.com\/ca\/wp-json\/wp\/v2\/product"}],"about":[{"href":"https:\/\/www.consigel.com\/ca\/wp-json\/wp\/v2\/types\/product"}],"replies":[{"embeddable":true,"href":"https:\/\/www.consigel.com\/ca\/wp-json\/wp\/v2\/comments?post=1348"}],"wp:featuredmedia":[{"embeddable":true,"href":"https:\/\/www.consigel.com\/ca\/wp-json\/wp\/v2\/media\/1347"}],"wp:attachment":[{"href":"https:\/\/www.consigel.com\/ca\/wp-json\/wp\/v2\/media?parent=1348"}],"wp:term":[{"taxonomy":"product_cat","embeddable":true,"href":"https:\/\/www.consigel.com\/ca\/wp-json\/wp\/v2\/product_cat?post=1348"},{"taxonomy":"product_tag","embeddable":true,"href":"https:\/\/www.consigel.com\/ca\/wp-json\/wp\/v2\/product_tag?post=1348"}],"curies":[{"name":"wp","href":"https:\/\/api.w.org\/{rel}","templated":true}]}}