{"id":1338,"date":"2018-01-09T17:30:56","date_gmt":"2018-01-09T17:30:56","guid":{"rendered":"http:\/\/www.consigel.com\/product\/monte-real-reserva-familia\/"},"modified":"2018-01-09T17:30:56","modified_gmt":"2018-01-09T17:30:56","slug":"monte-real-reserva-familia","status":"publish","type":"product","link":"https:\/\/www.consigel.com\/ca\/producte\/monte-real-reserva-familia\/","title":{"rendered":"Monte Real Reserva Familia"},"content":{"rendered":"<p style=\"margin: 0px; padding: 0px 0px 10px; color: #666666; text-transform: none; text-indent: 0px; letter-spacing: 0.28px; font-family: Raleway, Arial, Helvetica, sans-serif; font-size: 14px; font-style: normal; font-weight: 500; word-spacing: 0px; white-space: normal; orphans: 2; widows: 2; background-color: #ffffff; font-variant-ligatures: normal; font-variant-caps: normal; -webkit-text-stroke-width: 0px; text-decoration-style: initial; text-decoration-color: initial;\">Variedades de uva<\/p>\n<p style=\"margin: 0px; padding: 0px 0px 10px; color: #666666; text-transform: none; text-indent: 0px; letter-spacing: 0.28px; font-family: Raleway, Arial, Helvetica, sans-serif; font-size: 14px; font-style: normal; font-weight: 500; word-spacing: 0px; white-space: normal; orphans: 2; widows: 2; background-color: #ffffff; font-variant-ligatures: normal; font-variant-caps: normal; -webkit-text-stroke-width: 0px; text-decoration-style: initial; text-decoration-color: initial;\">100% Tempranillo. Procedente de Cenicero.<\/p>\n<p style=\"margin: 0px; padding: 0px 0px 10px; color: #666666; text-transform: none; text-indent: 0px; letter-spacing: 0.28px; font-family: Raleway, Arial, Helvetica, sans-serif; font-size: 14px; font-style: normal; font-weight: 500; word-spacing: 0px; white-space: normal; orphans: 2; widows: 2; background-color: #ffffff; font-variant-ligatures: normal; font-variant-caps: normal; -webkit-text-stroke-width: 0px; text-decoration-style: initial; text-decoration-color: initial;\">Elaboraci\u00f3n<\/p>\n<p style=\"margin: 0px; padding: 0px 0px 10px; color: #666666; text-transform: none; text-indent: 0px; letter-spacing: 0.28px; font-family: Raleway, Arial, Helvetica, sans-serif; font-size: 14px; font-style: normal; font-weight: 500; word-spacing: 0px; white-space: normal; orphans: 2; widows: 2; background-color: #ffffff; font-variant-ligatures: normal; font-variant-caps: normal; -webkit-text-stroke-width: 0px; text-decoration-style: initial; text-decoration-color: initial;\">Elaboraci\u00f3n cl\u00e1sica con uvas despalilladas y estrujadas con las nuevas tecnolog\u00edas de control de fermentaci\u00f3n y largas maceraciones. Crianza de 24 a 30 meses en barricas de roble americano, realiz\u00e1ndose las oportunas trasiegas. Botellero m\u00ednimo de 12 meses antes de su comercializaci\u00f3n.<\/p>\n<p style=\"margin: 0px; padding: 0px 0px 10px; color: #666666; text-transform: none; text-indent: 0px; letter-spacing: 0.28px; font-family: Raleway, Arial, Helvetica, sans-serif; font-size: 14px; font-style: normal; font-weight: 500; word-spacing: 0px; white-space: normal; orphans: 2; widows: 2; background-color: #ffffff; font-variant-ligatures: normal; font-variant-caps: normal; -webkit-text-stroke-width: 0px; text-decoration-style: initial; text-decoration-color: initial;\">Nota de cata<\/p>\n<p style=\"margin: 0px; padding: 0px 0px 10px; color: #666666; text-transform: none; text-indent: 0px; letter-spacing: 0.28px; font-family: Raleway, Arial, Helvetica, sans-serif; font-size: 14px; font-style: normal; font-weight: 500; word-spacing: 0px; white-space: normal; orphans: 2; widows: 2; background-color: #ffffff; font-variant-ligatures: normal; font-variant-caps: normal; -webkit-text-stroke-width: 0px; text-decoration-style: initial; text-decoration-color: initial;\">Color intenso rojo cereza con ribetes teja. Aromas limpios y potentes en nariz, con armon\u00eda entre la crianza en roble y\u00a0 los recuerdos vinosos. Amplia estructura en boca, sabroso, con cuerpo. Taninos pulidos y amables. Su aroma se prolonga por v\u00eda retronasal, con un final largo y persistente. Bien evolucionado y maduro, garantiza larga vida en botella.<\/p>\n","protected":false},"excerpt":{"rendered":"<p>Variedades de uva 100% Tempranillo. Procedente de Cenicero. Elaboraci\u00f3n Elaboraci\u00f3n cl\u00e1sica con uvas despalilladas y estrujadas con las nuevas tecnolog\u00edas de control de fermentaci\u00f3n y largas maceraciones. Crianza de 24 a 30 meses en barricas de roble americano, realiz\u00e1ndose las oportunas trasiegas. Botellero m\u00ednimo de 12 meses antes de su comercializaci\u00f3n. Nota de cata Color [&#8230;]\n","protected":false},"featured_media":1337,"comment_status":"open","ping_status":"closed","template":"","meta":[],"product_cat":[80,33,19],"product_tag":[],"class_list":{"0":"post-1338","1":"product","2":"type-product","3":"status-publish","4":"has-post-thumbnail","6":"product_cat-bodegas-riojanas","7":"product_cat-do-rioja","8":"product_cat-vinos-y-licores","10":"first","11":"outofstock","12":"shipping-taxable","13":"product-type-simple"},"yoast_head":"<!-- This site is optimized with the Yoast SEO plugin v23.3 - https:\/\/yoast.com\/wordpress\/plugins\/seo\/ -->\n<title>Monte Real Reserva Familia - Consigel<\/title>\n<meta name=\"robots\" content=\"index, follow, max-snippet:-1, max-image-preview:large, max-video-preview:-1\" \/>\n<link rel=\"canonical\" href=\"https:\/\/www.consigel.com\/ca\/producte\/monte-real-reserva-familia\/\" \/>\n<meta property=\"og:locale\" content=\"ca_ES\" \/>\n<meta property=\"og:type\" content=\"article\" \/>\n<meta property=\"og:title\" content=\"Monte Real Reserva Familia - Consigel\" \/>\n<meta property=\"og:description\" content=\"Variedades de uva 100% Tempranillo. Procedente de Cenicero. Elaboraci\u00f3n Elaboraci\u00f3n cl\u00e1sica con uvas despalilladas y estrujadas con las nuevas tecnolog\u00edas de control de fermentaci\u00f3n y largas maceraciones. Crianza de 24 a 30 meses en barricas de roble americano, realiz\u00e1ndose las oportunas trasiegas. Botellero m\u00ednimo de 12 meses antes de su comercializaci\u00f3n. Nota de cata Color [...]\" \/>\n<meta property=\"og:url\" content=\"https:\/\/www.consigel.com\/ca\/producte\/monte-real-reserva-familia\/\" \/>\n<meta property=\"og:site_name\" content=\"Consigel\" \/>\n<meta property=\"og:image\" content=\"https:\/\/www.consigel.com\/wp-content\/uploads\/2018\/01\/1692-thickbox_default-Monte-Real-Reserva-Familia.jpg\" \/>\n\t<meta property=\"og:image:width\" content=\"1200\" \/>\n\t<meta property=\"og:image:height\" content=\"1200\" \/>\n\t<meta property=\"og:image:type\" content=\"image\/jpeg\" \/>\n<meta name=\"twitter:card\" content=\"summary_large_image\" \/>\n<meta name=\"twitter:label1\" content=\"Temps estimat de lectura\" \/>\n\t<meta name=\"twitter:data1\" content=\"1 minut\" \/>\n<script type=\"application\/ld+json\" class=\"yoast-schema-graph\">{\"@context\":\"https:\/\/schema.org\",\"@graph\":[{\"@type\":\"WebPage\",\"@id\":\"https:\/\/www.consigel.com\/ca\/producte\/monte-real-reserva-familia\/\",\"url\":\"https:\/\/www.consigel.com\/ca\/producte\/monte-real-reserva-familia\/\",\"name\":\"Monte Real Reserva Familia - Consigel\",\"isPartOf\":{\"@id\":\"https:\/\/www.consigel.com\/ca\/#website\"},\"primaryImageOfPage\":{\"@id\":\"https:\/\/www.consigel.com\/ca\/producte\/monte-real-reserva-familia\/#primaryimage\"},\"image\":{\"@id\":\"https:\/\/www.consigel.com\/ca\/producte\/monte-real-reserva-familia\/#primaryimage\"},\"thumbnailUrl\":\"https:\/\/www.consigel.com\/wp-content\/uploads\/2018\/01\/1692-thickbox_default-Monte-Real-Reserva-Familia.jpg\",\"datePublished\":\"2018-01-09T17:30:56+00:00\",\"dateModified\":\"2018-01-09T17:30:56+00:00\",\"breadcrumb\":{\"@id\":\"https:\/\/www.consigel.com\/ca\/producte\/monte-real-reserva-familia\/#breadcrumb\"},\"inLanguage\":\"ca\",\"potentialAction\":[{\"@type\":\"ReadAction\",\"target\":[\"https:\/\/www.consigel.com\/ca\/producte\/monte-real-reserva-familia\/\"]}]},{\"@type\":\"ImageObject\",\"inLanguage\":\"ca\",\"@id\":\"https:\/\/www.consigel.com\/ca\/producte\/monte-real-reserva-familia\/#primaryimage\",\"url\":\"https:\/\/www.consigel.com\/wp-content\/uploads\/2018\/01\/1692-thickbox_default-Monte-Real-Reserva-Familia.jpg\",\"contentUrl\":\"https:\/\/www.consigel.com\/wp-content\/uploads\/2018\/01\/1692-thickbox_default-Monte-Real-Reserva-Familia.jpg\",\"width\":1200,\"height\":1200,\"caption\":\"Monte Real Reserva Familia\"},{\"@type\":\"BreadcrumbList\",\"@id\":\"https:\/\/www.consigel.com\/ca\/producte\/monte-real-reserva-familia\/#breadcrumb\",\"itemListElement\":[{\"@type\":\"ListItem\",\"position\":1,\"name\":\"Portada\",\"item\":\"https:\/\/www.consigel.com\/ca\/\"},{\"@type\":\"ListItem\",\"position\":2,\"name\":\"Shop\",\"item\":\"https:\/\/www.consigel.com\/ca\/shop\/\"},{\"@type\":\"ListItem\",\"position\":3,\"name\":\"Monte Real Reserva Familia\"}]},{\"@type\":\"WebSite\",\"@id\":\"https:\/\/www.consigel.com\/ca\/#website\",\"url\":\"https:\/\/www.consigel.com\/ca\/\",\"name\":\"Consigel\",\"description\":\"\",\"potentialAction\":[{\"@type\":\"SearchAction\",\"target\":{\"@type\":\"EntryPoint\",\"urlTemplate\":\"https:\/\/www.consigel.com\/ca\/?s={search_term_string}\"},\"query-input\":\"required name=search_term_string\"}],\"inLanguage\":\"ca\"}]}<\/script>\n<!-- \/ Yoast SEO plugin. -->","yoast_head_json":{"title":"Monte Real Reserva Familia - Consigel","robots":{"index":"index","follow":"follow","max-snippet":"max-snippet:-1","max-image-preview":"max-image-preview:large","max-video-preview":"max-video-preview:-1"},"canonical":"https:\/\/www.consigel.com\/ca\/producte\/monte-real-reserva-familia\/","og_locale":"ca_ES","og_type":"article","og_title":"Monte Real Reserva Familia - Consigel","og_description":"Variedades de uva 100% Tempranillo. Procedente de Cenicero. Elaboraci\u00f3n Elaboraci\u00f3n cl\u00e1sica con uvas despalilladas y estrujadas con las nuevas tecnolog\u00edas de control de fermentaci\u00f3n y largas maceraciones. Crianza de 24 a 30 meses en barricas de roble americano, realiz\u00e1ndose las oportunas trasiegas. Botellero m\u00ednimo de 12 meses antes de su comercializaci\u00f3n. Nota de cata Color [...]","og_url":"https:\/\/www.consigel.com\/ca\/producte\/monte-real-reserva-familia\/","og_site_name":"Consigel","og_image":[{"width":1200,"height":1200,"url":"https:\/\/www.consigel.com\/wp-content\/uploads\/2018\/01\/1692-thickbox_default-Monte-Real-Reserva-Familia.jpg","type":"image\/jpeg"}],"twitter_card":"summary_large_image","twitter_misc":{"Temps estimat de lectura":"1 minut"},"schema":{"@context":"https:\/\/schema.org","@graph":[{"@type":"WebPage","@id":"https:\/\/www.consigel.com\/ca\/producte\/monte-real-reserva-familia\/","url":"https:\/\/www.consigel.com\/ca\/producte\/monte-real-reserva-familia\/","name":"Monte Real Reserva Familia - Consigel","isPartOf":{"@id":"https:\/\/www.consigel.com\/ca\/#website"},"primaryImageOfPage":{"@id":"https:\/\/www.consigel.com\/ca\/producte\/monte-real-reserva-familia\/#primaryimage"},"image":{"@id":"https:\/\/www.consigel.com\/ca\/producte\/monte-real-reserva-familia\/#primaryimage"},"thumbnailUrl":"https:\/\/www.consigel.com\/wp-content\/uploads\/2018\/01\/1692-thickbox_default-Monte-Real-Reserva-Familia.jpg","datePublished":"2018-01-09T17:30:56+00:00","dateModified":"2018-01-09T17:30:56+00:00","breadcrumb":{"@id":"https:\/\/www.consigel.com\/ca\/producte\/monte-real-reserva-familia\/#breadcrumb"},"inLanguage":"ca","potentialAction":[{"@type":"ReadAction","target":["https:\/\/www.consigel.com\/ca\/producte\/monte-real-reserva-familia\/"]}]},{"@type":"ImageObject","inLanguage":"ca","@id":"https:\/\/www.consigel.com\/ca\/producte\/monte-real-reserva-familia\/#primaryimage","url":"https:\/\/www.consigel.com\/wp-content\/uploads\/2018\/01\/1692-thickbox_default-Monte-Real-Reserva-Familia.jpg","contentUrl":"https:\/\/www.consigel.com\/wp-content\/uploads\/2018\/01\/1692-thickbox_default-Monte-Real-Reserva-Familia.jpg","width":1200,"height":1200,"caption":"Monte Real Reserva Familia"},{"@type":"BreadcrumbList","@id":"https:\/\/www.consigel.com\/ca\/producte\/monte-real-reserva-familia\/#breadcrumb","itemListElement":[{"@type":"ListItem","position":1,"name":"Portada","item":"https:\/\/www.consigel.com\/ca\/"},{"@type":"ListItem","position":2,"name":"Shop","item":"https:\/\/www.consigel.com\/ca\/shop\/"},{"@type":"ListItem","position":3,"name":"Monte Real Reserva Familia"}]},{"@type":"WebSite","@id":"https:\/\/www.consigel.com\/ca\/#website","url":"https:\/\/www.consigel.com\/ca\/","name":"Consigel","description":"","potentialAction":[{"@type":"SearchAction","target":{"@type":"EntryPoint","urlTemplate":"https:\/\/www.consigel.com\/ca\/?s={search_term_string}"},"query-input":"required name=search_term_string"}],"inLanguage":"ca"}]}},"_links":{"self":[{"href":"https:\/\/www.consigel.com\/ca\/wp-json\/wp\/v2\/product\/1338","targetHints":{"allow":["GET"]}}],"collection":[{"href":"https:\/\/www.consigel.com\/ca\/wp-json\/wp\/v2\/product"}],"about":[{"href":"https:\/\/www.consigel.com\/ca\/wp-json\/wp\/v2\/types\/product"}],"replies":[{"embeddable":true,"href":"https:\/\/www.consigel.com\/ca\/wp-json\/wp\/v2\/comments?post=1338"}],"wp:featuredmedia":[{"embeddable":true,"href":"https:\/\/www.consigel.com\/ca\/wp-json\/wp\/v2\/media\/1337"}],"wp:attachment":[{"href":"https:\/\/www.consigel.com\/ca\/wp-json\/wp\/v2\/media?parent=1338"}],"wp:term":[{"taxonomy":"product_cat","embeddable":true,"href":"https:\/\/www.consigel.com\/ca\/wp-json\/wp\/v2\/product_cat?post=1338"},{"taxonomy":"product_tag","embeddable":true,"href":"https:\/\/www.consigel.com\/ca\/wp-json\/wp\/v2\/product_tag?post=1338"}],"curies":[{"name":"wp","href":"https:\/\/api.w.org\/{rel}","templated":true}]}}