{"id":1322,"date":"2018-01-09T17:01:48","date_gmt":"2018-01-09T17:01:48","guid":{"rendered":"http:\/\/www.consigel.com\/product\/coto-real\/"},"modified":"2018-01-09T17:01:48","modified_gmt":"2018-01-09T17:01:48","slug":"coto-real","status":"publish","type":"product","link":"https:\/\/www.consigel.com\/ca\/producte\/coto-real\/","title":{"rendered":"Coto Real"},"content":{"rendered":"<table style=\"margin: 0px; padding: 0px; border: 0px currentColor; border-image: none; text-align: center; color: #000000; text-transform: none; text-indent: 0px; letter-spacing: normal; font-family: CenRom, 'Times New Roman', Times, serif; font-size: 12.8px; font-style: normal; font-weight: 400; word-spacing: 0px; white-space: normal; orphans: 2; widows: 2; background-color: #ffffff; font-variant-ligatures: normal; font-variant-caps: normal; -webkit-text-stroke-width: 0px; text-decoration-style: initial; text-decoration-color: initial;\">\n<tbody style=\"margin: 0px; padding: 0px; border: 0px currentColor; border-image: none;\">\n<tr style=\"margin: 0px; padding: 0px; border: 0px currentColor; border-image: none;\">\n<td style=\"margin: 15px 0px 0px; padding: 0px; border: 0px currentColor; border-image: none; width: 276px; text-align: left; color: #e64315; text-transform: uppercase; font-family: GotM, Arial, Helvetica, sans-serif; font-size: 14.08px; font-weight: 400; display: block;\">VARIEDAD<\/td>\n<td style=\"margin: 10px 0px 0px; padding: 0px; border: 0px currentColor; border-image: none; width: 276px; text-align: left; line-height: 20.48px; display: block;\">Tempranillo.<\/td>\n<\/tr>\n<tr style=\"margin: 0px; padding: 0px; border: 0px currentColor; border-image: none;\">\n<td style=\"margin: 15px 0px 0px; padding: 0px; border: 0px currentColor; border-image: none; width: 276px; text-align: left; color: #e64315; text-transform: uppercase; font-family: GotM, Arial, Helvetica, sans-serif; font-size: 14.08px; font-weight: 400; display: block;\">ELABORACI\u00d3N<\/td>\n<td style=\"margin: 10px 0px 0px; padding: 0px; border: 0px currentColor; border-image: none; width: 276px; text-align: left; line-height: 20.48px; display: block;\">\n<p style=\"margin: 0px; padding: 0px; border: 0px currentColor; border-image: none;\">Uvas seleccionadas a la entrada en bodega. Maceraci\u00f3n y fermentaci\u00f3n alcoh\u00f3lica en peque\u00f1os dep\u00f3sitos con remontados diarios y larga maceraci\u00f3n. Fermentaci\u00f3n malol\u00e1ctica en barrica.<\/p>\n<\/td>\n<\/tr>\n<tr style=\"margin: 0px; padding: 0px; border: 0px currentColor; border-image: none;\">\n<td style=\"margin: 15px 0px 0px; padding: 0px; border: 0px currentColor; border-image: none; width: 276px; text-align: left; color: #e64315; text-transform: uppercase; font-family: GotM, Arial, Helvetica, sans-serif; font-size: 14.08px; font-weight: 400; display: block;\">CRIANZA<\/td>\n<td style=\"margin: 10px 0px 0px; padding: 0px; border: 0px currentColor; border-image: none; width: 276px; text-align: left; line-height: 20.48px; display: block;\">\n<p style=\"margin: 0px; padding: 0px; border: 0px currentColor; border-image: none;\">Vino complejo debido a su crianza en varios tipos de barricas de distintos or\u00edgenes y tostados. Crianza total de 24 meses y posterior afinado en botella durante un m\u00ednimo de 18 meses.<\/p>\n<\/td>\n<\/tr>\n<\/tbody>\n<\/table>\n","protected":false},"excerpt":{"rendered":"<p>VARIEDAD Tempranillo. ELABORACI\u00d3N Uvas seleccionadas a la entrada en bodega. Maceraci\u00f3n y fermentaci\u00f3n alcoh\u00f3lica en peque\u00f1os dep\u00f3sitos con remontados diarios y larga maceraci\u00f3n. Fermentaci\u00f3n malol\u00e1ctica en barrica. CRIANZA Vino complejo debido a su crianza en varios tipos de barricas de distintos or\u00edgenes y tostados. Crianza total de 24 meses y posterior afinado en botella durante [&#8230;]\n","protected":false},"featured_media":1321,"comment_status":"open","ping_status":"closed","template":"","meta":[],"product_cat":[79,33,19],"product_tag":[],"class_list":{"0":"post-1322","1":"product","2":"type-product","3":"status-publish","4":"has-post-thumbnail","6":"product_cat-bodegas-el-coto-de-rioja","7":"product_cat-do-rioja","8":"product_cat-vinos-y-licores","10":"first","11":"outofstock","12":"shipping-taxable","13":"product-type-simple"},"yoast_head":"<!-- This site is optimized with the Yoast SEO plugin v23.3 - https:\/\/yoast.com\/wordpress\/plugins\/seo\/ -->\n<title>Coto Real - Consigel<\/title>\n<meta name=\"robots\" content=\"index, follow, max-snippet:-1, max-image-preview:large, max-video-preview:-1\" \/>\n<link rel=\"canonical\" href=\"https:\/\/www.consigel.com\/ca\/producte\/coto-real\/\" \/>\n<meta property=\"og:locale\" content=\"ca_ES\" \/>\n<meta property=\"og:type\" content=\"article\" \/>\n<meta property=\"og:title\" content=\"Coto Real - Consigel\" \/>\n<meta property=\"og:description\" content=\"VARIEDAD Tempranillo. ELABORACI\u00d3N Uvas seleccionadas a la entrada en bodega. Maceraci\u00f3n y fermentaci\u00f3n alcoh\u00f3lica en peque\u00f1os dep\u00f3sitos con remontados diarios y larga maceraci\u00f3n. Fermentaci\u00f3n malol\u00e1ctica en barrica. CRIANZA Vino complejo debido a su crianza en varios tipos de barricas de distintos or\u00edgenes y tostados. Crianza total de 24 meses y posterior afinado en botella durante [...]\" \/>\n<meta property=\"og:url\" content=\"https:\/\/www.consigel.com\/ca\/producte\/coto-real\/\" \/>\n<meta property=\"og:site_name\" content=\"Consigel\" \/>\n<meta property=\"og:image\" content=\"https:\/\/www.consigel.com\/wp-content\/uploads\/2018\/01\/1685-thickbox_default-Coto-Real.jpg\" \/>\n\t<meta property=\"og:image:width\" content=\"1200\" \/>\n\t<meta property=\"og:image:height\" content=\"1200\" \/>\n\t<meta property=\"og:image:type\" content=\"image\/jpeg\" \/>\n<meta name=\"twitter:card\" content=\"summary_large_image\" \/>\n<script type=\"application\/ld+json\" class=\"yoast-schema-graph\">{\"@context\":\"https:\/\/schema.org\",\"@graph\":[{\"@type\":\"WebPage\",\"@id\":\"https:\/\/www.consigel.com\/ca\/producte\/coto-real\/\",\"url\":\"https:\/\/www.consigel.com\/ca\/producte\/coto-real\/\",\"name\":\"Coto Real - Consigel\",\"isPartOf\":{\"@id\":\"https:\/\/www.consigel.com\/ca\/#website\"},\"primaryImageOfPage\":{\"@id\":\"https:\/\/www.consigel.com\/ca\/producte\/coto-real\/#primaryimage\"},\"image\":{\"@id\":\"https:\/\/www.consigel.com\/ca\/producte\/coto-real\/#primaryimage\"},\"thumbnailUrl\":\"https:\/\/www.consigel.com\/wp-content\/uploads\/2018\/01\/1685-thickbox_default-Coto-Real.jpg\",\"datePublished\":\"2018-01-09T17:01:48+00:00\",\"dateModified\":\"2018-01-09T17:01:48+00:00\",\"breadcrumb\":{\"@id\":\"https:\/\/www.consigel.com\/ca\/producte\/coto-real\/#breadcrumb\"},\"inLanguage\":\"ca\",\"potentialAction\":[{\"@type\":\"ReadAction\",\"target\":[\"https:\/\/www.consigel.com\/ca\/producte\/coto-real\/\"]}]},{\"@type\":\"ImageObject\",\"inLanguage\":\"ca\",\"@id\":\"https:\/\/www.consigel.com\/ca\/producte\/coto-real\/#primaryimage\",\"url\":\"https:\/\/www.consigel.com\/wp-content\/uploads\/2018\/01\/1685-thickbox_default-Coto-Real.jpg\",\"contentUrl\":\"https:\/\/www.consigel.com\/wp-content\/uploads\/2018\/01\/1685-thickbox_default-Coto-Real.jpg\",\"width\":1200,\"height\":1200,\"caption\":\"Coto Real\"},{\"@type\":\"BreadcrumbList\",\"@id\":\"https:\/\/www.consigel.com\/ca\/producte\/coto-real\/#breadcrumb\",\"itemListElement\":[{\"@type\":\"ListItem\",\"position\":1,\"name\":\"Portada\",\"item\":\"https:\/\/www.consigel.com\/ca\/\"},{\"@type\":\"ListItem\",\"position\":2,\"name\":\"Shop\",\"item\":\"https:\/\/www.consigel.com\/ca\/shop\/\"},{\"@type\":\"ListItem\",\"position\":3,\"name\":\"Coto Real\"}]},{\"@type\":\"WebSite\",\"@id\":\"https:\/\/www.consigel.com\/ca\/#website\",\"url\":\"https:\/\/www.consigel.com\/ca\/\",\"name\":\"Consigel\",\"description\":\"\",\"potentialAction\":[{\"@type\":\"SearchAction\",\"target\":{\"@type\":\"EntryPoint\",\"urlTemplate\":\"https:\/\/www.consigel.com\/ca\/?s={search_term_string}\"},\"query-input\":\"required name=search_term_string\"}],\"inLanguage\":\"ca\"}]}<\/script>\n<!-- \/ Yoast SEO plugin. -->","yoast_head_json":{"title":"Coto Real - Consigel","robots":{"index":"index","follow":"follow","max-snippet":"max-snippet:-1","max-image-preview":"max-image-preview:large","max-video-preview":"max-video-preview:-1"},"canonical":"https:\/\/www.consigel.com\/ca\/producte\/coto-real\/","og_locale":"ca_ES","og_type":"article","og_title":"Coto Real - Consigel","og_description":"VARIEDAD Tempranillo. ELABORACI\u00d3N Uvas seleccionadas a la entrada en bodega. Maceraci\u00f3n y fermentaci\u00f3n alcoh\u00f3lica en peque\u00f1os dep\u00f3sitos con remontados diarios y larga maceraci\u00f3n. Fermentaci\u00f3n malol\u00e1ctica en barrica. CRIANZA Vino complejo debido a su crianza en varios tipos de barricas de distintos or\u00edgenes y tostados. Crianza total de 24 meses y posterior afinado en botella durante [...]","og_url":"https:\/\/www.consigel.com\/ca\/producte\/coto-real\/","og_site_name":"Consigel","og_image":[{"width":1200,"height":1200,"url":"https:\/\/www.consigel.com\/wp-content\/uploads\/2018\/01\/1685-thickbox_default-Coto-Real.jpg","type":"image\/jpeg"}],"twitter_card":"summary_large_image","schema":{"@context":"https:\/\/schema.org","@graph":[{"@type":"WebPage","@id":"https:\/\/www.consigel.com\/ca\/producte\/coto-real\/","url":"https:\/\/www.consigel.com\/ca\/producte\/coto-real\/","name":"Coto Real - Consigel","isPartOf":{"@id":"https:\/\/www.consigel.com\/ca\/#website"},"primaryImageOfPage":{"@id":"https:\/\/www.consigel.com\/ca\/producte\/coto-real\/#primaryimage"},"image":{"@id":"https:\/\/www.consigel.com\/ca\/producte\/coto-real\/#primaryimage"},"thumbnailUrl":"https:\/\/www.consigel.com\/wp-content\/uploads\/2018\/01\/1685-thickbox_default-Coto-Real.jpg","datePublished":"2018-01-09T17:01:48+00:00","dateModified":"2018-01-09T17:01:48+00:00","breadcrumb":{"@id":"https:\/\/www.consigel.com\/ca\/producte\/coto-real\/#breadcrumb"},"inLanguage":"ca","potentialAction":[{"@type":"ReadAction","target":["https:\/\/www.consigel.com\/ca\/producte\/coto-real\/"]}]},{"@type":"ImageObject","inLanguage":"ca","@id":"https:\/\/www.consigel.com\/ca\/producte\/coto-real\/#primaryimage","url":"https:\/\/www.consigel.com\/wp-content\/uploads\/2018\/01\/1685-thickbox_default-Coto-Real.jpg","contentUrl":"https:\/\/www.consigel.com\/wp-content\/uploads\/2018\/01\/1685-thickbox_default-Coto-Real.jpg","width":1200,"height":1200,"caption":"Coto Real"},{"@type":"BreadcrumbList","@id":"https:\/\/www.consigel.com\/ca\/producte\/coto-real\/#breadcrumb","itemListElement":[{"@type":"ListItem","position":1,"name":"Portada","item":"https:\/\/www.consigel.com\/ca\/"},{"@type":"ListItem","position":2,"name":"Shop","item":"https:\/\/www.consigel.com\/ca\/shop\/"},{"@type":"ListItem","position":3,"name":"Coto Real"}]},{"@type":"WebSite","@id":"https:\/\/www.consigel.com\/ca\/#website","url":"https:\/\/www.consigel.com\/ca\/","name":"Consigel","description":"","potentialAction":[{"@type":"SearchAction","target":{"@type":"EntryPoint","urlTemplate":"https:\/\/www.consigel.com\/ca\/?s={search_term_string}"},"query-input":"required name=search_term_string"}],"inLanguage":"ca"}]}},"_links":{"self":[{"href":"https:\/\/www.consigel.com\/ca\/wp-json\/wp\/v2\/product\/1322","targetHints":{"allow":["GET"]}}],"collection":[{"href":"https:\/\/www.consigel.com\/ca\/wp-json\/wp\/v2\/product"}],"about":[{"href":"https:\/\/www.consigel.com\/ca\/wp-json\/wp\/v2\/types\/product"}],"replies":[{"embeddable":true,"href":"https:\/\/www.consigel.com\/ca\/wp-json\/wp\/v2\/comments?post=1322"}],"wp:featuredmedia":[{"embeddable":true,"href":"https:\/\/www.consigel.com\/ca\/wp-json\/wp\/v2\/media\/1321"}],"wp:attachment":[{"href":"https:\/\/www.consigel.com\/ca\/wp-json\/wp\/v2\/media?parent=1322"}],"wp:term":[{"taxonomy":"product_cat","embeddable":true,"href":"https:\/\/www.consigel.com\/ca\/wp-json\/wp\/v2\/product_cat?post=1322"},{"taxonomy":"product_tag","embeddable":true,"href":"https:\/\/www.consigel.com\/ca\/wp-json\/wp\/v2\/product_tag?post=1322"}],"curies":[{"name":"wp","href":"https:\/\/api.w.org\/{rel}","templated":true}]}}