{"id":1316,"date":"2018-01-09T16:51:35","date_gmt":"2018-01-09T16:51:35","guid":{"rendered":"http:\/\/www.consigel.com\/product\/coto-imaz-gran-reserva\/"},"modified":"2018-01-09T16:51:35","modified_gmt":"2018-01-09T16:51:35","slug":"coto-imaz-gran-reserva","status":"publish","type":"product","link":"https:\/\/www.consigel.com\/ca\/producte\/coto-imaz-gran-reserva\/","title":{"rendered":"Coto Imaz Gran Reserva"},"content":{"rendered":"<table style=\"margin: 0px; padding: 0px; border: 0px currentColor; border-image: none; text-align: center; color: #000000; text-transform: none; text-indent: 0px; letter-spacing: normal; font-family: CenRom, 'Times New Roman', Times, serif; font-size: 12.8px; font-style: normal; font-weight: 400; word-spacing: 0px; white-space: normal; orphans: 2; widows: 2; background-color: #ffffff; font-variant-ligatures: normal; font-variant-caps: normal; -webkit-text-stroke-width: 0px; text-decoration-style: initial; text-decoration-color: initial;\">\n<tbody style=\"margin: 0px; padding: 0px; border: 0px currentColor; border-image: none;\">\n<tr style=\"margin: 0px; padding: 0px; border: 0px currentColor; border-image: none;\">\n<td style=\"margin: 15px 0px 0px; padding: 0px; border: 0px currentColor; border-image: none; width: 276px; text-align: left; color: #e64315; text-transform: uppercase; font-family: GotM, Arial, Helvetica, sans-serif; font-size: 14.08px; font-weight: 400; display: block;\">VARIEDAD<\/td>\n<td style=\"margin: 10px 0px 0px; padding: 0px; border: 0px currentColor; border-image: none; width: 276px; text-align: left; line-height: 20.48px; display: block;\">Tem\u00adpra\u00adni\u00adllo y Graciano.<\/td>\n<\/tr>\n<tr style=\"margin: 0px; padding: 0px; border: 0px currentColor; border-image: none;\">\n<td style=\"margin: 15px 0px 0px; padding: 0px; border: 0px currentColor; border-image: none; width: 276px; text-align: left; color: #e64315; text-transform: uppercase; font-family: GotM, Arial, Helvetica, sans-serif; font-size: 14.08px; font-weight: 400; display: block;\">ELABORACI\u00d3N<\/td>\n<td style=\"margin: 10px 0px 0px; padding: 0px; border: 0px currentColor; border-image: none; width: 276px; text-align: left; line-height: 20.48px; display: block;\">Elaboraci\u00f3n en tanques de acero inoxidable entre 21-30 d\u00edas. Maceraci\u00f3n justa para alcanzar el equilibrio entre fruta y extracto.<\/td>\n<\/tr>\n<tr style=\"margin: 0px; padding: 0px; border: 0px currentColor; border-image: none;\">\n<td style=\"margin: 15px 0px 0px; padding: 0px; border: 0px currentColor; border-image: none; width: 276px; text-align: left; color: #e64315; text-transform: uppercase; font-family: GotM, Arial, Helvetica, sans-serif; font-size: 14.08px; font-weight: 400; display: block;\">CRIANZA<\/td>\n<td style=\"margin: 10px 0px 0px; padding: 0px; border: 0px currentColor; border-image: none; width: 276px; text-align: left; line-height: 20.48px; display: block;\">24 meses en barrica de roble americano y franc\u00e9s, seguido de un m\u00ednimo de 36 meses de afinado en botella, periodo que casi siempre se supera.<\/td>\n<\/tr>\n<\/tbody>\n<\/table>\n","protected":false},"excerpt":{"rendered":"<p>VARIEDAD Tem\u00adpra\u00adni\u00adllo y Graciano. ELABORACI\u00d3N Elaboraci\u00f3n en tanques de acero inoxidable entre 21-30 d\u00edas. Maceraci\u00f3n justa para alcanzar el equilibrio entre fruta y extracto. CRIANZA 24 meses en barrica de roble americano y franc\u00e9s, seguido de un m\u00ednimo de 36 meses de afinado en botella, periodo que casi siempre se supera.<\/p>\n","protected":false},"featured_media":1315,"comment_status":"open","ping_status":"closed","template":"","meta":[],"product_cat":[79,33,19],"product_tag":[],"class_list":{"0":"post-1316","1":"product","2":"type-product","3":"status-publish","4":"has-post-thumbnail","6":"product_cat-bodegas-el-coto-de-rioja","7":"product_cat-do-rioja","8":"product_cat-vinos-y-licores","10":"first","11":"outofstock","12":"shipping-taxable","13":"product-type-simple"},"yoast_head":"<!-- This site is optimized with the Yoast SEO plugin v23.3 - https:\/\/yoast.com\/wordpress\/plugins\/seo\/ -->\n<title>Coto Imaz Gran Reserva - Consigel<\/title>\n<meta name=\"robots\" content=\"index, follow, max-snippet:-1, max-image-preview:large, max-video-preview:-1\" \/>\n<link rel=\"canonical\" href=\"https:\/\/www.consigel.com\/ca\/producte\/coto-imaz-gran-reserva\/\" \/>\n<meta property=\"og:locale\" content=\"ca_ES\" \/>\n<meta property=\"og:type\" content=\"article\" \/>\n<meta property=\"og:title\" content=\"Coto Imaz Gran Reserva - Consigel\" \/>\n<meta property=\"og:description\" content=\"VARIEDAD Tem\u00adpra\u00adni\u00adllo y Graciano. ELABORACI\u00d3N Elaboraci\u00f3n en tanques de acero inoxidable entre 21-30 d\u00edas. Maceraci\u00f3n justa para alcanzar el equilibrio entre fruta y extracto. CRIANZA 24 meses en barrica de roble americano y franc\u00e9s, seguido de un m\u00ednimo de 36 meses de afinado en botella, periodo que casi siempre se supera.\" \/>\n<meta property=\"og:url\" content=\"https:\/\/www.consigel.com\/ca\/producte\/coto-imaz-gran-reserva\/\" \/>\n<meta property=\"og:site_name\" content=\"Consigel\" \/>\n<meta property=\"og:image\" content=\"https:\/\/www.consigel.com\/wp-content\/uploads\/2018\/01\/1678-thickbox_default-Coto-Imaz-Gran-Reserva.jpg\" \/>\n\t<meta property=\"og:image:width\" content=\"1200\" \/>\n\t<meta property=\"og:image:height\" content=\"1200\" \/>\n\t<meta property=\"og:image:type\" content=\"image\/jpeg\" \/>\n<meta name=\"twitter:card\" content=\"summary_large_image\" \/>\n<script type=\"application\/ld+json\" class=\"yoast-schema-graph\">{\"@context\":\"https:\/\/schema.org\",\"@graph\":[{\"@type\":\"WebPage\",\"@id\":\"https:\/\/www.consigel.com\/ca\/producte\/coto-imaz-gran-reserva\/\",\"url\":\"https:\/\/www.consigel.com\/ca\/producte\/coto-imaz-gran-reserva\/\",\"name\":\"Coto Imaz Gran Reserva - Consigel\",\"isPartOf\":{\"@id\":\"https:\/\/www.consigel.com\/ca\/#website\"},\"primaryImageOfPage\":{\"@id\":\"https:\/\/www.consigel.com\/ca\/producte\/coto-imaz-gran-reserva\/#primaryimage\"},\"image\":{\"@id\":\"https:\/\/www.consigel.com\/ca\/producte\/coto-imaz-gran-reserva\/#primaryimage\"},\"thumbnailUrl\":\"https:\/\/www.consigel.com\/wp-content\/uploads\/2018\/01\/1678-thickbox_default-Coto-Imaz-Gran-Reserva.jpg\",\"datePublished\":\"2018-01-09T16:51:35+00:00\",\"dateModified\":\"2018-01-09T16:51:35+00:00\",\"breadcrumb\":{\"@id\":\"https:\/\/www.consigel.com\/ca\/producte\/coto-imaz-gran-reserva\/#breadcrumb\"},\"inLanguage\":\"ca\",\"potentialAction\":[{\"@type\":\"ReadAction\",\"target\":[\"https:\/\/www.consigel.com\/ca\/producte\/coto-imaz-gran-reserva\/\"]}]},{\"@type\":\"ImageObject\",\"inLanguage\":\"ca\",\"@id\":\"https:\/\/www.consigel.com\/ca\/producte\/coto-imaz-gran-reserva\/#primaryimage\",\"url\":\"https:\/\/www.consigel.com\/wp-content\/uploads\/2018\/01\/1678-thickbox_default-Coto-Imaz-Gran-Reserva.jpg\",\"contentUrl\":\"https:\/\/www.consigel.com\/wp-content\/uploads\/2018\/01\/1678-thickbox_default-Coto-Imaz-Gran-Reserva.jpg\",\"width\":1200,\"height\":1200,\"caption\":\"Coto Imaz Gran Reserva\"},{\"@type\":\"BreadcrumbList\",\"@id\":\"https:\/\/www.consigel.com\/ca\/producte\/coto-imaz-gran-reserva\/#breadcrumb\",\"itemListElement\":[{\"@type\":\"ListItem\",\"position\":1,\"name\":\"Portada\",\"item\":\"https:\/\/www.consigel.com\/ca\/\"},{\"@type\":\"ListItem\",\"position\":2,\"name\":\"Shop\",\"item\":\"https:\/\/www.consigel.com\/ca\/shop\/\"},{\"@type\":\"ListItem\",\"position\":3,\"name\":\"Coto Imaz Gran Reserva\"}]},{\"@type\":\"WebSite\",\"@id\":\"https:\/\/www.consigel.com\/ca\/#website\",\"url\":\"https:\/\/www.consigel.com\/ca\/\",\"name\":\"Consigel\",\"description\":\"\",\"potentialAction\":[{\"@type\":\"SearchAction\",\"target\":{\"@type\":\"EntryPoint\",\"urlTemplate\":\"https:\/\/www.consigel.com\/ca\/?s={search_term_string}\"},\"query-input\":\"required name=search_term_string\"}],\"inLanguage\":\"ca\"}]}<\/script>\n<!-- \/ Yoast SEO plugin. -->","yoast_head_json":{"title":"Coto Imaz Gran Reserva - Consigel","robots":{"index":"index","follow":"follow","max-snippet":"max-snippet:-1","max-image-preview":"max-image-preview:large","max-video-preview":"max-video-preview:-1"},"canonical":"https:\/\/www.consigel.com\/ca\/producte\/coto-imaz-gran-reserva\/","og_locale":"ca_ES","og_type":"article","og_title":"Coto Imaz Gran Reserva - Consigel","og_description":"VARIEDAD Tem\u00adpra\u00adni\u00adllo y Graciano. ELABORACI\u00d3N Elaboraci\u00f3n en tanques de acero inoxidable entre 21-30 d\u00edas. Maceraci\u00f3n justa para alcanzar el equilibrio entre fruta y extracto. CRIANZA 24 meses en barrica de roble americano y franc\u00e9s, seguido de un m\u00ednimo de 36 meses de afinado en botella, periodo que casi siempre se supera.","og_url":"https:\/\/www.consigel.com\/ca\/producte\/coto-imaz-gran-reserva\/","og_site_name":"Consigel","og_image":[{"width":1200,"height":1200,"url":"https:\/\/www.consigel.com\/wp-content\/uploads\/2018\/01\/1678-thickbox_default-Coto-Imaz-Gran-Reserva.jpg","type":"image\/jpeg"}],"twitter_card":"summary_large_image","schema":{"@context":"https:\/\/schema.org","@graph":[{"@type":"WebPage","@id":"https:\/\/www.consigel.com\/ca\/producte\/coto-imaz-gran-reserva\/","url":"https:\/\/www.consigel.com\/ca\/producte\/coto-imaz-gran-reserva\/","name":"Coto Imaz Gran Reserva - Consigel","isPartOf":{"@id":"https:\/\/www.consigel.com\/ca\/#website"},"primaryImageOfPage":{"@id":"https:\/\/www.consigel.com\/ca\/producte\/coto-imaz-gran-reserva\/#primaryimage"},"image":{"@id":"https:\/\/www.consigel.com\/ca\/producte\/coto-imaz-gran-reserva\/#primaryimage"},"thumbnailUrl":"https:\/\/www.consigel.com\/wp-content\/uploads\/2018\/01\/1678-thickbox_default-Coto-Imaz-Gran-Reserva.jpg","datePublished":"2018-01-09T16:51:35+00:00","dateModified":"2018-01-09T16:51:35+00:00","breadcrumb":{"@id":"https:\/\/www.consigel.com\/ca\/producte\/coto-imaz-gran-reserva\/#breadcrumb"},"inLanguage":"ca","potentialAction":[{"@type":"ReadAction","target":["https:\/\/www.consigel.com\/ca\/producte\/coto-imaz-gran-reserva\/"]}]},{"@type":"ImageObject","inLanguage":"ca","@id":"https:\/\/www.consigel.com\/ca\/producte\/coto-imaz-gran-reserva\/#primaryimage","url":"https:\/\/www.consigel.com\/wp-content\/uploads\/2018\/01\/1678-thickbox_default-Coto-Imaz-Gran-Reserva.jpg","contentUrl":"https:\/\/www.consigel.com\/wp-content\/uploads\/2018\/01\/1678-thickbox_default-Coto-Imaz-Gran-Reserva.jpg","width":1200,"height":1200,"caption":"Coto Imaz Gran Reserva"},{"@type":"BreadcrumbList","@id":"https:\/\/www.consigel.com\/ca\/producte\/coto-imaz-gran-reserva\/#breadcrumb","itemListElement":[{"@type":"ListItem","position":1,"name":"Portada","item":"https:\/\/www.consigel.com\/ca\/"},{"@type":"ListItem","position":2,"name":"Shop","item":"https:\/\/www.consigel.com\/ca\/shop\/"},{"@type":"ListItem","position":3,"name":"Coto Imaz Gran Reserva"}]},{"@type":"WebSite","@id":"https:\/\/www.consigel.com\/ca\/#website","url":"https:\/\/www.consigel.com\/ca\/","name":"Consigel","description":"","potentialAction":[{"@type":"SearchAction","target":{"@type":"EntryPoint","urlTemplate":"https:\/\/www.consigel.com\/ca\/?s={search_term_string}"},"query-input":"required name=search_term_string"}],"inLanguage":"ca"}]}},"_links":{"self":[{"href":"https:\/\/www.consigel.com\/ca\/wp-json\/wp\/v2\/product\/1316","targetHints":{"allow":["GET"]}}],"collection":[{"href":"https:\/\/www.consigel.com\/ca\/wp-json\/wp\/v2\/product"}],"about":[{"href":"https:\/\/www.consigel.com\/ca\/wp-json\/wp\/v2\/types\/product"}],"replies":[{"embeddable":true,"href":"https:\/\/www.consigel.com\/ca\/wp-json\/wp\/v2\/comments?post=1316"}],"wp:featuredmedia":[{"embeddable":true,"href":"https:\/\/www.consigel.com\/ca\/wp-json\/wp\/v2\/media\/1315"}],"wp:attachment":[{"href":"https:\/\/www.consigel.com\/ca\/wp-json\/wp\/v2\/media?parent=1316"}],"wp:term":[{"taxonomy":"product_cat","embeddable":true,"href":"https:\/\/www.consigel.com\/ca\/wp-json\/wp\/v2\/product_cat?post=1316"},{"taxonomy":"product_tag","embeddable":true,"href":"https:\/\/www.consigel.com\/ca\/wp-json\/wp\/v2\/product_tag?post=1316"}],"curies":[{"name":"wp","href":"https:\/\/api.w.org\/{rel}","templated":true}]}}