{"id":1302,"date":"2013-11-24T18:48:13","date_gmt":"2013-11-24T18:48:13","guid":{"rendered":"http:\/\/www.consigel.com\/product\/bcebollita-vinagre-balsamico-borettane-in-agrodolce\/"},"modified":"2013-11-24T18:48:13","modified_gmt":"2013-11-24T18:48:13","slug":"bcebollita-vinagre-balsamico-borettane-in-agrodolce","status":"publish","type":"product","link":"https:\/\/www.consigel.com\/ca\/producte\/bcebollita-vinagre-balsamico-borettane-in-agrodolce\/","title":{"rendered":"Cebollitas al caramelle dell&#8217;Orto 1 kg."},"content":{"rendered":"<p><span id=\"result_box\" lang=\"es\"><span class=\"hps\">Cebollas crujientes, previamente calibradas y luego glaseadas en una crema bals\u00e1mica, estrictamente autenticada por la marca IGP del consorcio Bals\u00e1mico di M\u00f3dena.<\/span><\/span><\/p>\n<p><span lang=\"es\"><span class=\"hps\">Por combinaci\u00f3n de sabores es ideal con salm\u00f3n ahumado y quesos curados. Son perfectas acompa\u00f1ando embutidos en un aperitivo, en las ensaladas y como guarnici\u00f3n en asados, hervidos y estofados, en buffets y para una excelente tarta-tatin, hojaldres y tartaletas rellenos y todo lo que la imaginaci\u00f3n sugiera.<\/span><\/span><\/p>\n<p><span lang=\"es\"><span class=\"hps\">Ingredientes <\/span><\/span><\/p>\n<p><span lang=\"es\"><span class=\"hps\">Cebollas Butoline, Crema Bals\u00e1mica de M\u00f3dena IGP<span lang=\"es\"><span class=\"hps\"><br \/><\/span><\/span><\/span><\/span><\/p>\n<p><span lang=\"es\"><span class=\"hps\">Formato <\/span><\/span><\/p>\n<p><span lang=\"es\"><span class=\"hps\">unidades por lata 95\/105<\/span><\/span><\/p>\n<p><span lang=\"es\"><span class=\"hps\">Caja de 6 unidades <\/span><\/span><\/p>\n<p><span lang=\"es\"><span class=\"hps\"><span id=\"result_box\" lang=\"es\"><span class=\"hps\"><img loading=\"lazy\" decoding=\"async\" class=\" size-full wp-image-650\" style=\"width: 109px; height: 100px;\" src=\"http:\/\/www.consigel.com\/wp-content\/uploads\/2013\/10\/asin-gluten.jpg\" alt=\"\" width=\"226\" height=\"223\" srcset=\"https:\/\/www.consigel.com\/wp-content\/uploads\/2013\/10\/asin-gluten.jpg 226w, https:\/\/www.consigel.com\/wp-content\/uploads\/2013\/10\/asin-gluten-100x100.jpg 100w\" sizes=\"auto, (max-width: 226px) 100vw, 226px\" \/><\/span><\/span><br \/><\/span><\/span><\/p>\n","protected":false},"excerpt":{"rendered":"<p>Cebollas crujientes, previamente calibradas y luego glaseadas en una crema bals\u00e1mica, estrictamente autenticada por la marca IGP del consorcio Bals\u00e1mico di M\u00f3dena. Por combinaci\u00f3n de sabores es ideal con salm\u00f3n ahumado y quesos curados. Son perfectas acompa\u00f1ando embutidos en un aperitivo, en las ensaladas y como guarnici\u00f3n en asados, hervidos y estofados, en buffets y [&#8230;]\n","protected":false},"featured_media":1301,"comment_status":"open","ping_status":"closed","template":"","meta":[],"product_cat":[18,48],"product_tag":[],"class_list":{"0":"post-1302","1":"product","2":"type-product","3":"status-publish","4":"has-post-thumbnail","6":"product_cat-gastronomia","7":"product_cat-guarnicions","9":"first","10":"outofstock","11":"shipping-taxable","12":"product-type-simple"},"yoast_head":"<!-- This site is optimized with the Yoast SEO plugin v23.3 - https:\/\/yoast.com\/wordpress\/plugins\/seo\/ -->\n<title>Cebollitas al caramelle dell&#039;Orto 1 kg. - Consigel<\/title>\n<meta name=\"robots\" content=\"index, follow, max-snippet:-1, max-image-preview:large, max-video-preview:-1\" \/>\n<link rel=\"canonical\" href=\"https:\/\/www.consigel.com\/ca\/producte\/bcebollita-vinagre-balsamico-borettane-in-agrodolce\/\" \/>\n<meta property=\"og:locale\" content=\"ca_ES\" \/>\n<meta property=\"og:type\" content=\"article\" \/>\n<meta property=\"og:title\" content=\"Cebollitas al caramelle dell&#039;Orto 1 kg. - Consigel\" \/>\n<meta property=\"og:description\" content=\"Cebollas crujientes, previamente calibradas y luego glaseadas en una crema bals\u00e1mica, estrictamente autenticada por la marca IGP del consorcio Bals\u00e1mico di M\u00f3dena. Por combinaci\u00f3n de sabores es ideal con salm\u00f3n ahumado y quesos curados. Son perfectas acompa\u00f1ando embutidos en un aperitivo, en las ensaladas y como guarnici\u00f3n en asados, hervidos y estofados, en buffets y [...]\" \/>\n<meta property=\"og:url\" content=\"https:\/\/www.consigel.com\/ca\/producte\/bcebollita-vinagre-balsamico-borettane-in-agrodolce\/\" \/>\n<meta property=\"og:site_name\" content=\"Consigel\" \/>\n<meta property=\"og:image\" content=\"https:\/\/www.consigel.com\/wp-content\/uploads\/2013\/11\/2122-thickbox_default-Cebollitas-al-caramelle-dellOrto-1-kg.jpg\" \/>\n\t<meta property=\"og:image:width\" content=\"1200\" \/>\n\t<meta property=\"og:image:height\" content=\"1200\" \/>\n\t<meta property=\"og:image:type\" content=\"image\/jpeg\" \/>\n<meta name=\"twitter:card\" content=\"summary_large_image\" \/>\n<script type=\"application\/ld+json\" class=\"yoast-schema-graph\">{\"@context\":\"https:\/\/schema.org\",\"@graph\":[{\"@type\":\"WebPage\",\"@id\":\"https:\/\/www.consigel.com\/ca\/producte\/bcebollita-vinagre-balsamico-borettane-in-agrodolce\/\",\"url\":\"https:\/\/www.consigel.com\/ca\/producte\/bcebollita-vinagre-balsamico-borettane-in-agrodolce\/\",\"name\":\"Cebollitas al caramelle dell'Orto 1 kg. - Consigel\",\"isPartOf\":{\"@id\":\"https:\/\/www.consigel.com\/ca\/#website\"},\"primaryImageOfPage\":{\"@id\":\"https:\/\/www.consigel.com\/ca\/producte\/bcebollita-vinagre-balsamico-borettane-in-agrodolce\/#primaryimage\"},\"image\":{\"@id\":\"https:\/\/www.consigel.com\/ca\/producte\/bcebollita-vinagre-balsamico-borettane-in-agrodolce\/#primaryimage\"},\"thumbnailUrl\":\"https:\/\/www.consigel.com\/wp-content\/uploads\/2013\/11\/2122-thickbox_default-Cebollitas-al-caramelle-dellOrto-1-kg.jpg\",\"datePublished\":\"2013-11-24T18:48:13+00:00\",\"dateModified\":\"2013-11-24T18:48:13+00:00\",\"breadcrumb\":{\"@id\":\"https:\/\/www.consigel.com\/ca\/producte\/bcebollita-vinagre-balsamico-borettane-in-agrodolce\/#breadcrumb\"},\"inLanguage\":\"ca\",\"potentialAction\":[{\"@type\":\"ReadAction\",\"target\":[\"https:\/\/www.consigel.com\/ca\/producte\/bcebollita-vinagre-balsamico-borettane-in-agrodolce\/\"]}]},{\"@type\":\"ImageObject\",\"inLanguage\":\"ca\",\"@id\":\"https:\/\/www.consigel.com\/ca\/producte\/bcebollita-vinagre-balsamico-borettane-in-agrodolce\/#primaryimage\",\"url\":\"https:\/\/www.consigel.com\/wp-content\/uploads\/2013\/11\/2122-thickbox_default-Cebollitas-al-caramelle-dellOrto-1-kg.jpg\",\"contentUrl\":\"https:\/\/www.consigel.com\/wp-content\/uploads\/2013\/11\/2122-thickbox_default-Cebollitas-al-caramelle-dellOrto-1-kg.jpg\",\"width\":1200,\"height\":1200,\"caption\":\"Cebollitas al caramelle dell'Orto 1 kg.\"},{\"@type\":\"BreadcrumbList\",\"@id\":\"https:\/\/www.consigel.com\/ca\/producte\/bcebollita-vinagre-balsamico-borettane-in-agrodolce\/#breadcrumb\",\"itemListElement\":[{\"@type\":\"ListItem\",\"position\":1,\"name\":\"Portada\",\"item\":\"https:\/\/www.consigel.com\/ca\/\"},{\"@type\":\"ListItem\",\"position\":2,\"name\":\"Shop\",\"item\":\"https:\/\/www.consigel.com\/ca\/shop\/\"},{\"@type\":\"ListItem\",\"position\":3,\"name\":\"Cebollitas al caramelle dell&#8217;Orto 1 kg.\"}]},{\"@type\":\"WebSite\",\"@id\":\"https:\/\/www.consigel.com\/ca\/#website\",\"url\":\"https:\/\/www.consigel.com\/ca\/\",\"name\":\"Consigel\",\"description\":\"\",\"potentialAction\":[{\"@type\":\"SearchAction\",\"target\":{\"@type\":\"EntryPoint\",\"urlTemplate\":\"https:\/\/www.consigel.com\/ca\/?s={search_term_string}\"},\"query-input\":\"required name=search_term_string\"}],\"inLanguage\":\"ca\"}]}<\/script>\n<!-- \/ Yoast SEO plugin. -->","yoast_head_json":{"title":"Cebollitas al caramelle dell'Orto 1 kg. - Consigel","robots":{"index":"index","follow":"follow","max-snippet":"max-snippet:-1","max-image-preview":"max-image-preview:large","max-video-preview":"max-video-preview:-1"},"canonical":"https:\/\/www.consigel.com\/ca\/producte\/bcebollita-vinagre-balsamico-borettane-in-agrodolce\/","og_locale":"ca_ES","og_type":"article","og_title":"Cebollitas al caramelle dell'Orto 1 kg. - Consigel","og_description":"Cebollas crujientes, previamente calibradas y luego glaseadas en una crema bals\u00e1mica, estrictamente autenticada por la marca IGP del consorcio Bals\u00e1mico di M\u00f3dena. Por combinaci\u00f3n de sabores es ideal con salm\u00f3n ahumado y quesos curados. Son perfectas acompa\u00f1ando embutidos en un aperitivo, en las ensaladas y como guarnici\u00f3n en asados, hervidos y estofados, en buffets y [...]","og_url":"https:\/\/www.consigel.com\/ca\/producte\/bcebollita-vinagre-balsamico-borettane-in-agrodolce\/","og_site_name":"Consigel","og_image":[{"width":1200,"height":1200,"url":"https:\/\/www.consigel.com\/wp-content\/uploads\/2013\/11\/2122-thickbox_default-Cebollitas-al-caramelle-dellOrto-1-kg.jpg","type":"image\/jpeg"}],"twitter_card":"summary_large_image","schema":{"@context":"https:\/\/schema.org","@graph":[{"@type":"WebPage","@id":"https:\/\/www.consigel.com\/ca\/producte\/bcebollita-vinagre-balsamico-borettane-in-agrodolce\/","url":"https:\/\/www.consigel.com\/ca\/producte\/bcebollita-vinagre-balsamico-borettane-in-agrodolce\/","name":"Cebollitas al caramelle dell'Orto 1 kg. - Consigel","isPartOf":{"@id":"https:\/\/www.consigel.com\/ca\/#website"},"primaryImageOfPage":{"@id":"https:\/\/www.consigel.com\/ca\/producte\/bcebollita-vinagre-balsamico-borettane-in-agrodolce\/#primaryimage"},"image":{"@id":"https:\/\/www.consigel.com\/ca\/producte\/bcebollita-vinagre-balsamico-borettane-in-agrodolce\/#primaryimage"},"thumbnailUrl":"https:\/\/www.consigel.com\/wp-content\/uploads\/2013\/11\/2122-thickbox_default-Cebollitas-al-caramelle-dellOrto-1-kg.jpg","datePublished":"2013-11-24T18:48:13+00:00","dateModified":"2013-11-24T18:48:13+00:00","breadcrumb":{"@id":"https:\/\/www.consigel.com\/ca\/producte\/bcebollita-vinagre-balsamico-borettane-in-agrodolce\/#breadcrumb"},"inLanguage":"ca","potentialAction":[{"@type":"ReadAction","target":["https:\/\/www.consigel.com\/ca\/producte\/bcebollita-vinagre-balsamico-borettane-in-agrodolce\/"]}]},{"@type":"ImageObject","inLanguage":"ca","@id":"https:\/\/www.consigel.com\/ca\/producte\/bcebollita-vinagre-balsamico-borettane-in-agrodolce\/#primaryimage","url":"https:\/\/www.consigel.com\/wp-content\/uploads\/2013\/11\/2122-thickbox_default-Cebollitas-al-caramelle-dellOrto-1-kg.jpg","contentUrl":"https:\/\/www.consigel.com\/wp-content\/uploads\/2013\/11\/2122-thickbox_default-Cebollitas-al-caramelle-dellOrto-1-kg.jpg","width":1200,"height":1200,"caption":"Cebollitas al caramelle dell'Orto 1 kg."},{"@type":"BreadcrumbList","@id":"https:\/\/www.consigel.com\/ca\/producte\/bcebollita-vinagre-balsamico-borettane-in-agrodolce\/#breadcrumb","itemListElement":[{"@type":"ListItem","position":1,"name":"Portada","item":"https:\/\/www.consigel.com\/ca\/"},{"@type":"ListItem","position":2,"name":"Shop","item":"https:\/\/www.consigel.com\/ca\/shop\/"},{"@type":"ListItem","position":3,"name":"Cebollitas al caramelle dell&#8217;Orto 1 kg."}]},{"@type":"WebSite","@id":"https:\/\/www.consigel.com\/ca\/#website","url":"https:\/\/www.consigel.com\/ca\/","name":"Consigel","description":"","potentialAction":[{"@type":"SearchAction","target":{"@type":"EntryPoint","urlTemplate":"https:\/\/www.consigel.com\/ca\/?s={search_term_string}"},"query-input":"required name=search_term_string"}],"inLanguage":"ca"}]}},"_links":{"self":[{"href":"https:\/\/www.consigel.com\/ca\/wp-json\/wp\/v2\/product\/1302","targetHints":{"allow":["GET"]}}],"collection":[{"href":"https:\/\/www.consigel.com\/ca\/wp-json\/wp\/v2\/product"}],"about":[{"href":"https:\/\/www.consigel.com\/ca\/wp-json\/wp\/v2\/types\/product"}],"replies":[{"embeddable":true,"href":"https:\/\/www.consigel.com\/ca\/wp-json\/wp\/v2\/comments?post=1302"}],"wp:featuredmedia":[{"embeddable":true,"href":"https:\/\/www.consigel.com\/ca\/wp-json\/wp\/v2\/media\/1301"}],"wp:attachment":[{"href":"https:\/\/www.consigel.com\/ca\/wp-json\/wp\/v2\/media?parent=1302"}],"wp:term":[{"taxonomy":"product_cat","embeddable":true,"href":"https:\/\/www.consigel.com\/ca\/wp-json\/wp\/v2\/product_cat?post=1302"},{"taxonomy":"product_tag","embeddable":true,"href":"https:\/\/www.consigel.com\/ca\/wp-json\/wp\/v2\/product_tag?post=1302"}],"curies":[{"name":"wp","href":"https:\/\/api.w.org\/{rel}","templated":true}]}}