{"id":1300,"date":"2013-11-24T18:46:55","date_gmt":"2013-11-24T18:46:55","guid":{"rendered":"http:\/\/www.consigel.com\/product\/carmelo-rodero-tinto-crianza\/"},"modified":"2013-11-24T18:46:55","modified_gmt":"2013-11-24T18:46:55","slug":"carmelo-rodero-tinto-crianza","status":"publish","type":"product","link":"https:\/\/www.consigel.com\/ca\/producte\/carmelo-rodero-tinto-crianza\/","title":{"rendered":"Carmelo Rodero Tinto Crianza"},"content":{"rendered":"<p>Procedente de vi\u00f1edos propios con m\u00e1s de 15 a\u00f1os.<\/p>\n<p>Elaboraci\u00f3n tradicional con las m\u00e1s modernas t\u00e9cnicas de control de temperatura en fermentaci\u00f3n y maceraci\u00f3n.<\/p>\n<p>Crianza en roble franc\u00e9s durante un m\u00ednimo de 15 meses y trasiegos cada 3 meses.<\/p>\n<p>Botellero m\u00ednimo 12 meses antes de su comercializaci\u00f3n.<\/p>\n<p>Como no pod\u00eda ser menos he aqui un excelente vino, imponente en su juventud, elegante en su madurez.<\/p>\n<p>Color rub\u00ed de capa alta, mantiene excelente notas guinda arropadas por matices ros\u00e1ceos, en un medio perfectamente limpio y brillante.<\/p>\n<p>Sus aromas a\u00fan varietales son los primeros en presentarse, bien acompa\u00f1ados por un torrefacto suave bien conjugado con su toque final de regaliz, mas fino si cabe.<\/p>\n<p>Estructurado y carnoso con un excelente bouquet que se mantiene retronasal despues de llenar nuestra boca de intenso sabor; vino perfectemente equilibrado, largo y generoso en sensaciones gustativas.<\/p>\n","protected":false},"excerpt":{"rendered":"<p>90% Tempranillo , 10% Cabernet Sauvignon<\/p>\n","protected":false},"featured_media":1299,"comment_status":"open","ping_status":"closed","template":"","meta":[],"product_cat":[71,19,46],"product_tag":[],"class_list":{"0":"post-1300","1":"product","2":"type-product","3":"status-publish","4":"has-post-thumbnail","6":"product_cat-bodegas-carmelo-rodero","7":"product_cat-vinos-y-licores","8":"product_cat-do-ribera-del-duero","10":"first","11":"outofstock","12":"shipping-taxable","13":"product-type-simple"},"yoast_head":"<!-- This site is optimized with the Yoast SEO plugin v23.3 - https:\/\/yoast.com\/wordpress\/plugins\/seo\/ -->\n<title>Carmelo Rodero Tinto Crianza - Consigel<\/title>\n<meta name=\"robots\" content=\"index, follow, max-snippet:-1, max-image-preview:large, max-video-preview:-1\" \/>\n<link rel=\"canonical\" href=\"https:\/\/www.consigel.com\/ca\/producte\/carmelo-rodero-tinto-crianza\/\" \/>\n<meta property=\"og:locale\" content=\"ca_ES\" \/>\n<meta property=\"og:type\" content=\"article\" \/>\n<meta property=\"og:title\" content=\"Carmelo Rodero Tinto Crianza - Consigel\" \/>\n<meta property=\"og:description\" content=\"90% Tempranillo , 10% Cabernet Sauvignon\" \/>\n<meta property=\"og:url\" content=\"https:\/\/www.consigel.com\/ca\/producte\/carmelo-rodero-tinto-crianza\/\" \/>\n<meta property=\"og:site_name\" content=\"Consigel\" \/>\n<meta property=\"og:image\" content=\"https:\/\/www.consigel.com\/wp-content\/uploads\/2013\/11\/1646-thickbox_default-Carmelo-Rodero-Tinto-Crianza.jpg\" \/>\n\t<meta property=\"og:image:width\" content=\"1200\" \/>\n\t<meta property=\"og:image:height\" content=\"1200\" \/>\n\t<meta property=\"og:image:type\" content=\"image\/jpeg\" \/>\n<meta name=\"twitter:card\" content=\"summary_large_image\" \/>\n<meta name=\"twitter:label1\" content=\"Temps estimat de lectura\" \/>\n\t<meta name=\"twitter:data1\" content=\"1 minut\" \/>\n<script type=\"application\/ld+json\" class=\"yoast-schema-graph\">{\"@context\":\"https:\/\/schema.org\",\"@graph\":[{\"@type\":\"WebPage\",\"@id\":\"https:\/\/www.consigel.com\/ca\/producte\/carmelo-rodero-tinto-crianza\/\",\"url\":\"https:\/\/www.consigel.com\/ca\/producte\/carmelo-rodero-tinto-crianza\/\",\"name\":\"Carmelo Rodero Tinto Crianza - Consigel\",\"isPartOf\":{\"@id\":\"https:\/\/www.consigel.com\/ca\/#website\"},\"primaryImageOfPage\":{\"@id\":\"https:\/\/www.consigel.com\/ca\/producte\/carmelo-rodero-tinto-crianza\/#primaryimage\"},\"image\":{\"@id\":\"https:\/\/www.consigel.com\/ca\/producte\/carmelo-rodero-tinto-crianza\/#primaryimage\"},\"thumbnailUrl\":\"https:\/\/www.consigel.com\/wp-content\/uploads\/2013\/11\/1646-thickbox_default-Carmelo-Rodero-Tinto-Crianza.jpg\",\"datePublished\":\"2013-11-24T18:46:55+00:00\",\"dateModified\":\"2013-11-24T18:46:55+00:00\",\"breadcrumb\":{\"@id\":\"https:\/\/www.consigel.com\/ca\/producte\/carmelo-rodero-tinto-crianza\/#breadcrumb\"},\"inLanguage\":\"ca\",\"potentialAction\":[{\"@type\":\"ReadAction\",\"target\":[\"https:\/\/www.consigel.com\/ca\/producte\/carmelo-rodero-tinto-crianza\/\"]}]},{\"@type\":\"ImageObject\",\"inLanguage\":\"ca\",\"@id\":\"https:\/\/www.consigel.com\/ca\/producte\/carmelo-rodero-tinto-crianza\/#primaryimage\",\"url\":\"https:\/\/www.consigel.com\/wp-content\/uploads\/2013\/11\/1646-thickbox_default-Carmelo-Rodero-Tinto-Crianza.jpg\",\"contentUrl\":\"https:\/\/www.consigel.com\/wp-content\/uploads\/2013\/11\/1646-thickbox_default-Carmelo-Rodero-Tinto-Crianza.jpg\",\"width\":1200,\"height\":1200,\"caption\":\"Carmelo Rodero Tinto Crianza\"},{\"@type\":\"BreadcrumbList\",\"@id\":\"https:\/\/www.consigel.com\/ca\/producte\/carmelo-rodero-tinto-crianza\/#breadcrumb\",\"itemListElement\":[{\"@type\":\"ListItem\",\"position\":1,\"name\":\"Portada\",\"item\":\"https:\/\/www.consigel.com\/ca\/\"},{\"@type\":\"ListItem\",\"position\":2,\"name\":\"Shop\",\"item\":\"https:\/\/www.consigel.com\/ca\/shop\/\"},{\"@type\":\"ListItem\",\"position\":3,\"name\":\"Carmelo Rodero Tinto Crianza\"}]},{\"@type\":\"WebSite\",\"@id\":\"https:\/\/www.consigel.com\/ca\/#website\",\"url\":\"https:\/\/www.consigel.com\/ca\/\",\"name\":\"Consigel\",\"description\":\"\",\"potentialAction\":[{\"@type\":\"SearchAction\",\"target\":{\"@type\":\"EntryPoint\",\"urlTemplate\":\"https:\/\/www.consigel.com\/ca\/?s={search_term_string}\"},\"query-input\":\"required name=search_term_string\"}],\"inLanguage\":\"ca\"}]}<\/script>\n<!-- \/ Yoast SEO plugin. -->","yoast_head_json":{"title":"Carmelo Rodero Tinto Crianza - Consigel","robots":{"index":"index","follow":"follow","max-snippet":"max-snippet:-1","max-image-preview":"max-image-preview:large","max-video-preview":"max-video-preview:-1"},"canonical":"https:\/\/www.consigel.com\/ca\/producte\/carmelo-rodero-tinto-crianza\/","og_locale":"ca_ES","og_type":"article","og_title":"Carmelo Rodero Tinto Crianza - Consigel","og_description":"90% Tempranillo , 10% Cabernet Sauvignon","og_url":"https:\/\/www.consigel.com\/ca\/producte\/carmelo-rodero-tinto-crianza\/","og_site_name":"Consigel","og_image":[{"width":1200,"height":1200,"url":"https:\/\/www.consigel.com\/wp-content\/uploads\/2013\/11\/1646-thickbox_default-Carmelo-Rodero-Tinto-Crianza.jpg","type":"image\/jpeg"}],"twitter_card":"summary_large_image","twitter_misc":{"Temps estimat de lectura":"1 minut"},"schema":{"@context":"https:\/\/schema.org","@graph":[{"@type":"WebPage","@id":"https:\/\/www.consigel.com\/ca\/producte\/carmelo-rodero-tinto-crianza\/","url":"https:\/\/www.consigel.com\/ca\/producte\/carmelo-rodero-tinto-crianza\/","name":"Carmelo Rodero Tinto Crianza - Consigel","isPartOf":{"@id":"https:\/\/www.consigel.com\/ca\/#website"},"primaryImageOfPage":{"@id":"https:\/\/www.consigel.com\/ca\/producte\/carmelo-rodero-tinto-crianza\/#primaryimage"},"image":{"@id":"https:\/\/www.consigel.com\/ca\/producte\/carmelo-rodero-tinto-crianza\/#primaryimage"},"thumbnailUrl":"https:\/\/www.consigel.com\/wp-content\/uploads\/2013\/11\/1646-thickbox_default-Carmelo-Rodero-Tinto-Crianza.jpg","datePublished":"2013-11-24T18:46:55+00:00","dateModified":"2013-11-24T18:46:55+00:00","breadcrumb":{"@id":"https:\/\/www.consigel.com\/ca\/producte\/carmelo-rodero-tinto-crianza\/#breadcrumb"},"inLanguage":"ca","potentialAction":[{"@type":"ReadAction","target":["https:\/\/www.consigel.com\/ca\/producte\/carmelo-rodero-tinto-crianza\/"]}]},{"@type":"ImageObject","inLanguage":"ca","@id":"https:\/\/www.consigel.com\/ca\/producte\/carmelo-rodero-tinto-crianza\/#primaryimage","url":"https:\/\/www.consigel.com\/wp-content\/uploads\/2013\/11\/1646-thickbox_default-Carmelo-Rodero-Tinto-Crianza.jpg","contentUrl":"https:\/\/www.consigel.com\/wp-content\/uploads\/2013\/11\/1646-thickbox_default-Carmelo-Rodero-Tinto-Crianza.jpg","width":1200,"height":1200,"caption":"Carmelo Rodero Tinto Crianza"},{"@type":"BreadcrumbList","@id":"https:\/\/www.consigel.com\/ca\/producte\/carmelo-rodero-tinto-crianza\/#breadcrumb","itemListElement":[{"@type":"ListItem","position":1,"name":"Portada","item":"https:\/\/www.consigel.com\/ca\/"},{"@type":"ListItem","position":2,"name":"Shop","item":"https:\/\/www.consigel.com\/ca\/shop\/"},{"@type":"ListItem","position":3,"name":"Carmelo Rodero Tinto Crianza"}]},{"@type":"WebSite","@id":"https:\/\/www.consigel.com\/ca\/#website","url":"https:\/\/www.consigel.com\/ca\/","name":"Consigel","description":"","potentialAction":[{"@type":"SearchAction","target":{"@type":"EntryPoint","urlTemplate":"https:\/\/www.consigel.com\/ca\/?s={search_term_string}"},"query-input":"required name=search_term_string"}],"inLanguage":"ca"}]}},"_links":{"self":[{"href":"https:\/\/www.consigel.com\/ca\/wp-json\/wp\/v2\/product\/1300","targetHints":{"allow":["GET"]}}],"collection":[{"href":"https:\/\/www.consigel.com\/ca\/wp-json\/wp\/v2\/product"}],"about":[{"href":"https:\/\/www.consigel.com\/ca\/wp-json\/wp\/v2\/types\/product"}],"replies":[{"embeddable":true,"href":"https:\/\/www.consigel.com\/ca\/wp-json\/wp\/v2\/comments?post=1300"}],"wp:featuredmedia":[{"embeddable":true,"href":"https:\/\/www.consigel.com\/ca\/wp-json\/wp\/v2\/media\/1299"}],"wp:attachment":[{"href":"https:\/\/www.consigel.com\/ca\/wp-json\/wp\/v2\/media?parent=1300"}],"wp:term":[{"taxonomy":"product_cat","embeddable":true,"href":"https:\/\/www.consigel.com\/ca\/wp-json\/wp\/v2\/product_cat?post=1300"},{"taxonomy":"product_tag","embeddable":true,"href":"https:\/\/www.consigel.com\/ca\/wp-json\/wp\/v2\/product_tag?post=1300"}],"curies":[{"name":"wp","href":"https:\/\/api.w.org\/{rel}","templated":true}]}}