{"id":1296,"date":"2013-11-11T20:46:54","date_gmt":"2013-11-11T20:46:54","guid":{"rendered":"http:\/\/www.consigel.com\/product\/macarrones-bolognesa\/"},"modified":"2013-11-11T20:46:54","modified_gmt":"2013-11-11T20:46:54","slug":"macarrones-bolognesa","status":"publish","type":"product","link":"https:\/\/www.consigel.com\/ca\/producte\/macarrones-bolognesa\/","title":{"rendered":"Macarrones bolo\u00f1esa 300 gr."},"content":{"rendered":"<p>Elaborados con pasta fresca y una bolo\u00f1esa que sigue la receta tradicional. Destaca la cremosidad de la salsa, debida al toque de bechamel que se le a\u00f1ade. Un plato t\u00edpico servido en tan s\u00f3lo unos minutos.\u00a0Disponemos de raciones individuales de 300 g con la ref. 16402. tambi\u00e9n disponemos en formato grande 16409.<\/p>\n<p><strong><a href=\"http:\/\/www.exquisitarium.com\/wp-content\/uploads\/2018\/03\/Pictogramas_Exquisitarium_micro-e1520250428352.png\"><img loading=\"lazy\" decoding=\"async\" class=\"alignnone wp-image-4888\" src=\"https:\/\/www.exquisitarium.com\/wp-content\/uploads\/2018\/03\/Pictogramas_Exquisitarium_micro-251x300.png\" alt=\"\" width=\"70\" height=\"70\" \/><\/a>MICROONDAS<\/strong><\/p>\n<p><strong>Cod. 16402<\/strong>; Sin necesidad de descongelar previamente, perforar la parte superior del envase por diferentes puntos. Poner en microondas a m\u00e1xima potencia (800 W) durante 5-6 min. hasta que la base est\u00e9 bien caliente. Remover antes de servir.<\/p>\n<p>Fomato<\/p>\n<p>Caja de 8 unidades <\/p>\n","protected":false},"excerpt":{"rendered":"<p>Elaborados con pasta fresca y una bolo\u00f1esa que sigue la receta tradicional. Destaca la cremosidad de la salsa, debida al toque de bechamel que se le a\u00f1ade. Un plato t\u00edpico servido en tan s\u00f3lo unos minutos.\u00a0Disponemos de raciones individuales de 300 g con la ref. 16402. tambi\u00e9n disponemos en formato grande 16409. MICROONDAS Cod. 16402; [&#8230;]\n","protected":false},"featured_media":1294,"comment_status":"open","ping_status":"closed","template":"","meta":[],"product_cat":[18,61],"product_tag":[],"class_list":{"0":"post-1296","1":"product","2":"type-product","3":"status-publish","4":"has-post-thumbnail","6":"product_cat-gastronomia","7":"product_cat-primers","9":"first","10":"outofstock","11":"shipping-taxable","12":"product-type-simple"},"yoast_head":"<!-- This site is optimized with the Yoast SEO plugin v23.3 - https:\/\/yoast.com\/wordpress\/plugins\/seo\/ -->\n<title>Macarrones bolo\u00f1esa 300 gr. - Consigel<\/title>\n<meta name=\"robots\" content=\"index, follow, max-snippet:-1, max-image-preview:large, max-video-preview:-1\" \/>\n<link rel=\"canonical\" href=\"https:\/\/www.consigel.com\/ca\/producte\/macarrones-bolognesa\/\" \/>\n<meta property=\"og:locale\" content=\"ca_ES\" \/>\n<meta property=\"og:type\" content=\"article\" \/>\n<meta property=\"og:title\" content=\"Macarrones bolo\u00f1esa 300 gr. - Consigel\" \/>\n<meta property=\"og:description\" content=\"Elaborados con pasta fresca y una bolo\u00f1esa que sigue la receta tradicional. Destaca la cremosidad de la salsa, debida al toque de bechamel que se le a\u00f1ade. Un plato t\u00edpico servido en tan s\u00f3lo unos minutos.\u00a0Disponemos de raciones individuales de 300 g con la ref. 16402. tambi\u00e9n disponemos en formato grande 16409. MICROONDAS Cod. 16402; [...]\" \/>\n<meta property=\"og:url\" content=\"https:\/\/www.consigel.com\/ca\/producte\/macarrones-bolognesa\/\" \/>\n<meta property=\"og:site_name\" content=\"Consigel\" \/>\n<meta property=\"og:image\" content=\"https:\/\/www.consigel.com\/wp-content\/uploads\/2013\/11\/2051-thickbox_default-Macarrones-bolonesa-300-gr.jpg\" \/>\n\t<meta property=\"og:image:width\" content=\"1200\" \/>\n\t<meta property=\"og:image:height\" content=\"1200\" \/>\n\t<meta property=\"og:image:type\" content=\"image\/jpeg\" \/>\n<meta name=\"twitter:card\" content=\"summary_large_image\" \/>\n<script type=\"application\/ld+json\" class=\"yoast-schema-graph\">{\"@context\":\"https:\/\/schema.org\",\"@graph\":[{\"@type\":\"WebPage\",\"@id\":\"https:\/\/www.consigel.com\/ca\/producte\/macarrones-bolognesa\/\",\"url\":\"https:\/\/www.consigel.com\/ca\/producte\/macarrones-bolognesa\/\",\"name\":\"Macarrones bolo\u00f1esa 300 gr. - Consigel\",\"isPartOf\":{\"@id\":\"https:\/\/www.consigel.com\/ca\/#website\"},\"primaryImageOfPage\":{\"@id\":\"https:\/\/www.consigel.com\/ca\/producte\/macarrones-bolognesa\/#primaryimage\"},\"image\":{\"@id\":\"https:\/\/www.consigel.com\/ca\/producte\/macarrones-bolognesa\/#primaryimage\"},\"thumbnailUrl\":\"https:\/\/www.consigel.com\/wp-content\/uploads\/2013\/11\/2051-thickbox_default-Macarrones-bolonesa-300-gr.jpg\",\"datePublished\":\"2013-11-11T20:46:54+00:00\",\"dateModified\":\"2013-11-11T20:46:54+00:00\",\"breadcrumb\":{\"@id\":\"https:\/\/www.consigel.com\/ca\/producte\/macarrones-bolognesa\/#breadcrumb\"},\"inLanguage\":\"ca\",\"potentialAction\":[{\"@type\":\"ReadAction\",\"target\":[\"https:\/\/www.consigel.com\/ca\/producte\/macarrones-bolognesa\/\"]}]},{\"@type\":\"ImageObject\",\"inLanguage\":\"ca\",\"@id\":\"https:\/\/www.consigel.com\/ca\/producte\/macarrones-bolognesa\/#primaryimage\",\"url\":\"https:\/\/www.consigel.com\/wp-content\/uploads\/2013\/11\/2051-thickbox_default-Macarrones-bolonesa-300-gr.jpg\",\"contentUrl\":\"https:\/\/www.consigel.com\/wp-content\/uploads\/2013\/11\/2051-thickbox_default-Macarrones-bolonesa-300-gr.jpg\",\"width\":1200,\"height\":1200,\"caption\":\"Macarrones bolo\u00f1esa 300 gr.\"},{\"@type\":\"BreadcrumbList\",\"@id\":\"https:\/\/www.consigel.com\/ca\/producte\/macarrones-bolognesa\/#breadcrumb\",\"itemListElement\":[{\"@type\":\"ListItem\",\"position\":1,\"name\":\"Portada\",\"item\":\"https:\/\/www.consigel.com\/ca\/\"},{\"@type\":\"ListItem\",\"position\":2,\"name\":\"Shop\",\"item\":\"https:\/\/www.consigel.com\/ca\/shop\/\"},{\"@type\":\"ListItem\",\"position\":3,\"name\":\"Macarrones bolo\u00f1esa 300 gr.\"}]},{\"@type\":\"WebSite\",\"@id\":\"https:\/\/www.consigel.com\/ca\/#website\",\"url\":\"https:\/\/www.consigel.com\/ca\/\",\"name\":\"Consigel\",\"description\":\"\",\"potentialAction\":[{\"@type\":\"SearchAction\",\"target\":{\"@type\":\"EntryPoint\",\"urlTemplate\":\"https:\/\/www.consigel.com\/ca\/?s={search_term_string}\"},\"query-input\":\"required name=search_term_string\"}],\"inLanguage\":\"ca\"}]}<\/script>\n<!-- \/ Yoast SEO plugin. -->","yoast_head_json":{"title":"Macarrones bolo\u00f1esa 300 gr. - Consigel","robots":{"index":"index","follow":"follow","max-snippet":"max-snippet:-1","max-image-preview":"max-image-preview:large","max-video-preview":"max-video-preview:-1"},"canonical":"https:\/\/www.consigel.com\/ca\/producte\/macarrones-bolognesa\/","og_locale":"ca_ES","og_type":"article","og_title":"Macarrones bolo\u00f1esa 300 gr. - Consigel","og_description":"Elaborados con pasta fresca y una bolo\u00f1esa que sigue la receta tradicional. Destaca la cremosidad de la salsa, debida al toque de bechamel que se le a\u00f1ade. Un plato t\u00edpico servido en tan s\u00f3lo unos minutos.\u00a0Disponemos de raciones individuales de 300 g con la ref. 16402. tambi\u00e9n disponemos en formato grande 16409. MICROONDAS Cod. 16402; [...]","og_url":"https:\/\/www.consigel.com\/ca\/producte\/macarrones-bolognesa\/","og_site_name":"Consigel","og_image":[{"width":1200,"height":1200,"url":"https:\/\/www.consigel.com\/wp-content\/uploads\/2013\/11\/2051-thickbox_default-Macarrones-bolonesa-300-gr.jpg","type":"image\/jpeg"}],"twitter_card":"summary_large_image","schema":{"@context":"https:\/\/schema.org","@graph":[{"@type":"WebPage","@id":"https:\/\/www.consigel.com\/ca\/producte\/macarrones-bolognesa\/","url":"https:\/\/www.consigel.com\/ca\/producte\/macarrones-bolognesa\/","name":"Macarrones bolo\u00f1esa 300 gr. - Consigel","isPartOf":{"@id":"https:\/\/www.consigel.com\/ca\/#website"},"primaryImageOfPage":{"@id":"https:\/\/www.consigel.com\/ca\/producte\/macarrones-bolognesa\/#primaryimage"},"image":{"@id":"https:\/\/www.consigel.com\/ca\/producte\/macarrones-bolognesa\/#primaryimage"},"thumbnailUrl":"https:\/\/www.consigel.com\/wp-content\/uploads\/2013\/11\/2051-thickbox_default-Macarrones-bolonesa-300-gr.jpg","datePublished":"2013-11-11T20:46:54+00:00","dateModified":"2013-11-11T20:46:54+00:00","breadcrumb":{"@id":"https:\/\/www.consigel.com\/ca\/producte\/macarrones-bolognesa\/#breadcrumb"},"inLanguage":"ca","potentialAction":[{"@type":"ReadAction","target":["https:\/\/www.consigel.com\/ca\/producte\/macarrones-bolognesa\/"]}]},{"@type":"ImageObject","inLanguage":"ca","@id":"https:\/\/www.consigel.com\/ca\/producte\/macarrones-bolognesa\/#primaryimage","url":"https:\/\/www.consigel.com\/wp-content\/uploads\/2013\/11\/2051-thickbox_default-Macarrones-bolonesa-300-gr.jpg","contentUrl":"https:\/\/www.consigel.com\/wp-content\/uploads\/2013\/11\/2051-thickbox_default-Macarrones-bolonesa-300-gr.jpg","width":1200,"height":1200,"caption":"Macarrones bolo\u00f1esa 300 gr."},{"@type":"BreadcrumbList","@id":"https:\/\/www.consigel.com\/ca\/producte\/macarrones-bolognesa\/#breadcrumb","itemListElement":[{"@type":"ListItem","position":1,"name":"Portada","item":"https:\/\/www.consigel.com\/ca\/"},{"@type":"ListItem","position":2,"name":"Shop","item":"https:\/\/www.consigel.com\/ca\/shop\/"},{"@type":"ListItem","position":3,"name":"Macarrones bolo\u00f1esa 300 gr."}]},{"@type":"WebSite","@id":"https:\/\/www.consigel.com\/ca\/#website","url":"https:\/\/www.consigel.com\/ca\/","name":"Consigel","description":"","potentialAction":[{"@type":"SearchAction","target":{"@type":"EntryPoint","urlTemplate":"https:\/\/www.consigel.com\/ca\/?s={search_term_string}"},"query-input":"required name=search_term_string"}],"inLanguage":"ca"}]}},"_links":{"self":[{"href":"https:\/\/www.consigel.com\/ca\/wp-json\/wp\/v2\/product\/1296","targetHints":{"allow":["GET"]}}],"collection":[{"href":"https:\/\/www.consigel.com\/ca\/wp-json\/wp\/v2\/product"}],"about":[{"href":"https:\/\/www.consigel.com\/ca\/wp-json\/wp\/v2\/types\/product"}],"replies":[{"embeddable":true,"href":"https:\/\/www.consigel.com\/ca\/wp-json\/wp\/v2\/comments?post=1296"}],"wp:featuredmedia":[{"embeddable":true,"href":"https:\/\/www.consigel.com\/ca\/wp-json\/wp\/v2\/media\/1294"}],"wp:attachment":[{"href":"https:\/\/www.consigel.com\/ca\/wp-json\/wp\/v2\/media?parent=1296"}],"wp:term":[{"taxonomy":"product_cat","embeddable":true,"href":"https:\/\/www.consigel.com\/ca\/wp-json\/wp\/v2\/product_cat?post=1296"},{"taxonomy":"product_tag","embeddable":true,"href":"https:\/\/www.consigel.com\/ca\/wp-json\/wp\/v2\/product_tag?post=1296"}],"curies":[{"name":"wp","href":"https:\/\/api.w.org\/{rel}","templated":true}]}}