{"id":1291,"date":"2013-11-11T19:56:07","date_gmt":"2013-11-11T19:56:07","guid":{"rendered":"http:\/\/www.consigel.com\/product\/hamburguesita-iberica\/"},"modified":"2013-11-11T19:56:07","modified_gmt":"2013-11-11T19:56:07","slug":"hamburguesita-iberica","status":"publish","type":"product","link":"https:\/\/www.consigel.com\/ca\/producte\/hamburguesita-iberica\/","title":{"rendered":"Hamburguesita de cerdo ib\u00e9rica 55 gr."},"content":{"rendered":"<p>Seleccionamos la mejor carne de cerdo ib\u00e9rico y le a\u00f1adimos manzana para conseguir un toque dulce. Con esta combinaci\u00f3n se consigue un contraste \u00fanico. Se sirve en formato de 55 g. ideal para aperitivos.<\/p>\n<p><strong><a href=\"http:\/\/www.exquisitarium.com\/wp-content\/uploads\/2018\/03\/Pictogramas_Exquisitarium_plancha-e1520250307654.png\"><img loading=\"lazy\" decoding=\"async\" class=\"alignnone wp-image-4893\" src=\"https:\/\/www.exquisitarium.com\/wp-content\/uploads\/2018\/03\/Pictogramas_Exquisitarium_plancha-251x300.png\" alt=\"\" width=\"70\" height=\"70\" \/><\/a>PLANCHA<\/strong><\/p>\n<p>Dejar descongelar y hacer a la plancha hasta llegar a 65\u00baC en el centro.<\/p>\n<p>formato<\/p>\n<p>Caja de 2,5 kg.<\/p>\n<p><img loading=\"lazy\" decoding=\"async\" class=\" size-full wp-image-650\" style=\"width: 112px; height: 97px;\" src=\"http:\/\/www.consigel.com\/wp-content\/uploads\/2013\/10\/asin-gluten.jpg\" alt=\"\" width=\"226\" height=\"223\" srcset=\"https:\/\/www.consigel.com\/wp-content\/uploads\/2013\/10\/asin-gluten.jpg 226w, https:\/\/www.consigel.com\/wp-content\/uploads\/2013\/10\/asin-gluten-100x100.jpg 100w\" sizes=\"auto, (max-width: 226px) 100vw, 226px\" \/><\/p>\n","protected":false},"excerpt":{"rendered":"<p>Seleccionamos la mejor carne de cerdo ib\u00e9rico y le a\u00f1adimos manzana para conseguir un toque dulce. Con esta combinaci\u00f3n se consigue un contraste \u00fanico. Se sirve en formato de 55 g. ideal para aperitivos. PLANCHA Dejar descongelar y hacer a la plancha hasta llegar a 65\u00baC en el centro. formato Caja de 2,5 kg.<\/p>\n","protected":false},"featured_media":1290,"comment_status":"open","ping_status":"closed","template":"","meta":[],"product_cat":[34,111,18],"product_tag":[],"class_list":{"0":"post-1291","1":"product","2":"type-product","3":"status-publish","4":"has-post-thumbnail","6":"product_cat-aperitius","7":"product_cat-fregidora","8":"product_cat-gastronomia","10":"first","11":"outofstock","12":"shipping-taxable","13":"product-type-simple"},"yoast_head":"<!-- This site is optimized with the Yoast SEO plugin v23.3 - https:\/\/yoast.com\/wordpress\/plugins\/seo\/ -->\n<title>Hamburguesita de cerdo ib\u00e9rica 55 gr. - Consigel<\/title>\n<meta name=\"robots\" content=\"index, follow, max-snippet:-1, max-image-preview:large, max-video-preview:-1\" \/>\n<link rel=\"canonical\" href=\"https:\/\/www.consigel.com\/ca\/producte\/hamburguesita-iberica\/\" \/>\n<meta property=\"og:locale\" content=\"ca_ES\" \/>\n<meta property=\"og:type\" content=\"article\" \/>\n<meta property=\"og:title\" content=\"Hamburguesita de cerdo ib\u00e9rica 55 gr. - Consigel\" \/>\n<meta property=\"og:description\" content=\"Seleccionamos la mejor carne de cerdo ib\u00e9rico y le a\u00f1adimos manzana para conseguir un toque dulce. Con esta combinaci\u00f3n se consigue un contraste \u00fanico. Se sirve en formato de 55 g. ideal para aperitivos. PLANCHA Dejar descongelar y hacer a la plancha hasta llegar a 65\u00baC en el centro. formato Caja de 2,5 kg.\" \/>\n<meta property=\"og:url\" content=\"https:\/\/www.consigel.com\/ca\/producte\/hamburguesita-iberica\/\" \/>\n<meta property=\"og:site_name\" content=\"Consigel\" \/>\n<meta property=\"og:image\" content=\"https:\/\/www.consigel.com\/wp-content\/uploads\/2013\/11\/2079-thickbox_default-Hamburguesita-de-cerdo-iberica-55-gr.jpg\" \/>\n\t<meta property=\"og:image:width\" content=\"1200\" \/>\n\t<meta property=\"og:image:height\" content=\"1200\" \/>\n\t<meta property=\"og:image:type\" content=\"image\/jpeg\" \/>\n<meta name=\"twitter:card\" content=\"summary_large_image\" \/>\n<script type=\"application\/ld+json\" class=\"yoast-schema-graph\">{\"@context\":\"https:\/\/schema.org\",\"@graph\":[{\"@type\":\"WebPage\",\"@id\":\"https:\/\/www.consigel.com\/ca\/producte\/hamburguesita-iberica\/\",\"url\":\"https:\/\/www.consigel.com\/ca\/producte\/hamburguesita-iberica\/\",\"name\":\"Hamburguesita de cerdo ib\u00e9rica 55 gr. - Consigel\",\"isPartOf\":{\"@id\":\"https:\/\/www.consigel.com\/ca\/#website\"},\"primaryImageOfPage\":{\"@id\":\"https:\/\/www.consigel.com\/ca\/producte\/hamburguesita-iberica\/#primaryimage\"},\"image\":{\"@id\":\"https:\/\/www.consigel.com\/ca\/producte\/hamburguesita-iberica\/#primaryimage\"},\"thumbnailUrl\":\"https:\/\/www.consigel.com\/wp-content\/uploads\/2013\/11\/2079-thickbox_default-Hamburguesita-de-cerdo-iberica-55-gr.jpg\",\"datePublished\":\"2013-11-11T19:56:07+00:00\",\"dateModified\":\"2013-11-11T19:56:07+00:00\",\"breadcrumb\":{\"@id\":\"https:\/\/www.consigel.com\/ca\/producte\/hamburguesita-iberica\/#breadcrumb\"},\"inLanguage\":\"ca\",\"potentialAction\":[{\"@type\":\"ReadAction\",\"target\":[\"https:\/\/www.consigel.com\/ca\/producte\/hamburguesita-iberica\/\"]}]},{\"@type\":\"ImageObject\",\"inLanguage\":\"ca\",\"@id\":\"https:\/\/www.consigel.com\/ca\/producte\/hamburguesita-iberica\/#primaryimage\",\"url\":\"https:\/\/www.consigel.com\/wp-content\/uploads\/2013\/11\/2079-thickbox_default-Hamburguesita-de-cerdo-iberica-55-gr.jpg\",\"contentUrl\":\"https:\/\/www.consigel.com\/wp-content\/uploads\/2013\/11\/2079-thickbox_default-Hamburguesita-de-cerdo-iberica-55-gr.jpg\",\"width\":1200,\"height\":1200,\"caption\":\"Hamburguesita de cerdo ib\u00e9rica 55 gr.\"},{\"@type\":\"BreadcrumbList\",\"@id\":\"https:\/\/www.consigel.com\/ca\/producte\/hamburguesita-iberica\/#breadcrumb\",\"itemListElement\":[{\"@type\":\"ListItem\",\"position\":1,\"name\":\"Portada\",\"item\":\"https:\/\/www.consigel.com\/ca\/\"},{\"@type\":\"ListItem\",\"position\":2,\"name\":\"Shop\",\"item\":\"https:\/\/www.consigel.com\/ca\/shop\/\"},{\"@type\":\"ListItem\",\"position\":3,\"name\":\"Hamburguesita de cerdo ib\u00e9rica 55 gr.\"}]},{\"@type\":\"WebSite\",\"@id\":\"https:\/\/www.consigel.com\/ca\/#website\",\"url\":\"https:\/\/www.consigel.com\/ca\/\",\"name\":\"Consigel\",\"description\":\"\",\"potentialAction\":[{\"@type\":\"SearchAction\",\"target\":{\"@type\":\"EntryPoint\",\"urlTemplate\":\"https:\/\/www.consigel.com\/ca\/?s={search_term_string}\"},\"query-input\":\"required name=search_term_string\"}],\"inLanguage\":\"ca\"}]}<\/script>\n<!-- \/ Yoast SEO plugin. -->","yoast_head_json":{"title":"Hamburguesita de cerdo ib\u00e9rica 55 gr. - Consigel","robots":{"index":"index","follow":"follow","max-snippet":"max-snippet:-1","max-image-preview":"max-image-preview:large","max-video-preview":"max-video-preview:-1"},"canonical":"https:\/\/www.consigel.com\/ca\/producte\/hamburguesita-iberica\/","og_locale":"ca_ES","og_type":"article","og_title":"Hamburguesita de cerdo ib\u00e9rica 55 gr. - Consigel","og_description":"Seleccionamos la mejor carne de cerdo ib\u00e9rico y le a\u00f1adimos manzana para conseguir un toque dulce. Con esta combinaci\u00f3n se consigue un contraste \u00fanico. Se sirve en formato de 55 g. ideal para aperitivos. PLANCHA Dejar descongelar y hacer a la plancha hasta llegar a 65\u00baC en el centro. formato Caja de 2,5 kg.","og_url":"https:\/\/www.consigel.com\/ca\/producte\/hamburguesita-iberica\/","og_site_name":"Consigel","og_image":[{"width":1200,"height":1200,"url":"https:\/\/www.consigel.com\/wp-content\/uploads\/2013\/11\/2079-thickbox_default-Hamburguesita-de-cerdo-iberica-55-gr.jpg","type":"image\/jpeg"}],"twitter_card":"summary_large_image","schema":{"@context":"https:\/\/schema.org","@graph":[{"@type":"WebPage","@id":"https:\/\/www.consigel.com\/ca\/producte\/hamburguesita-iberica\/","url":"https:\/\/www.consigel.com\/ca\/producte\/hamburguesita-iberica\/","name":"Hamburguesita de cerdo ib\u00e9rica 55 gr. - Consigel","isPartOf":{"@id":"https:\/\/www.consigel.com\/ca\/#website"},"primaryImageOfPage":{"@id":"https:\/\/www.consigel.com\/ca\/producte\/hamburguesita-iberica\/#primaryimage"},"image":{"@id":"https:\/\/www.consigel.com\/ca\/producte\/hamburguesita-iberica\/#primaryimage"},"thumbnailUrl":"https:\/\/www.consigel.com\/wp-content\/uploads\/2013\/11\/2079-thickbox_default-Hamburguesita-de-cerdo-iberica-55-gr.jpg","datePublished":"2013-11-11T19:56:07+00:00","dateModified":"2013-11-11T19:56:07+00:00","breadcrumb":{"@id":"https:\/\/www.consigel.com\/ca\/producte\/hamburguesita-iberica\/#breadcrumb"},"inLanguage":"ca","potentialAction":[{"@type":"ReadAction","target":["https:\/\/www.consigel.com\/ca\/producte\/hamburguesita-iberica\/"]}]},{"@type":"ImageObject","inLanguage":"ca","@id":"https:\/\/www.consigel.com\/ca\/producte\/hamburguesita-iberica\/#primaryimage","url":"https:\/\/www.consigel.com\/wp-content\/uploads\/2013\/11\/2079-thickbox_default-Hamburguesita-de-cerdo-iberica-55-gr.jpg","contentUrl":"https:\/\/www.consigel.com\/wp-content\/uploads\/2013\/11\/2079-thickbox_default-Hamburguesita-de-cerdo-iberica-55-gr.jpg","width":1200,"height":1200,"caption":"Hamburguesita de cerdo ib\u00e9rica 55 gr."},{"@type":"BreadcrumbList","@id":"https:\/\/www.consigel.com\/ca\/producte\/hamburguesita-iberica\/#breadcrumb","itemListElement":[{"@type":"ListItem","position":1,"name":"Portada","item":"https:\/\/www.consigel.com\/ca\/"},{"@type":"ListItem","position":2,"name":"Shop","item":"https:\/\/www.consigel.com\/ca\/shop\/"},{"@type":"ListItem","position":3,"name":"Hamburguesita de cerdo ib\u00e9rica 55 gr."}]},{"@type":"WebSite","@id":"https:\/\/www.consigel.com\/ca\/#website","url":"https:\/\/www.consigel.com\/ca\/","name":"Consigel","description":"","potentialAction":[{"@type":"SearchAction","target":{"@type":"EntryPoint","urlTemplate":"https:\/\/www.consigel.com\/ca\/?s={search_term_string}"},"query-input":"required name=search_term_string"}],"inLanguage":"ca"}]}},"_links":{"self":[{"href":"https:\/\/www.consigel.com\/ca\/wp-json\/wp\/v2\/product\/1291","targetHints":{"allow":["GET"]}}],"collection":[{"href":"https:\/\/www.consigel.com\/ca\/wp-json\/wp\/v2\/product"}],"about":[{"href":"https:\/\/www.consigel.com\/ca\/wp-json\/wp\/v2\/types\/product"}],"replies":[{"embeddable":true,"href":"https:\/\/www.consigel.com\/ca\/wp-json\/wp\/v2\/comments?post=1291"}],"wp:featuredmedia":[{"embeddable":true,"href":"https:\/\/www.consigel.com\/ca\/wp-json\/wp\/v2\/media\/1290"}],"wp:attachment":[{"href":"https:\/\/www.consigel.com\/ca\/wp-json\/wp\/v2\/media?parent=1291"}],"wp:term":[{"taxonomy":"product_cat","embeddable":true,"href":"https:\/\/www.consigel.com\/ca\/wp-json\/wp\/v2\/product_cat?post=1291"},{"taxonomy":"product_tag","embeddable":true,"href":"https:\/\/www.consigel.com\/ca\/wp-json\/wp\/v2\/product_tag?post=1291"}],"curies":[{"name":"wp","href":"https:\/\/api.w.org\/{rel}","templated":true}]}}