{"id":1281,"date":"2013-11-11T17:53:20","date_gmt":"2013-11-11T17:53:20","guid":{"rendered":"http:\/\/www.consigel.com\/product\/krispy-fried-chicken-lagrimas-de-pollo-rebozado\/"},"modified":"2013-11-11T17:53:20","modified_gmt":"2013-11-11T17:53:20","slug":"krispy-fried-chicken-lagrimas-de-pollo-rebozado","status":"publish","type":"product","link":"https:\/\/www.consigel.com\/ca\/producte\/krispy-fried-chicken-lagrimas-de-pollo-rebozado\/","title":{"rendered":"L\u00e1grimas de pollo (Krispy Fried Chicken)  1 kg."},"content":{"rendered":"<p>Finas tiras de pollo macerado con la t\u00edpica salsa de aperitivos, que le da un toque avinagrado muy especial. Las tiras est\u00e1n empanadas para conseguir un exterior crujiente que contrasta con la ternura interior.<\/p>\n<p>Sin necesidad de descongelar previamente, fre\u00edr en abundante aceite caliente (180\u00baC).<\/p>\n<p>Formato<\/p>\n<p>Caja 2 kg.<\/p>\n<p><img loading=\"lazy\" decoding=\"async\" class=\" size-full wp-image-1279\" src=\"http:\/\/www.consigel.com\/wp-content\/uploads\/2013\/11\/alogo-congel.png\" alt=\"\" width=\"120\" height=\"120\" srcset=\"https:\/\/www.consigel.com\/wp-content\/uploads\/2013\/11\/alogo-congel.png 120w, https:\/\/www.consigel.com\/wp-content\/uploads\/2013\/11\/alogo-congel-100x100.png 100w\" sizes=\"auto, (max-width: 120px) 100vw, 120px\" \/><img loading=\"lazy\" decoding=\"async\" class=\" size-full wp-image-1280\" src=\"http:\/\/www.consigel.com\/wp-content\/uploads\/2013\/11\/a-gluten-pt.jpg\" alt=\"\" width=\"120\" height=\"118\" \/><\/p>\n","protected":false},"excerpt":{"rendered":"<p>Finas tiras de pollo macerado con la t\u00edpica salsa de aperitivos, que le da un toque avinagrado muy especial. Las tiras est\u00e1n empanadas para conseguir un exterior crujiente que contrasta con la ternura interior. Sin necesidad de descongelar previamente, fre\u00edr en abundante aceite caliente (180\u00baC). Formato Caja 2 kg.<\/p>\n","protected":false},"featured_media":1277,"comment_status":"open","ping_status":"closed","template":"","meta":[],"product_cat":[34,111],"product_tag":[],"class_list":{"0":"post-1281","1":"product","2":"type-product","3":"status-publish","4":"has-post-thumbnail","6":"product_cat-aperitius","7":"product_cat-fregidora","9":"first","10":"outofstock","11":"shipping-taxable","12":"product-type-simple"},"yoast_head":"<!-- This site is optimized with the Yoast SEO plugin v23.3 - https:\/\/yoast.com\/wordpress\/plugins\/seo\/ -->\n<title>L\u00e1grimas de pollo (Krispy Fried Chicken) 1 kg. - Consigel<\/title>\n<meta name=\"robots\" content=\"index, follow, max-snippet:-1, max-image-preview:large, max-video-preview:-1\" \/>\n<link rel=\"canonical\" href=\"https:\/\/www.consigel.com\/ca\/producte\/krispy-fried-chicken-lagrimas-de-pollo-rebozado\/\" \/>\n<meta property=\"og:locale\" content=\"ca_ES\" \/>\n<meta property=\"og:type\" content=\"article\" \/>\n<meta property=\"og:title\" content=\"L\u00e1grimas de pollo (Krispy Fried Chicken) 1 kg. - Consigel\" \/>\n<meta property=\"og:description\" content=\"Finas tiras de pollo macerado con la t\u00edpica salsa de aperitivos, que le da un toque avinagrado muy especial. Las tiras est\u00e1n empanadas para conseguir un exterior crujiente que contrasta con la ternura interior. Sin necesidad de descongelar previamente, fre\u00edr en abundante aceite caliente (180\u00baC). Formato Caja 2 kg.\" \/>\n<meta property=\"og:url\" content=\"https:\/\/www.consigel.com\/ca\/producte\/krispy-fried-chicken-lagrimas-de-pollo-rebozado\/\" \/>\n<meta property=\"og:site_name\" content=\"Consigel\" \/>\n<meta property=\"og:image\" content=\"https:\/\/www.consigel.com\/wp-content\/uploads\/2013\/11\/1960-thickbox_default-Lagrimas-de-pollo-Krispy-Fried-Chicken-1-kg.jpg\" \/>\n\t<meta property=\"og:image:width\" content=\"1200\" \/>\n\t<meta property=\"og:image:height\" content=\"1200\" \/>\n\t<meta property=\"og:image:type\" content=\"image\/jpeg\" \/>\n<meta name=\"twitter:card\" content=\"summary_large_image\" \/>\n<script type=\"application\/ld+json\" class=\"yoast-schema-graph\">{\"@context\":\"https:\/\/schema.org\",\"@graph\":[{\"@type\":\"WebPage\",\"@id\":\"https:\/\/www.consigel.com\/ca\/producte\/krispy-fried-chicken-lagrimas-de-pollo-rebozado\/\",\"url\":\"https:\/\/www.consigel.com\/ca\/producte\/krispy-fried-chicken-lagrimas-de-pollo-rebozado\/\",\"name\":\"L\u00e1grimas de pollo (Krispy Fried Chicken) 1 kg. - Consigel\",\"isPartOf\":{\"@id\":\"https:\/\/www.consigel.com\/ca\/#website\"},\"primaryImageOfPage\":{\"@id\":\"https:\/\/www.consigel.com\/ca\/producte\/krispy-fried-chicken-lagrimas-de-pollo-rebozado\/#primaryimage\"},\"image\":{\"@id\":\"https:\/\/www.consigel.com\/ca\/producte\/krispy-fried-chicken-lagrimas-de-pollo-rebozado\/#primaryimage\"},\"thumbnailUrl\":\"https:\/\/www.consigel.com\/wp-content\/uploads\/2013\/11\/1960-thickbox_default-Lagrimas-de-pollo-Krispy-Fried-Chicken-1-kg.jpg\",\"datePublished\":\"2013-11-11T17:53:20+00:00\",\"dateModified\":\"2013-11-11T17:53:20+00:00\",\"breadcrumb\":{\"@id\":\"https:\/\/www.consigel.com\/ca\/producte\/krispy-fried-chicken-lagrimas-de-pollo-rebozado\/#breadcrumb\"},\"inLanguage\":\"ca\",\"potentialAction\":[{\"@type\":\"ReadAction\",\"target\":[\"https:\/\/www.consigel.com\/ca\/producte\/krispy-fried-chicken-lagrimas-de-pollo-rebozado\/\"]}]},{\"@type\":\"ImageObject\",\"inLanguage\":\"ca\",\"@id\":\"https:\/\/www.consigel.com\/ca\/producte\/krispy-fried-chicken-lagrimas-de-pollo-rebozado\/#primaryimage\",\"url\":\"https:\/\/www.consigel.com\/wp-content\/uploads\/2013\/11\/1960-thickbox_default-Lagrimas-de-pollo-Krispy-Fried-Chicken-1-kg.jpg\",\"contentUrl\":\"https:\/\/www.consigel.com\/wp-content\/uploads\/2013\/11\/1960-thickbox_default-Lagrimas-de-pollo-Krispy-Fried-Chicken-1-kg.jpg\",\"width\":1200,\"height\":1200,\"caption\":\"L\u00e1grimas de pollo (Krispy Fried Chicken) 1 kg.\"},{\"@type\":\"BreadcrumbList\",\"@id\":\"https:\/\/www.consigel.com\/ca\/producte\/krispy-fried-chicken-lagrimas-de-pollo-rebozado\/#breadcrumb\",\"itemListElement\":[{\"@type\":\"ListItem\",\"position\":1,\"name\":\"Portada\",\"item\":\"https:\/\/www.consigel.com\/ca\/\"},{\"@type\":\"ListItem\",\"position\":2,\"name\":\"Shop\",\"item\":\"https:\/\/www.consigel.com\/ca\/shop\/\"},{\"@type\":\"ListItem\",\"position\":3,\"name\":\"L\u00e1grimas de pollo (Krispy Fried Chicken) 1 kg.\"}]},{\"@type\":\"WebSite\",\"@id\":\"https:\/\/www.consigel.com\/ca\/#website\",\"url\":\"https:\/\/www.consigel.com\/ca\/\",\"name\":\"Consigel\",\"description\":\"\",\"potentialAction\":[{\"@type\":\"SearchAction\",\"target\":{\"@type\":\"EntryPoint\",\"urlTemplate\":\"https:\/\/www.consigel.com\/ca\/?s={search_term_string}\"},\"query-input\":\"required name=search_term_string\"}],\"inLanguage\":\"ca\"}]}<\/script>\n<!-- \/ Yoast SEO plugin. -->","yoast_head_json":{"title":"L\u00e1grimas de pollo (Krispy Fried Chicken) 1 kg. - Consigel","robots":{"index":"index","follow":"follow","max-snippet":"max-snippet:-1","max-image-preview":"max-image-preview:large","max-video-preview":"max-video-preview:-1"},"canonical":"https:\/\/www.consigel.com\/ca\/producte\/krispy-fried-chicken-lagrimas-de-pollo-rebozado\/","og_locale":"ca_ES","og_type":"article","og_title":"L\u00e1grimas de pollo (Krispy Fried Chicken) 1 kg. - Consigel","og_description":"Finas tiras de pollo macerado con la t\u00edpica salsa de aperitivos, que le da un toque avinagrado muy especial. Las tiras est\u00e1n empanadas para conseguir un exterior crujiente que contrasta con la ternura interior. Sin necesidad de descongelar previamente, fre\u00edr en abundante aceite caliente (180\u00baC). Formato Caja 2 kg.","og_url":"https:\/\/www.consigel.com\/ca\/producte\/krispy-fried-chicken-lagrimas-de-pollo-rebozado\/","og_site_name":"Consigel","og_image":[{"width":1200,"height":1200,"url":"https:\/\/www.consigel.com\/wp-content\/uploads\/2013\/11\/1960-thickbox_default-Lagrimas-de-pollo-Krispy-Fried-Chicken-1-kg.jpg","type":"image\/jpeg"}],"twitter_card":"summary_large_image","schema":{"@context":"https:\/\/schema.org","@graph":[{"@type":"WebPage","@id":"https:\/\/www.consigel.com\/ca\/producte\/krispy-fried-chicken-lagrimas-de-pollo-rebozado\/","url":"https:\/\/www.consigel.com\/ca\/producte\/krispy-fried-chicken-lagrimas-de-pollo-rebozado\/","name":"L\u00e1grimas de pollo (Krispy Fried Chicken) 1 kg. - Consigel","isPartOf":{"@id":"https:\/\/www.consigel.com\/ca\/#website"},"primaryImageOfPage":{"@id":"https:\/\/www.consigel.com\/ca\/producte\/krispy-fried-chicken-lagrimas-de-pollo-rebozado\/#primaryimage"},"image":{"@id":"https:\/\/www.consigel.com\/ca\/producte\/krispy-fried-chicken-lagrimas-de-pollo-rebozado\/#primaryimage"},"thumbnailUrl":"https:\/\/www.consigel.com\/wp-content\/uploads\/2013\/11\/1960-thickbox_default-Lagrimas-de-pollo-Krispy-Fried-Chicken-1-kg.jpg","datePublished":"2013-11-11T17:53:20+00:00","dateModified":"2013-11-11T17:53:20+00:00","breadcrumb":{"@id":"https:\/\/www.consigel.com\/ca\/producte\/krispy-fried-chicken-lagrimas-de-pollo-rebozado\/#breadcrumb"},"inLanguage":"ca","potentialAction":[{"@type":"ReadAction","target":["https:\/\/www.consigel.com\/ca\/producte\/krispy-fried-chicken-lagrimas-de-pollo-rebozado\/"]}]},{"@type":"ImageObject","inLanguage":"ca","@id":"https:\/\/www.consigel.com\/ca\/producte\/krispy-fried-chicken-lagrimas-de-pollo-rebozado\/#primaryimage","url":"https:\/\/www.consigel.com\/wp-content\/uploads\/2013\/11\/1960-thickbox_default-Lagrimas-de-pollo-Krispy-Fried-Chicken-1-kg.jpg","contentUrl":"https:\/\/www.consigel.com\/wp-content\/uploads\/2013\/11\/1960-thickbox_default-Lagrimas-de-pollo-Krispy-Fried-Chicken-1-kg.jpg","width":1200,"height":1200,"caption":"L\u00e1grimas de pollo (Krispy Fried Chicken) 1 kg."},{"@type":"BreadcrumbList","@id":"https:\/\/www.consigel.com\/ca\/producte\/krispy-fried-chicken-lagrimas-de-pollo-rebozado\/#breadcrumb","itemListElement":[{"@type":"ListItem","position":1,"name":"Portada","item":"https:\/\/www.consigel.com\/ca\/"},{"@type":"ListItem","position":2,"name":"Shop","item":"https:\/\/www.consigel.com\/ca\/shop\/"},{"@type":"ListItem","position":3,"name":"L\u00e1grimas de pollo (Krispy Fried Chicken) 1 kg."}]},{"@type":"WebSite","@id":"https:\/\/www.consigel.com\/ca\/#website","url":"https:\/\/www.consigel.com\/ca\/","name":"Consigel","description":"","potentialAction":[{"@type":"SearchAction","target":{"@type":"EntryPoint","urlTemplate":"https:\/\/www.consigel.com\/ca\/?s={search_term_string}"},"query-input":"required name=search_term_string"}],"inLanguage":"ca"}]}},"_links":{"self":[{"href":"https:\/\/www.consigel.com\/ca\/wp-json\/wp\/v2\/product\/1281","targetHints":{"allow":["GET"]}}],"collection":[{"href":"https:\/\/www.consigel.com\/ca\/wp-json\/wp\/v2\/product"}],"about":[{"href":"https:\/\/www.consigel.com\/ca\/wp-json\/wp\/v2\/types\/product"}],"replies":[{"embeddable":true,"href":"https:\/\/www.consigel.com\/ca\/wp-json\/wp\/v2\/comments?post=1281"}],"wp:featuredmedia":[{"embeddable":true,"href":"https:\/\/www.consigel.com\/ca\/wp-json\/wp\/v2\/media\/1277"}],"wp:attachment":[{"href":"https:\/\/www.consigel.com\/ca\/wp-json\/wp\/v2\/media?parent=1281"}],"wp:term":[{"taxonomy":"product_cat","embeddable":true,"href":"https:\/\/www.consigel.com\/ca\/wp-json\/wp\/v2\/product_cat?post=1281"},{"taxonomy":"product_tag","embeddable":true,"href":"https:\/\/www.consigel.com\/ca\/wp-json\/wp\/v2\/product_tag?post=1281"}],"curies":[{"name":"wp","href":"https:\/\/api.w.org\/{rel}","templated":true}]}}