{"id":1253,"date":"2013-11-10T18:14:29","date_gmt":"2013-11-10T18:14:29","guid":{"rendered":"http:\/\/www.consigel.com\/product\/garnatxa\/"},"modified":"2013-11-10T18:14:29","modified_gmt":"2013-11-10T18:14:29","slug":"garnatxa","status":"publish","type":"product","link":"https:\/\/www.consigel.com\/ca\/producte\/garnatxa\/","title":{"rendered":"Garnacha Espolla"},"content":{"rendered":"<table style=\"width: 540px;\" border=\"0\" cellspacing=\"0\" cellpadding=\"0\">\n<colgroup>\n<col width=\"540\" \/><\/colgroup>\n<tbody>\n<tr>\n<td width=\"540\" height=\"21\"><strong><span style=\"font-family: Arial; font-size: medium;\">COUPAGE<\/span><\/strong><\/td>\n<\/tr>\n<tr>\n<td width=\"540\" height=\"21\">\u00a0<\/td>\n<\/tr>\n<tr>\n<td width=\"540\" height=\"21\"><span style=\"font-family: Arial; font-size: medium;\">lledoner blanco<\/span><\/td>\n<\/tr>\n<tr>\n<td width=\"540\" height=\"21\"><span style=\"font-family: Arial; font-size: medium;\">lledoner rojo<\/span><\/td>\n<\/tr>\n<tr>\n<td height=\"21\">\u00a0<\/td>\n<\/tr>\n<tr>\n<td width=\"540\" height=\"21\"><strong><span style=\"font-family: Arial; font-size: medium;\">ELABORACI\u00d3N<\/span><\/strong><\/td>\n<\/tr>\n<tr>\n<td height=\"21\">\u00a0<\/td>\n<\/tr>\n<tr>\n<td width=\"540\" height=\"61\"><span style=\"font-family: Arial; font-size: medium;\">Vino dulce natural elaborado a\u00f1adiendo alcohol v\u00ednico a media fermentaci\u00f3n y posterior crianza oxidativa en dep\u00f3sitos de madera de diversa procedencia y capacidad y con una solera de m\u00e1s de 50 a\u00f1os.<\/span><\/td>\n<\/tr>\n<tr>\n<td height=\"21\">\u00a0<\/td>\n<\/tr>\n<tr>\n<td width=\"540\" height=\"21\"><strong><span style=\"font-family: Arial; font-size: medium;\">TEMPERATURA DE CONSUMO<\/span><\/strong><\/td>\n<\/tr>\n<tr>\n<td height=\"21\">\u00a0<\/td>\n<\/tr>\n<tr>\n<td width=\"540\" height=\"21\"><span style=\"font-family: Arial; font-size: medium;\">Entre 12 \u00baC y 14 \u00baC.<\/span><\/td>\n<\/tr>\n<tr>\n<td height=\"21\">\u00a0<\/td>\n<\/tr>\n<tr>\n<td width=\"540\" height=\"21\"><strong><span style=\"font-family: Arial; font-size: medium;\">NOTAS DE CATA<\/span><\/strong><\/td>\n<\/tr>\n<tr>\n<td height=\"21\">\u00a0<\/td>\n<\/tr>\n<tr>\n<td width=\"540\" height=\"81\"><span style=\"font-family: Arial; font-size: medium;\">Es un vino de color \u00e1mbar intenso con reflejos caoba.\u00a0Aroma complejo e intenso de fruta confitada y recuerdos de miel y hierbas mediterr\u00e1neas.\u00a0Tiene un buen equilibrio entre dulzor y acidez y destaca por un postgusto largo y que invita a repetir.<\/span><\/td>\n<\/tr>\n<tr>\n<td height=\"21\">\u00a0<\/td>\n<\/tr>\n<tr>\n<td width=\"540\" height=\"21\"><strong><span style=\"font-family: Arial; font-size: medium;\">PROPUESTAS DE MARIDAJE<\/span><\/strong><\/td>\n<\/tr>\n<tr>\n<td height=\"21\">\u00a0<\/td>\n<\/tr>\n<tr>\n<td width=\"540\" height=\"21\"><span style=\"font-family: Arial; font-size: medium;\">Postres, helado de vainilla, reposter\u00eda, quesos y galletas.<\/span><\/td>\n<\/tr>\n<\/tbody>\n<\/table>\n","protected":false},"excerpt":{"rendered":"<p>COUPAGE \u00a0 lledoner blanco lledoner rojo \u00a0 ELABORACI\u00d3N \u00a0 Vino dulce natural elaborado a\u00f1adiendo alcohol v\u00ednico a media fermentaci\u00f3n y posterior crianza oxidativa en dep\u00f3sitos de madera de diversa procedencia y capacidad y con una solera de m\u00e1s de 50 a\u00f1os. \u00a0 TEMPERATURA DE CONSUMO \u00a0 Entre 12 \u00baC y 14 \u00baC. \u00a0 NOTAS DE [&#8230;]\n","protected":false},"featured_media":1252,"comment_status":"open","ping_status":"closed","template":"","meta":[],"product_cat":[76,36,19],"product_tag":[],"class_list":{"0":"post-1253","1":"product","2":"type-product","3":"status-publish","4":"has-post-thumbnail","6":"product_cat-bodegas-espolla","7":"product_cat-do-emporda","8":"product_cat-vinos-y-licores","10":"first","11":"outofstock","12":"shipping-taxable","13":"product-type-simple"},"yoast_head":"<!-- This site is optimized with the Yoast SEO plugin v23.3 - https:\/\/yoast.com\/wordpress\/plugins\/seo\/ -->\n<title>Garnacha Espolla - Consigel<\/title>\n<meta name=\"robots\" content=\"index, follow, max-snippet:-1, max-image-preview:large, max-video-preview:-1\" \/>\n<link rel=\"canonical\" href=\"https:\/\/www.consigel.com\/ca\/producte\/garnatxa\/\" \/>\n<meta property=\"og:locale\" content=\"ca_ES\" \/>\n<meta property=\"og:type\" content=\"article\" \/>\n<meta property=\"og:title\" content=\"Garnacha Espolla - Consigel\" \/>\n<meta property=\"og:description\" content=\"COUPAGE \u00a0 lledoner blanco lledoner rojo \u00a0 ELABORACI\u00d3N \u00a0 Vino dulce natural elaborado a\u00f1adiendo alcohol v\u00ednico a media fermentaci\u00f3n y posterior crianza oxidativa en dep\u00f3sitos de madera de diversa procedencia y capacidad y con una solera de m\u00e1s de 50 a\u00f1os. \u00a0 TEMPERATURA DE CONSUMO \u00a0 Entre 12 \u00baC y 14 \u00baC. \u00a0 NOTAS DE [...]\" \/>\n<meta property=\"og:url\" content=\"https:\/\/www.consigel.com\/ca\/producte\/garnatxa\/\" \/>\n<meta property=\"og:site_name\" content=\"Consigel\" \/>\n<meta property=\"og:image\" content=\"https:\/\/www.consigel.com\/wp-content\/uploads\/2013\/11\/1592-thickbox_default-Garnacha-Espolla.jpg\" \/>\n\t<meta property=\"og:image:width\" content=\"1200\" \/>\n\t<meta property=\"og:image:height\" content=\"1200\" \/>\n\t<meta property=\"og:image:type\" content=\"image\/jpeg\" \/>\n<meta name=\"twitter:card\" content=\"summary_large_image\" \/>\n<meta name=\"twitter:label1\" content=\"Temps estimat de lectura\" \/>\n\t<meta name=\"twitter:data1\" content=\"1 minut\" \/>\n<script type=\"application\/ld+json\" class=\"yoast-schema-graph\">{\"@context\":\"https:\/\/schema.org\",\"@graph\":[{\"@type\":\"WebPage\",\"@id\":\"https:\/\/www.consigel.com\/ca\/producte\/garnatxa\/\",\"url\":\"https:\/\/www.consigel.com\/ca\/producte\/garnatxa\/\",\"name\":\"Garnacha Espolla - Consigel\",\"isPartOf\":{\"@id\":\"https:\/\/www.consigel.com\/ca\/#website\"},\"primaryImageOfPage\":{\"@id\":\"https:\/\/www.consigel.com\/ca\/producte\/garnatxa\/#primaryimage\"},\"image\":{\"@id\":\"https:\/\/www.consigel.com\/ca\/producte\/garnatxa\/#primaryimage\"},\"thumbnailUrl\":\"https:\/\/www.consigel.com\/wp-content\/uploads\/2013\/11\/1592-thickbox_default-Garnacha-Espolla.jpg\",\"datePublished\":\"2013-11-10T18:14:29+00:00\",\"dateModified\":\"2013-11-10T18:14:29+00:00\",\"breadcrumb\":{\"@id\":\"https:\/\/www.consigel.com\/ca\/producte\/garnatxa\/#breadcrumb\"},\"inLanguage\":\"ca\",\"potentialAction\":[{\"@type\":\"ReadAction\",\"target\":[\"https:\/\/www.consigel.com\/ca\/producte\/garnatxa\/\"]}]},{\"@type\":\"ImageObject\",\"inLanguage\":\"ca\",\"@id\":\"https:\/\/www.consigel.com\/ca\/producte\/garnatxa\/#primaryimage\",\"url\":\"https:\/\/www.consigel.com\/wp-content\/uploads\/2013\/11\/1592-thickbox_default-Garnacha-Espolla.jpg\",\"contentUrl\":\"https:\/\/www.consigel.com\/wp-content\/uploads\/2013\/11\/1592-thickbox_default-Garnacha-Espolla.jpg\",\"width\":1200,\"height\":1200,\"caption\":\"Garnacha Espolla\"},{\"@type\":\"BreadcrumbList\",\"@id\":\"https:\/\/www.consigel.com\/ca\/producte\/garnatxa\/#breadcrumb\",\"itemListElement\":[{\"@type\":\"ListItem\",\"position\":1,\"name\":\"Portada\",\"item\":\"https:\/\/www.consigel.com\/ca\/\"},{\"@type\":\"ListItem\",\"position\":2,\"name\":\"Shop\",\"item\":\"https:\/\/www.consigel.com\/ca\/shop\/\"},{\"@type\":\"ListItem\",\"position\":3,\"name\":\"Garnacha Espolla\"}]},{\"@type\":\"WebSite\",\"@id\":\"https:\/\/www.consigel.com\/ca\/#website\",\"url\":\"https:\/\/www.consigel.com\/ca\/\",\"name\":\"Consigel\",\"description\":\"\",\"potentialAction\":[{\"@type\":\"SearchAction\",\"target\":{\"@type\":\"EntryPoint\",\"urlTemplate\":\"https:\/\/www.consigel.com\/ca\/?s={search_term_string}\"},\"query-input\":\"required name=search_term_string\"}],\"inLanguage\":\"ca\"}]}<\/script>\n<!-- \/ Yoast SEO plugin. -->","yoast_head_json":{"title":"Garnacha Espolla - Consigel","robots":{"index":"index","follow":"follow","max-snippet":"max-snippet:-1","max-image-preview":"max-image-preview:large","max-video-preview":"max-video-preview:-1"},"canonical":"https:\/\/www.consigel.com\/ca\/producte\/garnatxa\/","og_locale":"ca_ES","og_type":"article","og_title":"Garnacha Espolla - Consigel","og_description":"COUPAGE \u00a0 lledoner blanco lledoner rojo \u00a0 ELABORACI\u00d3N \u00a0 Vino dulce natural elaborado a\u00f1adiendo alcohol v\u00ednico a media fermentaci\u00f3n y posterior crianza oxidativa en dep\u00f3sitos de madera de diversa procedencia y capacidad y con una solera de m\u00e1s de 50 a\u00f1os. \u00a0 TEMPERATURA DE CONSUMO \u00a0 Entre 12 \u00baC y 14 \u00baC. \u00a0 NOTAS DE [...]","og_url":"https:\/\/www.consigel.com\/ca\/producte\/garnatxa\/","og_site_name":"Consigel","og_image":[{"width":1200,"height":1200,"url":"https:\/\/www.consigel.com\/wp-content\/uploads\/2013\/11\/1592-thickbox_default-Garnacha-Espolla.jpg","type":"image\/jpeg"}],"twitter_card":"summary_large_image","twitter_misc":{"Temps estimat de lectura":"1 minut"},"schema":{"@context":"https:\/\/schema.org","@graph":[{"@type":"WebPage","@id":"https:\/\/www.consigel.com\/ca\/producte\/garnatxa\/","url":"https:\/\/www.consigel.com\/ca\/producte\/garnatxa\/","name":"Garnacha Espolla - Consigel","isPartOf":{"@id":"https:\/\/www.consigel.com\/ca\/#website"},"primaryImageOfPage":{"@id":"https:\/\/www.consigel.com\/ca\/producte\/garnatxa\/#primaryimage"},"image":{"@id":"https:\/\/www.consigel.com\/ca\/producte\/garnatxa\/#primaryimage"},"thumbnailUrl":"https:\/\/www.consigel.com\/wp-content\/uploads\/2013\/11\/1592-thickbox_default-Garnacha-Espolla.jpg","datePublished":"2013-11-10T18:14:29+00:00","dateModified":"2013-11-10T18:14:29+00:00","breadcrumb":{"@id":"https:\/\/www.consigel.com\/ca\/producte\/garnatxa\/#breadcrumb"},"inLanguage":"ca","potentialAction":[{"@type":"ReadAction","target":["https:\/\/www.consigel.com\/ca\/producte\/garnatxa\/"]}]},{"@type":"ImageObject","inLanguage":"ca","@id":"https:\/\/www.consigel.com\/ca\/producte\/garnatxa\/#primaryimage","url":"https:\/\/www.consigel.com\/wp-content\/uploads\/2013\/11\/1592-thickbox_default-Garnacha-Espolla.jpg","contentUrl":"https:\/\/www.consigel.com\/wp-content\/uploads\/2013\/11\/1592-thickbox_default-Garnacha-Espolla.jpg","width":1200,"height":1200,"caption":"Garnacha Espolla"},{"@type":"BreadcrumbList","@id":"https:\/\/www.consigel.com\/ca\/producte\/garnatxa\/#breadcrumb","itemListElement":[{"@type":"ListItem","position":1,"name":"Portada","item":"https:\/\/www.consigel.com\/ca\/"},{"@type":"ListItem","position":2,"name":"Shop","item":"https:\/\/www.consigel.com\/ca\/shop\/"},{"@type":"ListItem","position":3,"name":"Garnacha Espolla"}]},{"@type":"WebSite","@id":"https:\/\/www.consigel.com\/ca\/#website","url":"https:\/\/www.consigel.com\/ca\/","name":"Consigel","description":"","potentialAction":[{"@type":"SearchAction","target":{"@type":"EntryPoint","urlTemplate":"https:\/\/www.consigel.com\/ca\/?s={search_term_string}"},"query-input":"required name=search_term_string"}],"inLanguage":"ca"}]}},"_links":{"self":[{"href":"https:\/\/www.consigel.com\/ca\/wp-json\/wp\/v2\/product\/1253","targetHints":{"allow":["GET"]}}],"collection":[{"href":"https:\/\/www.consigel.com\/ca\/wp-json\/wp\/v2\/product"}],"about":[{"href":"https:\/\/www.consigel.com\/ca\/wp-json\/wp\/v2\/types\/product"}],"replies":[{"embeddable":true,"href":"https:\/\/www.consigel.com\/ca\/wp-json\/wp\/v2\/comments?post=1253"}],"wp:featuredmedia":[{"embeddable":true,"href":"https:\/\/www.consigel.com\/ca\/wp-json\/wp\/v2\/media\/1252"}],"wp:attachment":[{"href":"https:\/\/www.consigel.com\/ca\/wp-json\/wp\/v2\/media?parent=1253"}],"wp:term":[{"taxonomy":"product_cat","embeddable":true,"href":"https:\/\/www.consigel.com\/ca\/wp-json\/wp\/v2\/product_cat?post=1253"},{"taxonomy":"product_tag","embeddable":true,"href":"https:\/\/www.consigel.com\/ca\/wp-json\/wp\/v2\/product_tag?post=1253"}],"curies":[{"name":"wp","href":"https:\/\/api.w.org\/{rel}","templated":true}]}}