{"id":1251,"date":"2013-11-10T18:14:14","date_gmt":"2013-11-10T18:14:14","guid":{"rendered":"http:\/\/www.consigel.com\/product\/mocatel\/"},"modified":"2013-11-10T18:14:14","modified_gmt":"2013-11-10T18:14:14","slug":"mocatel","status":"publish","type":"product","link":"https:\/\/www.consigel.com\/ca\/producte\/mocatel\/","title":{"rendered":"Moscatel Espolla"},"content":{"rendered":"<table style=\"width: 540px;\" border=\"0\" cellspacing=\"0\" cellpadding=\"0\">\n<colgroup>\n<col width=\"540\" \/><\/colgroup>\n<tbody>\n<tr>\n<td width=\"540\" height=\"20\"><span style=\"font-family: Arial; font-size: medium;\">vino dulce<\/span><\/td>\n<\/tr>\n<tr>\n<td height=\"20\">\u00a0<\/td>\n<\/tr>\n<tr>\n<td width=\"540\" height=\"20\"><span style=\"font-family: Arial; font-size: medium;\">Variedades: Moscatel de Alejandr\u00eda<\/span><\/td>\n<\/tr>\n<tr>\n<td height=\"20\">\u00a0<\/td>\n<\/tr>\n<tr>\n<td width=\"540\" height=\"20\"><strong><span style=\"font-family: Arial; font-size: medium;\">DO EMPORD\u00c0<\/span><\/strong><\/td>\n<\/tr>\n<tr>\n<td height=\"20\">\u00a0<\/td>\n<\/tr>\n<tr>\n<td width=\"540\" height=\"20\"><strong><span style=\"font-family: Arial; font-size: medium;\">COUPAGE<\/span><\/strong><\/td>\n<\/tr>\n<tr>\n<td width=\"540\" height=\"20\">\u00a0<\/td>\n<\/tr>\n<tr>\n<td width=\"540\" height=\"20\"><span style=\"font-family: Arial; font-size: medium;\">Moscatel de Alejandr\u00eda (100%)<\/span><\/td>\n<\/tr>\n<tr>\n<td height=\"20\">\u00a0<\/td>\n<\/tr>\n<tr>\n<td width=\"540\" height=\"20\"><strong><span style=\"font-family: Arial; font-size: medium;\">ELABORACI\u00d3N<\/span><\/strong><\/td>\n<\/tr>\n<tr>\n<td height=\"20\">\u00a0<\/td>\n<\/tr>\n<tr>\n<td width=\"540\" height=\"20\"><span style=\"font-family: Arial; font-size: medium;\">Vino dulce natural elaborado a\u00f1adiendo alcohol v\u00ednico a media fermentaci\u00f3n.<\/span><\/td>\n<\/tr>\n<tr>\n<td height=\"20\">\u00a0<\/td>\n<\/tr>\n<tr>\n<td width=\"540\" height=\"20\"><strong><span style=\"font-family: Arial; font-size: medium;\">TEMPERATURA DE CONSUMO<\/span><\/strong><\/td>\n<\/tr>\n<tr>\n<td height=\"20\">\u00a0<\/td>\n<\/tr>\n<tr>\n<td width=\"540\" height=\"20\"><span style=\"font-family: Arial; font-size: medium;\">Entre 8 \u00baC y 10 \u00baC.<\/span><\/td>\n<\/tr>\n<tr>\n<td height=\"20\">\u00a0<\/td>\n<\/tr>\n<tr>\n<td width=\"540\" height=\"20\"><strong><span style=\"font-family: Arial; font-size: medium;\">NOTAS DE CATA<\/span><\/strong><\/td>\n<\/tr>\n<tr>\n<td height=\"20\">\u00a0<\/td>\n<\/tr>\n<tr>\n<td width=\"540\" height=\"58\"><span style=\"font-family: Arial; font-size: medium;\">Vino blanco de color amarillo p\u00e1lido con reflejos dorados.\u00a0nariz intenso con recuerdos varietales, flores blancas y notas mentoladas.\u00a0En boca destaca por su equilibrio y su persistencia.<\/span><\/td>\n<\/tr>\n<tr>\n<td height=\"20\">\u00a0<\/td>\n<\/tr>\n<tr>\n<td width=\"540\" height=\"20\"><strong><span style=\"font-family: Arial; font-size: medium;\">PROPUESTAS DE MARIDAJE<\/span><\/strong><\/td>\n<\/tr>\n<tr>\n<td height=\"20\">\u00a0<\/td>\n<\/tr>\n<tr>\n<td width=\"540\" height=\"39\"><span style=\"font-family: Arial; font-size: medium;\">Muy adecuado como aperitivo, compa\u00f1ero de diversos tipos de postres, incluido acompa\u00f1ante foies y quesos azules.<\/span><\/td>\n<\/tr>\n<\/tbody>\n<\/table>\n","protected":false},"excerpt":{"rendered":"<p>vino dulce \u00a0 Variedades: Moscatel de Alejandr\u00eda \u00a0 DO EMPORD\u00c0 \u00a0 COUPAGE \u00a0 Moscatel de Alejandr\u00eda (100%) \u00a0 ELABORACI\u00d3N \u00a0 Vino dulce natural elaborado a\u00f1adiendo alcohol v\u00ednico a media fermentaci\u00f3n. \u00a0 TEMPERATURA DE CONSUMO \u00a0 Entre 8 \u00baC y 10 \u00baC. \u00a0 NOTAS DE CATA \u00a0 Vino blanco de color amarillo p\u00e1lido con reflejos dorados.\u00a0nariz [&#8230;]\n","protected":false},"featured_media":1250,"comment_status":"open","ping_status":"closed","template":"","meta":[],"product_cat":[76,36,19],"product_tag":[],"class_list":{"0":"post-1251","1":"product","2":"type-product","3":"status-publish","4":"has-post-thumbnail","6":"product_cat-bodegas-espolla","7":"product_cat-do-emporda","8":"product_cat-vinos-y-licores","10":"first","11":"outofstock","12":"shipping-taxable","13":"product-type-simple"},"yoast_head":"<!-- This site is optimized with the Yoast SEO plugin v23.3 - https:\/\/yoast.com\/wordpress\/plugins\/seo\/ -->\n<title>Moscatel Espolla - Consigel<\/title>\n<meta name=\"robots\" content=\"index, follow, max-snippet:-1, max-image-preview:large, max-video-preview:-1\" \/>\n<link rel=\"canonical\" href=\"https:\/\/www.consigel.com\/ca\/producte\/mocatel\/\" \/>\n<meta property=\"og:locale\" content=\"ca_ES\" \/>\n<meta property=\"og:type\" content=\"article\" \/>\n<meta property=\"og:title\" content=\"Moscatel Espolla - Consigel\" \/>\n<meta property=\"og:description\" content=\"vino dulce \u00a0 Variedades: Moscatel de Alejandr\u00eda \u00a0 DO EMPORD\u00c0 \u00a0 COUPAGE \u00a0 Moscatel de Alejandr\u00eda (100%) \u00a0 ELABORACI\u00d3N \u00a0 Vino dulce natural elaborado a\u00f1adiendo alcohol v\u00ednico a media fermentaci\u00f3n. \u00a0 TEMPERATURA DE CONSUMO \u00a0 Entre 8 \u00baC y 10 \u00baC. \u00a0 NOTAS DE CATA \u00a0 Vino blanco de color amarillo p\u00e1lido con reflejos dorados.\u00a0nariz [...]\" \/>\n<meta property=\"og:url\" content=\"https:\/\/www.consigel.com\/ca\/producte\/mocatel\/\" \/>\n<meta property=\"og:site_name\" content=\"Consigel\" \/>\n<meta property=\"og:image\" content=\"https:\/\/www.consigel.com\/wp-content\/uploads\/2013\/11\/1591-thickbox_default-Moscatel-Espolla.jpg\" \/>\n\t<meta property=\"og:image:width\" content=\"1200\" \/>\n\t<meta property=\"og:image:height\" content=\"1200\" \/>\n\t<meta property=\"og:image:type\" content=\"image\/jpeg\" \/>\n<meta name=\"twitter:card\" content=\"summary_large_image\" \/>\n<script type=\"application\/ld+json\" class=\"yoast-schema-graph\">{\"@context\":\"https:\/\/schema.org\",\"@graph\":[{\"@type\":\"WebPage\",\"@id\":\"https:\/\/www.consigel.com\/ca\/producte\/mocatel\/\",\"url\":\"https:\/\/www.consigel.com\/ca\/producte\/mocatel\/\",\"name\":\"Moscatel Espolla - Consigel\",\"isPartOf\":{\"@id\":\"https:\/\/www.consigel.com\/ca\/#website\"},\"primaryImageOfPage\":{\"@id\":\"https:\/\/www.consigel.com\/ca\/producte\/mocatel\/#primaryimage\"},\"image\":{\"@id\":\"https:\/\/www.consigel.com\/ca\/producte\/mocatel\/#primaryimage\"},\"thumbnailUrl\":\"https:\/\/www.consigel.com\/wp-content\/uploads\/2013\/11\/1591-thickbox_default-Moscatel-Espolla.jpg\",\"datePublished\":\"2013-11-10T18:14:14+00:00\",\"dateModified\":\"2013-11-10T18:14:14+00:00\",\"breadcrumb\":{\"@id\":\"https:\/\/www.consigel.com\/ca\/producte\/mocatel\/#breadcrumb\"},\"inLanguage\":\"ca\",\"potentialAction\":[{\"@type\":\"ReadAction\",\"target\":[\"https:\/\/www.consigel.com\/ca\/producte\/mocatel\/\"]}]},{\"@type\":\"ImageObject\",\"inLanguage\":\"ca\",\"@id\":\"https:\/\/www.consigel.com\/ca\/producte\/mocatel\/#primaryimage\",\"url\":\"https:\/\/www.consigel.com\/wp-content\/uploads\/2013\/11\/1591-thickbox_default-Moscatel-Espolla.jpg\",\"contentUrl\":\"https:\/\/www.consigel.com\/wp-content\/uploads\/2013\/11\/1591-thickbox_default-Moscatel-Espolla.jpg\",\"width\":1200,\"height\":1200,\"caption\":\"Moscatel Espolla\"},{\"@type\":\"BreadcrumbList\",\"@id\":\"https:\/\/www.consigel.com\/ca\/producte\/mocatel\/#breadcrumb\",\"itemListElement\":[{\"@type\":\"ListItem\",\"position\":1,\"name\":\"Portada\",\"item\":\"https:\/\/www.consigel.com\/ca\/\"},{\"@type\":\"ListItem\",\"position\":2,\"name\":\"Shop\",\"item\":\"https:\/\/www.consigel.com\/ca\/shop\/\"},{\"@type\":\"ListItem\",\"position\":3,\"name\":\"Moscatel Espolla\"}]},{\"@type\":\"WebSite\",\"@id\":\"https:\/\/www.consigel.com\/ca\/#website\",\"url\":\"https:\/\/www.consigel.com\/ca\/\",\"name\":\"Consigel\",\"description\":\"\",\"potentialAction\":[{\"@type\":\"SearchAction\",\"target\":{\"@type\":\"EntryPoint\",\"urlTemplate\":\"https:\/\/www.consigel.com\/ca\/?s={search_term_string}\"},\"query-input\":\"required name=search_term_string\"}],\"inLanguage\":\"ca\"}]}<\/script>\n<!-- \/ Yoast SEO plugin. -->","yoast_head_json":{"title":"Moscatel Espolla - Consigel","robots":{"index":"index","follow":"follow","max-snippet":"max-snippet:-1","max-image-preview":"max-image-preview:large","max-video-preview":"max-video-preview:-1"},"canonical":"https:\/\/www.consigel.com\/ca\/producte\/mocatel\/","og_locale":"ca_ES","og_type":"article","og_title":"Moscatel Espolla - Consigel","og_description":"vino dulce \u00a0 Variedades: Moscatel de Alejandr\u00eda \u00a0 DO EMPORD\u00c0 \u00a0 COUPAGE \u00a0 Moscatel de Alejandr\u00eda (100%) \u00a0 ELABORACI\u00d3N \u00a0 Vino dulce natural elaborado a\u00f1adiendo alcohol v\u00ednico a media fermentaci\u00f3n. \u00a0 TEMPERATURA DE CONSUMO \u00a0 Entre 8 \u00baC y 10 \u00baC. \u00a0 NOTAS DE CATA \u00a0 Vino blanco de color amarillo p\u00e1lido con reflejos dorados.\u00a0nariz [...]","og_url":"https:\/\/www.consigel.com\/ca\/producte\/mocatel\/","og_site_name":"Consigel","og_image":[{"width":1200,"height":1200,"url":"https:\/\/www.consigel.com\/wp-content\/uploads\/2013\/11\/1591-thickbox_default-Moscatel-Espolla.jpg","type":"image\/jpeg"}],"twitter_card":"summary_large_image","schema":{"@context":"https:\/\/schema.org","@graph":[{"@type":"WebPage","@id":"https:\/\/www.consigel.com\/ca\/producte\/mocatel\/","url":"https:\/\/www.consigel.com\/ca\/producte\/mocatel\/","name":"Moscatel Espolla - Consigel","isPartOf":{"@id":"https:\/\/www.consigel.com\/ca\/#website"},"primaryImageOfPage":{"@id":"https:\/\/www.consigel.com\/ca\/producte\/mocatel\/#primaryimage"},"image":{"@id":"https:\/\/www.consigel.com\/ca\/producte\/mocatel\/#primaryimage"},"thumbnailUrl":"https:\/\/www.consigel.com\/wp-content\/uploads\/2013\/11\/1591-thickbox_default-Moscatel-Espolla.jpg","datePublished":"2013-11-10T18:14:14+00:00","dateModified":"2013-11-10T18:14:14+00:00","breadcrumb":{"@id":"https:\/\/www.consigel.com\/ca\/producte\/mocatel\/#breadcrumb"},"inLanguage":"ca","potentialAction":[{"@type":"ReadAction","target":["https:\/\/www.consigel.com\/ca\/producte\/mocatel\/"]}]},{"@type":"ImageObject","inLanguage":"ca","@id":"https:\/\/www.consigel.com\/ca\/producte\/mocatel\/#primaryimage","url":"https:\/\/www.consigel.com\/wp-content\/uploads\/2013\/11\/1591-thickbox_default-Moscatel-Espolla.jpg","contentUrl":"https:\/\/www.consigel.com\/wp-content\/uploads\/2013\/11\/1591-thickbox_default-Moscatel-Espolla.jpg","width":1200,"height":1200,"caption":"Moscatel Espolla"},{"@type":"BreadcrumbList","@id":"https:\/\/www.consigel.com\/ca\/producte\/mocatel\/#breadcrumb","itemListElement":[{"@type":"ListItem","position":1,"name":"Portada","item":"https:\/\/www.consigel.com\/ca\/"},{"@type":"ListItem","position":2,"name":"Shop","item":"https:\/\/www.consigel.com\/ca\/shop\/"},{"@type":"ListItem","position":3,"name":"Moscatel Espolla"}]},{"@type":"WebSite","@id":"https:\/\/www.consigel.com\/ca\/#website","url":"https:\/\/www.consigel.com\/ca\/","name":"Consigel","description":"","potentialAction":[{"@type":"SearchAction","target":{"@type":"EntryPoint","urlTemplate":"https:\/\/www.consigel.com\/ca\/?s={search_term_string}"},"query-input":"required name=search_term_string"}],"inLanguage":"ca"}]}},"_links":{"self":[{"href":"https:\/\/www.consigel.com\/ca\/wp-json\/wp\/v2\/product\/1251","targetHints":{"allow":["GET"]}}],"collection":[{"href":"https:\/\/www.consigel.com\/ca\/wp-json\/wp\/v2\/product"}],"about":[{"href":"https:\/\/www.consigel.com\/ca\/wp-json\/wp\/v2\/types\/product"}],"replies":[{"embeddable":true,"href":"https:\/\/www.consigel.com\/ca\/wp-json\/wp\/v2\/comments?post=1251"}],"wp:featuredmedia":[{"embeddable":true,"href":"https:\/\/www.consigel.com\/ca\/wp-json\/wp\/v2\/media\/1250"}],"wp:attachment":[{"href":"https:\/\/www.consigel.com\/ca\/wp-json\/wp\/v2\/media?parent=1251"}],"wp:term":[{"taxonomy":"product_cat","embeddable":true,"href":"https:\/\/www.consigel.com\/ca\/wp-json\/wp\/v2\/product_cat?post=1251"},{"taxonomy":"product_tag","embeddable":true,"href":"https:\/\/www.consigel.com\/ca\/wp-json\/wp\/v2\/product_tag?post=1251"}],"curies":[{"name":"wp","href":"https:\/\/api.w.org\/{rel}","templated":true}]}}