{"id":1245,"date":"2013-11-10T18:13:09","date_gmt":"2013-11-10T18:13:09","guid":{"rendered":"http:\/\/www.consigel.com\/product\/castell-de-panissars-negre\/"},"modified":"2013-11-10T18:13:09","modified_gmt":"2013-11-10T18:13:09","slug":"castell-de-panissars-negre","status":"publish","type":"product","link":"https:\/\/www.consigel.com\/ca\/producte\/castell-de-panissars-negre\/","title":{"rendered":"Castell de Panissars Negro"},"content":{"rendered":"<table style=\"width: 540px;\" border=\"0\" cellspacing=\"0\" cellpadding=\"0\">\n<colgroup>\n<col width=\"540\" \/><\/colgroup>\n<tbody>\n<tr>\n<td width=\"540\" height=\"20\"><span style=\"font-family: Arial; font-size: medium;\">Vino tinto crianza<\/span><\/td>\n<\/tr>\n<tr>\n<td height=\"20\">\u00a0<\/td>\n<\/tr>\n<tr>\n<td width=\"540\" height=\"20\"><span style=\"font-family: Arial; font-size: medium;\">Variedades: Cari\u00f1ena negra, Garnacha tinta, Merlot<\/span><\/td>\n<\/tr>\n<tr>\n<td height=\"20\">\u00a0<\/td>\n<\/tr>\n<tr>\n<td width=\"540\" height=\"20\"><strong><span style=\"font-family: Arial; font-size: medium;\">DO EMPORD\u00c0<\/span><\/strong><\/td>\n<\/tr>\n<tr>\n<td height=\"20\">\u00a0<\/td>\n<\/tr>\n<tr>\n<td width=\"540\" height=\"20\"><strong><span style=\"font-family: Arial; font-size: medium;\">COUPAGE<\/span><\/strong><\/td>\n<\/tr>\n<tr>\n<td width=\"540\" height=\"20\">\u00a0<\/td>\n<\/tr>\n<tr>\n<td width=\"540\" height=\"20\"><span style=\"font-family: Arial; font-size: medium;\">Lledoner negro (50%)<\/span><\/td>\n<\/tr>\n<tr>\n<td width=\"540\" height=\"20\"><span style=\"font-family: Arial; font-size: medium;\">Cari\u00f1ena negra procedente de vi\u00f1as viejas (30%)<\/span><\/td>\n<\/tr>\n<tr>\n<td width=\"540\" height=\"20\"><span style=\"font-family: Arial; font-size: medium;\">Merlot (20%)<\/span><\/td>\n<\/tr>\n<tr>\n<td height=\"20\">\u00a0<\/td>\n<\/tr>\n<tr>\n<td width=\"540\" height=\"20\"><strong><span style=\"font-family: Arial; font-size: medium;\">ELABORACI\u00d3N<\/span><\/strong><\/td>\n<\/tr>\n<tr>\n<td height=\"20\">\u00a0<\/td>\n<\/tr>\n<tr>\n<td width=\"540\" height=\"39\"><span style=\"font-family: Arial; font-size: medium;\">Vino tinto de maceraci\u00f3n larga fermentado en dep\u00f3sitos de cemento que se mantiene en contacto con madera de roble durante un m\u00ednimo de 8 meses.<\/span><\/td>\n<\/tr>\n<tr>\n<td height=\"20\">\u00a0<\/td>\n<\/tr>\n<tr>\n<td width=\"540\" height=\"20\"><strong><span style=\"font-family: Arial; font-size: medium;\">TEMPERATURA DE SERVICIO<\/span><\/strong><\/td>\n<\/tr>\n<tr>\n<td height=\"20\">\u00a0<\/td>\n<\/tr>\n<tr>\n<td width=\"540\" height=\"20\"><span style=\"font-family: Arial; font-size: medium;\">Entre 14 \u00baC y 16 \u00baC.<\/span><\/td>\n<\/tr>\n<tr>\n<td height=\"20\">\u00a0<\/td>\n<\/tr>\n<tr>\n<td width=\"540\" height=\"20\"><strong><span style=\"font-family: Arial; font-size: medium;\">NOTAS DE CATA<\/span><\/strong><\/td>\n<\/tr>\n<tr>\n<td height=\"20\">\u00a0<\/td>\n<\/tr>\n<tr>\n<td width=\"540\" height=\"77\"><span style=\"font-family: Arial; font-size: medium;\">Vino tinto de color rojo cereza de capa media.\u00a0En nariz destaca el aroma de fruta madura con toques especiados y tostados procedente del contacto con la madera.\u00a0En boca se goloso, tiene una buena estructura y destaca por la suavidad de sus taninos y su equilibrio.<\/span><\/td>\n<\/tr>\n<\/tbody>\n<\/table>\n","protected":false},"excerpt":{"rendered":"<p>Vino tinto crianza \u00a0 Variedades: Cari\u00f1ena negra, Garnacha tinta, Merlot \u00a0 DO EMPORD\u00c0 \u00a0 COUPAGE \u00a0 Lledoner negro (50%) Cari\u00f1ena negra procedente de vi\u00f1as viejas (30%) Merlot (20%) \u00a0 ELABORACI\u00d3N \u00a0 Vino tinto de maceraci\u00f3n larga fermentado en dep\u00f3sitos de cemento que se mantiene en contacto con madera de roble durante un m\u00ednimo de 8 [&#8230;]\n","protected":false},"featured_media":1244,"comment_status":"open","ping_status":"closed","template":"","meta":[],"product_cat":[76,36,19],"product_tag":[],"class_list":{"0":"post-1245","1":"product","2":"type-product","3":"status-publish","4":"has-post-thumbnail","6":"product_cat-bodegas-espolla","7":"product_cat-do-emporda","8":"product_cat-vinos-y-licores","10":"first","11":"outofstock","12":"shipping-taxable","13":"product-type-simple"},"yoast_head":"<!-- This site is optimized with the Yoast SEO plugin v23.3 - https:\/\/yoast.com\/wordpress\/plugins\/seo\/ -->\n<title>Castell de Panissars Negro - Consigel<\/title>\n<meta name=\"robots\" content=\"index, follow, max-snippet:-1, max-image-preview:large, max-video-preview:-1\" \/>\n<link rel=\"canonical\" href=\"https:\/\/www.consigel.com\/ca\/producte\/castell-de-panissars-negre\/\" \/>\n<meta property=\"og:locale\" content=\"ca_ES\" \/>\n<meta property=\"og:type\" content=\"article\" \/>\n<meta property=\"og:title\" content=\"Castell de Panissars Negro - Consigel\" \/>\n<meta property=\"og:description\" content=\"Vino tinto crianza \u00a0 Variedades: Cari\u00f1ena negra, Garnacha tinta, Merlot \u00a0 DO EMPORD\u00c0 \u00a0 COUPAGE \u00a0 Lledoner negro (50%) Cari\u00f1ena negra procedente de vi\u00f1as viejas (30%) Merlot (20%) \u00a0 ELABORACI\u00d3N \u00a0 Vino tinto de maceraci\u00f3n larga fermentado en dep\u00f3sitos de cemento que se mantiene en contacto con madera de roble durante un m\u00ednimo de 8 [...]\" \/>\n<meta property=\"og:url\" content=\"https:\/\/www.consigel.com\/ca\/producte\/castell-de-panissars-negre\/\" \/>\n<meta property=\"og:site_name\" content=\"Consigel\" \/>\n<meta property=\"og:image\" content=\"https:\/\/www.consigel.com\/wp-content\/uploads\/2013\/11\/1727-thickbox_default-Castell-de-Panissars-Negro.jpg\" \/>\n\t<meta property=\"og:image:width\" content=\"1200\" \/>\n\t<meta property=\"og:image:height\" content=\"1200\" \/>\n\t<meta property=\"og:image:type\" content=\"image\/jpeg\" \/>\n<meta name=\"twitter:card\" content=\"summary_large_image\" \/>\n<meta name=\"twitter:label1\" content=\"Temps estimat de lectura\" \/>\n\t<meta name=\"twitter:data1\" content=\"1 minut\" \/>\n<script type=\"application\/ld+json\" class=\"yoast-schema-graph\">{\"@context\":\"https:\/\/schema.org\",\"@graph\":[{\"@type\":\"WebPage\",\"@id\":\"https:\/\/www.consigel.com\/ca\/producte\/castell-de-panissars-negre\/\",\"url\":\"https:\/\/www.consigel.com\/ca\/producte\/castell-de-panissars-negre\/\",\"name\":\"Castell de Panissars Negro - Consigel\",\"isPartOf\":{\"@id\":\"https:\/\/www.consigel.com\/ca\/#website\"},\"primaryImageOfPage\":{\"@id\":\"https:\/\/www.consigel.com\/ca\/producte\/castell-de-panissars-negre\/#primaryimage\"},\"image\":{\"@id\":\"https:\/\/www.consigel.com\/ca\/producte\/castell-de-panissars-negre\/#primaryimage\"},\"thumbnailUrl\":\"https:\/\/www.consigel.com\/wp-content\/uploads\/2013\/11\/1727-thickbox_default-Castell-de-Panissars-Negro.jpg\",\"datePublished\":\"2013-11-10T18:13:09+00:00\",\"dateModified\":\"2013-11-10T18:13:09+00:00\",\"breadcrumb\":{\"@id\":\"https:\/\/www.consigel.com\/ca\/producte\/castell-de-panissars-negre\/#breadcrumb\"},\"inLanguage\":\"ca\",\"potentialAction\":[{\"@type\":\"ReadAction\",\"target\":[\"https:\/\/www.consigel.com\/ca\/producte\/castell-de-panissars-negre\/\"]}]},{\"@type\":\"ImageObject\",\"inLanguage\":\"ca\",\"@id\":\"https:\/\/www.consigel.com\/ca\/producte\/castell-de-panissars-negre\/#primaryimage\",\"url\":\"https:\/\/www.consigel.com\/wp-content\/uploads\/2013\/11\/1727-thickbox_default-Castell-de-Panissars-Negro.jpg\",\"contentUrl\":\"https:\/\/www.consigel.com\/wp-content\/uploads\/2013\/11\/1727-thickbox_default-Castell-de-Panissars-Negro.jpg\",\"width\":1200,\"height\":1200,\"caption\":\"Castell de Panissars Negro\"},{\"@type\":\"BreadcrumbList\",\"@id\":\"https:\/\/www.consigel.com\/ca\/producte\/castell-de-panissars-negre\/#breadcrumb\",\"itemListElement\":[{\"@type\":\"ListItem\",\"position\":1,\"name\":\"Portada\",\"item\":\"https:\/\/www.consigel.com\/ca\/\"},{\"@type\":\"ListItem\",\"position\":2,\"name\":\"Shop\",\"item\":\"https:\/\/www.consigel.com\/ca\/shop\/\"},{\"@type\":\"ListItem\",\"position\":3,\"name\":\"Castell de Panissars Negro\"}]},{\"@type\":\"WebSite\",\"@id\":\"https:\/\/www.consigel.com\/ca\/#website\",\"url\":\"https:\/\/www.consigel.com\/ca\/\",\"name\":\"Consigel\",\"description\":\"\",\"potentialAction\":[{\"@type\":\"SearchAction\",\"target\":{\"@type\":\"EntryPoint\",\"urlTemplate\":\"https:\/\/www.consigel.com\/ca\/?s={search_term_string}\"},\"query-input\":\"required name=search_term_string\"}],\"inLanguage\":\"ca\"}]}<\/script>\n<!-- \/ Yoast SEO plugin. -->","yoast_head_json":{"title":"Castell de Panissars Negro - Consigel","robots":{"index":"index","follow":"follow","max-snippet":"max-snippet:-1","max-image-preview":"max-image-preview:large","max-video-preview":"max-video-preview:-1"},"canonical":"https:\/\/www.consigel.com\/ca\/producte\/castell-de-panissars-negre\/","og_locale":"ca_ES","og_type":"article","og_title":"Castell de Panissars Negro - Consigel","og_description":"Vino tinto crianza \u00a0 Variedades: Cari\u00f1ena negra, Garnacha tinta, Merlot \u00a0 DO EMPORD\u00c0 \u00a0 COUPAGE \u00a0 Lledoner negro (50%) Cari\u00f1ena negra procedente de vi\u00f1as viejas (30%) Merlot (20%) \u00a0 ELABORACI\u00d3N \u00a0 Vino tinto de maceraci\u00f3n larga fermentado en dep\u00f3sitos de cemento que se mantiene en contacto con madera de roble durante un m\u00ednimo de 8 [...]","og_url":"https:\/\/www.consigel.com\/ca\/producte\/castell-de-panissars-negre\/","og_site_name":"Consigel","og_image":[{"width":1200,"height":1200,"url":"https:\/\/www.consigel.com\/wp-content\/uploads\/2013\/11\/1727-thickbox_default-Castell-de-Panissars-Negro.jpg","type":"image\/jpeg"}],"twitter_card":"summary_large_image","twitter_misc":{"Temps estimat de lectura":"1 minut"},"schema":{"@context":"https:\/\/schema.org","@graph":[{"@type":"WebPage","@id":"https:\/\/www.consigel.com\/ca\/producte\/castell-de-panissars-negre\/","url":"https:\/\/www.consigel.com\/ca\/producte\/castell-de-panissars-negre\/","name":"Castell de Panissars Negro - Consigel","isPartOf":{"@id":"https:\/\/www.consigel.com\/ca\/#website"},"primaryImageOfPage":{"@id":"https:\/\/www.consigel.com\/ca\/producte\/castell-de-panissars-negre\/#primaryimage"},"image":{"@id":"https:\/\/www.consigel.com\/ca\/producte\/castell-de-panissars-negre\/#primaryimage"},"thumbnailUrl":"https:\/\/www.consigel.com\/wp-content\/uploads\/2013\/11\/1727-thickbox_default-Castell-de-Panissars-Negro.jpg","datePublished":"2013-11-10T18:13:09+00:00","dateModified":"2013-11-10T18:13:09+00:00","breadcrumb":{"@id":"https:\/\/www.consigel.com\/ca\/producte\/castell-de-panissars-negre\/#breadcrumb"},"inLanguage":"ca","potentialAction":[{"@type":"ReadAction","target":["https:\/\/www.consigel.com\/ca\/producte\/castell-de-panissars-negre\/"]}]},{"@type":"ImageObject","inLanguage":"ca","@id":"https:\/\/www.consigel.com\/ca\/producte\/castell-de-panissars-negre\/#primaryimage","url":"https:\/\/www.consigel.com\/wp-content\/uploads\/2013\/11\/1727-thickbox_default-Castell-de-Panissars-Negro.jpg","contentUrl":"https:\/\/www.consigel.com\/wp-content\/uploads\/2013\/11\/1727-thickbox_default-Castell-de-Panissars-Negro.jpg","width":1200,"height":1200,"caption":"Castell de Panissars Negro"},{"@type":"BreadcrumbList","@id":"https:\/\/www.consigel.com\/ca\/producte\/castell-de-panissars-negre\/#breadcrumb","itemListElement":[{"@type":"ListItem","position":1,"name":"Portada","item":"https:\/\/www.consigel.com\/ca\/"},{"@type":"ListItem","position":2,"name":"Shop","item":"https:\/\/www.consigel.com\/ca\/shop\/"},{"@type":"ListItem","position":3,"name":"Castell de Panissars Negro"}]},{"@type":"WebSite","@id":"https:\/\/www.consigel.com\/ca\/#website","url":"https:\/\/www.consigel.com\/ca\/","name":"Consigel","description":"","potentialAction":[{"@type":"SearchAction","target":{"@type":"EntryPoint","urlTemplate":"https:\/\/www.consigel.com\/ca\/?s={search_term_string}"},"query-input":"required name=search_term_string"}],"inLanguage":"ca"}]}},"_links":{"self":[{"href":"https:\/\/www.consigel.com\/ca\/wp-json\/wp\/v2\/product\/1245","targetHints":{"allow":["GET"]}}],"collection":[{"href":"https:\/\/www.consigel.com\/ca\/wp-json\/wp\/v2\/product"}],"about":[{"href":"https:\/\/www.consigel.com\/ca\/wp-json\/wp\/v2\/types\/product"}],"replies":[{"embeddable":true,"href":"https:\/\/www.consigel.com\/ca\/wp-json\/wp\/v2\/comments?post=1245"}],"wp:featuredmedia":[{"embeddable":true,"href":"https:\/\/www.consigel.com\/ca\/wp-json\/wp\/v2\/media\/1244"}],"wp:attachment":[{"href":"https:\/\/www.consigel.com\/ca\/wp-json\/wp\/v2\/media?parent=1245"}],"wp:term":[{"taxonomy":"product_cat","embeddable":true,"href":"https:\/\/www.consigel.com\/ca\/wp-json\/wp\/v2\/product_cat?post=1245"},{"taxonomy":"product_tag","embeddable":true,"href":"https:\/\/www.consigel.com\/ca\/wp-json\/wp\/v2\/product_tag?post=1245"}],"curies":[{"name":"wp","href":"https:\/\/api.w.org\/{rel}","templated":true}]}}